			        
		{"id":106634,"date":"2017-04-18T13:46:20","date_gmt":"2017-04-18T12:46:20","guid":{"rendered":"\/?page_id=106634\/"},"modified":"2022-12-04T11:30:09","modified_gmt":"2022-12-04T10:30:09","slug":"wiederverkaeufer","status":"publish","type":"page","link":"https:\/\/www.brandit-protection.com\/de\/wiederverkaeufer\/","title":{"rendered":"F\u00fcr Wiederverk\u00e4ufer"},"content":{"rendered":"<div class=\"wpb-content-wrapper\">[vc_row el_class=&#8221;container&#8221;][vc_column][vc_empty_space height=&#8221;1vw&#8221;][\/vc_column][\/vc_row][vc_row el_class=&#8221;container&#8221;][vc_column width=&#8221;1\/2&#8243; css=&#8221;.vc_custom_1606837414284{padding-right: 20px !important;}&#8221;][vc_column_text]Unser Portfolio vertreiben wir auch \u00fcber Wiederverk\u00e4ufer aus den Bereichen IT Systemh\u00e4user, Werbeagenturen, Mobilfunk Provider sowie Werbemittel H\u00e4ndler. Im Rahmen unserer internationalen Expansion bieten wir leistungsstarken Partnern ein attraktives Channel Programm an. Seien Sie Teil unserer internationalen Wachstumsstrategie und profitieren Sie von folgenden Vorteilen:\r\n<ul>\r\n \t<li>Gro\u00dfe Erfahrung in Schutzh\u00fcllen f\u00fcr Unternehmenskunden<\/li>\r\n \t<li>Stabile Preisstruktur sichert Ihre Marge als Wiederverk\u00e4ufer<\/li>\r\n \t<li>Schnelle und zuverl\u00e4ssige Lieferung<\/li>\r\n \t<li>Projektunterst\u00fctzung &amp; Kundenschutz<\/li>\r\n \t<li>Pers\u00f6nliche Betreuung durch eigenen Account Manager<\/li>\r\n<\/ul>\r\nWir freuen uns auf Ihre Kontaktaufnahme.[\/vc_column_text][vc_btn title=&#8221;Jetzt Kundenschutz beantragen&#8221; style=&#8221;flat&#8221; shape=&#8221;square&#8221; color=&#8221;success&#8221; align=&#8221;left&#8221; link=&#8221;url:https%3A%2F%2Fwww.brandit-protection.com%2Fde%2Fkundenschutz%2F&#8221;][vc_btn title=&#8221;Termin mit Kundenbetreuer buchen&#8221; style=&#8221;flat&#8221; shape=&#8221;square&#8221; color=&#8221;success&#8221; align=&#8221;left&#8221; link=&#8221;url:https%3A%2F%2Fwww.brandit-protection.com%2Fde%2Feinen-termin-buchen%2F|title:Einen%20Termin%20buchen&#8221;][\/vc_column][vc_column width=&#8221;1\/2&#8243; css=&#8221;.vc_custom_1606837462747{border-left-width: 1px !important;border-left-color: #0071b8 !important;border-left-style: dashed !important;}&#8221;][vc_custom_heading text=&#8221;Als Wiederverk\u00e4ufer bewerben&#8221; font_container=&#8221;tag:h2|font_size:1.9em|text_align:left|color:%230071b8&#8243; use_theme_fonts=&#8221;yes&#8221;][vc_column_text]F\u00fcr Preisanfragen schauen Sie bitte in unseren <a href=\"\/de\/brandit-shop\/\">Webshop<\/a> oder klicken Sie auf den Button \u201cSchnellanfrage\u201d oben auf dieser Seite.[\/vc_column_text]\n<div class=\"wpcf7 no-js\" id=\"wpcf7-f148901-o1\" lang=\"de-DE\" dir=\"ltr\" data-wpcf7-id=\"148901\">\n<div class=\"screen-reader-response\"><p role=\"status\" aria-live=\"polite\" aria-atomic=\"true\"><\/p> <ul><\/ul><\/div>\n<form action=\"\/de\/wp-json\/wp\/v2\/pages\/106634#wpcf7-f148901-o1\" method=\"post\" class=\"wpcf7-form init wpcf7-acceptance-as-validation\" aria-label=\"Kontaktformular\" novalidate=\"novalidate\" data-status=\"init\">\n<fieldset class=\"hidden-fields-container\"><input type=\"hidden\" name=\"_wpcf7\" value=\"148901\" \/><input type=\"hidden\" name=\"_wpcf7_version\" value=\"6.1.5\" \/><input type=\"hidden\" name=\"_wpcf7_locale\" value=\"de_DE\" \/><input type=\"hidden\" name=\"_wpcf7_unit_tag\" value=\"wpcf7-f148901-o1\" \/><input type=\"hidden\" name=\"_wpcf7_container_post\" value=\"0\" \/><input type=\"hidden\" name=\"_wpcf7_posted_data_hash\" value=\"\" \/><input type=\"hidden\" name=\"_uacf7_hidden_conditional_fields\" value=\"\" \/>\n<\/fieldset>\n<div class=\"uacf7-form-wrapper-container uacf7-form-148901  \"><div id=\"asaphide\">\n<span class=\"wpcf7-form-control-wrap\" data-name=\"company\"><input size=\"40\" maxlength=\"400\" class=\"wpcf7-form-control wpcf7-text wpcf7-validates-as-required\" id=\"wv-company\" aria-required=\"true\" aria-invalid=\"false\" placeholder=\"Firma\" value=\"\" type=\"text\" name=\"company\" \/><\/span>\n\n<span class=\"wpcf7-form-control-wrap\" data-name=\"first-name\"><input size=\"40\" maxlength=\"400\" class=\"wpcf7-form-control wpcf7-text wpcf7-validates-as-required\" id=\"wv-first-name\" aria-required=\"true\" aria-invalid=\"false\" placeholder=\"Vorname\" value=\"\" type=\"text\" name=\"first-name\" \/><\/span> <span class=\"wpcf7-form-control-wrap\" data-name=\"last-name\"><input size=\"40\" maxlength=\"400\" class=\"wpcf7-form-control wpcf7-text wpcf7-validates-as-required\" id=\"wv-last-name\" aria-required=\"true\" aria-invalid=\"false\" placeholder=\"Nachname\" value=\"\" type=\"text\" name=\"last-name\" \/><\/span>\n\n<span class=\"wpcf7-form-control-wrap\" data-name=\"phone\"><input size=\"40\" maxlength=\"400\" class=\"wpcf7-form-control wpcf7-tel wpcf7-validates-as-required wpcf7-text wpcf7-validates-as-tel\" id=\"wv-phone\" aria-required=\"true\" aria-invalid=\"false\" placeholder=\"Telefonnr.\" value=\"\" type=\"tel\" name=\"phone\" \/><\/span> <span class=\"wpcf7-form-control-wrap\" data-name=\"email\"><input size=\"40\" maxlength=\"400\" class=\"wpcf7-form-control wpcf7-email wpcf7-validates-as-required wpcf7-text wpcf7-validates-as-email\" id=\"wv-email\" aria-required=\"true\" aria-invalid=\"false\" placeholder=\"Email\" value=\"\" type=\"email\" name=\"email\" \/><\/span>\n\n<span class=\"wpcf7-form-control-wrap\" data-name=\"street-address\"><input size=\"40\" maxlength=\"400\" class=\"wpcf7-form-control wpcf7-text wpcf7-validates-as-required\" id=\"wv-street-address\" aria-required=\"true\" aria-invalid=\"false\" placeholder=\"Stra\u00dfe, Nr.*\" value=\"\" type=\"text\" name=\"street-address\" \/><\/span>\n\n<span class=\"wpcf7-form-control-wrap\" data-name=\"zip-code\"><input size=\"40\" maxlength=\"400\" class=\"wpcf7-form-control wpcf7-text wpcf7-validates-as-required\" id=\"wv-zip\" aria-required=\"true\" aria-invalid=\"false\" placeholder=\"PLZ*\" value=\"\" type=\"text\" name=\"zip-code\" \/><\/span>  <span class=\"wpcf7-form-control-wrap\" data-name=\"city\"><input size=\"40\" maxlength=\"400\" class=\"wpcf7-form-control wpcf7-text wpcf7-validates-as-required\" id=\"wv-city\" aria-required=\"true\" aria-invalid=\"false\" placeholder=\"Stadt*\" value=\"\" type=\"text\" name=\"city\" \/><\/span>\n\n<span class=\"wpcf7-form-control-wrap\" data-name=\"country\"><input size=\"40\" maxlength=\"400\" class=\"wpcf7-form-control wpcf7-text wpcf7-validates-as-required\" id=\"wv-country\" aria-required=\"true\" aria-invalid=\"false\" placeholder=\"Land*\" value=\"\" type=\"text\" name=\"country\" \/><\/span>\n\n<p>Welche Kategorie beschreibt Ihre Gesch\u00e4ftst\u00e4tigkeit am besten?<\/p>\n<span class=\"wpcf7-form-control-wrap\" data-name=\"reseller-category\"><span class=\"wpcf7-form-control wpcf7-radio\" id=\"wv-category\"><span class=\"wpcf7-list-item first\"><label><input type=\"radio\" name=\"reseller-category\" value=\"Werbemittel H\u00e4ndler\" checked=\"checked\" \/><span class=\"wpcf7-list-item-label\">Werbemittel H\u00e4ndler<\/span><\/label><\/span><span class=\"wpcf7-list-item\"><label><input type=\"radio\" name=\"reseller-category\" value=\"Werbeagentur\" \/><span class=\"wpcf7-list-item-label\">Werbeagentur<\/span><\/label><\/span><span class=\"wpcf7-list-item\"><label><input type=\"radio\" name=\"reseller-category\" value=\"IT Systemhaus\" \/><span class=\"wpcf7-list-item-label\">IT Systemhaus<\/span><\/label><\/span><span class=\"wpcf7-list-item\"><label><input type=\"radio\" name=\"reseller-category\" value=\"Mobilfunk Provider\" \/><span class=\"wpcf7-list-item-label\">Mobilfunk Provider<\/span><\/label><\/span><span class=\"wpcf7-list-item\"><label><input type=\"radio\" name=\"reseller-category\" value=\"Distributor\" \/><span class=\"wpcf7-list-item-label\">Distributor<\/span><\/label><\/span><span class=\"wpcf7-list-item last\"><label><input type=\"radio\" name=\"reseller-category\" value=\"Sonstiges\" \/><span class=\"wpcf7-list-item-label\">Sonstiges<\/span><\/label><\/span><\/span><\/span>\n\n<p>Welche Marketingma\u00dfnahmen planen Sie, um das Sortiment von Brand.it bei Ihren Kunden zu bewerben?<\/p>\n<span class=\"wpcf7-form-control-wrap\" data-name=\"marketing\"><textarea cols=\"40\" rows=\"4\" maxlength=\"2000\" class=\"wpcf7-form-control wpcf7-textarea wpcf7-validates-as-required\" id=\"wv-marketing\" aria-required=\"true\" aria-invalid=\"false\" placeholder=\"Ihre Marketingma\u00dfnahmen\" name=\"marketing\"><\/textarea><\/span>\n\nBitte helfen Sie uns im Kampf gegen Spam und beantworten Sie: <span class=\"wpcf7-form-control-wrap\" data-name=\"quiz-755\"><label><span class=\"wpcf7-quiz-label\">Welche Zahl ist gr\u00f6\u00dfer, 12 oder 5?<\/span> <input size=\"40\" class=\"wpcf7-form-control wpcf7-quiz quiz\" autocomplete=\"off\" aria-required=\"true\" aria-invalid=\"false\" type=\"text\" name=\"quiz-755\" \/><\/label><input type=\"hidden\" name=\"_wpcf7_quiz_answer_quiz-755\" value=\"403c7d4df5305081626918e087e69ae1\" \/><\/span>\n\n<span class=\"wpcf7-form-control-wrap\" data-name=\"consent\"><span class=\"wpcf7-form-control wpcf7-acceptance\"><span class=\"wpcf7-list-item\"><label><input type=\"checkbox\" name=\"consent\" value=\"1\" id=\"wv-consent\" aria-invalid=\"false\" \/><span class=\"wpcf7-list-item-label\">Ich habe die <a href=\"datenschutzerklaerung\" target=\"blank\">Datenschutzerkl\u00e4rung<\/a> zur Kenntnis genommen. Ich stimme zu, dass meine Angaben zur Kontaktaufnahme und f\u00fcr R\u00fcckfragen dauerhaft gespeichert werden.<\/span><\/label><\/span><\/span><\/span>\n<input class=\"wpcf7-form-control wpcf7-submit has-spinner\" id=\"wv-submit\" type=\"submit\" value=\"Absenden\" \/>\n<\/div><\/div><script>\n\t\t\t(function($){\n\t\t\t\tconst trackEvent = (eventType, additionalData = {}) => {\n\t\t\t\t\tfetch(\"https:\/\/www.brandit-protection.com\/de\/wp-json\/cf7it\/v1\/track\", {\n\t\t\t\t\t\tmethod: \"POST\",\n\t\t\t\t\t\theaders: { \"Content-Type\": \"application\/json\" },\n\t\t\t\t\t\tbody: JSON.stringify({\n\t\t\t\t\t\t\tsession_id: \"5b7176ab5e\",\n\t\t\t\t\t\t\tform_id: \"148901\",\n\t\t\t\t\t\t\tevent_type: eventType,\n\t\t\t\t\t\t\tadditional_data: JSON.stringify(additionalData),\n\t\t\t\t\t\t}),\n\t\t\t\t\t});\n\t\t\t\t};\n\n\t\t\t\tconst getStepId = (element) => {\n\t\t\t\t\t\/\/ Dynamisch pr\u00fcfen, ob das Element in einer .step-content-Wrapper ist\n\t\t\t\t\tconst stepContent = $(element).closest(\".step-content\");\n\t\t\t\t\treturn stepContent.length > 0 ? stepContent.attr(\"step-id\") : null;\n\t\t\t\t};\n\n\t\t\t\tconst handleInput = (event) => {\n\t\t\t\t\tconst inputElement = event.target;\n\t\t\t\t\tconst inputType = inputElement.type || \"unknown\"; \/\/ Eingabetyp bestimmen\n\t\t\t\t\tconst additionalData = {\n\t\t\t\t\t\telement: inputElement.tagName,\n\t\t\t\t\t\ttype: inputType,\n\t\t\t\t\t\tname: inputElement.name || null,\n\t\t\t\t\t\tvalue: inputElement.value,\n\t\t\t\t\t\tstep_id: getStepId(inputElement), \/\/ Dynamisch pr\u00fcfen\n\t\t\t\t\t};\n\n\t\t\t\t\t\/\/ Checkbox-Zustand hinzuf\u00fcgen\n\t\t\t\t\tif (inputType === \"checkbox\" || inputType === \"radio\") {\n\t\t\t\t\t\tadditionalData.checked = inputElement.checked ? \"1\" : \"-1\";\n\t\t\t\t\t}\n\n\n\t\t\t\t\ttrackEvent(\"input_interaction\", additionalData);\n\t\t\t\t};\n\n\t\t\t\t\/\/ Eingabeverz\u00f6gerung f\u00fcr Eingabefelder (mit Ausnahme von Checkboxen\/Radio)\n\t\t\t\tlet inputTimeout;\n\t\t\t\t$(document).on(\"input\", \"div[data-wpcf7-id=\\\"148901\\\"] input, div[data-wpcf7-id=\\\"148901\\\"] textarea, div[data-wpcf7-id=\\\"148901\\\"] select\", (event) => {\n\t\t\t\t\tconst inputElement = event.target;\n\t\t\t\t\tconst inputType = inputElement.type || \"unknown\";\n\n\t\t\t\t\t\/\/ Checkboxen und Radios sofort verfolgen, andere mit Verz\u00f6gerung\n\t\t\t\t\tif (inputType === \"checkbox\" || inputType === \"radio\") {\n\t\t\t\t\t\thandleInput(event);\n\t\t\t\t\t} else {\n\t\t\t\t\t\tclearTimeout(inputTimeout);\n\t\t\t\t\t\tinputTimeout = setTimeout(() => handleInput(event), 1000);\n\t\t\t\t\t}\n\t\t\t\t});\n\n\t\t\t\t\/\/ Klicks auf Link und Button Elemente im Formular verfolgen\n\t\t\t\t$(document).on(\"click\", \"div[data-wpcf7-id=\\\"148901\\\"] button, div[data-wpcf7-id=\\\"148901\\\"] a\", (event) => {\n\t\t\t\t\tconst clickedElement = event.target;\n\t\t\t\t\ttrackEvent(\"click_interaction\", {\n\t\t\t\t\t\telement: clickedElement.tagName,\n\t\t\t\t\t\tid: clickedElement.id || null,\n\t\t\t\t\t\tclass: clickedElement.className || null,\n\t\t\t\t\t\ttext: clickedElement.innerText || null,\n\t\t\t\t\t\tstep_id: getStepId(clickedElement), \/\/ Dynamisch pr\u00fcfen\n\t\t\t\t\t});\n\t\t\t\t});\n\n\t\t\t\t\/\/ Formular\u00fcbermittlung verfolgen\n\t\t\t\tdocument.addEventListener(\"wpcf7mailsent\", () => {\n\t\t\t\t\ttrackEvent(\"form_submission\");\n\t\t\t\t});\n\t\t\t})(jQuery);\n\t\t<\/script><div class=\"wpcf7-response-output\" aria-hidden=\"true\"><\/div>\n<\/form>\n<\/div>\n[\/vc_column][\/vc_row][vc_row full_width=&#8221;stretch_row_content_no_spaces&#8221;][vc_column][vc_column_text][\/vc_column_text][\/vc_column][\/vc_row]<\/div>","protected":false},"excerpt":{"rendered":"[vc_row el_class=&#8221;container&#8221;][vc_column][vc_empty_space height=&#8221;1vw&#8221;][\/vc_column][\/vc_row][vc_row el_class=&#8221;container&#8221;][vc_column width=&#8221;1\/2&#8243; css=&#8221;.vc_custom_1606837414284{padding-right: 20px !important;}&#8221;][vc_column_text]Unser Portfolio vertreiben wir auch \u00fcber Wiederverk\u00e4ufer aus den Bereichen IT Systemh\u00e4user, Werbeagenturen, Mobilfunk Provider sowie Werbemittel H\u00e4ndler. Im Rahmen unserer internationalen Expansion bieten wir leistungsstarken Partnern ein attraktives Channel Programm an. Seien Sie Teil unserer internationalen Wachstumsstrategie und profitieren Sie von folgenden Vorteilen: Gro\u00dfe Erfahrung in Schutzh\u00fcllen [&hellip;]","protected":false},"author":6,"featured_media":148294,"parent":0,"menu_order":0,"comment_status":"closed","ping_status":"closed","template":"cls-optimized-page.php","meta":{"_kad_blocks_custom_css":"","_kad_blocks_head_custom_js":"","_kad_blocks_body_custom_js":"","_kad_blocks_footer_custom_js":"","footnotes":""},"class_list":["post-106634","page","type-page","status-publish","has-post-thumbnail","hentry"],"acf":[],"taxonomy_info":[],"featured_image_src_large":["https:\/\/www.brandit-protection.com\/wp-content\/uploads\/header-reseller-1024x320.jpg",1024,320,true],"author_info":{"display_name":"admin","author_link":"https:\/\/www.brandit-protection.com\/de\/author\/bqgynqebwubhubvm\/"},"comment_info":0,"_links":{"self":[{"href":"https:\/\/www.brandit-protection.com\/de\/wp-json\/wp\/v2\/pages\/106634","targetHints":{"allow":["GET"]}}],"collection":[{"href":"https:\/\/www.brandit-protection.com\/de\/wp-json\/wp\/v2\/pages"}],"about":[{"href":"https:\/\/www.brandit-protection.com\/de\/wp-json\/wp\/v2\/types\/page"}],"author":[{"embeddable":true,"href":"https:\/\/www.brandit-protection.com\/de\/wp-json\/wp\/v2\/users\/6"}],"replies":[{"embeddable":true,"href":"https:\/\/www.brandit-protection.com\/de\/wp-json\/wp\/v2\/comments?post=106634"}],"version-history":[{"count":3,"href":"https:\/\/www.brandit-protection.com\/de\/wp-json\/wp\/v2\/pages\/106634\/revisions"}],"predecessor-version":[{"id":176245,"href":"https:\/\/www.brandit-protection.com\/de\/wp-json\/wp\/v2\/pages\/106634\/revisions\/176245"}],"wp:featuredmedia":[{"embeddable":true,"href":"https:\/\/www.brandit-protection.com\/de\/wp-json\/wp\/v2\/media\/148294"}],"wp:attachment":[{"href":"https:\/\/www.brandit-protection.com\/de\/wp-json\/wp\/v2\/media?parent=106634"}],"curies":[{"name":"wp","href":"https:\/\/api.w.org\/{rel}","templated":true}]}}