{"id":154127,"date":"2020-09-29T08:29:52","date_gmt":"2020-09-29T07:29:52","guid":{"rendered":"https:\/\/www.brandit-protection.com\/agb-2\/"},"modified":"2022-11-22T11:36:45","modified_gmt":"2022-11-22T10:36:45","slug":"agb","status":"publish","type":"page","link":"https:\/\/www.brandit-protection.com\/de\/agb\/","title":{"rendered":"AGB"},"content":{"rendered":"<div class=\"boxed-container\">\r\n\t<div style=\"display: flex; justify-content: space-between;\">\r\n\t\t<h1 class=\"h4-style black\">Allgemeine Gesch\u00e4ftsbedingungen der Brand.it GmbH<\/h1>\r\n\t\t<span>Stand 22.November 2022<\/span>\r\n\t<\/div>\r\n\t<ol class=\"terms-conditions-list m-75\" style=\"text-align: justify;\">\r\n\t\t<li>Die nachfolgenden Allgemeinen Gesch\u00e4ftsbedingungen gelten f\u00fcr die Gesch\u00e4ftsbeziehung der Brand.it GmbH nur gegen\u00fcber Unternehmern, juristischen Personen des \u00f6ffentlichen Rechts und \u00f6ffentlich-rechtlichen Sonderverm\u00f6gen im Sinne von \u00a7 310 Abs. 1 BGB. Unternehmer im Sinne dieser Gesch\u00e4ftsbedingungen sind nat\u00fcrliche oder juristische Personen oder rechtsf\u00e4hige Personengesellschaften, die in Aus\u00fcbung ihrer gewerblichen oder selbst\u00e4ndigen beruflichen T\u00e4tigkeit handeln, \u00a7 14 Abs.1 BGB.<br><br>Ma\u00dfgebend ist diejenige Fassung, die zum Zeitpunkt Ihrer Bestellung g\u00fcltig ist. Rechte, die uns nach den gesetzlichen Vorschriften \u00fcber diese allgemeinen Gesch\u00e4ftsbedingungen hinaus zustehen, bleiben unber\u00fchrt. Davon abweichende oder entgegenstehende Bedingungen des K\u00e4ufers werden von uns nicht anerkannt, sofern wir diesen nicht ausdr\u00fccklich zugestimmt haben. Die Durchf\u00fchrung der Leistungen ist nicht als eine solche Zustimmung zu werten.<\/li>\r\n\t\t<li>Es gilt deutsches Recht unter Ausschluss des UN-Kaufrechts.<\/li>\r\n\t\t<li>Erf\u00fcllungsort und Gerichtsstand f\u00fcr beide Parteien ist Berlin.<\/li>\r\n\t\t<li>Alle Angebote sind freibleibend. An individuell f\u00fcr Sie ausgearbeitete Angebote halten wir uns 14 Kalendertage gebunden. Insbesondere unsere Angebote im jeweils aktuellen Katalog und im Internet stellen eine unverbindliche Aufforderung an Sie dar, Waren bei uns zu bestellen.<\/li>\r\n\t\t<li>Das Urheberrecht an den Entw\u00fcrfen und Druckvorlagen liegt einzig bei der Brand.it GmbH. Sofern nicht schriftlich etwas Abweichendes vereinbart wurde, hat der Kunde kein Recht auf Herausgabe, Vervielf\u00e4ltigung, Weitergabe oder sonstige Verwendung der Druckdaten.<\/li>\r\n\t\t<li>Bei allen der Brand.it GmbH \u00fcbermittelten Auftr\u00e4gen zum Beschriften von Produkten mit individuellen Logos oder Fotomotiven werden die erforderlichen Urheber-, Marken- oder sonstigen Rechte des Kunden vorausgesetzt. Die Brand.it GmbH weist darauf hin, dass Dritte gegen\u00fcber Kunden im Falle von urheberrechtsverletzenden Inhalten erhebliche Schadensersatzforderungen geltend machen k\u00f6nnen. Der Kunde haftet f\u00fcr alle aus einer Verletzung der vorgenannten Rechte entstehenden Folgen und stellt die Brand.it GmbH bei einer Inanspruchnahme durch einen Dritten von jeglicher Haftung frei.<\/li>\r\n\t\t<li>Wir behalten uns das Eigentum an der Kaufsache bis zum Eingang aller Zahlungen aus dem Liefervertrag vor. Sie sind verpflichtet, die Ware(n) pfleglich zu behandeln, insbesondere sie vor Sch\u00e4den zu bewahren. Sie sind berechtigt, die Kaufsache im ordentlichen Gesch\u00e4ftsgang weiter zu verkaufen. Sie treten uns jedoch bereits jetzt s\u00e4mtliche Forderungen aus der Weiterver\u00e4u\u00dferung sicherungshalber ab.<\/li>\r\n\t\t<li>Bei Rechnungen die zum F\u00e4lligkeitszeitpunkt nicht oder nur teilweise beglichen wurden, erheben wir Verzugszinsen i.H.v. neun Prozentpunkten (9%) \u00fcber dem Basiszinssatz. Des Weiteren wird eine Bearbeitungspauschale i.H.v. 40\u20ac f\u00e4llig.<\/li>\r\n\t\t<li>Z\u00f6lle, Steuern und etwaige andere Kosten, die beim Versand ins Ausland anfallen, sind vom Kunden zu tragen, sofern nicht schriftlich etwas anderes vereinbart wurde.<\/li>\r\n\t\t<li>Ist uns eine Lieferung der bestellten Sache mangels Verf\u00fcgbarkeit nicht m\u00f6glich, werden Sie hier\u00fcber unverz\u00fcglich informiert. In diesem Fall k\u00f6nnen wir vom Kaufvertrag zur\u00fccktreten. Ihre gesetzlichen Anspr\u00fcche bleiben hiervon unber\u00fchrt.<\/li>\r\n\t\t<li>Die Brand.it GmbH haftet nicht f\u00fcr Lieferverz\u00f6gerungen oder f\u00fcr Lieferunf\u00e4higkeit auf Grund von h\u00f6herer Gewalt.<\/li>\r\n\t\t<li>Sollte eine Vorgabe des Kunden technisch nicht umsetzbar sein und wird dies erst w\u00e4hrend des Produktionsprozesses festgestellt, so behalten wir uns ebenfalls das Recht vor, vom Kaufvertrag zur\u00fcckzutreten.<\/li>\r\n\t\t<li>Produktionstechnisch bedingte Abweichungen der tats\u00e4chlichen Beschriftung von der Vorlage sind m\u00f6glich, stellen jedoch keine Grundlage f\u00fcr eine M\u00e4ngelr\u00fcge dar, sofern diese ein zumutbares Ma\u00df nicht \u00fcberschreiten.<\/li>\r\n\t\t<li>Ware, die personalisiert wurde, das hei\u00dft auf Wunsch des Kunden graviert, bedruckt oder auf andere Weise veredelt wurde, ist von Umtausch und Ru\u0308ckgabe ausgeschlossen.<\/li>\r\n\t\t<li> Stornierungsbedingungen. Erfolgt eine Stornierung der Bestellung nach schriftlicher Bestellung, so erh\u00e4lt der Kunde eine Gutschrift i.H.v. 90% des Rechnungsbetrages. Erfolgt die Stornierung nach Bestellung und nach Produktion eines ersten individuellen Musters, so betr\u00e4gt die Gutschrift 70% des Rechnungsbetrages. Erfolgt die Stornierung nach Bestellung und nach Produktionsstart so wird die Leistung vollst\u00e4ndig in Rechnung gestellt. Es erfolgt keine Gutschrift.<\/li>\r\n\t\t<li>Liefertermine und Fristen sind unverbindlich, es sei denn sie wurden ausdr\u00fccklich schriftlich zugesagt.<\/li>\r\n\t\t<li>Durch Einsenden der Ware oder der Bestellfreigabe \u00fcber den Login des Customer Order Center, sowie jede andere Form der schriftlichen Bestellfreigabe wird die letzte g\u00fcltige Beschriftungsvorlage, die Ihnen nachweislich vorlag zur verbindlichen Grundlage f\u00fcr die Beschriftung der Ware.<\/li>\r\n\t\t<li>Wir behalten uns vor, ausgew\u00e4hlte Kundenprojekte als Referenz auf den Kommunikationskan\u00e4len unserer Wahl aufzuf\u00fchren und den Kunden namentlich inkl. seines Firmenlogos zu nennen. Der Kunde hat das Recht dem jederzeit schriftlich zu widersprechen, was die Entfernung seiner Referenz zur Folge hat. Bei Printprodukten erfolgt die Entfernung zur n\u00e4chsten Auflage.<\/li>\r\n\t\t<li>Salvatorische Klausel: Sollten einzelne Bestimmungen dieses Vertrages unwirksam sein oder den gesetzlichen Regelungen widersprechen, so wird hierdurch der Vertrag im \u00dcbrigen nicht ber\u00fchrt.<\/li>\r\n\t<\/ol>\r\n\t<span>AGB <a href=\"\/documents\/Brand.it-AGB.pdf\">hier<\/a> herunterladen.<\/span>\r\n<\/div>","protected":false},"excerpt":{"rendered":"Allgemeine Gesch\u00e4ftsbedingungen der Brand.it GmbH Stand 22.November 2022 Die nachfolgenden Allgemeinen Gesch\u00e4ftsbedingungen gelten f\u00fcr die Gesch\u00e4ftsbeziehung der Brand.it GmbH nur gegen\u00fcber Unternehmern, juristischen Personen des \u00f6ffentlichen Rechts und \u00f6ffentlich-rechtlichen Sonderverm\u00f6gen im Sinne von \u00a7 310 Abs. 1 BGB. Unternehmer im Sinne dieser Gesch\u00e4ftsbedingungen sind nat\u00fcrliche oder juristische Personen oder rechtsf\u00e4hige Personengesellschaften, die in Aus\u00fcbung ihrer [&hellip;]","protected":false},"author":6,"featured_media":0,"parent":0,"menu_order":0,"comment_status":"closed","ping_status":"closed","template":"cls-optimized-page.php","meta":{"_kad_blocks_custom_css":"","_kad_blocks_head_custom_js":"","_kad_blocks_body_custom_js":"","_kad_blocks_footer_custom_js":"","footnotes":""},"class_list":["post-154127","page","type-page","status-publish","hentry"],"acf":[],"taxonomy_info":[],"featured_image_src_large":false,"author_info":{"display_name":"admin","author_link":"https:\/\/www.brandit-protection.com\/de\/author\/bqgynqebwubhubvm\/"},"comment_info":0,"_links":{"self":[{"href":"https:\/\/www.brandit-protection.com\/de\/wp-json\/wp\/v2\/pages\/154127","targetHints":{"allow":["GET"]}}],"collection":[{"href":"https:\/\/www.brandit-protection.com\/de\/wp-json\/wp\/v2\/pages"}],"about":[{"href":"https:\/\/www.brandit-protection.com\/de\/wp-json\/wp\/v2\/types\/page"}],"author":[{"embeddable":true,"href":"https:\/\/www.brandit-protection.com\/de\/wp-json\/wp\/v2\/users\/6"}],"replies":[{"embeddable":true,"href":"https:\/\/www.brandit-protection.com\/de\/wp-json\/wp\/v2\/comments?post=154127"}],"version-history":[{"count":3,"href":"https:\/\/www.brandit-protection.com\/de\/wp-json\/wp\/v2\/pages\/154127\/revisions"}],"predecessor-version":[{"id":176213,"href":"https:\/\/www.brandit-protection.com\/de\/wp-json\/wp\/v2\/pages\/154127\/revisions\/176213"}],"wp:attachment":[{"href":"https:\/\/www.brandit-protection.com\/de\/wp-json\/wp\/v2\/media?parent=154127"}],"curies":[{"name":"wp","href":"https:\/\/api.w.org\/{rel}","templated":true}]}}