			        
					        
		{"id":158862,"date":"2021-10-22T16:48:14","date_gmt":"2021-10-22T15:48:14","guid":{"rendered":"https:\/\/www.brandit-protection.com\/kompostierbare-handyhuelle\/"},"modified":"2021-10-22T23:51:55","modified_gmt":"2021-10-22T22:51:55","slug":"kompostierbare-handyhuelle","status":"publish","type":"page","link":"https:\/\/www.brandit-protection.com\/de\/kompostierbare-handyhuelle\/","title":{"rendered":"Kompostierbare Handyh\u00fclle"},"content":{"rendered":"<div class=\"wpb-content-wrapper\">[vc_row gap=&#8221;35&#8243; equal_height=&#8221;yes&#8221; css=&#8221;.vc_custom_1634890485089{margin-top: 32px !important;margin-bottom: 3em !important;}&#8221; el_class=&#8221;container&#8221;][vc_column width=&#8221;1\/2&#8243; css=&#8221;.vc_custom_1634891569255{margin-top: 100px !important;}&#8221;][vc_custom_heading text=&#8221;Was ist eine kompostierbare Handyh\u00fclle?&#8221; font_container=&#8221;tag:h2|text_align:center|color:%230071b8&#8243; use_theme_fonts=&#8221;yes&#8221; css=&#8221;.vc_custom_1634916861388{margin-bottom: 25px !important;}&#8221;][vc_row_inner][vc_column_inner][vc_column_text]Bislang werden Handy H\u00fcllen aus Kunststoff hergestellt. Kunststoffe wie TPU oder PC bieten viele positive Eigenschaften wie zum Beispiel eine hohe Widerstandsf\u00e4higkeit, eine hohe Flexibilit\u00e4t sowie eine hohe Lebensdauer. Diese Lebensdauer ist jedoch ein Problem wenn die Handyh\u00fclle am Ende Ihrer Lebensdauer angekommen ist. Kunststoff ben\u00f6tigt ca. 50 Jahre bis er vollst\u00e4ndig verrottet ist.\r\n\r\nNeuerdings k\u00f6nnen Kunststoffe auch aus dem Material PLA (Polylactid) hergestellt werden. Dieses Material wird aus Zucker gewonnen und hat die positive Eigenschaft, dass es innerhalb von 18 bis 24 Monaten in einer industriellen Kompostieranlage vollst\u00e4ndig zu Erde verwandelt werden kann.[\/vc_column_text][vc_btn title=&#8221;Lesen Sie mehr \u00fcber unseren Beitrag zur Nachhaltigkeit&#8221; style=&#8221;flat&#8221; shape=&#8221;square&#8221; color=&#8221;primary&#8221; align=&#8221;left&#8221; link=&#8221;url:%2Fcompany%2Fsustainability%2F|target:_blank&#8221;][\/vc_column_inner][\/vc_row_inner][\/vc_column][vc_column width=&#8221;1\/2&#8243; css=&#8221;.vc_custom_1634893857189{margin-top: 35px !important;}&#8221;][vc_single_image image=&#8221;145012&#8243; img_size=&#8221;large&#8221; alignment=&#8221;right&#8221; css_animation=&#8221;slideInRight&#8221;][\/vc_column][\/vc_row][vc_row gap=&#8221;35&#8243; full_height=&#8221;yes&#8221; columns_placement=&#8221;stretch&#8221; equal_height=&#8221;yes&#8221; css=&#8221;.vc_custom_1634893925785{margin-top: 3em !important;}&#8221; el_class=&#8221;container&#8221;][vc_column width=&#8221;1\/2&#8243;][vc_single_image image=&#8221;158833&#8243; img_size=&#8221;large&#8221; css_animation=&#8221;slideInLeft&#8221;][\/vc_column][vc_column width=&#8221;1\/2&#8243;][vc_custom_heading text=&#8221;Unsere kompostierbare Handyh\u00fclle&#8221; font_container=&#8221;tag:h2|text_align:left|color:%230071b8&#8243; use_theme_fonts=&#8221;yes&#8221; css=&#8221;.vc_custom_1634886828105{margin-bottom: 25px !important;}&#8221;][vc_column_text css=&#8221;.vc_custom_1634894748051{margin-bottom: 4rem !important;}&#8221;]W\u00e4re es nicht gro\u00dfartig wenn sich ein Alltagsprodukt nach der Nutzungsdauer in Luft aufl\u00f6st? Ok, in Luft aufl\u00f6sen k\u00f6nnen wir nicht. Aber wir k\u00f6nnen eine Handyh\u00fclle in Erde verwandeln. Unsere Handyh\u00fclle \u201eTurtle\u201c wird aus kompostierbarem Kunststoff PLA hergestellt und durch die Beimischung von Bambusfasern verst\u00e4rkt. Dadurch kann diese Handyh\u00fclle innerhalb von 18 bis 24 Monaten vollst\u00e4ndig kompostiert werden.[\/vc_column_text][vc_btn title=&#8221;Erfahren Sie mehr \u00fcber die Turtle Handyh\u00fclle&#8221; style=&#8221;flat&#8221; shape=&#8221;square&#8221; color=&#8221;primary&#8221; link=&#8221;url:%2Fshop%2Fturtle-biodegradable-eco-case%2F|target:_blank&#8221;][\/vc_column][\/vc_row][vc_row gap=&#8221;35&#8243; css=&#8221;.vc_custom_1618909555362{margin-top: 3em !important;}&#8221; el_class=&#8221;container&#8221;][vc_column width=&#8221;1\/2&#8243;][vc_custom_heading text=&#8221;Nachhaltige Verpackung&#8221; font_container=&#8221;tag:h2|text_align:left|color:%230071b8&#8243; use_theme_fonts=&#8221;yes&#8221; css=&#8221;.vc_custom_1634885094020{margin-bottom: 25px !important;}&#8221;][vc_column_text]Nachhaltigkeit beinhaltet nicht nur das Produkt. Wir bei Brand.it achten auch darauf, dass unsere Handy H\u00fcllen nachhaltig verpackt werden. Anstatt der in unserer Branche \u00fcblichen Plastikt\u00fcten verwenden wir eigens von uns entwickelte Papiert\u00fcten. Um auch hier unn\u00f6tien Verpackungsm\u00fcll zu vermeiden werden unsere H\u00fcllen standardm\u00e4\u00dfig in Bulk geliefert. Die umweltfreundliche Papiert\u00fcte ist optional und gegen Aufpreis erh\u00e4ltlich.[\/vc_column_text][\/vc_column][vc_column width=&#8221;1\/2&#8243;][vc_single_image image=&#8221;145018&#8243; img_size=&#8221;large&#8221; alignment=&#8221;right&#8221; css_animation=&#8221;slideInRight&#8221;][\/vc_column][\/vc_row][vc_row css=&#8221;.vc_custom_1619512722751{margin-top: 0px !important;margin-bottom: 0px !important;background-color: #f8f6f2 !important;}&#8221;][vc_column css=&#8221;.vc_custom_1619512733136{margin-top: 0px !important;margin-bottom: 0px !important;}&#8221;][vc_column_text][\/vc_column_text][\/vc_column][\/vc_row][vc_row][vc_column][vc_column_text]\t\t\t\t\n\t\t<div class=\"testimonials container\">\n\t\t\n\t\t\t<h2>Das sagen unsere Kunden \u00fcber uns<\/h2>\n    \n            <div class=\"owl-carousel carousel-testimonials\">\n            \n\t\t\t\t                \n                <div class=\"testimonials-item \">\n                    <div class=\"testimonials-item-image-wrapper\">\n\t\t\t\t\t\t<img decoding=\"async\" width=\"150\" height=\"150\" src=\"https:\/\/www.brandit-protection.com\/wp-content\/uploads\/custom-smartphone-apple-iphone-samsung-galaxy-case-cases-cover-huelle-tasche-logo-119-150x150.jpg\" class=\"attachment-150w size-150w wp-post-image wp-post-image\" alt=\"\" \/>                    <\/div>\n                    <div class=\"testimonials-item-content-wrapper\">\n                        <div class=\"testimonials-item-text\">\n\t\t\t\t\t\t\t\u201eSehr professionelle und unkomplizierte Zusammenarbeit. Top Qualit\u00e4t in Sachen Aufdruck und Smartphone-H\u00fcllen. Auch die Lieferung verlief reibungslos und schnell. Gerne arbeiten wir auch in Zukunft mit der\u00a0<a href=\"https:\/\/www.brandit-protection.com\/\">Brand.it<\/a>\u00a0GmbH zusammen. Vielen Dank!\u201c                        <\/div>\n                        <div class=\"testimonials-item-user\">Julian Fischer, Panasonic                    <\/div>\n                <\/div>\n                \n                <\/div>\n                    \n                                \n                <div class=\"testimonials-item \">\n                    <div class=\"testimonials-item-image-wrapper\">\n\t\t\t\t\t\t<img decoding=\"async\" width=\"150\" height=\"150\" src=\"https:\/\/www.brandit-protection.com\/wp-content\/uploads\/custom-smartphone-apple-iphone-samsung-galaxy-case-cases-cover-huelle-tasche-logo-110-150x150.jpg\" class=\"attachment-150w size-150w wp-post-image wp-post-image\" alt=\"\" \/>                    <\/div>\n                    <div class=\"testimonials-item-content-wrapper\">\n                        <div class=\"testimonials-item-text\">\n\t\t\t\t\t\t\t\u201eVom ersten Kontakt bis zur Lieferung wurden wir von\u00a0<u class=\"\"><a class=\"\" href=\"https:\/\/www.brandit-protection.com\/\"><span class=\"\">Brand.it<\/span><\/a><\/u>\u00a0hervorragen betreut. Wir freuen uns jetzt schon wieder zu bestellen.\u201c                        <\/div>\n                        <div class=\"testimonials-item-user\">Celina Kr\u00e4mer, Kendrion                    <\/div>\n                <\/div>\n                \n                <\/div>\n                    \n                                \n                <div class=\"testimonials-item \">\n                    <div class=\"testimonials-item-image-wrapper\">\n\t\t\t\t\t\t<img decoding=\"async\" width=\"150\" height=\"150\" src=\"https:\/\/www.brandit-protection.com\/wp-content\/uploads\/custom-smartphone-apple-iphone-samsung-galaxy-case-cases-cover-huelle-tasche-logo-118-150x150.jpg\" class=\"attachment-150w size-150w wp-post-image wp-post-image\" alt=\"\" \/>                    <\/div>\n                    <div class=\"testimonials-item-content-wrapper\">\n                        <div class=\"testimonials-item-text\">\n\t\t\t\t\t\t\t\u201eWir sind sehr zufrieden mit der Qualit\u00e4t und dem Design der H\u00fcllen und setzen diese schon bei etlichen Gelegenheiten als hilfreiches Werbemittel ein. Auch die Kommunikation mit dem<span class=\"apple-converted-space\">\u00a0<\/span><a class=\"\" href=\"https:\/\/www.brandit-protection.com\/\">Brand.it<\/a>-Team hat super geklappt.&#8221;                        <\/div>\n                        <div class=\"testimonials-item-user\">Stephan Nitzsche, Weck+Poller                    <\/div>\n                <\/div>\n                \n                <\/div>\n                    \n                                \n                <div class=\"testimonials-item \">\n                    <div class=\"testimonials-item-image-wrapper\">\n\t\t\t\t\t\t<img decoding=\"async\" width=\"150\" height=\"214\" src=\"https:\/\/www.brandit-protection.com\/wp-content\/uploads\/testimonial-ipad-case-mcmakler-150x214.gif\" class=\"attachment-150w size-150w wp-post-image wp-post-image\" alt=\"\" \/>                    <\/div>\n                    <div class=\"testimonials-item-content-wrapper\">\n                        <div class=\"testimonials-item-text\">\n\t\t\t\t\t\t\t&#8220;Die Zusammenarbeit mit\u00a0<a class=\"\" href=\"https:\/\/www.brandit-protection.com\/\">Brand.it<\/a>\u00a0verlief \u00e4u\u00dferst professionell und angenehm. Sowohl die gelieferten iPad\u2122 Cases als auch der begleitende Service waren von hervorragender Qualit\u00e4t.&#8221;                        <\/div>\n                        <div class=\"testimonials-item-user\">Matthias Klauser, McMakler                    <\/div>\n                <\/div>\n                \n                <\/div>\n                    \n                                \n                <div class=\"testimonials-item \">\n                    <div class=\"testimonials-item-image-wrapper\">\n\t\t\t\t\t\t<img decoding=\"async\" width=\"150\" height=\"296\" src=\"https:\/\/www.brandit-protection.com\/wp-content\/uploads\/Sika-Case-Testimonial-150x296.png\" class=\"attachment-150w size-150w wp-post-image wp-post-image\" alt=\"Sika Manda Case\" \/>                    <\/div>\n                    <div class=\"testimonials-item-content-wrapper\">\n                        <div class=\"testimonials-item-text\">\n\t\t\t\t\t\t\t&#8220;Brand.it ist innovativ und hat den Finger am Puls der Zeit. Die H\u00fcllen sind bei Sika der gro\u00dfe Renner und wir kommen mit dem Bestellen fast nicht mehr hinterher. Jeder Kollege m\u00f6chte so eine H\u00fclle mit dem Sika Logo haben.&#8221;                        <\/div>\n                        <div class=\"testimonials-item-user\">Matthias Weichert, Sika                    <\/div>\n                <\/div>\n                \n                <\/div>\n                    \n                            \n                        \n            <\/div><\/div>\n\t\t\t\t\n[\/vc_column_text][\/vc_column][\/vc_row][vc_row css=&#8221;.vc_custom_1618909561053{background-color: #e6e6e6 !important;}&#8221;][vc_column][vc_column_text]\r\n<h2 style=\"text-align: center;\"><span style=\"color: #0071b7;\">Why Brand.it?<\/span><\/h2>\r\n[\/vc_column_text][vc_row_inner content_placement=&#8221;bottom&#8221; el_class=&#8221;why-brandit-tiles container&#8221;][vc_column_inner width=&#8221;1\/3&#8243; offset=&#8221;vc_col-xs-4&#8243;][vc_column_text]\r\n<p style=\"text-align: center;\"><span style=\"color: #0071b7;\">Well-known references<\/span><\/p>\r\n[\/vc_column_text][vc_single_image image=&#8221;147519&#8243; img_size=&#8221;full&#8221; alignment=&#8221;center&#8221;][\/vc_column_inner][vc_column_inner width=&#8221;1\/3&#8243; offset=&#8221;vc_col-xs-4&#8243;][vc_column_text]\r\n<p style=\"text-align: center;\"><span style=\"color: #0071b7;\">More than 10 years of experience<\/span><\/p>\r\n[\/vc_column_text][vc_single_image image=&#8221;147522&#8243; img_size=&#8221;full&#8221; alignment=&#8221;center&#8221;][\/vc_column_inner][vc_column_inner width=&#8221;1\/3&#8243; offset=&#8221;vc_col-xs-4&#8243;][vc_column_text]\r\n<p style=\"text-align: center;\"><span style=\"color: #0071b7;\">State of the art printers<\/span><\/p>\r\n[\/vc_column_text][vc_single_image image=&#8221;147525&#8243; img_size=&#8221;full&#8221; alignment=&#8221;center&#8221;][\/vc_column_inner][\/vc_row_inner][vc_row_inner equal_height=&#8221;yes&#8221; content_placement=&#8221;top&#8221; el_class=&#8221;why-brandit-tiles container&#8221;][vc_column_inner width=&#8221;1\/3&#8243; offset=&#8221;vc_col-xs-4&#8243;][vc_single_image image=&#8221;147528&#8243; img_size=&#8221;full&#8221; alignment=&#8221;center&#8221;][vc_column_text]\r\n<p style=\"text-align: center;\"><span style=\"color: #0071b7;\">Fast delivery<\/span><\/p>\r\n[\/vc_column_text][\/vc_column_inner][vc_column_inner width=&#8221;1\/3&#8243; offset=&#8221;vc_col-xs-4&#8243;][vc_single_image image=&#8221;147531&#8243; img_size=&#8221;full&#8221; alignment=&#8221;center&#8221;][vc_column_text]\r\n<p style=\"text-align: center;\"><span style=\"color: #0071b7;\">German Quality standards<\/span><\/p>\r\n[\/vc_column_text][\/vc_column_inner][vc_column_inner width=&#8221;1\/3&#8243; offset=&#8221;vc_col-xs-4&#8243;][vc_single_image image=&#8221;147534&#8243; img_size=&#8221;full&#8221; alignment=&#8221;center&#8221;][vc_column_text]\r\n<p style=\"text-align: center;\"><span style=\"color: #0071b7;\">Worldwide shipping<\/span><\/p>\r\n[\/vc_column_text][\/vc_column_inner][\/vc_row_inner][\/vc_column][\/vc_row][vc_row el_class=&#8221;container&#8221;][vc_column][vc_column_text el_id=&#8221;categorie-beschreibung&#8221;]Biologisch abbaubare Handyh\u00fcllen, auch Handytaschen genannt, erf\u00fcllen in erster Linie eine Schutzfunktion und schonen gleichzeitig die Umwelt.\r\n\r\nBiologisch abbaubare Handyh\u00fcllen: Smartphones sch\u00fctzen und die Umwelt schonen\r\n\r\nEine Handyh\u00fclle ist notwendig, um das teure Smartphone vor Kratzern und Sch\u00e4den zu sch\u00fctzen. So spart eine Handyh\u00fclle nicht nur Kosten, sondern schont auch die Ressourcen, weil die Ger\u00e4te l\u00e4nger genutzt werden und der Bedarf an Ersatzteilen sinkt.\r\n\r\nBisher werden Handyh\u00fcllen jedoch ausschlie\u00dflich aus Kunststoff hergestellt. Diese Tatsache bringt das Problem mit sich, dass Handyh\u00fcllen am Ende ihrer Lebensdauer im normalen M\u00fcll entsorgt werden. Kunststoffprodukte brauchen etwa 50 Jahre, um sich vollst\u00e4ndig zu zersetzen.\r\n\r\nAus diesem Grund ist in den letzten Jahren immer h\u00e4ufiger die Frage nach einer biologisch abbaubaren Handyh\u00fclle aufgekommen. Kompostierbare Handyh\u00fcllen sind eine gute Alternative zu den herk\u00f6mmlichen Handyh\u00fcllen aus Kunststoff, die meist aus TPU, Silikon oder PC-Kunststoff hergestellt werden. Allerdings kommen die neuen Handyh\u00fcllen aus kompostierbarem PLA-Kunststoff noch nicht an die Materialeigenschaften von herk\u00f6mmlichen Kunststoffen heran. Aber die Entwicklung schreitet jedes Jahr voran und wird die Materialeigenschaften von nachhaltigen Kunststoffen verbessern.[\/vc_column_text][\/vc_column][\/vc_row][vc_row][vc_column][vc_empty_space][\/vc_column][\/vc_row]<\/div>","protected":false},"excerpt":{"rendered":"[vc_row gap=&#8221;35&#8243; equal_height=&#8221;yes&#8221; css=&#8221;.vc_custom_1634890485089{margin-top: 32px !important;margin-bottom: 3em !important;}&#8221; el_class=&#8221;container&#8221;][vc_column width=&#8221;1\/2&#8243; css=&#8221;.vc_custom_1634891569255{margin-top: 100px !important;}&#8221;][vc_custom_heading text=&#8221;Was ist eine kompostierbare Handyh\u00fclle?&#8221; font_container=&#8221;tag:h2|text_align:center|color:%230071b8&#8243; use_theme_fonts=&#8221;yes&#8221; css=&#8221;.vc_custom_1634916861388{margin-bottom: 25px !important;}&#8221;][vc_row_inner][vc_column_inner][vc_column_text]Bislang werden Handy H\u00fcllen aus Kunststoff hergestellt. Kunststoffe wie TPU oder PC bieten viele positive Eigenschaften wie zum Beispiel eine hohe Widerstandsf\u00e4higkeit, eine hohe Flexibilit\u00e4t sowie eine hohe Lebensdauer. Diese Lebensdauer ist jedoch [&hellip;]","protected":false},"author":6,"featured_media":0,"parent":0,"menu_order":0,"comment_status":"closed","ping_status":"closed","template":"cls-optimized-page.php","meta":{"_kad_blocks_custom_css":"","_kad_blocks_head_custom_js":"","_kad_blocks_body_custom_js":"","_kad_blocks_footer_custom_js":"","footnotes":""},"class_list":["post-158862","page","type-page","status-publish","hentry"],"acf":[],"taxonomy_info":[],"featured_image_src_large":false,"author_info":{"display_name":"admin","author_link":"https:\/\/www.brandit-protection.com\/de\/author\/bqgynqebwubhubvm\/"},"comment_info":0,"_links":{"self":[{"href":"https:\/\/www.brandit-protection.com\/de\/wp-json\/wp\/v2\/pages\/158862","targetHints":{"allow":["GET"]}}],"collection":[{"href":"https:\/\/www.brandit-protection.com\/de\/wp-json\/wp\/v2\/pages"}],"about":[{"href":"https:\/\/www.brandit-protection.com\/de\/wp-json\/wp\/v2\/types\/page"}],"author":[{"embeddable":true,"href":"https:\/\/www.brandit-protection.com\/de\/wp-json\/wp\/v2\/users\/6"}],"replies":[{"embeddable":true,"href":"https:\/\/www.brandit-protection.com\/de\/wp-json\/wp\/v2\/comments?post=158862"}],"version-history":[{"count":0,"href":"https:\/\/www.brandit-protection.com\/de\/wp-json\/wp\/v2\/pages\/158862\/revisions"}],"wp:attachment":[{"href":"https:\/\/www.brandit-protection.com\/de\/wp-json\/wp\/v2\/media?parent=158862"}],"curies":[{"name":"wp","href":"https:\/\/api.w.org\/{rel}","templated":true}]}}