{"id":161048,"date":"2022-01-07T08:56:19","date_gmt":"2022-01-07T07:56:19","guid":{"rendered":"https:\/\/www.brandit-protection.com\/sustainability\/"},"modified":"2024-07-03T11:46:47","modified_gmt":"2024-07-03T10:46:47","slug":"nachhaltigkeit","status":"publish","type":"page","link":"https:\/\/www.brandit-protection.com\/de\/unternehmen\/nachhaltigkeit\/","title":{"rendered":"Nachhaltige Handy &#038; Tablet H\u00fcllen f\u00fcr Unternehmen"},"content":{"rendered":"<div class=\"full-width-container header-image\"><div class=\"photo-origin\">Foto von <a href=\"https:\/\/www.pexels.com\/de-de\/@suzyhazelwood?utm_content=attributionCopyText&#038;utm_medium=referral&#038;utm_source=pexels\" target=\"_blank\" rel=\"noopener\">Suzy Hazelwood<\/a> @ <a href=\"https:\/\/www.pexels.com\/de-de\/foto\/grunblattrige-pflanze-2382325\/?utm_content=attributionCopyText&#038;utm_medium=referral&#038;utm_source=pexels\" target=\"_blank\" rel=\"noopener\">Pexels<\/a><\/div><\/div>\r\n<div class=\"boxed-container page-intro\">\r\n<h1 class=\"black\">Brand.it ist nachhaltig<\/h1>\r\n<p>Als weltweit f\u00fchrender Hersteller von Handy- und Tablet-H\u00fcllen f\u00fcr Unternehmenskunden ist sich Brand.it seiner Verantwortung f\u00fcr Nachhaltigkeit bewusst. Unsere Handy- und Tablet-H\u00fcllen werden aus robusten Kunststoffen gefertigt und sind damit sehr langlebig. Wir sind davon \u00fcberzeugt, dass Produkte von hoher Qualit\u00e4t lange genutzt werden k\u00f6nnen und somit bereits nachhaltig sind. Zus\u00e4tzlich tragen wir mit unseren hochwertigen Schutzh\u00fcllen dazu bei, die Lebenszeit Ihrer elektronischen Begleiter zu verl\u00e4ngern und unn\u00f6tigen Elektrom\u00fcll zu vermeiden.<\/p><p>Dar\u00fcber hinaus leisten wir die folgenden Beitr\u00e4ge, um unseren Planeten zu einem besseren Ort zu machen:<\/p><\/div>\r\n\r\n<div class=\"flex m2col compostable-section\" style=\"text-align: justify;\">\r\n  <div class=\"s-100 m-50 left-standard-padding\"><h2>Kompostierbare \r\nHandy H\u00fclle<\/h2><p>Kunststoffe sind Segen und Fluch zugleich. Einerseits strapazierf\u00e4hig und best\u00e4ndig. Andererseits aus genau diesen Gr\u00fcnden sch\u00e4dlich f\u00fcr die Umwelt, weil sie hunderte Jahre ben\u00f6tigen, um von der Natur zersetzt zu werden.<\/p><p>Wir bieten Ihnen als eine Alternative zu unserer Standardh\u00fclle auch eine kompostierbare Handy H\u00fclle. Diese wird aus dem Bio-Kunststoff PBAT hergestellt und durch Bambusfasern verst\u00e4rkt. Sie kann innerhalb von 12 bis 24 Monaten durch einen nat\u00fcrlichen, biologischen Prozess vollst\u00e4ndig kompostiert werden.<\/p><p><u><b>\u00dcbrigens:<\/b><\/u> Sie k\u00f6nnen Ihre alten Handyhu\u0308llen auch kostenfrei an Brand.it zur\u00fccksenden und wir k\u00fcmmern uns um das fachgerechte Recycling.<\/p><\/div>\r\n  <div class=\"s-100 m-50\"><div class=\"bg-container\"><\/div><\/div>\r\n<\/div>\r\n<div class=\"spacer\"><\/div>\r\n<div class=\"flex m2col no-plastic-section\" style=\"text-align: justify;\">\r\n  <div class=\"s-100 m-50\"><div class=\"bg-container\"><\/div><\/div>\r\n  <div class=\"s-100 m-50 right-standard-padding\"><h2>Keine Plastikverpackung<\/h2><p>In unserer Branche ist Kunststoff f\u00fcr Verpackungen das gebr\u00e4uchlichste Material. Viel zu selten wird die Frage gestellt, ob und wie Produkte alternativ verpackt werden k\u00f6nnen.<\/p><p>Bei uns werden Produkte in Bulk und ohne Einzelverpackung zusammengefasst und in Kartons an unsere Kunden verschickt. Auf Wunsch verpacken wir auch jede H\u00fclle gegen Aufpreis einzeln. Nat\u00fcrlich nutzen wir hierf\u00fcr ausschlie\u00dflich Verpackung aus recyceltem Papier.<\/p><\/div>\r\n<\/div>\r\n<div class=\"spacer\"><\/div>\r\n<div class=\"flex m2col reuse-section\" style=\"text-align: justify;\">\r\n  <div class=\"s-100 m-50 left-standard-padding\"><h2>Verpackungen \r\nmehrfach nutzen<\/h2><p>Wir machen uns stark daf\u00fcr, dass papierbasierte Verpackungen als wertvolle Ressource gesehen und mehrfach verwendet werden. <\/p><p>Kartons nicht mehr nutzen, nur weil diese optischen M\u00e4ngel haben? Irrsinn! Auf die inneren Werte \u2013 n\u00e4mlich das gelieferte Produkt \u2013 kommt es an! Freuen Sie sich also, wenn Sie einen Karton bekommen, der ein paar Blessuren aufweist. Das bedeutet, dass er die darin gelieferten Produkte gesch\u00fctzt hat. Schenken Sie ihm im Gegenzug noch eine zweite, dritte oder auch vierte Verwendung, bevor Sie diesen recyceln.<\/p><\/div> \r\n  <div class=\"s-100 m-50\"><div class=\"bg-container\"><div class=\"photo-origin\">Foto von <a href=\"https:\/\/unsplash.com\/@kelli_mcclintock?utm_source=unsplash&#038;utm_medium=referral&#038;utm_content=creditCopyText\" target=\"_blank\" rel=\"noopener\">Kelli McClintock<\/a> @ <a href=\"https:\/\/unsplash.com\/?utm_source=unsplash&#038;utm_medium=referral&#038;utm_content=creditCopyText\" target=\"_blank\" rel=\"noopener\">Unsplash<\/a><\/div><\/div><\/div>\r\n<\/div>\r\n<div class=\"spacer\"><\/div>\r\n<div class=\"flex m2col quality-section\" style=\"text-align: justify;\">\r\n  <div class=\"s-100 m-50\"><div class=\"bg-container\"><\/div><\/div>\r\n  <div class=\"s-100 m-50 right-standard-padding\"><h2>Hohe Produktqualit\u00e4t<\/h2><p>Es ist eine alte Wahrheit: Wer billig kauft, kauft zweimal und verursacht somit auch doppelten CO2-Aussto\u00df f\u00fcr die Herstellung sowie den Transport. Unser Anspruch ist es, \u00fcberdurchschnittlich gute Produktqualit\u00e4t zu liefern und somit eine lange Nutzungsdauer unserer Schutzh\u00fcllen zu gew\u00e4hrleisten. <\/p><p>So k\u00f6nnen wir auf der einen Seite sicher sein, dass Sie mit unseren Produkten ohne Einschr\u00e4nkungen zufrieden sein werden. Reklamationen oder Austauschprodukte k\u00f6nnen somit vermieden werden. Andererseits tragen wir mit hochwertigen Produkten dazu bei, dass Handys und Tablets ideal vor St\u00f6\u00dfen, beim Fallen oder anderen Einfl\u00fcssen gesch\u00fctzt werden. <\/p><p>Besserer Schutz bedeutet weniger Sch\u00e4den, l\u00e4ngere Nutzungsdauer und weniger Elektrom\u00fcll.<\/p><\/div>\r\n<\/div>","protected":false},"excerpt":{"rendered":"Foto von Suzy Hazelwood @ Pexels Brand.it ist nachhaltig Als weltweit f\u00fchrender Hersteller von Handy- und Tablet-H\u00fcllen f\u00fcr Unternehmenskunden ist sich Brand.it seiner Verantwortung f\u00fcr Nachhaltigkeit bewusst. Unsere Handy- und Tablet-H\u00fcllen werden aus robusten Kunststoffen gefertigt und sind damit sehr langlebig. Wir sind davon \u00fcberzeugt, dass Produkte von hoher Qualit\u00e4t lange genutzt werden k\u00f6nnen und [&hellip;]","protected":false},"author":1480,"featured_media":0,"parent":58,"menu_order":0,"comment_status":"closed","ping_status":"closed","template":"cls-optimized-page.php","meta":{"_kad_blocks_custom_css":"","_kad_blocks_head_custom_js":"","_kad_blocks_body_custom_js":"","_kad_blocks_footer_custom_js":"","footnotes":""},"class_list":["post-161048","page","type-page","status-publish","hentry"],"acf":[],"taxonomy_info":[],"featured_image_src_large":false,"author_info":{"display_name":"Philipp Kr\u00fcger","author_link":"https:\/\/www.brandit-protection.com\/de\/author\/philipp-kruegerzoho-com\/"},"comment_info":0,"_links":{"self":[{"href":"https:\/\/www.brandit-protection.com\/de\/wp-json\/wp\/v2\/pages\/161048","targetHints":{"allow":["GET"]}}],"collection":[{"href":"https:\/\/www.brandit-protection.com\/de\/wp-json\/wp\/v2\/pages"}],"about":[{"href":"https:\/\/www.brandit-protection.com\/de\/wp-json\/wp\/v2\/types\/page"}],"author":[{"embeddable":true,"href":"https:\/\/www.brandit-protection.com\/de\/wp-json\/wp\/v2\/users\/1480"}],"replies":[{"embeddable":true,"href":"https:\/\/www.brandit-protection.com\/de\/wp-json\/wp\/v2\/comments?post=161048"}],"version-history":[{"count":3,"href":"https:\/\/www.brandit-protection.com\/de\/wp-json\/wp\/v2\/pages\/161048\/revisions"}],"predecessor-version":[{"id":180111,"href":"https:\/\/www.brandit-protection.com\/de\/wp-json\/wp\/v2\/pages\/161048\/revisions\/180111"}],"up":[{"embeddable":true,"href":"https:\/\/www.brandit-protection.com\/de\/wp-json\/wp\/v2\/pages\/58"}],"wp:attachment":[{"href":"https:\/\/www.brandit-protection.com\/de\/wp-json\/wp\/v2\/media?parent=161048"}],"curies":[{"name":"wp","href":"https:\/\/api.w.org\/{rel}","templated":true}]}}