{"id":161086,"date":"2022-01-07T14:41:28","date_gmt":"2022-01-07T13:41:28","guid":{"rendered":"https:\/\/www.brandit-protection.com\/company-profile\/"},"modified":"2023-01-01T17:44:22","modified_gmt":"2023-01-01T16:44:22","slug":"unternehmensprofil","status":"publish","type":"page","link":"https:\/\/www.brandit-protection.com\/de\/unternehmen\/unternehmensprofil\/","title":{"rendered":"Unternehmensprofil"},"content":{"rendered":"<div class=\"full-width-container header-image\">\r\n<div class=\"photo-origin\">Foto von <a href=\"https:\/\/unsplash.com\/@florianwehde?utm_source=unsplash&amp;utm_medium=referral&amp;utm_content=creditCopyText\" target=\"_blank\" rel=\"noopener\">Florian Wehde<\/a> @ <a href=\"https:\/\/unsplash.com\/?utm_source=unsplash&amp;utm_medium=referral&amp;utm_content=creditCopyText\" target=\"_blank\" rel=\"noopener\">Unsplash<\/a><\/div>\r\n<\/div>\r\n<div class=\"boxed-container page-intro\">\r\n<h1 class=\"black\">Jahrzehntelange Erfahrung f\u00fcr besten Schutz<\/h1>\r\n<p>Seit \u00fcber 15 Jahren ist Brand.it Ihr Experte f\u00fcr Handy- und Tablet-H\u00fcllen mit Ihrem Logo oder in Ihrem Corporate Design. Unsere Premium-Schutzh\u00fcllen sind speziell f\u00fcr die Bed\u00fcrfnisse von Unternehmenskunden entwickelt. Brand.it hilft dabei, Smartphones und Tablets zu sch\u00fctzen, Reparaturkosten zu senken sowie die Sichtbarkeit Ihrer Marke zu steigern.<\/p>\r\n\r\n<\/div>\r\n<div class=\"flex brandit-mission boxed-container\">\r\n<div class=\"s-100 m-50 left-standard-padding\"><span class=\"h3-style\">Unsere Mission:<\/span><\/div>\r\n<div class=\"s-100 m-50\">\r\n\r\n<p>Brand.it liefert Unternehmenskunden weltweit Handy- und Tablet-H\u00fcllen mit ihrem Logo. Als One-Stop-Shop in diesem Bereich ist es unser Ziel, Kunden schnell, einfach und zuverl\u00e4ssig mit pers\u00f6nlichem Service zu beraten und somit Ihr individuelles Unternehmensprojekt zuverl\u00e4ssig umzusetzen.<\/p>\r\n\r\n<\/div>\r\n<\/div>\r\n<div class=\"flex brandit-vision boxed-container\">\r\n<div class=\"s-100 m-50 left-standard-padding\">\r\n<div class=\"bg-container\"><\/div>\r\n<\/div>\r\n<div class=\"s-100 m-50\">\r\n<p class=\"h3-style\">Unsere Vision:<\/p>\r\n<p>Durch die Herstellung hochwertiger Handy- und Tablet-H\u00fcllen verfolgen wir die Vision, f\u00fcr Unternehmenskunden einen messbaren wirtschaftlichen Mehrwert zu generieren.<br>\r\n\r\nUnsere Schutzh\u00fcllen verl\u00e4ngern die Lebensdauer elektronischer Ger\u00e4te und tragen dazu bei, dass die Verf\u00fcgbarkeit und Produktivit\u00e4t  von Mitarbeitern sichergestellt wird. Gleichzeitig werden die Verm\u00f6genswerte eines Unternehmens gesch\u00fctzt sowie ein Kanal zur Steigerung der Sichtbarkeit von Marken geschaffen.<br>\r\nDurch diese Aspekte, aber durch unserer Verpflichtung, Ressourcen zu schonen, Emissionen einzusparen und soziale Standards einzuhalten, \u00fcbernehmen wir Verantwortung f\u00fcr unsere Umwelt und handeln langfristig nachhaltig.<\/p>\r\n\r\n<a class=\"brandit-button\" href=\"\/de\/unternehmen\/nachhaltigkeit\/\">Unser nachhaltiges Engagement<\/a>\r\n\r\n<\/div>\r\n<\/div>\r\n<div class=\"flex boxed-container brandit-values white\">\r\n<div class=\"s-100 m-33\">\r\n\r\n<span class=\"h3-style\">In Stein gemei\u00dfelt:\r\nUnsere Werte<\/span>\r\n<div class=\"spacer\"><\/div>\r\n<\/div>\r\n<div class=\"s-100 m-67\">\r\n\r\n<p>Wir handeln und agieren weltoffen, tolerant, inklusiv und gleichberechtigt. Wir pflegen einen respektvollen,\r\nverantwortungsbewussten, vorausschauenden und transparenten Umgang miteinander sowie mit Kunden oder Partnern. Ressourcen jeglicher Art wollen wir sinnvoll und effizient einsetzen. Dies schont unsere Umwelt und bildet die Grundlage f\u00fcr wirtschaftlichen Erfolg. Auf dieser Basis wollen wir Arbeitspl\u00e4tze langfristig erhalten bzw. zuk\u00fcnftig neu schaffen.\r\n<br>\r\nWir arbeiten nicht f\u00fcr Unternehmen Personen, Vereinen, Verb\u00e4nden, Institutionen und Dienstleister die gegen das Grundgesetz, die Menschenrechte, das Gemeinwohl und den United Nations Global Compact versto\u00dfen. Ferner schlie\u00dfen wir eine Zusammenarbeit mit der AfD sowie mit Unternehmen aus der Tabak- und R\u00fcstungsindustrie aus.\r\n<br>\r\nEine m\u00f6gliche Zusammenarbeit mit Kunden, Partnern und Bewerbern messen wir anhand dieser Werte.<\/p>\r\n\r\n<\/div>\r\n<\/div>\r\n<div class=\"brandit-timeline boxed-container\"><span class=\"h3-style\">Brand.it Historie:<\/span>\r\n<div class=\"brandit-event\">\r\n<div class=\"timeline-circle\"><\/div>\r\n<div class=\"time\">Februar 2006<\/div>\r\n<div class=\"event\"><span>W\u00e4hrend seines Studiums zum Wirtschaftsingenieur gr\u00fcndet Markus Teufel das Einzelunternehmen &#8216;teutu notebookdesign&#8217;. Die ersten B\u00fcror\u00e4ume von 15 qm befinden sich in Tuttlingen, der Heimatstadt des Gr\u00fcnders.<\/span><\/div>\r\n<\/div>\r\n<div class=\"brandit-event\">\r\n<div class=\"timeline-circle\"><\/div>\r\n<div class=\"time\">2007<\/div>\r\n<div class=\"event\"><span>Das Unternehmen w\u00e4chst stetig. Um dem Wachstum gerecht zu werden, beziehen wir gr\u00f6\u00dfere R\u00e4umlichkeiten. Von hier aus kann nun ein professionelles Logistiknetzwerk aufgebaut und der Versand von gro\u00dfen Bestellmengen sichergestellt werden.<\/span><\/div>\r\n<\/div>\r\n<div class=\"brandit-event\">\r\n<div class=\"timeline-circle\"><\/div>\r\n<div class=\"time\">2010<\/div>\r\n<div class=\"event\"><span>Mit der Erfindung des iPad\u2122 steigt die Nachfrage nach Logo Brandings enorm an. Der Fokus auf die Personalisierung von iPad\u2122 und iPhone\u2122 erweist sich als wichtiges Fundament f\u00fcr den weiteren Wachstumsprozess.<\/span><\/div>\r\n<\/div>\r\n<div class=\"brandit-event\">\r\n<div class=\"timeline-circle\"><\/div>\r\n<div class=\"time\">2011<\/div>\r\n<div class=\"event\"><span>Gr\u00fcndung des Onlineshops BrandDevil, um Anfragen mit niedriger St\u00fcckzahl von Privat- und Unternehmenskunden \u00fcber einen Onlinekonfigurator zu bedienen. Der Onlineshop bietet au\u00dferdem eine Anbindung zu 40.000 Hardware- und Zubeh\u00f6rprodukten von Apple\u2122. Bereits nach zwei Jahren wird der Shop erfolgreich verkauft.<\/span><\/div>\r\n<\/div>\r\n<div class=\"brandit-event\">\r\n<div class=\"timeline-circle\"><\/div>\r\n<div class=\"time\">November 2012<\/div>\r\n<div class=\"event\"><span>Die Nachfrage nach personalisierten Apple\u2122 Produkten nimmt rapide zu. Die Waren kommen mittlerweile palletenweise in die Produktion. Um dem hohen Aufkommen gerecht zu werden, vergr\u00f6\u00dfern wir B\u00fcro und Produktion und beziehen gr\u00f6\u00dfere R\u00e4umlichkeiten.<\/span><\/div>\r\n<\/div>\r\n<div class=\"brandit-event\">\r\n<div class=\"timeline-circle\"><\/div>\r\n<div class=\"time\">April 2013<\/div>\r\n<div class=\"event\"><span>Gr\u00fcndung der brandolino GmbH mit Sitz in Z\u00fcrich\r\nzur Erschlie\u00dfung des Schweizer Marktes.<\/span><\/div>\r\n<\/div>\r\n<div class=\"brandit-event\">\r\n<div class=\"timeline-circle\"><\/div>\r\n<div class=\"time\">Oktober 2015<\/div>\r\n<div class=\"event\"><span>Verlegung des Hauptsitzes von S\u00fcddeutschland nach Berlin. Das internationale Flair in der Hauptstadt gibt uns R\u00fcckenwind und wir beginnen mit der Internationalisierung. Unsere Produktion bleibt in S\u00fcddeutschland, um Qualit\u00e4t und Zuverl\u00e4ssigkeit beizubehalten.<\/span><\/div>\r\n<\/div>\r\n<div class=\"brandit-event\">\r\n<div class=\"timeline-circle\"><\/div>\r\n<div class=\"time\">Oktober 2016<\/div>\r\n<div class=\"event\"><span>Er\u00f6ffnung unseres B\u00fcros in Hong Kong mit den Schwerpunkten Produktentwicklung, Qualit\u00e4tskontrolle und Wareneinkauf.<\/span><\/div>\r\n<\/div>\r\n<div class=\"brandit-event\">\r\n<div class=\"timeline-circle\"><\/div>\r\n<div class=\"time\">2017<\/div>\r\n<div class=\"event\"><span>Nach erfolgreicher Expansion im europ\u00e4ischen Raum wagen wir mit der Gr\u00fcndung der Brand.it Inc., mit Sitz in Kalifornien, den Sprung nach Amerika. Parallel f\u00fchren wir eine B2B Wiederverk\u00e4uferprogramm ein, um mit ausgew\u00e4hlten Partnern ebenfalls international zu expandieren.<\/span><\/div>\r\n<\/div>\r\n<div class=\"brandit-event\">\r\n<div class=\"timeline-circle\"><\/div>\r\n<div class=\"time\">2018<\/div>\r\n<div class=\"event\"><span>Er\u00f6ffnung eines weiteren Produktionsstandorts in Shenzhen, China sowie zunehmend Automatisierung aller Schnittstellen des Unternehmens mit dem Ziel effizienter zusammen zu arbeiten sowie dem Kunden stets transparente Informationen zu ihren Auftr\u00e4gen geben zu k\u00f6nnen.<\/span><\/div>\r\n<\/div>\r\n<div class=\"brandit-event\">\r\n<div class=\"timeline-circle\"><\/div>\r\n<div class=\"time\">2020<\/div>\r\n<div class=\"event\"><span>Zusammenarbeit mit dem 5.000sten Kunden, Umzug innerhalb Berlins in ein neues B\u00fcro sowie Neuaufstellung des Vertriebs.<\/span><\/div>\r\n<\/div>\r\n<div class=\"brandit-event\">\r\n<div class=\"timeline-circle\"><\/div>\r\n<div class=\"time\">2022<\/div>\r\n<div class=\"event\"><span>Wir bleiben Brand.it, stellen uns strategisch aber neu auf. Mit einem Marken Re-Launch beginnen wir nun unsere Au\u00dfendarstellung aufzufrischen und den ge\u00e4nderten Bed\u00fcrfnissen der B2B-Entscheider entgegenzukommen. Digitaler. Moderner. Klarer.<\/span><\/div>\r\n<\/div>\r\n<div class=\"brandit-event\">\r\n<div class=\"timeline-circle\"><\/div>\r\n<div class=\"time\">2023<\/div>\r\n<div class=\"event\"><span>Der Gr\u00fcnder Markus Teufel verkauft sein Unternehmen, welches er bereits im Jahr 2006 w\u00e4hrend dem Studium gegr\u00fcndet hatte, an die mbw Vertriebsges. mbH aus Wanderup. Nun kann das Unternehmen von der St\u00e4rke der JCK Firmengruppe profitieren, und den n\u00e4chsten Wachstumsschritt nehmen.<\/span><\/div>\r\n<\/div>\r\n<\/div>","protected":false},"excerpt":{"rendered":"Foto von Florian Wehde @ Unsplash Jahrzehntelange Erfahrung f\u00fcr besten Schutz Seit \u00fcber 15 Jahren ist Brand.it Ihr Experte f\u00fcr Handy- und Tablet-H\u00fcllen mit Ihrem Logo oder in Ihrem Corporate Design. Unsere Premium-Schutzh\u00fcllen sind speziell f\u00fcr die Bed\u00fcrfnisse von Unternehmenskunden entwickelt. Brand.it hilft dabei, Smartphones und Tablets zu sch\u00fctzen, Reparaturkosten zu senken sowie die Sichtbarkeit [&hellip;]","protected":false},"author":1480,"featured_media":0,"parent":58,"menu_order":0,"comment_status":"closed","ping_status":"closed","template":"cls-optimized-page.php","meta":{"_kad_blocks_custom_css":"","_kad_blocks_head_custom_js":"","_kad_blocks_body_custom_js":"","_kad_blocks_footer_custom_js":"","footnotes":""},"class_list":["post-161086","page","type-page","status-publish","hentry"],"acf":[],"taxonomy_info":[],"featured_image_src_large":false,"author_info":{"display_name":"Philipp Kr\u00fcger","author_link":"https:\/\/www.brandit-protection.com\/de\/author\/philipp-kruegerzoho-com\/"},"comment_info":0,"_links":{"self":[{"href":"https:\/\/www.brandit-protection.com\/de\/wp-json\/wp\/v2\/pages\/161086","targetHints":{"allow":["GET"]}}],"collection":[{"href":"https:\/\/www.brandit-protection.com\/de\/wp-json\/wp\/v2\/pages"}],"about":[{"href":"https:\/\/www.brandit-protection.com\/de\/wp-json\/wp\/v2\/types\/page"}],"author":[{"embeddable":true,"href":"https:\/\/www.brandit-protection.com\/de\/wp-json\/wp\/v2\/users\/1480"}],"replies":[{"embeddable":true,"href":"https:\/\/www.brandit-protection.com\/de\/wp-json\/wp\/v2\/comments?post=161086"}],"version-history":[{"count":4,"href":"https:\/\/www.brandit-protection.com\/de\/wp-json\/wp\/v2\/pages\/161086\/revisions"}],"predecessor-version":[{"id":176241,"href":"https:\/\/www.brandit-protection.com\/de\/wp-json\/wp\/v2\/pages\/161086\/revisions\/176241"}],"up":[{"embeddable":true,"href":"https:\/\/www.brandit-protection.com\/de\/wp-json\/wp\/v2\/pages\/58"}],"wp:attachment":[{"href":"https:\/\/www.brandit-protection.com\/de\/wp-json\/wp\/v2\/media?parent=161086"}],"curies":[{"name":"wp","href":"https:\/\/api.w.org\/{rel}","templated":true}]}}