{"id":167966,"date":"2022-07-31T20:56:18","date_gmt":"2022-07-31T19:56:18","guid":{"rendered":"https:\/\/www.brandit-protection.com\/?page_id=167966"},"modified":"2024-02-21T20:20:05","modified_gmt":"2024-02-21T19:20:05","slug":"kontakt","status":"publish","type":"page","link":"https:\/\/www.brandit-protection.com\/de\/kontakt\/","title":{"rendered":"Kontakt"},"content":{"rendered":"<div class=\"header-image\"><\/div>\r\n<div class=\"boxed-container\" style=\"padding-top: 1rem;\">\r\n\t<div class=\"flex contact-header\">\r\n\t\t<div class=\"header-icon\"><img decoding=\"async\" width=\"90\" height=\"90\" src=\"\/wp-content\/themes\/brandit\/assets\/img\/icons\/icon_ansprechpartner.svg\"><\/div>\r\n\t\t<div class=\"s-75 m-75\">\r\n\t\t\t<h1 class=\"black uppercase MuseoSans900 h2-style\">Wir sind pers\u00f6nlich <br>f\u00fcr Sie da<\/h1>\r\n\t\t\t<div class=\"MuseoSans300\" style=\"font-size: 1.75rem;\">werktags stehen wir Ihnen von <strong>9 bis 16:30 Uhr<\/strong> zur Verf\u00fcgung<\/div>\r\n\t\t<\/div>\r\n\t<\/div>\r\n<\/div>\r\n<!--boxed-container Ende-->\r\n<div class=\"main-contact-wrapper boxed-container flex\">\r\n\t<div class=\"main-contact-a\">\r\n\t\t<div class=\"main-contact-a-box\">\r\n\t\t\t<div class=\"main-contact\">\r\n\t\t\t\t<div class=\"flex\" style=\"padding-bottom: .5rem;\">\r\n\t\t\t\t\t<img decoding=\"async\" src=\"\/wp-content\/themes\/brandit\/assets\/img\/icons\/Germany-b.svg\" width=\"24\" height=\"24\" \/>\r\n\t\t\t\t\t<h2 class=\"MuseoSans900\">Deutschland<\/h2>\r\n\t\t\t\t<\/div>\r\n\t\t\t\t<div class=\"main-contact-info\">\r\n\t\t\t\t\t<div class=\"main-contact-info-address\">Brand.it GmbH<br>Str. d. Pariser Kommune 12-16<br>10243 Berlin<br><a href=\"tel:+49 30 555 735 999\">+49 30 555 735 999<\/a><\/div>\r\n\t\t\t\t\t<div class=\"cperson-wrapper\">\r\n\t\t\t\t\t\t<div class=\"main-contact-info-cperson\">\r\n\t\t\t\t\t\t\t<div><img decoding=\"async\" width=\"20\" height=\"20\" src=\"\/wp-content\/themes\/brandit\/assets\/img\/icons\/Jael-icon.jpg\"><\/div>\r\n\t\t\t\t\t\t\t<div>\r\n\t\t\t\t\t\t\t\t<div><b>Ansprechpartnerin<\/b><\/div>\r\n\t\t\t\t\t\t\t\t<div>Jael Hildebrandt<\/div>\r\n\t\t\t\t\t\t\t<\/div>\r\n\t\t\t\t\t\t<\/div>\r\n\t\t\t\t\t\t<div class=\"main-contact-info-cperson\">\r\n\t\t\t\t\t\t\t<div><img decoding=\"async\" width=\"20\" height=\"20\" src=\"\/wp-content\/themes\/brandit\/assets\/img\/icons\/lea-icon.jpg\"><\/div>\r\n\t\t\t\t\t\t\t\t<div>\r\n\t\t\t\t\t\t\t\t\t<div><b>Ansprechpartnerin<\/b><\/div>\r\n\t\t\t\t\t\t\t\t\t<div>Lea-Josefine M\u00fcnchow<\/div>\r\n\t\t\t\t\t\t\t<\/div>\r\n\t\t\t\t\t\t<\/div>\r\n\t\t\t\t\t<\/div>\r\n\t\t\t\t<\/div>\r\n\t\t\t\t<div class=\"main-contact-cta\">\r\n\t\t\t\t\t<div class=\"whatsapp-cta-wrapper\" style=\"visibility: hidden;\"><img decoding=\"async\" src=\"\/wp-content\/themes\/brandit\/assets\/img\/icons\/whatsapp-b-icon.svg\" width=\"30\" height=\"30\" \/> <a href=\"https:\/\/wa.me\/4930555735999\" target=\"_blank\" rel=\"noopener\">Auf WhatsApp kontaktieren<\/a><!--<div id=\"WhatsApp-qr-hover\" class=\"WhatsApp-en\" style=\"display: none;\"><\/div>--><\/div>\r\n\t\t\t\t\t<div><a class=\"brandit-button quick-inquiry-btn\" data-remodal-target=\"quick-inquiry-modal\" href=\"#\">Angebot anfordern<\/a><\/div>\r\n\t\t\t<\/div>\r\n\t\t<\/div>\r\n\t<\/div>\r\n<\/div>\r\n<div class=\"main-contact-b\" style=\"visibility: hidden;\"><div class=\"customer-logo-block\"><div class=\"gallery-container gc-4\"><div><img decoding=\"async\" width=\"150\" height=\"150\" src=\"https:\/\/www.brandit-protection.com\/wp-content\/uploads\/airbus-150x150.png\" class=\"attachment-thumbnail size-thumbnail wp-post-image\" alt=\"\" \/><\/div><div><img decoding=\"async\" width=\"150\" height=\"150\" src=\"https:\/\/www.brandit-protection.com\/wp-content\/uploads\/puma-150x150.png\" class=\"attachment-thumbnail size-thumbnail wp-post-image\" alt=\"\" \/><\/div><div><img decoding=\"async\" width=\"150\" height=\"150\" src=\"https:\/\/www.brandit-protection.com\/wp-content\/uploads\/union-investment-150x150.png\" class=\"attachment-thumbnail size-thumbnail wp-post-image\" alt=\"\" \/><\/div><div><img decoding=\"async\" width=\"150\" height=\"150\" src=\"https:\/\/www.brandit-protection.com\/wp-content\/uploads\/dior-150x150.png\" class=\"attachment-thumbnail size-thumbnail wp-post-image\" alt=\"\" \/><\/div><div><img decoding=\"async\" width=\"150\" height=\"150\" src=\"https:\/\/www.brandit-protection.com\/wp-content\/uploads\/emc2-150x150.png\" class=\"attachment-thumbnail size-thumbnail wp-post-image\" alt=\"\" \/><\/div><div><img decoding=\"async\" width=\"150\" height=\"150\" src=\"https:\/\/www.brandit-protection.com\/wp-content\/uploads\/deutsche-bahn-150x150.png\" class=\"attachment-thumbnail size-thumbnail wp-post-image\" alt=\"\" \/><\/div><div><img decoding=\"async\" width=\"150\" height=\"150\" src=\"https:\/\/www.brandit-protection.com\/wp-content\/uploads\/adidas-150x150.png\" class=\"attachment-thumbnail size-thumbnail wp-post-image\" alt=\"\" \/><\/div><div><img decoding=\"async\" width=\"150\" height=\"150\" src=\"https:\/\/www.brandit-protection.com\/wp-content\/uploads\/samsung-150x150.png\" class=\"attachment-thumbnail size-thumbnail wp-post-image\" alt=\"\" \/><\/div><div><img decoding=\"async\" width=\"150\" height=\"150\" src=\"https:\/\/www.brandit-protection.com\/wp-content\/uploads\/paypal-150x150.png\" class=\"attachment-thumbnail size-thumbnail wp-post-image\" alt=\"\" \/><\/div><div><img decoding=\"async\" width=\"150\" height=\"150\" src=\"https:\/\/www.brandit-protection.com\/wp-content\/uploads\/toshiba-150x150.png\" class=\"attachment-thumbnail size-thumbnail wp-post-image\" alt=\"\" \/><\/div><div><img decoding=\"async\" width=\"150\" height=\"150\" src=\"https:\/\/www.brandit-protection.com\/wp-content\/uploads\/philips-150x150.png\" class=\"attachment-thumbnail size-thumbnail wp-post-image\" alt=\"\" \/><\/div><div><img decoding=\"async\" width=\"150\" height=\"150\" src=\"https:\/\/www.brandit-protection.com\/wp-content\/uploads\/ritter-sport-150x150.png\" class=\"attachment-thumbnail size-thumbnail wp-post-image\" alt=\"\" \/><\/div><\/div><\/div><\/div>\r\n<\/div>\r\n<div class=\"boxed-container\">\r\n\t<h3 class=\"MuseoSans700 h2-style\">Weitere Standorte<\/h3>\r\n\t<div class=\"other-loc-wrapper\">\r\n\t\t<div class=\"location\">\r\n\t\t<div class=\"flex\"><img decoding=\"async\" width=\"16\" height=\"16\" src=\"\/wp-content\/themes\/brandit\/assets\/img\/icons\/UK-b.svg\">\r\n\t\t\t<h4 class=\"MuseoSans900\">Gro\u00dfbritannen<\/h4><\/div><div><a href=\"tel:+442033182703\">+44 203 3182703<\/a><\/div>\r\n\t\t<\/div>\r\n\t<\/div>\r\n","protected":false},"excerpt":{"rendered":"Wir sind pers\u00f6nlich f\u00fcr Sie da werktags stehen wir Ihnen von 9 bis 16:30 Uhr zur Verf\u00fcgung Deutschland Brand.it GmbHStr. d. Pariser Kommune 12-1610243 Berlin+49 30 555 735 999 Ansprechpartnerin Jael Hildebrandt Ansprechpartnerin Lea-Josefine M\u00fcnchow Auf WhatsApp kontaktieren Angebot anfordern Weitere Standorte Gro\u00dfbritannen+44 203 3182703","protected":false},"author":1480,"featured_media":0,"parent":0,"menu_order":0,"comment_status":"closed","ping_status":"closed","template":"cls-optimized-page.php","meta":{"_kad_blocks_custom_css":"","_kad_blocks_head_custom_js":"","_kad_blocks_body_custom_js":"","_kad_blocks_footer_custom_js":"","footnotes":""},"class_list":["post-167966","page","type-page","status-publish","hentry"],"acf":[],"taxonomy_info":[],"featured_image_src_large":false,"author_info":{"display_name":"Philipp Kr\u00fcger","author_link":"https:\/\/www.brandit-protection.com\/de\/author\/philipp-kruegerzoho-com\/"},"comment_info":0,"_links":{"self":[{"href":"https:\/\/www.brandit-protection.com\/de\/wp-json\/wp\/v2\/pages\/167966","targetHints":{"allow":["GET"]}}],"collection":[{"href":"https:\/\/www.brandit-protection.com\/de\/wp-json\/wp\/v2\/pages"}],"about":[{"href":"https:\/\/www.brandit-protection.com\/de\/wp-json\/wp\/v2\/types\/page"}],"author":[{"embeddable":true,"href":"https:\/\/www.brandit-protection.com\/de\/wp-json\/wp\/v2\/users\/1480"}],"replies":[{"embeddable":true,"href":"https:\/\/www.brandit-protection.com\/de\/wp-json\/wp\/v2\/comments?post=167966"}],"version-history":[{"count":3,"href":"https:\/\/www.brandit-protection.com\/de\/wp-json\/wp\/v2\/pages\/167966\/revisions"}],"predecessor-version":[{"id":167981,"href":"https:\/\/www.brandit-protection.com\/de\/wp-json\/wp\/v2\/pages\/167966\/revisions\/167981"}],"wp:attachment":[{"href":"https:\/\/www.brandit-protection.com\/de\/wp-json\/wp\/v2\/media?parent=167966"}],"curies":[{"name":"wp","href":"https:\/\/api.w.org\/{rel}","templated":true}]}}