{"id":145076,"date":"2020-07-22T21:37:56","date_gmt":"2020-07-22T20:37:56","guid":{"rendered":"https:\/\/www.brandit-protection.com\/shop\/tpu-back-cover-for-tablets\/"},"modified":"2024-07-02T16:03:25","modified_gmt":"2024-07-02T15:03:25","slug":"tpu-back-cover-for-tablets","status":"publish","type":"product","link":"https:\/\/www.brandit-protection.com\/de\/shop\/tpu-back-cover-for-tablets\/","title":{"rendered":"Flexible TPU Silikon R\u00fcckschale f\u00fcr Tablets"},"content":{"rendered":"","protected":false},"excerpt":{"rendered":"Diese TPU R\u00fcckschale ist ein einfacher, aber wirksamer Schutz f\u00fcr die R\u00fcckseite des iPad. Perfekt f\u00fcr den t\u00e4glichen B\u00fcrogebrauch oder als Werbeartikel und ist f\u00fcr alle aktuellen iPad\u2122 und einige Galaxy\u2122 Modelle erh\u00e4ltlich. Die matte Oberfl\u00e4che verf\u00fcgt \u00fcber einen integrierten Anti-Fingerabdruckschutz und garantiert, dass Ihre Marke optimal repr\u00e4sentiert wird. Die gute Qualit\u00e4t zu einem vern\u00fcnftigen Preis macht diese iPad-R\u00fcckschale zu einer perfekten Schutzh\u00fclle. Diese H\u00fclle wurde speziell f\u00fcr den UV-Druck mit Ihrem Logo oder vollfl\u00e4chigen Grafiken optimiert.","protected":false},"featured_media":145063,"template":"","meta":{"_kad_blocks_custom_css":"","_kad_blocks_head_custom_js":"","_kad_blocks_body_custom_js":"","_kad_blocks_footer_custom_js":""},"product_brand":[],"product_cat":[961,2661,3659,2145],"product_tag":[1286,1687,1285,1287],"product_faqs":[1954,1959,1966,1969,1975,1977],"class_list":{"0":"post-145076","1":"product","2":"type-product","3":"status-publish","4":"has-post-thumbnail","6":"product_cat-apple-de","7":"product_cat-ipad-10-2-7-8-9-generation-2019-2020-2021-de","8":"product_cat-ipad-10-9-11-10-gen-2022-11-gen-2025-de","9":"product_cat-ipad-9-7-5-6-generation-2017-2018","10":"product_tag-buro-einsatz","11":"product_tag-tablet-de","12":"product_tag-tagliche-benutzung","13":"product_tag-werbeartikel","14":"product_shipping_class-tablets-fold-it-display-de","15":"pa_color-schwarz","16":"pa_model-ipad-10-2-7-8-9-generation-2019-2020-2021-de","17":"pa_model-ipad-10-9-11-10-gen-2022-11-gen-2025-de","18":"pa_model-ipad-9-7-5-6-generation-2017-2018-de","19":"pa_personalization-custom-logo-printing-de","20":"pa_personalization-cases-without-logo-de","21":"pa_personalization-fullsize-image-printing-de","22":"product_faqs-faq-1a-de","23":"product_faqs-faq-2-de","24":"product_faqs-faq-5-de","25":"product_faqs-faq-6-de-2","26":"product_faqs-faq-8-de","27":"product_faqs-faq-9-de","29":"first","30":"instock","31":"taxable","32":"shipping-taxable","33":"purchasable","34":"product-type-variable","35":"has-default-attributes","36":"rtwpvs-product"},"acf":[],"taxonomy_info":{"product_cat":[{"value":961,"label":"Apple\u2122"},{"value":2661,"label":"iPad 10.2 (7\/8\/9 Generation 2019\/2020\/2021)"},{"value":3659,"label":"iPad 10.9\/11 (10 Gen 2022\/11 Gen 2025)"},{"value":2145,"label":"iPad 9.7 (5\/6 Generation 2017\/2018)"}],"product_tag":[{"value":1286,"label":"B\u00fcro Einsatz"},{"value":1687,"label":"Tablet"},{"value":1285,"label":"T\u00e4gliche Benutzung"},{"value":1287,"label":"Werbeartikel"}],"pa_color":[{"value":1028,"label":"schwarz"}],"pa_model":[{"value":2643,"label":"iPad 10.2 (7\/8\/9 Generation 2019\/2020\/2021)"},{"value":3619,"label":"iPad 10.9\/11 (10 Gen 2022\/11 Gen 2025)"},{"value":2230,"label":"iPad 9.7 (5\/6 Generation 2017\/2018)"}],"pa_personalization":[{"value":1532,"label":"Eigenes Logo (max. 1\/3 der Fl\u00e4che)"},{"value":869,"label":"H\u00fcllen ohne Logo"},{"value":680,"label":"Vollfl\u00e4chige Grafik und Fotos"}],"product_faqs":[{"value":1954,"label":"FAQ 1a"},{"value":1959,"label":"FAQ 2"},{"value":1966,"label":"FAQ 5"},{"value":1969,"label":"FAQ 6"},{"value":1975,"label":"FAQ 8"},{"value":1977,"label":"FAQ 9"}]},"featured_image_src_large":["https:\/\/www.brandit-protection.com\/wp-content\/uploads\/Brandit-tablet-ipad-tpu-silikon-silicone-backcover-schwarz-1-1024x1024.jpg",1024,1024,true],"author_info":[],"comment_info":"","_links":{"self":[{"href":"https:\/\/www.brandit-protection.com\/de\/wp-json\/wp\/v2\/product\/145076","targetHints":{"allow":["GET"]}}],"collection":[{"href":"https:\/\/www.brandit-protection.com\/de\/wp-json\/wp\/v2\/product"}],"about":[{"href":"https:\/\/www.brandit-protection.com\/de\/wp-json\/wp\/v2\/types\/product"}],"wp:featuredmedia":[{"embeddable":true,"href":"https:\/\/www.brandit-protection.com\/de\/wp-json\/wp\/v2\/media\/145063"}],"wp:attachment":[{"href":"https:\/\/www.brandit-protection.com\/de\/wp-json\/wp\/v2\/media?parent=145076"}],"wp:term":[{"taxonomy":"product_brand","embeddable":true,"href":"https:\/\/www.brandit-protection.com\/de\/wp-json\/wp\/v2\/product_brand?post=145076"},{"taxonomy":"product_cat","embeddable":true,"href":"https:\/\/www.brandit-protection.com\/de\/wp-json\/wp\/v2\/product_cat?post=145076"},{"taxonomy":"product_tag","embeddable":true,"href":"https:\/\/www.brandit-protection.com\/de\/wp-json\/wp\/v2\/product_tag?post=145076"},{"taxonomy":"product_faqs","embeddable":true,"href":"https:\/\/www.brandit-protection.com\/de\/wp-json\/wp\/v2\/product_faqs?post=145076"}],"curies":[{"name":"wp","href":"https:\/\/api.w.org\/{rel}","templated":true}]}}