{"id":145190,"date":"2020-07-22T21:37:58","date_gmt":"2020-07-22T20:37:58","guid":{"rendered":"https:\/\/www.brandit-protection.com\/shop\/elephant-rugged-case\/"},"modified":"2026-04-16T12:22:19","modified_gmt":"2026-04-16T11:22:19","slug":"elephant-rugged-handyhulle","status":"publish","type":"product","link":"https:\/\/www.brandit-protection.com\/de\/shop\/elephant-rugged-handyhulle\/","title":{"rendered":"Sto\u00dfgesch\u00fctzte Rugged Handyh\u00fclle f\u00fcr iPhone \u2122 and Galaxy \u2122"},"content":{"rendered":"","protected":false},"excerpt":{"rendered":"Das Elephant Rugged Case ist f\u00fcr die besonders harten Einsatzbereiche Gedacht. Ob auf der Baustelle, in der KFZ Werkstatt, bei Umfragen oder in der Gastronomie sch\u00fctzt diese H\u00fclle das teure Handy zuverl\u00e4ssig bei St\u00fcrzen. Gerade im professionellen Einsatzbereich kommen im Falle eines Defekts neben den Display Reparaturkosten noch teure Ausfallzeiten hinzu. Durch den Einsatz dieser Handy H\u00fclle sparen Sie bares Geld. Die Personalisierung erfolgt durch UV Digital Logodruck oder durch einen Doming Sticker, welcher auch als &#8220;3D Aufkleber&#8221; bekannt ist, auf der R\u00fcckseite.","protected":false},"featured_media":147601,"template":"","meta":{"_kad_blocks_custom_css":"","_kad_blocks_head_custom_js":"","_kad_blocks_body_custom_js":"","_kad_blocks_footer_custom_js":""},"product_brand":[],"product_cat":[961,2681,2859,3362,3363,2693,2898,2865,3365,3367,2697,2281,2817,2283,2798,2796,3375,3373,3381,3379,3706,3705,2190,2192,2195,2665,2666,2667,3349,2932,2933,2934,3684,3681,3682,3683,3473,3470,3471,3472,3680,3773,3771,3772,3774,2926,2875,1575],"product_tag":[1318,1319,1320,1686,1586,1321,1323,1322],"product_faqs":[1954,1959,1964,1966,1969,1970,1975,1977],"class_list":{"0":"post-145190","1":"product","2":"type-product","3":"status-publish","4":"has-post-thumbnail","6":"product_cat-apple-de","7":"product_cat-galaxy-a32-5g-2021-de","8":"product_cat-galaxy-a33-5g-2022-de","9":"product_cat-galaxy-a34-5g-2023-de","10":"product_cat-galaxy-a35-5g-2024-de","11":"product_cat-galaxy-a51-5g-2020-de","12":"product_cat-galaxy-a52-a52s-5g-2021-de","13":"product_cat-galaxy-a53-5g-2022-de","14":"product_cat-galaxy-a54-5g-2023-de","15":"product_cat-galaxy-a55-5g-2024-de","16":"product_cat-galaxy-a72-2021-de","17":"product_cat-galaxy-s21-de-2","18":"product_cat-galaxy-s21-ultra-de","19":"product_cat-galaxy-s21-de","20":"product_cat-galaxy-s22-de","21":"product_cat-galaxy-s22-plus-de","22":"product_cat-galaxy-s23-de-2","23":"product_cat-galaxy-s23-de","24":"product_cat-galaxy-s24-de-2","25":"product_cat-galaxy-s24-de","26":"product_cat-galaxy-s25-de-2","27":"product_cat-galaxy-s25-de","28":"product_cat-iphone-12-mini-de","29":"product_cat-iphone-12-pro-max-de","30":"product_cat-iphone-12-12-pro-de","31":"product_cat-iphone-13-mini-de","32":"product_cat-iphone-13-pro-de","33":"product_cat-iphone-13-pro-max-de","34":"product_cat-iphone-13-14-de","35":"product_cat-iphone-14-plus-de","36":"product_cat-iphone-14-pro-de","37":"product_cat-iphone-14-pro-max-de","38":"product_cat-iphone-15-de-2","39":"product_cat-iphone-15-plus-de-2","40":"product_cat-iphone-15-pro-de-2","41":"product_cat-iphone-15-pro-max-de-2","42":"product_cat-iphone-16-de","43":"product_cat-iphone-16-plus-de","44":"product_cat-iphone-16-pro-de","45":"product_cat-iphone-16-pro-max-de","46":"product_cat-iphone-16e-de","47":"product_cat-iphone-17-de","48":"product_cat-iphone-17-pro-de","49":"product_cat-iphone-17-pro-max-de","50":"product_cat-iphone-air-de","51":"product_cat-iphone-se2-se3-8-7-de","52":"product_cat-iphone-xs-max-de","53":"product_cat-samsung-de","54":"product_tag-baustelle","55":"product_tag-events-de","56":"product_tag-gastronomie","57":"product_tag-handy","58":"product_tag-kfz-werkstatt-de","59":"product_tag-outdoor-de","60":"product_tag-rauher-einsatz","61":"product_tag-umfragen","62":"product_shipping_class-phone-cases-de","63":"pa_color-schwarz","64":"pa_model-galaxy-a33-5g-2022-de","65":"pa_model-galaxy-a34-5g-2023-de","66":"pa_model-galaxy-a35-5g-2024-de","67":"pa_model-galaxy-a53-5g-2022-de","68":"pa_model-galaxy-a54-5g-2023-de","69":"pa_model-galaxy-a55-5g-2024-de","70":"pa_model-galaxy-s22-de","71":"pa_model-galaxy-s22-plus-de","72":"pa_model-galaxy-s23-de","73":"pa_model-galaxy-s23-plus-de","74":"pa_model-galaxy-s24-de-2","75":"pa_model-galaxy-s24-de","76":"pa_model-galaxy-s25-de-2","77":"pa_model-galaxy-s25-de","78":"pa_model-galaxy-s26-2","79":"pa_model-galaxy-s26","80":"pa_model-iphone-12-12-pro-de-2","81":"pa_model-iphone-13-mini-de","82":"pa_model-iphone-13-pro-de","83":"pa_model-iphone-13-pro-max-de","84":"pa_model-iphone-13-14-de","85":"pa_model-iphone-14-plus-de","86":"pa_model-iphone-14-pro-de","87":"pa_model-iphone-14-pro-max-de","88":"pa_model-iphone-15-de","89":"pa_model-iphone-15-plus-de","90":"pa_model-iphone-15-pro-de","91":"pa_model-iphone-15-pro-max-de","92":"pa_model-iphone-16-de","93":"pa_model-iphone-16-plus-de","94":"pa_model-iphone-16-pro-de","95":"pa_model-iphone-16-pro-max-de","96":"pa_model-iphone-16e-17e","97":"pa_model-iphone-17-de","98":"pa_model-iphone-17-pro-de","99":"pa_model-iphone-17-pro-max-de","100":"pa_model-iphone-air-de","101":"pa_model-iphone-se2-se3-8-7-de","102":"pa_personalization-3d-doming-sticker-de","103":"pa_personalization-custom-logo-printing-de","104":"pa_personalization-cases-without-logo-de","105":"product_faqs-faq-1a-de","106":"product_faqs-faq-2-de","107":"product_faqs-faq-4-de-2","108":"product_faqs-faq-5-de","109":"product_faqs-faq-6-de-2","110":"product_faqs-faq-7a-de-2","111":"product_faqs-faq-8-de","112":"product_faqs-faq-9-de","114":"first","115":"instock","116":"taxable","117":"shipping-taxable","118":"purchasable","119":"product-type-variable","120":"has-default-attributes","121":"rtwpvs-product"},"acf":[],"taxonomy_info":{"product_cat":[{"value":961,"label":"Apple\u2122"},{"value":2681,"label":"Galaxy A32 5G (2021)"},{"value":2859,"label":"Galaxy A33 5G (2022)"},{"value":3362,"label":"Galaxy A34 5G (2023)"},{"value":3363,"label":"Galaxy A35 5G (2024)"},{"value":2693,"label":"Galaxy A51 5G (2020)"},{"value":2898,"label":"Galaxy A52\/A52s 5G (2021)"},{"value":2865,"label":"Galaxy A53 5G (2022)"},{"value":3365,"label":"Galaxy A54 5G (2023)"},{"value":3367,"label":"Galaxy A55 5G (2024)"},{"value":2697,"label":"Galaxy A72 (2021)"},{"value":2281,"label":"Galaxy S21"},{"value":2817,"label":"Galaxy S21 ultra"},{"value":2283,"label":"Galaxy S21+"},{"value":2798,"label":"Galaxy S22"},{"value":2796,"label":"Galaxy S22+"},{"value":3375,"label":"Galaxy S23"},{"value":3373,"label":"Galaxy S23+"},{"value":3381,"label":"Galaxy S24"},{"value":3379,"label":"Galaxy S24+"},{"value":3706,"label":"Galaxy S25"},{"value":3705,"label":"Galaxy S25+"},{"value":2190,"label":"iPhone 12 mini"},{"value":2192,"label":"iPhone 12 pro max"},{"value":2195,"label":"iPhone 12\/12 pro"},{"value":2665,"label":"iPhone 13 mini"},{"value":2666,"label":"iPhone 13 pro"},{"value":2667,"label":"iPhone 13 pro max"},{"value":3349,"label":"iPhone 13\/14"},{"value":2932,"label":"iPhone 14 plus"},{"value":2933,"label":"iPhone 14 pro"},{"value":2934,"label":"iPhone 14 pro max"},{"value":3684,"label":"iPhone 15"},{"value":3681,"label":"iPhone 15 plus"},{"value":3682,"label":"iPhone 15 pro"},{"value":3683,"label":"iPhone 15 pro max"},{"value":3473,"label":"iPhone 16"},{"value":3470,"label":"iPhone 16 plus"},{"value":3471,"label":"iPhone 16 pro"},{"value":3472,"label":"iPhone 16 pro max"},{"value":3680,"label":"iPhone 16e"},{"value":3773,"label":"iPhone 17"},{"value":3771,"label":"iPhone 17 pro"},{"value":3772,"label":"iPhone 17 pro max"},{"value":3774,"label":"iPhone air"},{"value":2926,"label":"iPhone SE2\/SE3\/8\/7"},{"value":2875,"label":"iPhone Xs max"},{"value":1575,"label":"Samsung\u2122"}],"product_tag":[{"value":1318,"label":"Baustelle"},{"value":1319,"label":"Events"},{"value":1320,"label":"Gastronomie"},{"value":1686,"label":"Handy"},{"value":1586,"label":"KFZ Werkstatt"},{"value":1321,"label":"Outdoor"},{"value":1323,"label":"Rauher Einsatz"},{"value":1322,"label":"Umfragen"}],"pa_color":[{"value":1028,"label":"schwarz"}],"pa_model":[{"value":2843,"label":"Galaxy A33 5G (2022)"},{"value":3268,"label":"Galaxy A34 5G (2023)"},{"value":3269,"label":"Galaxy A35 5G (2024)"},{"value":2845,"label":"Galaxy A53 5G (2022)"},{"value":3272,"label":"Galaxy A54 5G (2023)"},{"value":3273,"label":"Galaxy A55 5G (2024)"},{"value":2780,"label":"Galaxy S22"},{"value":2779,"label":"Galaxy S22+"},{"value":3063,"label":"Galaxy S23"},{"value":3062,"label":"Galaxy S23+"},{"value":3281,"label":"Galaxy S24"},{"value":3280,"label":"Galaxy S24+"},{"value":3610,"label":"Galaxy S25"},{"value":3609,"label":"Galaxy S25+"},{"value":3879,"label":"Galaxy S26"},{"value":3878,"label":"Galaxy S26+"},{"value":2255,"label":"iPhone 12\/12 pro"},{"value":2647,"label":"iPhone 13 mini"},{"value":2648,"label":"iPhone 13 pro"},{"value":2649,"label":"iPhone 13 pro max"},{"value":3319,"label":"iPhone 13\/14"},{"value":2909,"label":"iPhone 14 plus"},{"value":2910,"label":"iPhone 14 pro"},{"value":2911,"label":"iPhone 14 pro max"},{"value":3146,"label":"iPhone 15"},{"value":3140,"label":"iPhone 15 plus"},{"value":3142,"label":"iPhone 15 pro"},{"value":3144,"label":"iPhone 15 pro max"},{"value":3483,"label":"iPhone 16"},{"value":3480,"label":"iPhone 16 plus"},{"value":3481,"label":"iPhone 16 pro"},{"value":3482,"label":"iPhone 16 pro max"},{"value":3888,"label":"iPhone 16e\/17e"},{"value":3799,"label":"iPhone 17"},{"value":3801,"label":"iPhone 17 pro"},{"value":3804,"label":"iPhone 17 pro max"},{"value":3795,"label":"iPhone air"},{"value":3037,"label":"iPhone SE2\/SE3\/8\/7"}],"pa_personalization":[{"value":1336,"label":"3D Doming Aufkleber"},{"value":1532,"label":"Eigenes Logo (max. 1\/3 der Fl\u00e4che)"},{"value":869,"label":"H\u00fcllen ohne Logo"}],"product_faqs":[{"value":1954,"label":"FAQ 1a"},{"value":1959,"label":"FAQ 2"},{"value":1964,"label":"FAQ 4"},{"value":1966,"label":"FAQ 5"},{"value":1969,"label":"FAQ 6"},{"value":1970,"label":"FAQ 7a"},{"value":1975,"label":"FAQ 8"},{"value":1977,"label":"FAQ 9"}]},"featured_image_src_large":["https:\/\/www.brandit-protection.com\/wp-content\/uploads\/01-39-1024x1024.jpg",1024,1024,true],"author_info":[],"comment_info":"","_links":{"self":[{"href":"https:\/\/www.brandit-protection.com\/de\/wp-json\/wp\/v2\/product\/145190","targetHints":{"allow":["GET"]}}],"collection":[{"href":"https:\/\/www.brandit-protection.com\/de\/wp-json\/wp\/v2\/product"}],"about":[{"href":"https:\/\/www.brandit-protection.com\/de\/wp-json\/wp\/v2\/types\/product"}],"wp:featuredmedia":[{"embeddable":true,"href":"https:\/\/www.brandit-protection.com\/de\/wp-json\/wp\/v2\/media\/147601"}],"wp:attachment":[{"href":"https:\/\/www.brandit-protection.com\/de\/wp-json\/wp\/v2\/media?parent=145190"}],"wp:term":[{"taxonomy":"product_brand","embeddable":true,"href":"https:\/\/www.brandit-protection.com\/de\/wp-json\/wp\/v2\/product_brand?post=145190"},{"taxonomy":"product_cat","embeddable":true,"href":"https:\/\/www.brandit-protection.com\/de\/wp-json\/wp\/v2\/product_cat?post=145190"},{"taxonomy":"product_tag","embeddable":true,"href":"https:\/\/www.brandit-protection.com\/de\/wp-json\/wp\/v2\/product_tag?post=145190"},{"taxonomy":"product_faqs","embeddable":true,"href":"https:\/\/www.brandit-protection.com\/de\/wp-json\/wp\/v2\/product_faqs?post=145190"}],"curies":[{"name":"wp","href":"https:\/\/api.w.org\/{rel}","templated":true}]}}