{"id":145287,"date":"2020-07-22T21:37:59","date_gmt":"2020-07-22T20:37:59","guid":{"rendered":"https:\/\/www.brandit-protection.com\/shop\/black-series-premium-tpu-huelle-fur-iphone\/"},"modified":"2025-03-18T22:18:42","modified_gmt":"2025-03-18T21:18:42","slug":"black-series-premium-handyhullen-fur-iphone","status":"publish","type":"product","link":"https:\/\/www.brandit-protection.com\/de\/shop\/black-series-premium-handyhullen-fur-iphone\/","title":{"rendered":"Premium TPU H\u00fclle f\u00fcr iPhone \u2122"},"content":{"rendered":"","protected":false},"excerpt":{"rendered":"Unsere Premium Handyh\u00fcllen aus der Black Series Reihe mit sanfter Mikrofaser Innenseite sind f\u00fcr alle g\u00e4ngigen iPhone\u2122 Modelle erh\u00e4ltlich. Die H\u00fclle besteht aus flexiblem TPU, welches auch als Silikonh\u00fclle bezeichnet wird. Die Oberfl\u00e4che ist matt, weich und wird im digitalen UV-Druckverfahren wahlweise mit Ihrem Logo oder vollfl\u00e4chigen Grafiken bedruckt. Zus\u00e4tzlich bietet der erh\u00f6hte Rahmen gesonderten Schutz f\u00fcr das Display. Das kantige Design ist griffig und bei Unternehmenskunden besonders beliebt.\r\n\r\nGepr\u00fcft auf Schadstoffe von einem unabh\u00e4ngigen, akkreditierten Pr\u00fcfinstitut in Deutschland. <a href=\"https:\/\/www.labtech-gmbh.de\/18-schadstoffpruefung\/218-schadstoffgeprueft-173975.html\" target=\"_blank\" rel=\"noopener\">Zum Testergebnis.<\/a>\r\n","protected":false},"featured_media":178689,"template":"","meta":{"_kad_blocks_custom_css":"","_kad_blocks_head_custom_js":"","_kad_blocks_body_custom_js":"","_kad_blocks_footer_custom_js":""},"product_brand":[],"product_cat":[961,2186,2195,2668,2923,3214,3473,3680,3773,2928,2294],"product_tag":[1286,1686,1285],"product_faqs":[1954,1959,1962,1964,1966,1969,1970,1975,1977],"class_list":{"0":"post-145287","1":"product","2":"type-product","3":"status-publish","4":"has-post-thumbnail","6":"product_cat-apple-de","7":"product_cat-iphone-11-de","8":"product_cat-iphone-12-12-pro-de","9":"product_cat-iphone-13-de","10":"product_cat-iphone-14-de","11":"product_cat-iphone-15-de","12":"product_cat-iphone-16-de","13":"product_cat-iphone-16e-de","14":"product_cat-iphone-17-de","15":"product_cat-iphone-se2-se3-8-7-6s-6-de","16":"product_cat-iphone-xr-de","17":"product_tag-buro-einsatz","18":"product_tag-handy","19":"product_tag-tagliche-benutzung","20":"product_shipping_class-phone-cases-de","21":"pa_color-schwarz","22":"pa_model-iphone-11-de-2","23":"pa_model-iphone-12-12-pro-de-2","24":"pa_model-iphone-13-de","25":"pa_model-iphone-14-de","26":"pa_model-iphone-15-de","27":"pa_model-iphone-16-de","28":"pa_model-iphone-16e-17e","29":"pa_model-iphone-17-de","30":"pa_model-iphone-se2-se3-8-7-6s-6-de","31":"pa_model-iphone-xr-de-2","32":"pa_personalization-custom-logo-printing-de","33":"pa_personalization-cases-without-logo-de","34":"pa_personalization-fullsize-image-printing-de","35":"product_faqs-faq-1a-de","36":"product_faqs-faq-2-de","37":"product_faqs-faq-3b-de-2","38":"product_faqs-faq-4-de-2","39":"product_faqs-faq-5-de","40":"product_faqs-faq-6-de-2","41":"product_faqs-faq-7a-de-2","42":"product_faqs-faq-8-de","43":"product_faqs-faq-9-de","45":"first","46":"instock","47":"taxable","48":"shipping-taxable","49":"purchasable","50":"product-type-variable","51":"has-default-attributes","52":"rtwpvs-product"},"acf":[],"taxonomy_info":{"product_cat":[{"value":961,"label":"Apple\u2122"},{"value":2186,"label":"iPhone 11"},{"value":2195,"label":"iPhone 12\/12 pro"},{"value":2668,"label":"iPhone 13"},{"value":2923,"label":"iPhone 14"},{"value":3214,"label":"iPhone 15"},{"value":3473,"label":"iPhone 16"},{"value":3680,"label":"iPhone 16e"},{"value":3773,"label":"iPhone 17"},{"value":2928,"label":"iPhone SE2\/SE3\/8\/7\/6s\/6"},{"value":2294,"label":"iPhone Xr"}],"product_tag":[{"value":1286,"label":"B\u00fcro Einsatz"},{"value":1686,"label":"Handy"},{"value":1285,"label":"T\u00e4gliche Benutzung"}],"pa_color":[{"value":1028,"label":"schwarz"}],"pa_model":[{"value":2251,"label":"iPhone 11"},{"value":2255,"label":"iPhone 12\/12 pro"},{"value":2650,"label":"iPhone 13"},{"value":2912,"label":"iPhone 14"},{"value":3146,"label":"iPhone 15"},{"value":3483,"label":"iPhone 16"},{"value":3888,"label":"iPhone 16e\/17e"},{"value":3799,"label":"iPhone 17"},{"value":3039,"label":"iPhone SE2\/SE3\/8\/7\/6s\/6"},{"value":2333,"label":"iPhone Xr"}],"pa_personalization":[{"value":1532,"label":"Eigenes Logo (max. 1\/3 der Fl\u00e4che)"},{"value":869,"label":"H\u00fcllen ohne Logo"},{"value":680,"label":"Vollfl\u00e4chige Grafik und Fotos"}],"product_faqs":[{"value":1954,"label":"FAQ 1a"},{"value":1959,"label":"FAQ 2"},{"value":1962,"label":"FAQ 3b"},{"value":1964,"label":"FAQ 4"},{"value":1966,"label":"FAQ 5"},{"value":1969,"label":"FAQ 6"},{"value":1970,"label":"FAQ 7a"},{"value":1975,"label":"FAQ 8"},{"value":1977,"label":"FAQ 9"}]},"featured_image_src_large":["https:\/\/www.brandit-protection.com\/wp-content\/uploads\/Black-Series-iPhone-case-companies-b2b-customizable-certified-1024x1024.jpg",1024,1024,true],"author_info":[],"comment_info":"","_links":{"self":[{"href":"https:\/\/www.brandit-protection.com\/de\/wp-json\/wp\/v2\/product\/145287","targetHints":{"allow":["GET"]}}],"collection":[{"href":"https:\/\/www.brandit-protection.com\/de\/wp-json\/wp\/v2\/product"}],"about":[{"href":"https:\/\/www.brandit-protection.com\/de\/wp-json\/wp\/v2\/types\/product"}],"wp:featuredmedia":[{"embeddable":true,"href":"https:\/\/www.brandit-protection.com\/de\/wp-json\/wp\/v2\/media\/178689"}],"wp:attachment":[{"href":"https:\/\/www.brandit-protection.com\/de\/wp-json\/wp\/v2\/media?parent=145287"}],"wp:term":[{"taxonomy":"product_brand","embeddable":true,"href":"https:\/\/www.brandit-protection.com\/de\/wp-json\/wp\/v2\/product_brand?post=145287"},{"taxonomy":"product_cat","embeddable":true,"href":"https:\/\/www.brandit-protection.com\/de\/wp-json\/wp\/v2\/product_cat?post=145287"},{"taxonomy":"product_tag","embeddable":true,"href":"https:\/\/www.brandit-protection.com\/de\/wp-json\/wp\/v2\/product_tag?post=145287"},{"taxonomy":"product_faqs","embeddable":true,"href":"https:\/\/www.brandit-protection.com\/de\/wp-json\/wp\/v2\/product_faqs?post=145287"}],"curies":[{"name":"wp","href":"https:\/\/api.w.org\/{rel}","templated":true}]}}