{"id":146388,"date":"2020-07-22T21:38:03","date_gmt":"2020-07-22T20:38:03","guid":{"rendered":"https:\/\/www.brandit-protection.com\/shop\/display-schutzglas-panzerglas-2-5d-fur-tablets\/"},"modified":"2026-04-16T12:13:32","modified_gmt":"2026-04-16T11:13:32","slug":"display-schutzglas-panzerglas-2-5d-fur-tablets","status":"publish","type":"product","link":"https:\/\/www.brandit-protection.com\/de\/shop\/display-schutzglas-panzerglas-2-5d-fur-tablets\/","title":{"rendered":"Display Schutzglas Panzerglas 2.5D f\u00fcr Tablets"},"content":{"rendered":"","protected":false},"excerpt":{"rendered":"Das Displayschutzglas aus Echtglas ist die ideale Erg\u00e4nzung zu den Brand.it Tablet H\u00fcllen, um zus\u00e4tzlich auch das Display des iPads vor Besch\u00e4digungen zu sch\u00fctzen. Eine Reparatur kostet mindestens 199\u20ac und dauert 10 Tage. Display Schutzgl\u00e4ser sch\u00fctzen Ihre Firmen Tablets pr\u00e4ventiv und sparen Kosten.","protected":false},"featured_media":144978,"template":"","meta":{"_kad_blocks_custom_css":"","_kad_blocks_head_custom_js":"","_kad_blocks_body_custom_js":"","_kad_blocks_footer_custom_js":""},"product_brand":[],"product_cat":[961,2661,3659,3661,3662,2169,3666,2171,3678],"product_tag":[1687],"product_faqs":[],"class_list":{"0":"post-146388","1":"product","2":"type-product","3":"status-publish","4":"has-post-thumbnail","6":"product_cat-apple-de","7":"product_cat-ipad-10-2-7-8-9-generation-2019-2020-2021-de","8":"product_cat-ipad-10-9-11-10-gen-2022-11-gen-2025-de","9":"product_cat-ipad-air6-11","10":"product_cat-ipad-air6-13","11":"product_cat-ipad-pro-11-de","12":"product_cat-ipad-pro-11-de-2","13":"product_cat-ipad-pro-12-9-de","14":"product_cat-ipad-pro-13","15":"product_tag-tablet-de","16":"product_shipping_class-tablets-fold-it-display-de","17":"pa_model-ipad-10-2-7-8-9-generation-2019-2020-2021-de","18":"pa_model-ipad-10-9-11-10-gen-2022-11-gen-2025-de","19":"pa_model-ipad-air6-11-de","20":"pa_model-ipad-air6-13-de","21":"pa_model-ipad-pro-11-de","22":"pa_model-ipad-pro-11-de-3","23":"pa_model-ipad-pro-12-9-de-2","24":"pa_model-ipad-pro-13-de","26":"first","27":"instock","28":"taxable","29":"shipping-taxable","30":"purchasable","31":"product-type-variable","32":"has-default-attributes","33":"rtwpvs-product"},"acf":[],"taxonomy_info":{"product_cat":[{"value":961,"label":"Apple\u2122"},{"value":2661,"label":"iPad 10.2 (7\/8\/9 Generation 2019\/2020\/2021)"},{"value":3659,"label":"iPad 10.9\/11 (10 Gen 2022\/11 Gen 2025)"},{"value":3661,"label":"iPad Air6 11"},{"value":3662,"label":"iPad Air6 13"},{"value":2169,"label":"iPad Pro 11"},{"value":3666,"label":"iPad Pro 11"},{"value":2171,"label":"iPad Pro 12.9"},{"value":3678,"label":"iPad Pro 13"}],"product_tag":[{"value":1687,"label":"Tablet"}],"pa_model":[{"value":2643,"label":"iPad 10.2 (7\/8\/9 Generation 2019\/2020\/2021)"},{"value":3619,"label":"iPad 10.9\/11 (10 Gen 2022\/11 Gen 2025)"},{"value":3623,"label":"iPad Air6 11"},{"value":3625,"label":"iPad Air6 13"},{"value":3629,"label":"iPad Pro 11"},{"value":2244,"label":"iPad Pro 11"},{"value":2245,"label":"iPad Pro 12.9"},{"value":3635,"label":"iPad Pro 13"}]},"featured_image_src_large":["https:\/\/www.brandit-protection.com\/wp-content\/uploads\/tablet-ipad-tab-display-protection-glass-panzerglass-768x1024.jpg",768,1024,true],"author_info":[],"comment_info":"","_links":{"self":[{"href":"https:\/\/www.brandit-protection.com\/de\/wp-json\/wp\/v2\/product\/146388","targetHints":{"allow":["GET"]}}],"collection":[{"href":"https:\/\/www.brandit-protection.com\/de\/wp-json\/wp\/v2\/product"}],"about":[{"href":"https:\/\/www.brandit-protection.com\/de\/wp-json\/wp\/v2\/types\/product"}],"wp:featuredmedia":[{"embeddable":true,"href":"https:\/\/www.brandit-protection.com\/de\/wp-json\/wp\/v2\/media\/144978"}],"wp:attachment":[{"href":"https:\/\/www.brandit-protection.com\/de\/wp-json\/wp\/v2\/media?parent=146388"}],"wp:term":[{"taxonomy":"product_brand","embeddable":true,"href":"https:\/\/www.brandit-protection.com\/de\/wp-json\/wp\/v2\/product_brand?post=146388"},{"taxonomy":"product_cat","embeddable":true,"href":"https:\/\/www.brandit-protection.com\/de\/wp-json\/wp\/v2\/product_cat?post=146388"},{"taxonomy":"product_tag","embeddable":true,"href":"https:\/\/www.brandit-protection.com\/de\/wp-json\/wp\/v2\/product_tag?post=146388"},{"taxonomy":"product_faqs","embeddable":true,"href":"https:\/\/www.brandit-protection.com\/de\/wp-json\/wp\/v2\/product_faqs?post=146388"}],"curies":[{"name":"wp","href":"https:\/\/api.w.org\/{rel}","templated":true}]}}