{"id":146538,"date":"2020-07-22T21:37:59","date_gmt":"2020-07-22T20:37:59","guid":{"rendered":"https:\/\/www.brandit-protection.com\/shop\/turtle-biodegradable-eco-case\/"},"modified":"2024-09-18T11:59:09","modified_gmt":"2024-09-18T10:59:09","slug":"turtle-umweltfreundliche-oko-handyhulle","status":"publish","type":"product","link":"https:\/\/www.brandit-protection.com\/de\/shop\/turtle-umweltfreundliche-oko-handyhulle\/","title":{"rendered":"Kompostierbare Eco Handyh\u00fclle"},"content":{"rendered":"","protected":false},"excerpt":{"rendered":"Plastikvermeidung ist in aller Munde. Das Turtle Case ist unsere kompostierbare \u00d6ko Handyh\u00fclle aus 100% Biokunststoff PLA. Zus\u00e4tzliche Bambusfasern verst\u00e4rken die H\u00fclle. Dank dieses ausgekl\u00fcgelten Materialmixes kann diese Schutzh\u00fclle innerhalb von 18-24 Monaten vollst\u00e4ndig kompostiert werden. Diese nachhaltige, biologisch abbaubare H\u00fclle kann mit einer einfarbigen Lasergravur oder im UV Digitaldruck personalisiert werden. Bei einem farbigen Branding kann die Haftung auf dieser H\u00fclle nicht garantiert werden.\r\n\r\nGepr\u00fcft auf Schadstoffe von einem unabh\u00e4ngigen, akkreditierten Pr\u00fcfinstitut in Deutschland. <a href=\"https:\/\/www.labtech-gmbh.de\/18-schadstoffpruefung\/218-schadstoffgeprueft-173975.html\" target=\"_blank\" rel=\"noopener\">Zum Testergebnis.<\/a>","protected":false},"featured_media":178695,"template":"","meta":{"_kad_blocks_custom_css":"","_kad_blocks_head_custom_js":"","_kad_blocks_body_custom_js":"","_kad_blocks_footer_custom_js":""},"product_brand":[],"product_cat":[961,2859,3362,3363,2865,3365,3367,2869,3369,3375,3371,3373,2190,2192,2668,2665,2666,2667,2923,2932,2933,2934,3214,3215,3216,3217,3473,3470,3471,3472,3773,3771,3772,3774,2928,1575],"product_tag":[1286,1686,1285],"product_faqs":[1954,1959,1964,1966,1969,1970,1975,1977],"class_list":{"0":"post-146538","1":"product","2":"type-product","3":"status-publish","4":"has-post-thumbnail","6":"product_cat-apple-de","7":"product_cat-galaxy-a33-5g-2022-de","8":"product_cat-galaxy-a34-5g-2023-de","9":"product_cat-galaxy-a35-5g-2024-de","10":"product_cat-galaxy-a53-5g-2022-de","11":"product_cat-galaxy-a54-5g-2023-de","12":"product_cat-galaxy-a55-5g-2024-de","13":"product_cat-galaxy-a73-5g-2022-de","14":"product_cat-galaxy-a74-5g-2023-de","15":"product_cat-galaxy-s23-de-2","16":"product_cat-galaxy-s23-ultra-de","17":"product_cat-galaxy-s23-de","18":"product_cat-iphone-12-mini-de","19":"product_cat-iphone-12-pro-max-de","20":"product_cat-iphone-13-de","21":"product_cat-iphone-13-mini-de","22":"product_cat-iphone-13-pro-de","23":"product_cat-iphone-13-pro-max-de","24":"product_cat-iphone-14-de","25":"product_cat-iphone-14-plus-de","26":"product_cat-iphone-14-pro-de","27":"product_cat-iphone-14-pro-max-de","28":"product_cat-iphone-15-de","29":"product_cat-iphone-15-plus-de","30":"product_cat-iphone-15-pro-de","31":"product_cat-iphone-15-pro-max-de","32":"product_cat-iphone-16-de","33":"product_cat-iphone-16-plus-de","34":"product_cat-iphone-16-pro-de","35":"product_cat-iphone-16-pro-max-de","36":"product_cat-iphone-17-de","37":"product_cat-iphone-17-pro-de","38":"product_cat-iphone-17-pro-max-de","39":"product_cat-iphone-air-de","40":"product_cat-iphone-se2-se3-8-7-6s-6-de","41":"product_cat-samsung-de","42":"product_tag-buro-einsatz","43":"product_tag-handy","44":"product_tag-tagliche-benutzung","45":"product_shipping_class-phone-cases-de","46":"pa_color-creme-white-de","47":"pa_color-schwarz","48":"pa_model-iphone-13-de","49":"pa_model-iphone-13-pro-de","50":"pa_model-iphone-14-de","51":"pa_model-iphone-14-pro-de","52":"pa_model-iphone-15-de","53":"pa_model-iphone-15-pro-de","54":"pa_model-iphone-16-de","55":"pa_model-iphone-16-plus-de","56":"pa_model-iphone-16-pro-de","57":"pa_model-iphone-16-pro-max-de","58":"pa_model-iphone-17-de","59":"pa_model-iphone-17-pro-de","60":"pa_model-iphone-17-pro-max-de","61":"pa_model-iphone-air-de","62":"pa_model-iphone-se2-se3-8-7-6s-6-de","63":"pa_personalization-custom-logo-printing-de","64":"pa_personalization-cases-without-logo-de","65":"pa_personalization-custom-laser-engraving-logo-de","66":"pa_personalization-lasergravur-vollflachig","67":"pa_personalization-fullsize-image-printing-de","68":"product_faqs-faq-1a-de","69":"product_faqs-faq-2-de","70":"product_faqs-faq-4-de-2","71":"product_faqs-faq-5-de","72":"product_faqs-faq-6-de-2","73":"product_faqs-faq-7a-de-2","74":"product_faqs-faq-8-de","75":"product_faqs-faq-9-de","77":"first","78":"instock","79":"taxable","80":"shipping-taxable","81":"purchasable","82":"product-type-variable","83":"has-default-attributes","84":"rtwpvs-product"},"acf":[],"taxonomy_info":{"product_cat":[{"value":961,"label":"Apple\u2122"},{"value":2859,"label":"Galaxy A33 5G (2022)"},{"value":3362,"label":"Galaxy A34 5G (2023)"},{"value":3363,"label":"Galaxy A35 5G (2024)"},{"value":2865,"label":"Galaxy A53 5G (2022)"},{"value":3365,"label":"Galaxy A54 5G (2023)"},{"value":3367,"label":"Galaxy A55 5G (2024)"},{"value":2869,"label":"Galaxy A73 5G (2022)"},{"value":3369,"label":"Galaxy A74 5G (2023)"},{"value":3375,"label":"Galaxy S23"},{"value":3371,"label":"Galaxy S23 ultra"},{"value":3373,"label":"Galaxy S23+"},{"value":2190,"label":"iPhone 12 mini"},{"value":2192,"label":"iPhone 12 pro max"},{"value":2668,"label":"iPhone 13"},{"value":2665,"label":"iPhone 13 mini"},{"value":2666,"label":"iPhone 13 pro"},{"value":2667,"label":"iPhone 13 pro max"},{"value":2923,"label":"iPhone 14"},{"value":2932,"label":"iPhone 14 plus"},{"value":2933,"label":"iPhone 14 pro"},{"value":2934,"label":"iPhone 14 pro max"},{"value":3214,"label":"iPhone 15"},{"value":3215,"label":"iPhone 15 plus"},{"value":3216,"label":"iPhone 15 pro"},{"value":3217,"label":"iPhone 15 pro max"},{"value":3473,"label":"iPhone 16"},{"value":3470,"label":"iPhone 16 plus"},{"value":3471,"label":"iPhone 16 pro"},{"value":3472,"label":"iPhone 16 pro max"},{"value":3773,"label":"iPhone 17"},{"value":3771,"label":"iPhone 17 pro"},{"value":3772,"label":"iPhone 17 pro max"},{"value":3774,"label":"iPhone air"},{"value":2928,"label":"iPhone SE2\/SE3\/8\/7\/6s\/6"},{"value":1575,"label":"Samsung\u2122"}],"product_tag":[{"value":1286,"label":"B\u00fcro Einsatz"},{"value":1686,"label":"Handy"},{"value":1285,"label":"T\u00e4gliche Benutzung"}],"pa_color":[{"value":2581,"label":"Cremewei\u00df"},{"value":1028,"label":"schwarz"}],"pa_model":[{"value":2650,"label":"iPhone 13"},{"value":2648,"label":"iPhone 13 pro"},{"value":2912,"label":"iPhone 14"},{"value":2910,"label":"iPhone 14 pro"},{"value":3146,"label":"iPhone 15"},{"value":3142,"label":"iPhone 15 pro"},{"value":3483,"label":"iPhone 16"},{"value":3480,"label":"iPhone 16 plus"},{"value":3481,"label":"iPhone 16 pro"},{"value":3482,"label":"iPhone 16 pro max"},{"value":3799,"label":"iPhone 17"},{"value":3801,"label":"iPhone 17 pro"},{"value":3804,"label":"iPhone 17 pro max"},{"value":3795,"label":"iPhone air"},{"value":3039,"label":"iPhone SE2\/SE3\/8\/7\/6s\/6"}],"pa_personalization":[{"value":1532,"label":"Eigenes Logo (max. 1\/3 der Fl\u00e4che)"},{"value":869,"label":"H\u00fcllen ohne Logo"},{"value":1691,"label":"Lasergravur mit Logo"},{"value":1692,"label":"Lasergravur vollfl\u00e4chig"},{"value":680,"label":"Vollfl\u00e4chige Grafik und Fotos"}],"product_faqs":[{"value":1954,"label":"FAQ 1a"},{"value":1959,"label":"FAQ 2"},{"value":1964,"label":"FAQ 4"},{"value":1966,"label":"FAQ 5"},{"value":1969,"label":"FAQ 6"},{"value":1970,"label":"FAQ 7a"},{"value":1975,"label":"FAQ 8"},{"value":1977,"label":"FAQ 9"}]},"featured_image_src_large":["https:\/\/www.brandit-protection.com\/wp-content\/uploads\/turtle-sustainable-smartphone-case-companies-b2b-customizable-certified-1024x1024.jpg",1024,1024,true],"author_info":[],"comment_info":"","_links":{"self":[{"href":"https:\/\/www.brandit-protection.com\/de\/wp-json\/wp\/v2\/product\/146538","targetHints":{"allow":["GET"]}}],"collection":[{"href":"https:\/\/www.brandit-protection.com\/de\/wp-json\/wp\/v2\/product"}],"about":[{"href":"https:\/\/www.brandit-protection.com\/de\/wp-json\/wp\/v2\/types\/product"}],"wp:featuredmedia":[{"embeddable":true,"href":"https:\/\/www.brandit-protection.com\/de\/wp-json\/wp\/v2\/media\/178695"}],"wp:attachment":[{"href":"https:\/\/www.brandit-protection.com\/de\/wp-json\/wp\/v2\/media?parent=146538"}],"wp:term":[{"taxonomy":"product_brand","embeddable":true,"href":"https:\/\/www.brandit-protection.com\/de\/wp-json\/wp\/v2\/product_brand?post=146538"},{"taxonomy":"product_cat","embeddable":true,"href":"https:\/\/www.brandit-protection.com\/de\/wp-json\/wp\/v2\/product_cat?post=146538"},{"taxonomy":"product_tag","embeddable":true,"href":"https:\/\/www.brandit-protection.com\/de\/wp-json\/wp\/v2\/product_tag?post=146538"},{"taxonomy":"product_faqs","embeddable":true,"href":"https:\/\/www.brandit-protection.com\/de\/wp-json\/wp\/v2\/product_faqs?post=146538"}],"curies":[{"name":"wp","href":"https:\/\/api.w.org\/{rel}","templated":true}]}}