{"id":146687,"date":"2020-07-22T21:37:55","date_gmt":"2020-07-22T20:37:55","guid":{"rendered":"https:\/\/www.brandit-protection.com\/shop\/monkey-soft-slim-tpu-case-black\/"},"modified":"2026-04-16T12:24:18","modified_gmt":"2026-04-16T11:24:18","slug":"monkey-soft-slim-tpu-silikon-handyhullen","status":"publish","type":"product","link":"https:\/\/www.brandit-protection.com\/de\/shop\/monkey-soft-slim-tpu-silikon-handyhullen\/","title":{"rendered":"Soft Slim TPU Silikon Handy H\u00fclle schwarz matt"},"content":{"rendered":"","protected":false},"excerpt":{"rendered":"Das Monkey Soft Slim Case besteht aus flexiblem TPU, welches auch als Silikon Handyhuelle bezeichnet wird. Sein schlankes Design legt sich wie eine zweite Haut \u00fcber Ihre Firmenhandys. Die Oberfl\u00e4che ist gl\u00e4nzend und wird im digitalen UV-Druckverfahren wahlweise mit Ihrem Logo oder vollfl\u00e4chigen Grafiken bedruckt. Diese Eigenschaften machen diese Handy H\u00fclle zur beliebtesten Schutzh\u00fclle f\u00fcr Unternehmenskunden.\r\n\r\nGepr\u00fcft auf Schadstoffe von einem unabh\u00e4ngigen, akkreditierten Pr\u00fcfinstitut in Deutschland. <a href=\"https:\/\/www.labtech-gmbh.de\/18-schadstoffpruefung\/218-schadstoffgeprueft-173975.html\" target=\"_blank\" rel=\"noopener\">Zum Testergebnis.<\/a>","protected":false},"featured_media":178692,"template":"","meta":{"_kad_blocks_custom_css":"","_kad_blocks_head_custom_js":"","_kad_blocks_body_custom_js":"","_kad_blocks_footer_custom_js":""},"product_brand":[],"product_cat":[961,2856,3353,3357,3358,3700,3359,3701,2681,2859,3362,3363,3702,2266,2861,2693,2898,2865,3365,3367,3703,2271,2867,2869,2281,2282,2283,2798,2794,2796,3375,3371,3373,3381,3377,3379,3706,3704,3705,2186,2182,2184,2190,2192,2195,2668,2665,2666,2667,2923,2932,2933,2934,3214,3215,3216,3217,3473,3470,3471,3472,3680,3773,3771,3772,2180,3774,2928,2472,2297,2474,2299,1450,1575],"product_tag":[1286,1686,1285],"product_faqs":[1954,1959,1961,1964,1966,1969,1970,1975,1977],"class_list":{"0":"post-146687","1":"product","2":"type-product","3":"status-publish","4":"has-post-thumbnail","6":"product_cat-apple-de","7":"product_cat-galaxy-a13-5g-2022-de","8":"product_cat-galaxy-a14-4g-2023-de","9":"product_cat-galaxy-a14-5g-2023-de","10":"product_cat-galaxy-a15-5g-2024-de","11":"product_cat-galaxy-a16-5g-2024-de","12":"product_cat-galaxy-a25-5g-2024-de","13":"product_cat-galaxy-a26-5g-2025-de","14":"product_cat-galaxy-a32-5g-2021-de","15":"product_cat-galaxy-a33-5g-2022-de","16":"product_cat-galaxy-a34-5g-2023-de","17":"product_cat-galaxy-a35-5g-2024-de","18":"product_cat-galaxy-a36-5g-2025-de","19":"product_cat-galaxy-a41","20":"product_cat-galaxy-a42-5g-2020-de","21":"product_cat-galaxy-a51-5g-2020-de","22":"product_cat-galaxy-a52-a52s-5g-2021-de","23":"product_cat-galaxy-a53-5g-2022-de","24":"product_cat-galaxy-a54-5g-2023-de","25":"product_cat-galaxy-a55-5g-2024-de","26":"product_cat-galaxy-a56-5g-2025-de","27":"product_cat-galaxy-a71","28":"product_cat-galaxy-a72-5g-2021-de","29":"product_cat-galaxy-a73-5g-2022-de","30":"product_cat-galaxy-s21-de-2","31":"product_cat-galaxy-s21-ultra","32":"product_cat-galaxy-s21-de","33":"product_cat-galaxy-s22-de","34":"product_cat-galaxy-s22-ultra-de","35":"product_cat-galaxy-s22-plus-de","36":"product_cat-galaxy-s23-de-2","37":"product_cat-galaxy-s23-ultra-de","38":"product_cat-galaxy-s23-de","39":"product_cat-galaxy-s24-de-2","40":"product_cat-galaxy-s24-ultra-de","41":"product_cat-galaxy-s24-de","42":"product_cat-galaxy-s25-de-2","43":"product_cat-galaxy-s25-ultra-de","44":"product_cat-galaxy-s25-de","45":"product_cat-iphone-11-de","46":"product_cat-iphone-11-pro-de","47":"product_cat-iphone-11-pro-max-de","48":"product_cat-iphone-12-mini-de","49":"product_cat-iphone-12-pro-max-de","50":"product_cat-iphone-12-12-pro-de","51":"product_cat-iphone-13-de","52":"product_cat-iphone-13-mini-de","53":"product_cat-iphone-13-pro-de","54":"product_cat-iphone-13-pro-max-de","55":"product_cat-iphone-14-de","56":"product_cat-iphone-14-plus-de","57":"product_cat-iphone-14-pro-de","58":"product_cat-iphone-14-pro-max-de","59":"product_cat-iphone-15-de","60":"product_cat-iphone-15-plus-de","61":"product_cat-iphone-15-pro-de","62":"product_cat-iphone-15-pro-max-de","63":"product_cat-iphone-16-de","64":"product_cat-iphone-16-plus-de","65":"product_cat-iphone-16-pro-de","66":"product_cat-iphone-16-pro-max-de","67":"product_cat-iphone-16e-de","68":"product_cat-iphone-17-de","69":"product_cat-iphone-17-pro-de","70":"product_cat-iphone-17-pro-max-de","71":"product_cat-iphone-8-7-plus-de","72":"product_cat-iphone-air-de","73":"product_cat-iphone-se2-se3-8-7-6s-6-de","74":"product_cat-nokia-5-x-de","75":"product_cat-nokia-6-x","76":"product_cat-nokia-7-x-de","77":"product_cat-nokia-8-x","78":"product_cat-nokia-de","79":"product_cat-samsung-de","80":"product_tag-buro-einsatz","81":"product_tag-handy","82":"product_tag-tagliche-benutzung","83":"product_shipping_class-phone-cases-de","84":"pa_color-schwarz","85":"pa_model-galaxy-a13-5g-2022-de","86":"pa_model-galaxy-a14-4g-2023-de","87":"pa_model-galaxy-a14-5g-2023-de","88":"pa_model-galaxy-a15-5g-2024-de","89":"pa_model-galaxy-a16-5g-2024-de","90":"pa_model-galaxy-a17-5g-2025","91":"pa_model-galaxy-a25-5g-2024-de","92":"pa_model-galaxy-a26-5g-2025-de","93":"pa_model-galaxy-a32-5g-2021-de","94":"pa_model-galaxy-a33-5g-2022-de","95":"pa_model-galaxy-a34-5g-2023-de","96":"pa_model-galaxy-a35-5g-2024-de","97":"pa_model-galaxy-a36-5g-2025-de","98":"pa_model-galaxy-a37-5g-2026","99":"pa_model-galaxy-a42-5g-2020-de","100":"pa_model-galaxy-a51-5g-2020-de","101":"pa_model-galaxy-a52-a52s-5g-2021-de","102":"pa_model-galaxy-a53-5g-2022-de","103":"pa_model-galaxy-a54-5g-2023-de","104":"pa_model-galaxy-a55-5g-2024-de","105":"pa_model-galaxy-a56-5g-2025-de","106":"pa_model-galaxy-a57-5g-2026","107":"pa_model-galaxy-a71-de-2","108":"pa_model-galaxy-a72-5g-2021-de","109":"pa_model-galaxy-a73-5g-2022-de","110":"pa_model-galaxy-s22-de","111":"pa_model-galaxy-s22-ultra-de","112":"pa_model-galaxy-s22-plus-de","113":"pa_model-galaxy-s23-de","114":"pa_model-galaxy-s23-ultra-de","115":"pa_model-galaxy-s23-plus-de","116":"pa_model-galaxy-s24-de-2","117":"pa_model-galaxy-s24-ultra-de","118":"pa_model-galaxy-s24-de","119":"pa_model-galaxy-s25-de-2","120":"pa_model-galaxy-s25-ultra-de","121":"pa_model-galaxy-s25-de","122":"pa_model-galaxy-s26-2","123":"pa_model-galaxy-s26","124":"pa_model-iphone-11-de-2","125":"pa_model-iphone-11-pro-de-2","126":"pa_model-iphone-12-mini-de-2","127":"pa_model-iphone-12-pro-max-de-2","128":"pa_model-iphone-12-12-pro-de-2","129":"pa_model-iphone-13-de","130":"pa_model-iphone-13-mini-de","131":"pa_model-iphone-13-pro-de","132":"pa_model-iphone-13-pro-max-de","133":"pa_model-iphone-14-de","134":"pa_model-iphone-14-plus-de","135":"pa_model-iphone-14-pro-de","136":"pa_model-iphone-14-pro-max-de","137":"pa_model-iphone-15-de","138":"pa_model-iphone-15-plus-de","139":"pa_model-iphone-15-pro-de","140":"pa_model-iphone-15-pro-max-de","141":"pa_model-iphone-16-de","142":"pa_model-iphone-16-plus-de","143":"pa_model-iphone-16-pro-de","144":"pa_model-iphone-16-pro-max-de","145":"pa_model-iphone-16e-de","146":"pa_model-iphone-16e-17e","147":"pa_model-iphone-17-de","148":"pa_model-iphone-17-pro-de","149":"pa_model-iphone-17-pro-max-de","150":"pa_model-iphone-air-de","151":"pa_model-iphone-se2-se3-8-7-6s-6-de","152":"pa_personalization-custom-logo-printing-de","153":"pa_personalization-cases-without-logo-de","154":"pa_personalization-fullsize-image-printing-de","155":"product_faqs-faq-1a-de","156":"product_faqs-faq-2-de","157":"product_faqs-faq-3a-de","158":"product_faqs-faq-4-de-2","159":"product_faqs-faq-5-de","160":"product_faqs-faq-6-de-2","161":"product_faqs-faq-7a-de-2","162":"product_faqs-faq-8-de","163":"product_faqs-faq-9-de","165":"first","166":"instock","167":"taxable","168":"shipping-taxable","169":"purchasable","170":"product-type-variable","171":"has-default-attributes","172":"rtwpvs-product"},"acf":[],"taxonomy_info":{"product_cat":[{"value":961,"label":"Apple\u2122"},{"value":2856,"label":"Galaxy A13 5G (2022)"},{"value":3353,"label":"Galaxy A14 4G (2023)"},{"value":3357,"label":"Galaxy A14 5G (2023)"},{"value":3358,"label":"Galaxy A15 5G (2024)"},{"value":3700,"label":"Galaxy A16 5G (2024)"},{"value":3359,"label":"Galaxy A25 5G (2024)"},{"value":3701,"label":"Galaxy A26 5G (2025)"},{"value":2681,"label":"Galaxy A32 5G (2021)"},{"value":2859,"label":"Galaxy A33 5G (2022)"},{"value":3362,"label":"Galaxy A34 5G (2023)"},{"value":3363,"label":"Galaxy A35 5G (2024)"},{"value":3702,"label":"Galaxy A36 5G (2025)"},{"value":2266,"label":"Galaxy A41"},{"value":2861,"label":"Galaxy A42 5G (2020)"},{"value":2693,"label":"Galaxy A51 5G (2020)"},{"value":2898,"label":"Galaxy A52\/A52s 5G (2021)"},{"value":2865,"label":"Galaxy A53 5G (2022)"},{"value":3365,"label":"Galaxy A54 5G (2023)"},{"value":3367,"label":"Galaxy A55 5G (2024)"},{"value":3703,"label":"Galaxy A56 5G (2025)"},{"value":2271,"label":"Galaxy A71"},{"value":2867,"label":"Galaxy A72 5G (2021)"},{"value":2869,"label":"Galaxy A73 5G (2022)"},{"value":2281,"label":"Galaxy S21"},{"value":2282,"label":"Galaxy S21 Ultra"},{"value":2283,"label":"Galaxy S21+"},{"value":2798,"label":"Galaxy S22"},{"value":2794,"label":"Galaxy S22 ultra"},{"value":2796,"label":"Galaxy S22+"},{"value":3375,"label":"Galaxy S23"},{"value":3371,"label":"Galaxy S23 ultra"},{"value":3373,"label":"Galaxy S23+"},{"value":3381,"label":"Galaxy S24"},{"value":3377,"label":"Galaxy S24 ultra"},{"value":3379,"label":"Galaxy S24+"},{"value":3706,"label":"Galaxy S25"},{"value":3704,"label":"Galaxy S25 ultra"},{"value":3705,"label":"Galaxy S25+"},{"value":2186,"label":"iPhone 11"},{"value":2182,"label":"iPhone 11 pro"},{"value":2184,"label":"iPhone 11 pro max"},{"value":2190,"label":"iPhone 12 mini"},{"value":2192,"label":"iPhone 12 pro max"},{"value":2195,"label":"iPhone 12\/12 pro"},{"value":2668,"label":"iPhone 13"},{"value":2665,"label":"iPhone 13 mini"},{"value":2666,"label":"iPhone 13 pro"},{"value":2667,"label":"iPhone 13 pro max"},{"value":2923,"label":"iPhone 14"},{"value":2932,"label":"iPhone 14 plus"},{"value":2933,"label":"iPhone 14 pro"},{"value":2934,"label":"iPhone 14 pro max"},{"value":3214,"label":"iPhone 15"},{"value":3215,"label":"iPhone 15 plus"},{"value":3216,"label":"iPhone 15 pro"},{"value":3217,"label":"iPhone 15 pro max"},{"value":3473,"label":"iPhone 16"},{"value":3470,"label":"iPhone 16 plus"},{"value":3471,"label":"iPhone 16 pro"},{"value":3472,"label":"iPhone 16 pro max"},{"value":3680,"label":"iPhone 16e"},{"value":3773,"label":"iPhone 17"},{"value":3771,"label":"iPhone 17 pro"},{"value":3772,"label":"iPhone 17 pro max"},{"value":2180,"label":"iPhone 8\/7 Plus"},{"value":3774,"label":"iPhone air"},{"value":2928,"label":"iPhone SE2\/SE3\/8\/7\/6s\/6"},{"value":2472,"label":"Nokia 5.x"},{"value":2297,"label":"Nokia 6.x"},{"value":2474,"label":"Nokia 7.x"},{"value":2299,"label":"Nokia 8.x"},{"value":1450,"label":"Nokia\u2122"},{"value":1575,"label":"Samsung\u2122"}],"product_tag":[{"value":1286,"label":"B\u00fcro Einsatz"},{"value":1686,"label":"Handy"},{"value":1285,"label":"T\u00e4gliche Benutzung"}],"pa_color":[{"value":1028,"label":"schwarz"}],"pa_model":[{"value":2841,"label":"Galaxy A13 5G (2022)"},{"value":3261,"label":"Galaxy A14 4G (2023)"},{"value":3262,"label":"Galaxy A14 5G (2023)"},{"value":3263,"label":"Galaxy A15 5G (2024)"},{"value":3598,"label":"Galaxy A16 5G (2024)"},{"value":3893,"label":"Galaxy A17 5G (2025)"},{"value":3265,"label":"Galaxy A25 5G (2024)"},{"value":3601,"label":"Galaxy A26 5G (2025)"},{"value":2587,"label":"Galaxy A32 5G (2021)"},{"value":2843,"label":"Galaxy A33 5G (2022)"},{"value":3268,"label":"Galaxy A34 5G (2023)"},{"value":3269,"label":"Galaxy A35 5G (2024)"},{"value":3603,"label":"Galaxy A36 5G (2025)"},{"value":3894,"label":"Galaxy A37 5G (2026)"},{"value":2809,"label":"Galaxy A42 5G (2020)"},{"value":2604,"label":"Galaxy A51 5G (2020)"},{"value":2900,"label":"Galaxy A52\/A52s 5G (2021)"},{"value":2845,"label":"Galaxy A53 5G (2022)"},{"value":3272,"label":"Galaxy A54 5G (2023)"},{"value":3273,"label":"Galaxy A55 5G (2024)"},{"value":3605,"label":"Galaxy A56 5G (2025)"},{"value":3896,"label":"Galaxy A57 5G (2026)"},{"value":2308,"label":"Galaxy A71 5G (2020)"},{"value":2815,"label":"Galaxy A72 5G (2021)"},{"value":2847,"label":"Galaxy A73 5G (2022)"},{"value":2780,"label":"Galaxy S22"},{"value":2776,"label":"Galaxy S22 ultra"},{"value":2779,"label":"Galaxy S22+"},{"value":3063,"label":"Galaxy S23"},{"value":3061,"label":"Galaxy S23 ultra"},{"value":3062,"label":"Galaxy S23+"},{"value":3281,"label":"Galaxy S24"},{"value":3277,"label":"Galaxy S24 ultra"},{"value":3280,"label":"Galaxy S24+"},{"value":3610,"label":"Galaxy S25"},{"value":3607,"label":"Galaxy S25 ultra"},{"value":3609,"label":"Galaxy S25+"},{"value":3879,"label":"Galaxy S26"},{"value":3878,"label":"Galaxy S26+"},{"value":2251,"label":"iPhone 11"},{"value":2252,"label":"iPhone 11 pro"},{"value":2254,"label":"iPhone 12 mini"},{"value":2329,"label":"iPhone 12 pro max"},{"value":2255,"label":"iPhone 12\/12 pro"},{"value":2650,"label":"iPhone 13"},{"value":2647,"label":"iPhone 13 mini"},{"value":2648,"label":"iPhone 13 pro"},{"value":2649,"label":"iPhone 13 pro max"},{"value":2912,"label":"iPhone 14"},{"value":2909,"label":"iPhone 14 plus"},{"value":2910,"label":"iPhone 14 pro"},{"value":2911,"label":"iPhone 14 pro max"},{"value":3146,"label":"iPhone 15"},{"value":3140,"label":"iPhone 15 plus"},{"value":3142,"label":"iPhone 15 pro"},{"value":3144,"label":"iPhone 15 pro max"},{"value":3483,"label":"iPhone 16"},{"value":3480,"label":"iPhone 16 plus"},{"value":3481,"label":"iPhone 16 pro"},{"value":3482,"label":"iPhone 16 pro max"},{"value":3550,"label":"iPhone 16e"},{"value":3888,"label":"iPhone 16e\/17e"},{"value":3799,"label":"iPhone 17"},{"value":3801,"label":"iPhone 17 pro"},{"value":3804,"label":"iPhone 17 pro max"},{"value":3795,"label":"iPhone air"},{"value":3039,"label":"iPhone SE2\/SE3\/8\/7\/6s\/6"}],"pa_personalization":[{"value":1532,"label":"Eigenes Logo (max. 1\/3 der Fl\u00e4che)"},{"value":869,"label":"H\u00fcllen ohne Logo"},{"value":680,"label":"Vollfl\u00e4chige Grafik und Fotos"}],"product_faqs":[{"value":1954,"label":"FAQ 1a"},{"value":1959,"label":"FAQ 2"},{"value":1961,"label":"FAQ 3a"},{"value":1964,"label":"FAQ 4"},{"value":1966,"label":"FAQ 5"},{"value":1969,"label":"FAQ 6"},{"value":1970,"label":"FAQ 7a"},{"value":1975,"label":"FAQ 8"},{"value":1977,"label":"FAQ 9"}]},"featured_image_src_large":["https:\/\/www.brandit-protection.com\/wp-content\/uploads\/monkey-black-smartphone-case-companies-b2b-customizable-certified-1024x1024.jpg",1024,1024,true],"author_info":[],"comment_info":"","_links":{"self":[{"href":"https:\/\/www.brandit-protection.com\/de\/wp-json\/wp\/v2\/product\/146687","targetHints":{"allow":["GET"]}}],"collection":[{"href":"https:\/\/www.brandit-protection.com\/de\/wp-json\/wp\/v2\/product"}],"about":[{"href":"https:\/\/www.brandit-protection.com\/de\/wp-json\/wp\/v2\/types\/product"}],"wp:featuredmedia":[{"embeddable":true,"href":"https:\/\/www.brandit-protection.com\/de\/wp-json\/wp\/v2\/media\/178692"}],"wp:attachment":[{"href":"https:\/\/www.brandit-protection.com\/de\/wp-json\/wp\/v2\/media?parent=146687"}],"wp:term":[{"taxonomy":"product_brand","embeddable":true,"href":"https:\/\/www.brandit-protection.com\/de\/wp-json\/wp\/v2\/product_brand?post=146687"},{"taxonomy":"product_cat","embeddable":true,"href":"https:\/\/www.brandit-protection.com\/de\/wp-json\/wp\/v2\/product_cat?post=146687"},{"taxonomy":"product_tag","embeddable":true,"href":"https:\/\/www.brandit-protection.com\/de\/wp-json\/wp\/v2\/product_tag?post=146687"},{"taxonomy":"product_faqs","embeddable":true,"href":"https:\/\/www.brandit-protection.com\/de\/wp-json\/wp\/v2\/product_faqs?post=146687"}],"curies":[{"name":"wp","href":"https:\/\/api.w.org\/{rel}","templated":true}]}}