{"id":146798,"date":"2020-07-22T21:38:03","date_gmt":"2020-07-22T20:38:03","guid":{"rendered":"https:\/\/www.brandit-protection.com\/shop\/display-schutzglas-panzerglas-2-5d-fur-handys\/"},"modified":"2026-04-16T12:13:48","modified_gmt":"2026-04-16T11:13:48","slug":"display-schutzglas-panzerglas-2-5d-fur-handys","status":"publish","type":"product","link":"https:\/\/www.brandit-protection.com\/de\/shop\/display-schutzglas-panzerglas-2-5d-fur-handys\/","title":{"rendered":"Display Schutzglas Panzerglas 2.5D f\u00fcr Handys"},"content":{"rendered":"","protected":false},"excerpt":{"rendered":"Das 2.5D Displayschutzglas aus Echtglas ist die ideale Erg\u00e4nzung zu den Brand.it Handy H\u00fcllen, um zus\u00e4tzlich auch das Display des iPhone oder Galaxy vor Besch\u00e4digungen zu sch\u00fctzen. Eine Reparatur kostet mindestens 149\u20ac. Display Schutzgl\u00e4ser sch\u00fctzen Ihre Firmen Handys pr\u00e4ventiv und sparen bares Geld.","protected":false},"featured_media":136902,"template":"","meta":{"_kad_blocks_custom_css":"","_kad_blocks_head_custom_js":"","_kad_blocks_body_custom_js":"","_kad_blocks_footer_custom_js":""},"product_brand":[],"product_cat":[961,2195,2665,3350,2933,2934,3351,3684,3681,3682,3683,3473,3470,3472,3680,3772,3838,3774,2926],"product_tag":[1686],"product_faqs":[],"class_list":{"0":"post-146798","1":"product","2":"type-product","3":"status-publish","4":"has-post-thumbnail","6":"product_cat-apple-de","7":"product_cat-iphone-12-12-pro-de","8":"product_cat-iphone-13-mini-de","9":"product_cat-iphone-14-plus-13-pro-max-de","10":"product_cat-iphone-14-pro-de","11":"product_cat-iphone-14-pro-max-de","12":"product_cat-iphone-14-13-13-pro-de","13":"product_cat-iphone-15-de-2","14":"product_cat-iphone-15-plus-de-2","15":"product_cat-iphone-15-pro-de-2","16":"product_cat-iphone-15-pro-max-de-2","17":"product_cat-iphone-16-de","18":"product_cat-iphone-16-plus-de","19":"product_cat-iphone-16-pro-max-de","20":"product_cat-iphone-16e-de","21":"product_cat-iphone-17-pro-max-de","22":"product_cat-iphone-17-17-pro-16-pro-apple-de","23":"product_cat-iphone-air-de","24":"product_cat-iphone-se2-se3-8-7-de","25":"product_tag-handy","26":"product_shipping_class-phone-display-protection-de","27":"pa_model-iphone-11-pro-de-2","28":"pa_model-iphone-11-xr-de-2","29":"pa_model-iphone-12-mini-de-2","30":"pa_model-iphone-12-pro-max-de-2","31":"pa_model-iphone-12-12-pro-de-2","32":"pa_model-iphone-13-mini-de","33":"pa_model-iphone-14-plus-13-pro-max-de","34":"pa_model-iphone-14-pro-de","35":"pa_model-iphone-14-pro-max-de","36":"pa_model-iphone-14-13-13-pro-de","37":"pa_model-iphone-15-de","38":"pa_model-iphone-15-plus-de","39":"pa_model-iphone-15-pro-de","40":"pa_model-iphone-15-pro-max-de","41":"pa_model-iphone-16-de","42":"pa_model-iphone-16-plus-de","43":"pa_model-iphone-16-pro-max-de","44":"pa_model-iphone-16e-17e","45":"pa_model-iphone-17-pro-max-de","46":"pa_model-iphone-17-17-pro-16-pro-de","47":"pa_model-iphone-air-de","48":"pa_model-iphone-se2-se3-8-7-de","50":"first","51":"instock","52":"taxable","53":"shipping-taxable","54":"purchasable","55":"product-type-variable","56":"has-default-attributes","57":"rtwpvs-product"},"acf":[],"taxonomy_info":{"product_cat":[{"value":961,"label":"Apple\u2122"},{"value":2195,"label":"iPhone 12\/12 pro"},{"value":2665,"label":"iPhone 13 mini"},{"value":3350,"label":"iPhone 14 plus\/13 pro max"},{"value":2933,"label":"iPhone 14 pro"},{"value":2934,"label":"iPhone 14 pro max"},{"value":3351,"label":"iPhone 14\/13\/13 pro"},{"value":3684,"label":"iPhone 15"},{"value":3681,"label":"iPhone 15 plus"},{"value":3682,"label":"iPhone 15 pro"},{"value":3683,"label":"iPhone 15 pro max"},{"value":3473,"label":"iPhone 16"},{"value":3470,"label":"iPhone 16 plus"},{"value":3472,"label":"iPhone 16 pro max"},{"value":3680,"label":"iPhone 16e"},{"value":3772,"label":"iPhone 17 pro max"},{"value":3838,"label":"iPhone 17\/17 pro\/16 pro"},{"value":3774,"label":"iPhone air"},{"value":2926,"label":"iPhone SE2\/SE3\/8\/7"}],"product_tag":[{"value":1686,"label":"Handy"}],"pa_model":[{"value":2252,"label":"iPhone 11 pro"},{"value":2253,"label":"iPhone 11\/XR"},{"value":2254,"label":"iPhone 12 mini"},{"value":2329,"label":"iPhone 12 pro max"},{"value":2255,"label":"iPhone 12\/12 pro"},{"value":2647,"label":"iPhone 13 mini"},{"value":3043,"label":"iPhone 14 plus\/13 pro max"},{"value":2910,"label":"iPhone 14 pro"},{"value":2911,"label":"iPhone 14 pro max"},{"value":3041,"label":"iPhone 14\/13\/13 pro"},{"value":3146,"label":"iPhone 15"},{"value":3140,"label":"iPhone 15 plus"},{"value":3142,"label":"iPhone 15 pro"},{"value":3144,"label":"iPhone 15 pro max"},{"value":3483,"label":"iPhone 16"},{"value":3480,"label":"iPhone 16 plus"},{"value":3482,"label":"iPhone 16 pro max"},{"value":3888,"label":"iPhone 16e\/17e"},{"value":3804,"label":"iPhone 17 pro max"},{"value":3836,"label":"iPhone 17\/17 pro\/16 pro"},{"value":3795,"label":"iPhone air"},{"value":3037,"label":"iPhone SE2\/SE3\/8\/7"}]},"featured_image_src_large":["https:\/\/www.brandit-protection.com\/wp-content\/uploads\/displayschutz_folie_glas_klar_fuer_iphone_6_6s_7_8_x_10_01a-1024x1024.jpg",1024,1024,true],"author_info":[],"comment_info":"","_links":{"self":[{"href":"https:\/\/www.brandit-protection.com\/de\/wp-json\/wp\/v2\/product\/146798","targetHints":{"allow":["GET"]}}],"collection":[{"href":"https:\/\/www.brandit-protection.com\/de\/wp-json\/wp\/v2\/product"}],"about":[{"href":"https:\/\/www.brandit-protection.com\/de\/wp-json\/wp\/v2\/types\/product"}],"wp:featuredmedia":[{"embeddable":true,"href":"https:\/\/www.brandit-protection.com\/de\/wp-json\/wp\/v2\/media\/136902"}],"wp:attachment":[{"href":"https:\/\/www.brandit-protection.com\/de\/wp-json\/wp\/v2\/media?parent=146798"}],"wp:term":[{"taxonomy":"product_brand","embeddable":true,"href":"https:\/\/www.brandit-protection.com\/de\/wp-json\/wp\/v2\/product_brand?post=146798"},{"taxonomy":"product_cat","embeddable":true,"href":"https:\/\/www.brandit-protection.com\/de\/wp-json\/wp\/v2\/product_cat?post=146798"},{"taxonomy":"product_tag","embeddable":true,"href":"https:\/\/www.brandit-protection.com\/de\/wp-json\/wp\/v2\/product_tag?post=146798"},{"taxonomy":"product_faqs","embeddable":true,"href":"https:\/\/www.brandit-protection.com\/de\/wp-json\/wp\/v2\/product_faqs?post=146798"}],"curies":[{"name":"wp","href":"https:\/\/api.w.org\/{rel}","templated":true}]}}