{"id":146826,"date":"2020-07-22T21:38:02","date_gmt":"2020-07-22T20:38:02","guid":{"rendered":"https:\/\/www.brandit-protection.com\/shop\/flamingo-handy-flip-hulle-mit-kreditkartenfach\/"},"modified":"2022-12-09T09:00:57","modified_gmt":"2022-12-09T08:00:57","slug":"flamingo-flipcase-handyhulle-mit-kartenfach","status":"publish","type":"product","link":"https:\/\/www.brandit-protection.com\/de\/shop\/flamingo-flipcase-handyhulle-mit-kartenfach\/","title":{"rendered":"Wallet Flip Handyh\u00fclle mit Kartenfach"},"content":{"rendered":"","protected":false},"excerpt":{"rendered":"Das Flamingo Wallet Flip Case vereint die praktischen Funktionen eines Kartengeldbeutels mit einer eleganten Handy Schutzh\u00fclle aus nachhaltigem Kunstleder. Dieser Doppelnutzen macht es zu einer besonders beliebten Schutzh\u00fclle bei Unternehmenskunden. Diese H\u00fclle sch\u00fctzt das Handy von allen Seiten und in geschlossenem Zustand sogar das Display. Die Oberfl\u00e4che wird im digitalen UV-Druckverfahren wahlweise mit Ihrem Logo oder vollfl\u00e4chigen Grafiken bedruckt.","protected":false},"featured_media":144990,"template":"","meta":{"_kad_blocks_custom_css":"","_kad_blocks_head_custom_js":"","_kad_blocks_body_custom_js":"","_kad_blocks_footer_custom_js":""},"product_brand":[],"product_cat":[961,2923,2933,3684,3682,3473,3471,3680,3773,3771,2926],"product_tag":[1286,1686,1285],"product_faqs":[1954,1959,1964,1966,1969,1970,1975,1977],"class_list":{"0":"post-146826","1":"product","2":"type-product","3":"status-publish","4":"has-post-thumbnail","6":"product_cat-apple-de","7":"product_cat-iphone-14-de","8":"product_cat-iphone-14-pro-de","9":"product_cat-iphone-15-de-2","10":"product_cat-iphone-15-pro-de-2","11":"product_cat-iphone-16-de","12":"product_cat-iphone-16-pro-de","13":"product_cat-iphone-16e-de","14":"product_cat-iphone-17-de","15":"product_cat-iphone-17-pro-de","16":"product_cat-iphone-se2-se3-8-7-de","17":"product_tag-buro-einsatz","18":"product_tag-handy","19":"product_tag-tagliche-benutzung","20":"product_shipping_class-phone-cases-de","21":"pa_color-schwarz","22":"pa_model-iphone-14-de","23":"pa_model-iphone-14-pro-de","24":"pa_model-iphone-15-de","25":"pa_model-iphone-15-pro-de","26":"pa_model-iphone-16-de","27":"pa_model-iphone-16-pro-de","28":"pa_model-iphone-16e-17e","29":"pa_model-iphone-17-de","30":"pa_model-iphone-17-pro-de","31":"pa_model-iphone-se2-se3-8-7-de","32":"pa_personalization-custom-logo-printing-de","33":"pa_personalization-cases-without-logo-de","34":"pa_personalization-fullsize-image-printing-de","35":"product_faqs-faq-1a-de","36":"product_faqs-faq-2-de","37":"product_faqs-faq-4-de-2","38":"product_faqs-faq-5-de","39":"product_faqs-faq-6-de-2","40":"product_faqs-faq-7a-de-2","41":"product_faqs-faq-8-de","42":"product_faqs-faq-9-de","44":"first","45":"instock","46":"taxable","47":"shipping-taxable","48":"purchasable","49":"product-type-variable","50":"has-default-attributes","51":"rtwpvs-product"},"acf":[],"taxonomy_info":{"product_cat":[{"value":961,"label":"Apple\u2122"},{"value":2923,"label":"iPhone 14"},{"value":2933,"label":"iPhone 14 pro"},{"value":3684,"label":"iPhone 15"},{"value":3682,"label":"iPhone 15 pro"},{"value":3473,"label":"iPhone 16"},{"value":3471,"label":"iPhone 16 pro"},{"value":3680,"label":"iPhone 16e"},{"value":3773,"label":"iPhone 17"},{"value":3771,"label":"iPhone 17 pro"},{"value":2926,"label":"iPhone SE2\/SE3\/8\/7"}],"product_tag":[{"value":1286,"label":"B\u00fcro Einsatz"},{"value":1686,"label":"Handy"},{"value":1285,"label":"T\u00e4gliche Benutzung"}],"pa_color":[{"value":1028,"label":"schwarz"}],"pa_model":[{"value":2912,"label":"iPhone 14"},{"value":2910,"label":"iPhone 14 pro"},{"value":3146,"label":"iPhone 15"},{"value":3142,"label":"iPhone 15 pro"},{"value":3483,"label":"iPhone 16"},{"value":3481,"label":"iPhone 16 pro"},{"value":3888,"label":"iPhone 16e\/17e"},{"value":3799,"label":"iPhone 17"},{"value":3801,"label":"iPhone 17 pro"},{"value":3037,"label":"iPhone SE2\/SE3\/8\/7"}],"pa_personalization":[{"value":1532,"label":"Eigenes Logo (max. 1\/3 der Fl\u00e4che)"},{"value":869,"label":"H\u00fcllen ohne Logo"},{"value":680,"label":"Vollfl\u00e4chige Grafik und Fotos"}],"product_faqs":[{"value":1954,"label":"FAQ 1a"},{"value":1959,"label":"FAQ 2"},{"value":1964,"label":"FAQ 4"},{"value":1966,"label":"FAQ 5"},{"value":1969,"label":"FAQ 6"},{"value":1970,"label":"FAQ 7a"},{"value":1975,"label":"FAQ 8"},{"value":1977,"label":"FAQ 9"}]},"featured_image_src_large":["https:\/\/www.brandit-protection.com\/wp-content\/uploads\/brandit-handy-phone-wallet-flip-case-flamingo-logo-1.jpg",866,838,false],"author_info":[],"comment_info":"","_links":{"self":[{"href":"https:\/\/www.brandit-protection.com\/de\/wp-json\/wp\/v2\/product\/146826","targetHints":{"allow":["GET"]}}],"collection":[{"href":"https:\/\/www.brandit-protection.com\/de\/wp-json\/wp\/v2\/product"}],"about":[{"href":"https:\/\/www.brandit-protection.com\/de\/wp-json\/wp\/v2\/types\/product"}],"wp:featuredmedia":[{"embeddable":true,"href":"https:\/\/www.brandit-protection.com\/de\/wp-json\/wp\/v2\/media\/144990"}],"wp:attachment":[{"href":"https:\/\/www.brandit-protection.com\/de\/wp-json\/wp\/v2\/media?parent=146826"}],"wp:term":[{"taxonomy":"product_brand","embeddable":true,"href":"https:\/\/www.brandit-protection.com\/de\/wp-json\/wp\/v2\/product_brand?post=146826"},{"taxonomy":"product_cat","embeddable":true,"href":"https:\/\/www.brandit-protection.com\/de\/wp-json\/wp\/v2\/product_cat?post=146826"},{"taxonomy":"product_tag","embeddable":true,"href":"https:\/\/www.brandit-protection.com\/de\/wp-json\/wp\/v2\/product_tag?post=146826"},{"taxonomy":"product_faqs","embeddable":true,"href":"https:\/\/www.brandit-protection.com\/de\/wp-json\/wp\/v2\/product_faqs?post=146826"}],"curies":[{"name":"wp","href":"https:\/\/api.w.org\/{rel}","templated":true}]}}