{"id":146945,"date":"2020-07-22T21:37:57","date_gmt":"2020-07-22T20:37:57","guid":{"rendered":"https:\/\/www.brandit-protection.com\/shop\/protect-it-tough-tablet-hulle-mit-handschlaufe\/"},"modified":"2024-07-03T09:16:30","modified_gmt":"2024-07-03T08:16:30","slug":"protect-it-tough-tablet-hulle-mit-handschlaufe","status":"publish","type":"product","link":"https:\/\/www.brandit-protection.com\/de\/shop\/protect-it-tough-tablet-hulle-mit-handschlaufe\/","title":{"rendered":"Robuste Tablet-H\u00fclle mit Handschlaufe f\u00fcr iPad \u2122 &#038; Galaxy Tab \u2122"},"content":{"rendered":"","protected":false},"excerpt":{"rendered":"Das Protect.it Tough Case mit Handschlaufe, Pancil Halterung und Aufstellfunktion eignet sich besonders f\u00fcr den Einsatz in rauer Umgebung wie Logistik, Field Service, Kundendienst oder Baustelle. Es bietet erh\u00f6hten Schutz gegen St\u00f6\u00dfe und Staub. Diese Tablet H\u00fclle besitzt des Weiteren einen Standfu\u00df. Der Logo Druck 2c ist nur auf der Handschlaufe m\u00f6glich.","protected":false},"featured_media":180121,"template":"","meta":{"_kad_blocks_custom_css":"","_kad_blocks_head_custom_js":"","_kad_blocks_body_custom_js":"","_kad_blocks_footer_custom_js":""},"product_brand":[],"product_cat":[961,3321,3659,2145,3660,3665],"product_tag":[1318,1319,1320,1586,1321,1323,1687,1322],"product_faqs":[1954,1959,1966,1969,1975,1977],"class_list":{"0":"post-146945","1":"product","2":"type-product","3":"status-publish","4":"has-post-thumbnail","6":"product_cat-apple-de","7":"product_cat-ipad-10-2-7-8-generation-2019-2020-pro-10-5-air-10-5-de","8":"product_cat-ipad-10-9-11-10-gen-2022-11-gen-2025-de","9":"product_cat-ipad-9-7-5-6-generation-2017-2018","10":"product_cat-ipad-air4-5-10-9-air6-11-2024-2025-pro-11","11":"product_cat-ipad-pro-12-9-de-3","12":"product_tag-baustelle","13":"product_tag-events-de","14":"product_tag-gastronomie","15":"product_tag-kfz-werkstatt-de","16":"product_tag-outdoor-de","17":"product_tag-rauher-einsatz","18":"product_tag-tablet-de","19":"product_tag-umfragen","20":"product_shipping_class-tablets-protect-it-learn-it-de","21":"pa_color-schwarz","22":"pa_model-ipad-10-2-7-8-generation-2019-2020-pro-10-5-air-10-5-de","23":"pa_model-ipad-10-9-11-10-gen-2022-11-gen-2025-de","24":"pa_model-ipad-9-7-5-6-generation-2017-2018-de","25":"pa_model-ipad-air4-5-10-9-air6-11-2024-2025-pro-11-de","26":"pa_model-ipad-ipad-air-13-de","27":"pa_personalization-custom-logo-printing-de","28":"pa_personalization-cases-without-logo-de","29":"product_faqs-faq-1a-de","30":"product_faqs-faq-2-de","31":"product_faqs-faq-5-de","32":"product_faqs-faq-6-de-2","33":"product_faqs-faq-8-de","34":"product_faqs-faq-9-de","36":"first","37":"instock","38":"taxable","39":"shipping-taxable","40":"purchasable","41":"product-type-variable","42":"has-default-attributes","43":"rtwpvs-product"},"acf":[],"taxonomy_info":{"product_cat":[{"value":961,"label":"Apple\u2122"},{"value":3321,"label":"iPad 10.2 (7\/8 Generation 2019\/2020)\/Pro 10.5\/Air 10.5"},{"value":3659,"label":"iPad 10.9\/11 (10 Gen 2022\/11 Gen 2025)"},{"value":2145,"label":"iPad 9.7 (5\/6 Generation 2017\/2018)"},{"value":3660,"label":"iPad Air4\/5 10.9 + Air6 11 (2024\/2025)+ Pro 11"},{"value":3665,"label":"iPad Pro 12.9"}],"product_tag":[{"value":1318,"label":"Baustelle"},{"value":1319,"label":"Events"},{"value":1320,"label":"Gastronomie"},{"value":1586,"label":"KFZ Werkstatt"},{"value":1321,"label":"Outdoor"},{"value":1323,"label":"Rauher Einsatz"},{"value":1687,"label":"Tablet"},{"value":1322,"label":"Umfragen"}],"pa_color":[{"value":1028,"label":"schwarz"}],"pa_model":[{"value":2229,"label":"iPad 10.2 (7\/8 Generation 2019\/2020)\/Pro 10.5\/Air 10.5"},{"value":3619,"label":"iPad 10.9\/11 (10 Gen 2022\/11 Gen 2025)"},{"value":2230,"label":"iPad 9.7 (5\/6 Generation 2017\/2018)"},{"value":3621,"label":"iPad Air4\/5 10.9 + Air6 11 (2024\/2025)+ Pro 11"},{"value":3637,"label":"iPad iPad Air 13"}],"pa_personalization":[{"value":1532,"label":"Eigenes Logo (max. 1\/3 der Fl\u00e4che)"},{"value":869,"label":"H\u00fcllen ohne Logo"}],"product_faqs":[{"value":1954,"label":"FAQ 1a"},{"value":1959,"label":"FAQ 2"},{"value":1966,"label":"FAQ 5"},{"value":1969,"label":"FAQ 6"},{"value":1975,"label":"FAQ 8"},{"value":1977,"label":"FAQ 9"}]},"featured_image_src_large":["https:\/\/www.brandit-protection.com\/wp-content\/uploads\/protect-it-tough-tablet-case-for-brandable-for-companies-1-1024x1024.jpg",1024,1024,true],"author_info":[],"comment_info":"","_links":{"self":[{"href":"https:\/\/www.brandit-protection.com\/de\/wp-json\/wp\/v2\/product\/146945","targetHints":{"allow":["GET"]}}],"collection":[{"href":"https:\/\/www.brandit-protection.com\/de\/wp-json\/wp\/v2\/product"}],"about":[{"href":"https:\/\/www.brandit-protection.com\/de\/wp-json\/wp\/v2\/types\/product"}],"wp:featuredmedia":[{"embeddable":true,"href":"https:\/\/www.brandit-protection.com\/de\/wp-json\/wp\/v2\/media\/180121"}],"wp:attachment":[{"href":"https:\/\/www.brandit-protection.com\/de\/wp-json\/wp\/v2\/media?parent=146945"}],"wp:term":[{"taxonomy":"product_brand","embeddable":true,"href":"https:\/\/www.brandit-protection.com\/de\/wp-json\/wp\/v2\/product_brand?post=146945"},{"taxonomy":"product_cat","embeddable":true,"href":"https:\/\/www.brandit-protection.com\/de\/wp-json\/wp\/v2\/product_cat?post=146945"},{"taxonomy":"product_tag","embeddable":true,"href":"https:\/\/www.brandit-protection.com\/de\/wp-json\/wp\/v2\/product_tag?post=146945"},{"taxonomy":"product_faqs","embeddable":true,"href":"https:\/\/www.brandit-protection.com\/de\/wp-json\/wp\/v2\/product_faqs?post=146945"}],"curies":[{"name":"wp","href":"https:\/\/api.w.org\/{rel}","templated":true}]}}