{"id":146961,"date":"2020-07-22T21:37:54","date_gmt":"2020-07-22T20:37:54","guid":{"rendered":"https:\/\/www.brandit-protection.com\/shop\/fold-it-basic-tablet-hulle\/"},"modified":"2024-07-03T09:16:42","modified_gmt":"2024-07-03T08:16:42","slug":"fold-it-ipad-schutzhulle","status":"publish","type":"product","link":"https:\/\/www.brandit-protection.com\/de\/shop\/fold-it-ipad-schutzhulle\/","title":{"rendered":"iPad \u2122 Schutzh\u00fclle mit Stand"},"content":{"rendered":"","protected":false},"excerpt":{"rendered":"Das Fold.it Smart Case eignet sich hervorragend als Give-Away oder Werbeartikel und ist f\u00fcr alle g\u00e4ngigen iPad\u2122 Modelle erh\u00e4ltlich. Besondere Eigenschaften sind eine Aufstellfunktion in zwei verschiedenen Winkeln und eine Sleep\/Wake Funktion. Diese Schutzh\u00fclle vereint Qualit\u00e4t und einen g\u00fcnstigen Preis. Die Oberfl\u00e4che ist aus Polyurethan (PU) und die R\u00fcckseite aus flexiblem TPU Material, um das Tablet zu sch\u00fctzen. Dieses Case wurde speziell f\u00fcr das UV-Druckverfahren mit vollfl\u00e4chigen Grafiken oder Logos optimiert.\r\n\r\nGepr\u00fcft auf Schadstoffe von einem unabh\u00e4ngigen, akkreditierten Pr\u00fcfinstitut in Deutschland. <a href=\"https:\/\/www.labtech-gmbh.de\/18-schadstoffpruefung\/218-schadstoffgeprueft-173975.html\" target=\"_blank\" rel=\"noopener\">Zum Testergebnis.<\/a>","protected":false},"featured_media":178683,"template":"","meta":{"_kad_blocks_custom_css":"","_kad_blocks_head_custom_js":"","_kad_blocks_body_custom_js":"","_kad_blocks_footer_custom_js":""},"product_brand":[],"product_cat":[961,2661,3659,2154,3663,2174,2664,3666,3327,3668,3678],"product_tag":[1687,1287],"product_faqs":[1954,1959,1966,1969,1975,1977],"class_list":{"0":"post-146961","1":"product","2":"type-product","3":"status-publish","4":"has-post-thumbnail","6":"product_cat-apple-de","7":"product_cat-ipad-10-2-7-8-9-generation-2019-2020-2021-de","8":"product_cat-ipad-10-9-11-10-gen-2022-11-gen-2025-de","9":"product_cat-ipad-air-10-5-2019-de","10":"product_cat-ipad-air-10-9-2020-2022-air6-11-2024-2025-de","11":"product_cat-ipad-mini-5-7-9-de","12":"product_cat-ipad-mini-6-8-3-2021-de","13":"product_cat-ipad-pro-11-de-2","14":"product_cat-ipad-pro-11-2021-2022-de","15":"product_cat-ipad-pro-12-9-2021-2022-air6-13-2024-2025-de-2","16":"product_cat-ipad-pro-13","17":"product_tag-tablet-de","18":"product_tag-werbeartikel","19":"product_shipping_class-tablets-fold-it-display-de","20":"pa_color-schwarz","21":"pa_model-ipad-10-2-7-8-9-generation-2019-2020-2021-de","22":"pa_model-ipad-10-9-11-10-gen-2022-11-gen-2025-de","23":"pa_model-ipad-air-10-9-2020-2022-air6-11-2024-2025-de","24":"pa_model-ipad-mini-6-8-3-2021-de","25":"pa_model-ipad-pro-11-de","26":"pa_model-ipad-pro-11-2021-de","27":"pa_model-ipad-pro-12-9-2021-2022-air6-13-2024-2025-de-2","28":"pa_model-ipad-pro-13-de","29":"pa_personalization-custom-logo-printing-de","30":"pa_personalization-cases-without-logo-de","31":"pa_personalization-fullsize-image-printing-de","32":"product_faqs-faq-1a-de","33":"product_faqs-faq-2-de","34":"product_faqs-faq-5-de","35":"product_faqs-faq-6-de-2","36":"product_faqs-faq-8-de","37":"product_faqs-faq-9-de","39":"first","40":"instock","41":"taxable","42":"shipping-taxable","43":"purchasable","44":"product-type-variable","45":"has-default-attributes","46":"rtwpvs-product"},"acf":[],"taxonomy_info":{"product_cat":[{"value":961,"label":"Apple\u2122"},{"value":2661,"label":"iPad 10.2 (7\/8\/9 Generation 2019\/2020\/2021)"},{"value":3659,"label":"iPad 10.9\/11 (10 Gen 2022\/11 Gen 2025)"},{"value":2154,"label":"iPad Air 10.5 (2019)"},{"value":3663,"label":"iPad Air 10.9 (2020\/2022) \/ Air6 11 (2024\/2025)"},{"value":2174,"label":"iPad mini 5 7.9"},{"value":2664,"label":"iPad mini 6 8.3 (2021)"},{"value":3666,"label":"iPad Pro 11"},{"value":3327,"label":"iPad Pro 11 (2021\/2022)"},{"value":3668,"label":"iPad Pro 12.9 (2021\/2022) \/ Air6 13 (2024\/2025)"},{"value":3678,"label":"iPad Pro 13"}],"product_tag":[{"value":1687,"label":"Tablet"},{"value":1287,"label":"Werbeartikel"}],"pa_color":[{"value":1028,"label":"schwarz"}],"pa_model":[{"value":2643,"label":"iPad 10.2 (7\/8\/9 Generation 2019\/2020\/2021)"},{"value":3619,"label":"iPad 10.9\/11 (10 Gen 2022\/11 Gen 2025)"},{"value":3628,"label":"iPad Air 10.9 (2020\/2022) \/ Air6 11 (2024\/2025)"},{"value":2646,"label":"iPad mini 6 8.3 (2021)"},{"value":3629,"label":"iPad Pro 11"},{"value":2644,"label":"iPad Pro 11 (2021\/2022)"},{"value":3633,"label":"iPad Pro 12.9 (2021\/2022) \/ Air6 13 (2024\/2025)"},{"value":3635,"label":"iPad Pro 13"}],"pa_personalization":[{"value":1532,"label":"Eigenes Logo (max. 1\/3 der Fl\u00e4che)"},{"value":869,"label":"H\u00fcllen ohne Logo"},{"value":680,"label":"Vollfl\u00e4chige Grafik und Fotos"}],"product_faqs":[{"value":1954,"label":"FAQ 1a"},{"value":1959,"label":"FAQ 2"},{"value":1966,"label":"FAQ 5"},{"value":1969,"label":"FAQ 6"},{"value":1975,"label":"FAQ 8"},{"value":1977,"label":"FAQ 9"}]},"featured_image_src_large":["https:\/\/www.brandit-protection.com\/wp-content\/uploads\/fold-it-ipad-case-companies-b2b-customizable-certified-1024x1024.jpg",1024,1024,true],"author_info":[],"comment_info":"","_links":{"self":[{"href":"https:\/\/www.brandit-protection.com\/de\/wp-json\/wp\/v2\/product\/146961","targetHints":{"allow":["GET"]}}],"collection":[{"href":"https:\/\/www.brandit-protection.com\/de\/wp-json\/wp\/v2\/product"}],"about":[{"href":"https:\/\/www.brandit-protection.com\/de\/wp-json\/wp\/v2\/types\/product"}],"wp:featuredmedia":[{"embeddable":true,"href":"https:\/\/www.brandit-protection.com\/de\/wp-json\/wp\/v2\/media\/178683"}],"wp:attachment":[{"href":"https:\/\/www.brandit-protection.com\/de\/wp-json\/wp\/v2\/media?parent=146961"}],"wp:term":[{"taxonomy":"product_brand","embeddable":true,"href":"https:\/\/www.brandit-protection.com\/de\/wp-json\/wp\/v2\/product_brand?post=146961"},{"taxonomy":"product_cat","embeddable":true,"href":"https:\/\/www.brandit-protection.com\/de\/wp-json\/wp\/v2\/product_cat?post=146961"},{"taxonomy":"product_tag","embeddable":true,"href":"https:\/\/www.brandit-protection.com\/de\/wp-json\/wp\/v2\/product_tag?post=146961"},{"taxonomy":"product_faqs","embeddable":true,"href":"https:\/\/www.brandit-protection.com\/de\/wp-json\/wp\/v2\/product_faqs?post=146961"}],"curies":[{"name":"wp","href":"https:\/\/api.w.org\/{rel}","templated":true}]}}