{"id":147426,"date":"2020-07-22T21:38:00","date_gmt":"2020-07-22T20:38:00","guid":{"rendered":"https:\/\/www.brandit-protection.com\/shop\/parrot-handykette-handyhule-mit-kordel\/"},"modified":"2022-12-07T18:03:51","modified_gmt":"2022-12-07T17:03:51","slug":"parrot-handykette-handyhulle-mit-kordel","status":"publish","type":"product","link":"https:\/\/www.brandit-protection.com\/de\/shop\/parrot-handykette-handyhulle-mit-kordel\/","title":{"rendered":"Handykette Handyh\u00fclle mit Kordel"},"content":{"rendered":"","protected":false},"excerpt":{"rendered":"Diese Handyh\u00fclle mit Kordel ist einfach genial. Die H\u00fclle dient als Handykette, sodass das Handy einfach um den Hals geh\u00e4ngt wird, und somit immer griffbereit ist. Ideal f\u00fcr Messen, Promotion, im B\u00fcro oder im Alltag. Die transparente Handyh\u00fclle kann im UV Digitaldruck vollfl\u00e4chig bedruckt werden. Zahlreiche Kordel Farben stehen bereits ab kleineren Bestellmengen zur Auswahl.","protected":false},"featured_media":145005,"template":"","meta":{"_kad_blocks_custom_css":"","_kad_blocks_head_custom_js":"","_kad_blocks_body_custom_js":"","_kad_blocks_footer_custom_js":""},"product_brand":[],"product_cat":[961,3362,3363,3702,3365,3367,3703,2798,2796,3375,3373,3381,3379,3706,3705,2186,2182,2195,2668,2665,2666,2667,2923,2932,2933,2934,3214,3215,3216,3217,3473,3470,3471,3472,3680,3773,3771,3772,3774,2926,1575],"product_tag":[1320,1686,1287],"product_faqs":[1954,1959,1964,1966,1969,1970,1975,1977],"class_list":{"0":"post-147426","1":"product","2":"type-product","3":"status-publish","4":"has-post-thumbnail","6":"product_cat-apple-de","7":"product_cat-galaxy-a34-5g-2023-de","8":"product_cat-galaxy-a35-5g-2024-de","9":"product_cat-galaxy-a36-5g-2025-de","10":"product_cat-galaxy-a54-5g-2023-de","11":"product_cat-galaxy-a55-5g-2024-de","12":"product_cat-galaxy-a56-5g-2025-de","13":"product_cat-galaxy-s22-de","14":"product_cat-galaxy-s22-plus-de","15":"product_cat-galaxy-s23-de-2","16":"product_cat-galaxy-s23-de","17":"product_cat-galaxy-s24-de-2","18":"product_cat-galaxy-s24-de","19":"product_cat-galaxy-s25-de-2","20":"product_cat-galaxy-s25-de","21":"product_cat-iphone-11-de","22":"product_cat-iphone-11-pro-de","23":"product_cat-iphone-12-12-pro-de","24":"product_cat-iphone-13-de","25":"product_cat-iphone-13-mini-de","26":"product_cat-iphone-13-pro-de","27":"product_cat-iphone-13-pro-max-de","28":"product_cat-iphone-14-de","29":"product_cat-iphone-14-plus-de","30":"product_cat-iphone-14-pro-de","31":"product_cat-iphone-14-pro-max-de","32":"product_cat-iphone-15-de","33":"product_cat-iphone-15-plus-de","34":"product_cat-iphone-15-pro-de","35":"product_cat-iphone-15-pro-max-de","36":"product_cat-iphone-16-de","37":"product_cat-iphone-16-plus-de","38":"product_cat-iphone-16-pro-de","39":"product_cat-iphone-16-pro-max-de","40":"product_cat-iphone-16e-de","41":"product_cat-iphone-17-de","42":"product_cat-iphone-17-pro-de","43":"product_cat-iphone-17-pro-max-de","44":"product_cat-iphone-air-de","45":"product_cat-iphone-se2-se3-8-7-de","46":"product_cat-samsung-de","47":"product_tag-gastronomie","48":"product_tag-handy","49":"product_tag-werbeartikel","50":"product_shipping_class-phone-cases-de","51":"pa_color-transparent-de","52":"pa_model-galaxy-a34-5g-2023-de","53":"pa_model-galaxy-a35-5g-2024-de","54":"pa_model-galaxy-a36-5g-2025-de","55":"pa_model-galaxy-a37-5g-2026","56":"pa_model-galaxy-a54-5g-2023-de","57":"pa_model-galaxy-a55-5g-2024-de","58":"pa_model-galaxy-a56-5g-2025-de","59":"pa_model-galaxy-a57-5g-2026","60":"pa_model-galaxy-s23-de","61":"pa_model-galaxy-s23-plus-de","62":"pa_model-galaxy-s24-de-2","63":"pa_model-galaxy-s24-de","64":"pa_model-galaxy-s25-de-2","65":"pa_model-galaxy-s25-de","66":"pa_model-galaxy-s26-2","67":"pa_model-galaxy-s26","68":"pa_model-iphone-13-de","69":"pa_model-iphone-13-mini-de","70":"pa_model-iphone-13-pro-de","71":"pa_model-iphone-13-pro-max-de","72":"pa_model-iphone-14-de","73":"pa_model-iphone-14-plus-de","74":"pa_model-iphone-14-pro-de","75":"pa_model-iphone-14-pro-max-de","76":"pa_model-iphone-15-de","77":"pa_model-iphone-15-plus-de","78":"pa_model-iphone-15-pro-de","79":"pa_model-iphone-15-pro-max-de","80":"pa_model-iphone-16-de","81":"pa_model-iphone-16-plus-de","82":"pa_model-iphone-16-pro-de","83":"pa_model-iphone-16-pro-max-de","84":"pa_model-iphone-16e-17e","85":"pa_model-iphone-17-de","86":"pa_model-iphone-17-pro-de","87":"pa_model-iphone-17-pro-max-de","88":"pa_model-iphone-air-de","89":"pa_model-iphone-se2-se3-8-7-de","90":"pa_personalization-custom-logo-printing-de","91":"pa_personalization-cases-without-logo-de","92":"pa_personalization-fullsize-image-printing-de","93":"product_faqs-faq-1a-de","94":"product_faqs-faq-2-de","95":"product_faqs-faq-4-de-2","96":"product_faqs-faq-5-de","97":"product_faqs-faq-6-de-2","98":"product_faqs-faq-7a-de-2","99":"product_faqs-faq-8-de","100":"product_faqs-faq-9-de","102":"first","103":"instock","104":"taxable","105":"shipping-taxable","106":"purchasable","107":"product-type-variable","108":"has-default-attributes","109":"rtwpvs-product"},"acf":[],"taxonomy_info":{"product_cat":[{"value":961,"label":"Apple\u2122"},{"value":3362,"label":"Galaxy A34 5G (2023)"},{"value":3363,"label":"Galaxy A35 5G (2024)"},{"value":3702,"label":"Galaxy A36 5G (2025)"},{"value":3365,"label":"Galaxy A54 5G (2023)"},{"value":3367,"label":"Galaxy A55 5G (2024)"},{"value":3703,"label":"Galaxy A56 5G (2025)"},{"value":2798,"label":"Galaxy S22"},{"value":2796,"label":"Galaxy S22+"},{"value":3375,"label":"Galaxy S23"},{"value":3373,"label":"Galaxy S23+"},{"value":3381,"label":"Galaxy S24"},{"value":3379,"label":"Galaxy S24+"},{"value":3706,"label":"Galaxy S25"},{"value":3705,"label":"Galaxy S25+"},{"value":2186,"label":"iPhone 11"},{"value":2182,"label":"iPhone 11 pro"},{"value":2195,"label":"iPhone 12\/12 pro"},{"value":2668,"label":"iPhone 13"},{"value":2665,"label":"iPhone 13 mini"},{"value":2666,"label":"iPhone 13 pro"},{"value":2667,"label":"iPhone 13 pro max"},{"value":2923,"label":"iPhone 14"},{"value":2932,"label":"iPhone 14 plus"},{"value":2933,"label":"iPhone 14 pro"},{"value":2934,"label":"iPhone 14 pro max"},{"value":3214,"label":"iPhone 15"},{"value":3215,"label":"iPhone 15 plus"},{"value":3216,"label":"iPhone 15 pro"},{"value":3217,"label":"iPhone 15 pro max"},{"value":3473,"label":"iPhone 16"},{"value":3470,"label":"iPhone 16 plus"},{"value":3471,"label":"iPhone 16 pro"},{"value":3472,"label":"iPhone 16 pro max"},{"value":3680,"label":"iPhone 16e"},{"value":3773,"label":"iPhone 17"},{"value":3771,"label":"iPhone 17 pro"},{"value":3772,"label":"iPhone 17 pro max"},{"value":3774,"label":"iPhone air"},{"value":2926,"label":"iPhone SE2\/SE3\/8\/7"},{"value":1575,"label":"Samsung\u2122"}],"product_tag":[{"value":1320,"label":"Gastronomie"},{"value":1686,"label":"Handy"},{"value":1287,"label":"Werbeartikel"}],"pa_color":[{"value":1032,"label":"transparent"}],"pa_model":[{"value":3268,"label":"Galaxy A34 5G (2023)"},{"value":3269,"label":"Galaxy A35 5G (2024)"},{"value":3603,"label":"Galaxy A36 5G (2025)"},{"value":3894,"label":"Galaxy A37 5G (2026)"},{"value":3272,"label":"Galaxy A54 5G (2023)"},{"value":3273,"label":"Galaxy A55 5G (2024)"},{"value":3605,"label":"Galaxy A56 5G (2025)"},{"value":3896,"label":"Galaxy A57 5G (2026)"},{"value":3063,"label":"Galaxy S23"},{"value":3062,"label":"Galaxy S23+"},{"value":3281,"label":"Galaxy S24"},{"value":3280,"label":"Galaxy S24+"},{"value":3610,"label":"Galaxy S25"},{"value":3609,"label":"Galaxy S25+"},{"value":3879,"label":"Galaxy S26"},{"value":3878,"label":"Galaxy S26+"},{"value":2650,"label":"iPhone 13"},{"value":2647,"label":"iPhone 13 mini"},{"value":2648,"label":"iPhone 13 pro"},{"value":2649,"label":"iPhone 13 pro max"},{"value":2912,"label":"iPhone 14"},{"value":2909,"label":"iPhone 14 plus"},{"value":2910,"label":"iPhone 14 pro"},{"value":2911,"label":"iPhone 14 pro max"},{"value":3146,"label":"iPhone 15"},{"value":3140,"label":"iPhone 15 plus"},{"value":3142,"label":"iPhone 15 pro"},{"value":3144,"label":"iPhone 15 pro max"},{"value":3483,"label":"iPhone 16"},{"value":3480,"label":"iPhone 16 plus"},{"value":3481,"label":"iPhone 16 pro"},{"value":3482,"label":"iPhone 16 pro max"},{"value":3888,"label":"iPhone 16e\/17e"},{"value":3799,"label":"iPhone 17"},{"value":3801,"label":"iPhone 17 pro"},{"value":3804,"label":"iPhone 17 pro max"},{"value":3795,"label":"iPhone air"},{"value":3037,"label":"iPhone SE2\/SE3\/8\/7"}],"pa_personalization":[{"value":1532,"label":"Eigenes Logo (max. 1\/3 der Fl\u00e4che)"},{"value":869,"label":"H\u00fcllen ohne Logo"},{"value":680,"label":"Vollfl\u00e4chige Grafik und Fotos"}],"product_faqs":[{"value":1954,"label":"FAQ 1a"},{"value":1959,"label":"FAQ 2"},{"value":1964,"label":"FAQ 4"},{"value":1966,"label":"FAQ 5"},{"value":1969,"label":"FAQ 6"},{"value":1970,"label":"FAQ 7a"},{"value":1975,"label":"FAQ 8"},{"value":1977,"label":"FAQ 9"}]},"featured_image_src_large":["https:\/\/www.brandit-protection.com\/wp-content\/uploads\/handy-kette-band-necklace-case-huelle-logo-parrot-1-1024x1024.jpg",1024,1024,true],"author_info":[],"comment_info":"","_links":{"self":[{"href":"https:\/\/www.brandit-protection.com\/de\/wp-json\/wp\/v2\/product\/147426","targetHints":{"allow":["GET"]}}],"collection":[{"href":"https:\/\/www.brandit-protection.com\/de\/wp-json\/wp\/v2\/product"}],"about":[{"href":"https:\/\/www.brandit-protection.com\/de\/wp-json\/wp\/v2\/types\/product"}],"wp:featuredmedia":[{"embeddable":true,"href":"https:\/\/www.brandit-protection.com\/de\/wp-json\/wp\/v2\/media\/145005"}],"wp:attachment":[{"href":"https:\/\/www.brandit-protection.com\/de\/wp-json\/wp\/v2\/media?parent=147426"}],"wp:term":[{"taxonomy":"product_brand","embeddable":true,"href":"https:\/\/www.brandit-protection.com\/de\/wp-json\/wp\/v2\/product_brand?post=147426"},{"taxonomy":"product_cat","embeddable":true,"href":"https:\/\/www.brandit-protection.com\/de\/wp-json\/wp\/v2\/product_cat?post=147426"},{"taxonomy":"product_tag","embeddable":true,"href":"https:\/\/www.brandit-protection.com\/de\/wp-json\/wp\/v2\/product_tag?post=147426"},{"taxonomy":"product_faqs","embeddable":true,"href":"https:\/\/www.brandit-protection.com\/de\/wp-json\/wp\/v2\/product_faqs?post=147426"}],"curies":[{"name":"wp","href":"https:\/\/api.w.org\/{rel}","templated":true}]}}