{"id":151972,"date":"2021-01-26T23:52:55","date_gmt":"2021-01-26T22:52:55","guid":{"rendered":"https:\/\/www.brandit-protection.com\/shop\/fold-it-basic-ipad-hulle-mit-apple-pencil-halterung\/"},"modified":"2024-07-03T09:16:26","modified_gmt":"2024-07-03T08:16:26","slug":"fold-it-basic-ipad-schutzhulle-mit-pencil-halterung","status":"publish","type":"product","link":"https:\/\/www.brandit-protection.com\/de\/shop\/fold-it-basic-ipad-schutzhulle-mit-pencil-halterung\/","title":{"rendered":"Schutzh\u00fclle mit Pencil Halterung f\u00fcr iPad \u2122"},"content":{"rendered":"","protected":false},"excerpt":{"rendered":"Das Fold.it Smart Case wurde speziell f\u00fcr die Bed\u00fcrfnisse von Unternehmenskunden entwickelt und ist f\u00fcr alle g\u00e4ngigen iPad\u2122 Modelle erh\u00e4ltlich. Besondere Eigenschaften sind eine Apple\u2122 Pencil Halterung, Aufstellfunktion in zwei verschiedenen Winkeln, eine Sleep\/Wake Funktion. Die hochwertige Qualit\u00e4t sowie diese praktischen Funktionen machen dieses Case zu einer perfekten Schutzh\u00fclle f\u00fcr den t\u00e4glichen Einsatz im Unternehmen. Die Oberfl\u00e4che ist aus schmutzabweisendem PU\/PC Kunststoff. Dieses Case wurde speziell f\u00fcr das UV-Druckverfahren mit vollfl\u00e4chigen Grafiken oder Logos optimiert.\r\n\r\nGepr\u00fcft auf Schadstoffe von einem unabh\u00e4ngigen, akkreditierten Pr\u00fcfinstitut in Deutschland. <a href=\"https:\/\/www.labtech-gmbh.de\/18-schadstoffpruefung\/218-schadstoffgeprueft-173975.html\" target=\"_blank\" rel=\"noopener\">Zum Testergebnis.<\/a>","protected":false},"featured_media":178680,"template":"","meta":{"_kad_blocks_custom_css":"","_kad_blocks_head_custom_js":"","_kad_blocks_body_custom_js":"","_kad_blocks_footer_custom_js":""},"product_brand":[],"product_cat":[961,3389,3475,3707,3718,3719,2661,3659,2154,3431,2664,3327,3329,3667,3333,1575],"product_tag":[1286,1687,1285],"product_faqs":[1954,1959,1966,1969,1975,1977],"class_list":{"0":"post-151972","1":"product","2":"type-product","3":"status-publish","4":"has-post-thumbnail","6":"product_cat-apple-de","7":"product_cat-galaxy-tab-s7-s8-11-2020-2022-de","8":"product_cat-galaxy-tab-s7-s8-s7-fe-12-4-de","9":"product_cat-galaxy-tab-s8-s9-s10-ultra-14-6-de","10":"product_cat-galaxy-tab-s9-s9-fe-11-de","11":"product_cat-galaxy-tab-s9-s9-fe-s10-12-4-de","12":"product_cat-ipad-10-2-7-8-9-generation-2019-2020-2021-de","13":"product_cat-ipad-10-9-11-10-gen-2022-11-gen-2025-de","14":"product_cat-ipad-air-10-5-2019-de","15":"product_cat-ipad-air-10-9-2020-2022-air6-112024-de","16":"product_cat-ipad-mini-6-8-3-2021-de","17":"product_cat-ipad-pro-11-2021-2022-de","18":"product_cat-ipad-pro-11-2024-de","19":"product_cat-ipad-pro-12-9-2021-2022-air6-13-2024-2025-de","20":"product_cat-ipad-pro-13-2024-de","21":"product_cat-samsung-de","22":"product_tag-buro-einsatz","23":"product_tag-tablet-de","24":"product_tag-tagliche-benutzung","25":"product_shipping_class-tablets-fold-it-display-de","26":"pa_color-schwarz","27":"pa_model-galaxy-tab-a9-a11-8-7-2023-2025","28":"pa_model-galaxy-tab-a9-a11-11-2023-2025","29":"pa_model-galaxy-tab-s11-11-2025","30":"pa_model-galaxy-tab-s11-ultra-14-6-2025","31":"pa_model-galaxy-tab-s7-s8-11-2020-2022-de","32":"pa_model-galaxy-tab-s7-s8-s7-fe-12-4-de","33":"pa_model-galaxy-tab-s8-s9-s10-ultra-14-6-de","34":"pa_model-galaxy-tab-s9-s9-fe-11-de","35":"pa_model-galaxy-tab-s9-s9-fe-s10-12-4-de","36":"pa_model-ipad-10-2-7-8-9-generation-2019-2020-2021-de","37":"pa_model-ipad-10-9-11-10-gen-2022-11-gen-2025-de","38":"pa_model-ipad-air-10-9-2020-2022-air6-112024-de","39":"pa_model-ipad-mini-6-8-3-2021-de","40":"pa_model-ipad-pro-11-2021-de","41":"pa_model-ipad-pro-11-2024-de","42":"pa_model-ipad-pro-12-9-2021-2022-air6-13-2024-2025-de","43":"pa_model-ipad-pro-13-2024-de","44":"pa_personalization-custom-logo-printing-de","45":"pa_personalization-cases-without-logo-de","46":"pa_personalization-fullsize-image-printing-de","47":"product_faqs-faq-1a-de","48":"product_faqs-faq-2-de","49":"product_faqs-faq-5-de","50":"product_faqs-faq-6-de-2","51":"product_faqs-faq-8-de","52":"product_faqs-faq-9-de","54":"first","55":"instock","56":"taxable","57":"shipping-taxable","58":"purchasable","59":"product-type-variable","60":"has-default-attributes","61":"rtwpvs-product"},"acf":[],"taxonomy_info":{"product_cat":[{"value":961,"label":"Apple\u2122"},{"value":3389,"label":"Galaxy Tab S7\/S8 11 (2020\/2022)"},{"value":3475,"label":"Galaxy Tab S7+\/S8+\/S7 FE 12.4"},{"value":3707,"label":"Galaxy Tab S8\/S9\/S10 Ultra 14.6"},{"value":3718,"label":"Galaxy Tab S9\/S9 FE 11"},{"value":3719,"label":"Galaxy Tab S9\/S9+ FE\/S10+ 12.4"},{"value":2661,"label":"iPad 10.2 (7\/8\/9 Generation 2019\/2020\/2021)"},{"value":3659,"label":"iPad 10.9\/11 (10 Gen 2022\/11 Gen 2025)"},{"value":2154,"label":"iPad Air 10.5 (2019)"},{"value":3431,"label":"iPad Air 10.9 (2020\/2022)\/ Air6 11(2024)"},{"value":2664,"label":"iPad mini 6 8.3 (2021)"},{"value":3327,"label":"iPad Pro 11 (2021\/2022)"},{"value":3329,"label":"iPad Pro 11 (2024)"},{"value":3667,"label":"iPad Pro 12.9 (2021\/2022)\/ Air6 13 (2024\/2025)"},{"value":3333,"label":"iPad Pro 13 (2024)"},{"value":1575,"label":"Samsung\u2122"}],"product_tag":[{"value":1286,"label":"B\u00fcro Einsatz"},{"value":1687,"label":"Tablet"},{"value":1285,"label":"T\u00e4gliche Benutzung"}],"pa_color":[{"value":1028,"label":"schwarz"}],"pa_model":[{"value":3905,"label":"Galaxy Tab A9\/A11 8.7 (2023\/2025)"},{"value":3902,"label":"Galaxy Tab A9+\/A11+ 11 (2023\/2025)"},{"value":3906,"label":"Galaxy Tab S11 11 (2025)"},{"value":3909,"label":"Galaxy Tab S11 ultra 14.6 (2025)"},{"value":3289,"label":"Galaxy Tab S7\/S8 11 (2020\/2022)"},{"value":3443,"label":"Galaxy Tab S7+\/S8+\/S7 FE 12.4"},{"value":3613,"label":"Galaxy Tab S8\/S9\/S10 Ultra 14.6"},{"value":3615,"label":"Galaxy Tab S9\/S9 FE 11"},{"value":3617,"label":"Galaxy Tab S9\/S9+ FE\/S10+ 12.4"},{"value":2643,"label":"iPad 10.2 (7\/8\/9 Generation 2019\/2020\/2021)"},{"value":3619,"label":"iPad 10.9\/11 (10 Gen 2022\/11 Gen 2025)"},{"value":3446,"label":"iPad Air 10.9 (2020\/2022)\/ Air6 11(2024)"},{"value":2646,"label":"iPad mini 6 8.3 (2021)"},{"value":2644,"label":"iPad Pro 11 (2021\/2022)"},{"value":3301,"label":"iPad Pro 11 (2024)"},{"value":3631,"label":"iPad Pro 12.9 (2021\/2022)\/ Air6 13 (2024\/2025)"},{"value":3305,"label":"iPad Pro 13 (2024)"}],"pa_personalization":[{"value":1532,"label":"Eigenes Logo (max. 1\/3 der Fl\u00e4che)"},{"value":869,"label":"H\u00fcllen ohne Logo"},{"value":680,"label":"Vollfl\u00e4chige Grafik und Fotos"}],"product_faqs":[{"value":1954,"label":"FAQ 1a"},{"value":1959,"label":"FAQ 2"},{"value":1966,"label":"FAQ 5"},{"value":1969,"label":"FAQ 6"},{"value":1975,"label":"FAQ 8"},{"value":1977,"label":"FAQ 9"}]},"featured_image_src_large":["https:\/\/www.brandit-protection.com\/wp-content\/uploads\/fold-it-ipad-case-pencil-holder-companies-b2b-customizable-certified.jpg",1000,1000,false],"author_info":[],"comment_info":"","_links":{"self":[{"href":"https:\/\/www.brandit-protection.com\/de\/wp-json\/wp\/v2\/product\/151972","targetHints":{"allow":["GET"]}}],"collection":[{"href":"https:\/\/www.brandit-protection.com\/de\/wp-json\/wp\/v2\/product"}],"about":[{"href":"https:\/\/www.brandit-protection.com\/de\/wp-json\/wp\/v2\/types\/product"}],"wp:featuredmedia":[{"embeddable":true,"href":"https:\/\/www.brandit-protection.com\/de\/wp-json\/wp\/v2\/media\/178680"}],"wp:attachment":[{"href":"https:\/\/www.brandit-protection.com\/de\/wp-json\/wp\/v2\/media?parent=151972"}],"wp:term":[{"taxonomy":"product_brand","embeddable":true,"href":"https:\/\/www.brandit-protection.com\/de\/wp-json\/wp\/v2\/product_brand?post=151972"},{"taxonomy":"product_cat","embeddable":true,"href":"https:\/\/www.brandit-protection.com\/de\/wp-json\/wp\/v2\/product_cat?post=151972"},{"taxonomy":"product_tag","embeddable":true,"href":"https:\/\/www.brandit-protection.com\/de\/wp-json\/wp\/v2\/product_tag?post=151972"},{"taxonomy":"product_faqs","embeddable":true,"href":"https:\/\/www.brandit-protection.com\/de\/wp-json\/wp\/v2\/product_faqs?post=151972"}],"curies":[{"name":"wp","href":"https:\/\/api.w.org\/{rel}","templated":true}]}}