{"id":152012,"date":"2021-02-04T20:24:27","date_gmt":"2021-02-04T19:24:27","guid":{"rendered":"https:\/\/www.brandit-protection.com\/?post_type=product&#038;p=152012"},"modified":"2021-06-01T11:20:41","modified_gmt":"2021-06-01T10:20:41","slug":"druck-einrichtungskosten-pro-motiv-und-pro-modell-obligatorisch","status":"publish","type":"product","link":"https:\/\/www.brandit-protection.com\/de\/shop\/druck-einrichtungskosten-pro-motiv-und-pro-modell-obligatorisch\/","title":{"rendered":"Druck Einrichtungskosten pro Motiv und pro Modell (obligatorisch)"},"content":{"rendered":"","protected":false},"excerpt":{"rendered":"F\u00fcr das Einrichten unserer Maschinen auf jedes individuelle Logo und jedes individuelle Modell berechnen wir eine Einrichtungsgeb\u00fchr. Diese Einrichtungsgeb\u00fchr gilt auch f\u00fcr Nachbestellungen.","protected":false},"featured_media":152020,"template":"","meta":{"_kad_blocks_custom_css":"","_kad_blocks_head_custom_js":"","_kad_blocks_body_custom_js":"","_kad_blocks_footer_custom_js":""},"product_brand":[],"product_cat":[2544],"product_tag":[],"product_faqs":[],"class_list":{"0":"post-152012","1":"product","2":"type-product","3":"status-publish","4":"has-post-thumbnail","6":"product_cat-unkategorisiert-de","8":"first","9":"instock","10":"taxable","11":"shipping-taxable","12":"purchasable","13":"product-type-simple"},"acf":[],"taxonomy_info":{"product_cat":[{"value":2544,"label":"Unkategorisiert"}]},"featured_image_src_large":["https:\/\/www.brandit-protection.com\/wp-content\/uploads\/print-setup-costs.png",512,512,false],"author_info":[],"comment_info":"","_links":{"self":[{"href":"https:\/\/www.brandit-protection.com\/de\/wp-json\/wp\/v2\/product\/152012","targetHints":{"allow":["GET"]}}],"collection":[{"href":"https:\/\/www.brandit-protection.com\/de\/wp-json\/wp\/v2\/product"}],"about":[{"href":"https:\/\/www.brandit-protection.com\/de\/wp-json\/wp\/v2\/types\/product"}],"wp:featuredmedia":[{"embeddable":true,"href":"https:\/\/www.brandit-protection.com\/de\/wp-json\/wp\/v2\/media\/152020"}],"wp:attachment":[{"href":"https:\/\/www.brandit-protection.com\/de\/wp-json\/wp\/v2\/media?parent=152012"}],"wp:term":[{"taxonomy":"product_brand","embeddable":true,"href":"https:\/\/www.brandit-protection.com\/de\/wp-json\/wp\/v2\/product_brand?post=152012"},{"taxonomy":"product_cat","embeddable":true,"href":"https:\/\/www.brandit-protection.com\/de\/wp-json\/wp\/v2\/product_cat?post=152012"},{"taxonomy":"product_tag","embeddable":true,"href":"https:\/\/www.brandit-protection.com\/de\/wp-json\/wp\/v2\/product_tag?post=152012"},{"taxonomy":"product_faqs","embeddable":true,"href":"https:\/\/www.brandit-protection.com\/de\/wp-json\/wp\/v2\/product_faqs?post=152012"}],"curies":[{"name":"wp","href":"https:\/\/api.w.org\/{rel}","templated":true}]}}