{"id":154295,"date":"2021-04-13T09:23:28","date_gmt":"2021-04-13T08:23:28","guid":{"rendered":"https:\/\/www.brandit-protection.com\/?post_type=product&#038;p=154295"},"modified":"2023-02-14T11:27:23","modified_gmt":"2023-02-14T10:27:23","slug":"papiertute-einzelverpackung-fur-handy-hullen-copy","status":"publish","type":"product","link":"https:\/\/www.brandit-protection.com\/de\/shop\/papiertute-einzelverpackung-fur-handy-hullen-copy\/","title":{"rendered":"Papiert\u00fcte Einzelverpackung f\u00fcr Handy H\u00fcllen neutral mit Inverkehrbringer Etikett"},"content":{"rendered":"","protected":false},"excerpt":{"rendered":"<span style=\"color: #ff0000;\"><strong>*Bitte beachten Sie, dass unsere Papierverpackungen nur als Teil einer Bestellung von Tablet- und\/oder Handytaschen erh\u00e4ltlich sind. Verpackungen k\u00f6nnen nicht der einzige Bestandteil Ihrer Bestellung sein. Vielen Dank f\u00fcr Ihr Verst\u00e4ndnis.*<\/strong><\/span>\r\n\r\nNachhaltigkeit und Umweltschutz sind uns wichtig. Alle H\u00fcllen werden in Bulk geliefert. Wenn Sie eine Einzelverpackung w\u00fcnschen, bieten wir unsere Papiert\u00fcten an, welche aus Recyclingpapier hergestellt werden. Sie k\u00f6nnen zus\u00e4tzlich zu jeder H\u00fclle bestellt werden.\r\n\r\nAls Hersteller sind wir uns unserer Verantwortung bewusst, langlebige Produkte zu entwickeln und unn\u00f6tige Kunststoffverpackungen zu vermeiden.","protected":false},"featured_media":154320,"template":"","meta":{"_kad_blocks_custom_css":"","_kad_blocks_head_custom_js":"","_kad_blocks_body_custom_js":"","_kad_blocks_footer_custom_js":""},"product_brand":[],"product_cat":[2544],"product_tag":[2618],"product_faqs":[],"class_list":{"0":"post-154295","1":"product","2":"type-product","3":"status-publish","4":"has-post-thumbnail","6":"product_cat-unkategorisiert-de","7":"product_tag-verpackung","8":"product_shipping_class-phone-case-packaging-de","9":"pa_color-braun","10":"pa_model-universal-de","12":"first","13":"instock","14":"taxable","15":"shipping-taxable","16":"purchasable","17":"product-type-simple"},"acf":[],"taxonomy_info":{"product_cat":[{"value":2544,"label":"Unkategorisiert"}],"product_tag":[{"value":2618,"label":"Verpackung"}],"pa_color":[{"value":1345,"label":"braun"}],"pa_model":[{"value":1346,"label":"Universal"}]},"featured_image_src_large":["https:\/\/www.brandit-protection.com\/wp-content\/uploads\/Papiertu\u0308te-Handy-neutral-1-1024x1024.jpg",1024,1024,true],"author_info":[],"comment_info":"","_links":{"self":[{"href":"https:\/\/www.brandit-protection.com\/de\/wp-json\/wp\/v2\/product\/154295","targetHints":{"allow":["GET"]}}],"collection":[{"href":"https:\/\/www.brandit-protection.com\/de\/wp-json\/wp\/v2\/product"}],"about":[{"href":"https:\/\/www.brandit-protection.com\/de\/wp-json\/wp\/v2\/types\/product"}],"wp:featuredmedia":[{"embeddable":true,"href":"https:\/\/www.brandit-protection.com\/de\/wp-json\/wp\/v2\/media\/154320"}],"wp:attachment":[{"href":"https:\/\/www.brandit-protection.com\/de\/wp-json\/wp\/v2\/media?parent=154295"}],"wp:term":[{"taxonomy":"product_brand","embeddable":true,"href":"https:\/\/www.brandit-protection.com\/de\/wp-json\/wp\/v2\/product_brand?post=154295"},{"taxonomy":"product_cat","embeddable":true,"href":"https:\/\/www.brandit-protection.com\/de\/wp-json\/wp\/v2\/product_cat?post=154295"},{"taxonomy":"product_tag","embeddable":true,"href":"https:\/\/www.brandit-protection.com\/de\/wp-json\/wp\/v2\/product_tag?post=154295"},{"taxonomy":"product_faqs","embeddable":true,"href":"https:\/\/www.brandit-protection.com\/de\/wp-json\/wp\/v2\/product_faqs?post=154295"}],"curies":[{"name":"wp","href":"https:\/\/api.w.org\/{rel}","templated":true}]}}