{"id":155306,"date":"2021-06-20T22:39:20","date_gmt":"2021-06-20T21:39:20","guid":{"rendered":"https:\/\/www.brandit-protection.com\/?post_type=product&#038;p=155306"},"modified":"2026-05-11T08:53:02","modified_gmt":"2026-05-11T07:53:02","slug":"fold-it-galaxy-tab-hulle","status":"publish","type":"product","link":"https:\/\/www.brandit-protection.com\/de\/shop\/fold-it-galaxy-tab-hulle\/","title":{"rendered":"Galaxy \u2122 Tab H\u00fclle mit Stand"},"content":{"rendered":"","protected":false},"excerpt":{"rendered":"Die Fold.it Galaxy Tab H\u00fclle eignet sich hervorragend als Give-Away oder Werbeartikel und ist f\u00fcr alle g\u00e4ngigen Galaxy Modelle erh\u00e4ltlich. Besondere Eigenschaften sind eine Aufstellfunktion in zwei verschiedenen Winkeln und eine Sleep\/Wake Funktion. Diese Schutzh\u00fclle vereint Qualit\u00e4t und einen g\u00fcnstigen Preis. Die Oberfl\u00e4che ist aus Polyurethan (PU) und die Innenseite aus sanftem Mikrofaser, um das Tablet zu sch\u00fctzen. Dieses Case wurde speziell f\u00fcr das UV-Druckverfahren mit vollfl\u00e4chigen Grafiken oder Logos optimiert.\r\n\r\nGepr\u00fcft auf Schadstoffe von einem unabh\u00e4ngigen, akkreditierten Pr\u00fcfinstitut in Deutschland. <a href=\"https:\/\/www.labtech-gmbh.de\/18-schadstoffpruefung\/218-schadstoffgeprueft-173975.html\" target=\"_blank\" rel=\"noopener\">Zum Testergebnis.<\/a>","protected":false},"featured_media":178686,"template":"","meta":{"_kad_blocks_custom_css":"","_kad_blocks_head_custom_js":"","_kad_blocks_body_custom_js":"","_kad_blocks_footer_custom_js":""},"product_brand":[],"product_cat":[3383,1575],"product_tag":[1687,1287],"product_faqs":[],"class_list":{"0":"post-155306","1":"product","2":"type-product","3":"status-publish","4":"has-post-thumbnail","6":"product_cat-galaxy-tab-a8-10-5-2021-de","7":"product_cat-samsung-de","8":"product_tag-tablet-de","9":"product_tag-werbeartikel","10":"product_shipping_class-tablets-fold-it-display-de","11":"pa_color-schwarz","12":"pa_model-galaxy-tab-a8-10-5-2021-de","13":"pa_personalization-custom-logo-printing-de","14":"pa_personalization-cases-without-logo-de","15":"pa_personalization-fullsize-image-printing-de","17":"first","18":"instock","19":"taxable","20":"shipping-taxable","21":"purchasable","22":"product-type-variable","23":"has-default-attributes","24":"rtwpvs-product"},"acf":[],"taxonomy_info":{"product_cat":[{"value":3383,"label":"Galaxy Tab A8 10.5 (2021)"},{"value":1575,"label":"Samsung\u2122"}],"product_tag":[{"value":1687,"label":"Tablet"},{"value":1287,"label":"Werbeartikel"}],"pa_color":[{"value":1028,"label":"schwarz"}],"pa_model":[{"value":3283,"label":"Galaxy Tab A8 10.5 (2021)"}],"pa_personalization":[{"value":1532,"label":"Eigenes Logo (max. 1\/3 der Fl\u00e4che)"},{"value":869,"label":"H\u00fcllen ohne Logo"},{"value":680,"label":"Vollfl\u00e4chige Grafik und Fotos"}]},"featured_image_src_large":["https:\/\/www.brandit-protection.com\/wp-content\/uploads\/fold-it-samsung-galaxy-tablet-companies-b2b-customizable-certified.jpg",800,800,false],"author_info":[],"comment_info":"","_links":{"self":[{"href":"https:\/\/www.brandit-protection.com\/de\/wp-json\/wp\/v2\/product\/155306","targetHints":{"allow":["GET"]}}],"collection":[{"href":"https:\/\/www.brandit-protection.com\/de\/wp-json\/wp\/v2\/product"}],"about":[{"href":"https:\/\/www.brandit-protection.com\/de\/wp-json\/wp\/v2\/types\/product"}],"wp:featuredmedia":[{"embeddable":true,"href":"https:\/\/www.brandit-protection.com\/de\/wp-json\/wp\/v2\/media\/178686"}],"wp:attachment":[{"href":"https:\/\/www.brandit-protection.com\/de\/wp-json\/wp\/v2\/media?parent=155306"}],"wp:term":[{"taxonomy":"product_brand","embeddable":true,"href":"https:\/\/www.brandit-protection.com\/de\/wp-json\/wp\/v2\/product_brand?post=155306"},{"taxonomy":"product_cat","embeddable":true,"href":"https:\/\/www.brandit-protection.com\/de\/wp-json\/wp\/v2\/product_cat?post=155306"},{"taxonomy":"product_tag","embeddable":true,"href":"https:\/\/www.brandit-protection.com\/de\/wp-json\/wp\/v2\/product_tag?post=155306"},{"taxonomy":"product_faqs","embeddable":true,"href":"https:\/\/www.brandit-protection.com\/de\/wp-json\/wp\/v2\/product_faqs?post=155306"}],"curies":[{"name":"wp","href":"https:\/\/api.w.org\/{rel}","templated":true}]}}