{"id":159427,"date":"2021-10-29T19:43:27","date_gmt":"2021-10-29T18:43:27","guid":{"rendered":"https:\/\/www.brandit-protection.com\/shop\/magsafe-case-fur-iphone\/"},"modified":"2024-07-03T09:11:33","modified_gmt":"2024-07-03T08:11:33","slug":"bedruckbare-iphone-magsafe-hulle","status":"publish","type":"product","link":"https:\/\/www.brandit-protection.com\/de\/shop\/bedruckbare-iphone-magsafe-hulle\/","title":{"rendered":"MagSafe-kompatible H\u00fclle f\u00fcr iPhone \u2122"},"content":{"rendered":"","protected":false},"excerpt":{"rendered":"Die MagSafe\u2122 Funktion in den\u00a0neuen iPhone\u2122 ab\u00a0der 12. Generation erm\u00f6glichen ganz neue M\u00f6glichkeiten bei der Verwendung von\u00a0Zubeh\u00f6r. So k\u00f6nnen zum Beispiel drahtlose Ladeger\u00e4te oder Geldb\u00f6rsen einfach,\u00a0schnell und pr\u00e4zise per\u00a0Magnet an das iPhone\u2122 angedockt werden. Diese magnetische Funktion geht durch gew\u00f6hnliche Handyh\u00fcllen verloren. Die R\u00fcckseite unserer Magnet Handy H\u00fclle besteht aus hartem PC-Kunststoff; die Seiten aus flexiblem TPU Silikon Material. Die Oberfl\u00e4che dieser H\u00fclle ist gl\u00e4nzend und wird im digitalen UV-Druckverfahren wahlweise mit Ihrem Logo oder vollfl\u00e4chigen Grafiken bedruckt. Bitte beachten Sie bei der Gestaltung des Druckmotivs den Magnetring.\r\n\r\n<em>Bitte beachten Sie, dass sich der Druck durch eine \u00fcberm\u00e4\u00dfige Nutzung der MagSafe Funktion abreiben k\u00f6nnte. Daher empfehlen wir einen partiellen Logodruck, welcher den MagSafe Magneten nicht bedeckt.<\/em>","protected":false},"featured_media":159713,"template":"","meta":{"_kad_blocks_custom_css":"","_kad_blocks_head_custom_js":"","_kad_blocks_body_custom_js":"","_kad_blocks_footer_custom_js":""},"product_brand":[],"product_cat":[961,2190,2192,2195,2668,2665,2666,2667,2923,2932,2933,2934,3684,3681,3682,3683,3473,3470,3471,3472,3773,3771,3772,3774],"product_tag":[1286,1686,1285],"product_faqs":[],"class_list":{"0":"post-159427","1":"product","2":"type-product","3":"status-publish","4":"has-post-thumbnail","6":"product_cat-apple-de","7":"product_cat-iphone-12-mini-de","8":"product_cat-iphone-12-pro-max-de","9":"product_cat-iphone-12-12-pro-de","10":"product_cat-iphone-13-de","11":"product_cat-iphone-13-mini-de","12":"product_cat-iphone-13-pro-de","13":"product_cat-iphone-13-pro-max-de","14":"product_cat-iphone-14-de","15":"product_cat-iphone-14-plus-de","16":"product_cat-iphone-14-pro-de","17":"product_cat-iphone-14-pro-max-de","18":"product_cat-iphone-15-de-2","19":"product_cat-iphone-15-plus-de-2","20":"product_cat-iphone-15-pro-de-2","21":"product_cat-iphone-15-pro-max-de-2","22":"product_cat-iphone-16-de","23":"product_cat-iphone-16-plus-de","24":"product_cat-iphone-16-pro-de","25":"product_cat-iphone-16-pro-max-de","26":"product_cat-iphone-17-de","27":"product_cat-iphone-17-pro-de","28":"product_cat-iphone-17-pro-max-de","29":"product_cat-iphone-air-de","30":"product_tag-buro-einsatz","31":"product_tag-handy","32":"product_tag-tagliche-benutzung","33":"product_shipping_class-phone-cases-de","34":"pa_color-transparent-de","35":"pa_model-iphone-12-mini-de-2","36":"pa_model-iphone-12-pro-max-de-2","37":"pa_model-iphone-12-12-pro-de-2","38":"pa_model-iphone-13-de","39":"pa_model-iphone-13-mini-de","40":"pa_model-iphone-13-pro-de","41":"pa_model-iphone-13-pro-max-de","42":"pa_model-iphone-14-de","43":"pa_model-iphone-14-plus-de","44":"pa_model-iphone-14-pro-de","45":"pa_model-iphone-14-pro-max-de","46":"pa_model-iphone-15-de","47":"pa_model-iphone-15-plus-de","48":"pa_model-iphone-15-pro-de","49":"pa_model-iphone-15-pro-max-de","50":"pa_model-iphone-16-de","51":"pa_model-iphone-16-plus-de","52":"pa_model-iphone-16-pro-de","53":"pa_model-iphone-16-pro-max-de","54":"pa_model-iphone-17-de","55":"pa_model-iphone-17-pro-de","56":"pa_model-iphone-17-pro-max-de","57":"pa_model-iphone-air-de","58":"pa_personalization-custom-logo-printing-de","59":"pa_personalization-cases-without-logo-de","60":"pa_personalization-fullsize-image-printing-de","62":"first","63":"instock","64":"taxable","65":"shipping-taxable","66":"purchasable","67":"product-type-variable","68":"has-default-attributes","69":"rtwpvs-product"},"acf":[],"taxonomy_info":{"product_cat":[{"value":961,"label":"Apple\u2122"},{"value":2190,"label":"iPhone 12 mini"},{"value":2192,"label":"iPhone 12 pro max"},{"value":2195,"label":"iPhone 12\/12 pro"},{"value":2668,"label":"iPhone 13"},{"value":2665,"label":"iPhone 13 mini"},{"value":2666,"label":"iPhone 13 pro"},{"value":2667,"label":"iPhone 13 pro max"},{"value":2923,"label":"iPhone 14"},{"value":2932,"label":"iPhone 14 plus"},{"value":2933,"label":"iPhone 14 pro"},{"value":2934,"label":"iPhone 14 pro max"},{"value":3684,"label":"iPhone 15"},{"value":3681,"label":"iPhone 15 plus"},{"value":3682,"label":"iPhone 15 pro"},{"value":3683,"label":"iPhone 15 pro max"},{"value":3473,"label":"iPhone 16"},{"value":3470,"label":"iPhone 16 plus"},{"value":3471,"label":"iPhone 16 pro"},{"value":3472,"label":"iPhone 16 pro max"},{"value":3773,"label":"iPhone 17"},{"value":3771,"label":"iPhone 17 pro"},{"value":3772,"label":"iPhone 17 pro max"},{"value":3774,"label":"iPhone air"}],"product_tag":[{"value":1286,"label":"B\u00fcro Einsatz"},{"value":1686,"label":"Handy"},{"value":1285,"label":"T\u00e4gliche Benutzung"}],"pa_color":[{"value":1032,"label":"transparent"}],"pa_model":[{"value":2254,"label":"iPhone 12 mini"},{"value":2329,"label":"iPhone 12 pro max"},{"value":2255,"label":"iPhone 12\/12 pro"},{"value":2650,"label":"iPhone 13"},{"value":2647,"label":"iPhone 13 mini"},{"value":2648,"label":"iPhone 13 pro"},{"value":2649,"label":"iPhone 13 pro max"},{"value":2912,"label":"iPhone 14"},{"value":2909,"label":"iPhone 14 plus"},{"value":2910,"label":"iPhone 14 pro"},{"value":2911,"label":"iPhone 14 pro max"},{"value":3146,"label":"iPhone 15"},{"value":3140,"label":"iPhone 15 plus"},{"value":3142,"label":"iPhone 15 pro"},{"value":3144,"label":"iPhone 15 pro max"},{"value":3483,"label":"iPhone 16"},{"value":3480,"label":"iPhone 16 plus"},{"value":3481,"label":"iPhone 16 pro"},{"value":3482,"label":"iPhone 16 pro max"},{"value":3799,"label":"iPhone 17"},{"value":3801,"label":"iPhone 17 pro"},{"value":3804,"label":"iPhone 17 pro max"},{"value":3795,"label":"iPhone air"}],"pa_personalization":[{"value":1532,"label":"Eigenes Logo (max. 1\/3 der Fl\u00e4che)"},{"value":869,"label":"H\u00fcllen ohne Logo"},{"value":680,"label":"Vollfl\u00e4chige Grafik und Fotos"}]},"featured_image_src_large":["https:\/\/www.brandit-protection.com\/wp-content\/uploads\/iPhone-13-magsafe-transparent-huelle-1.jpg",700,764,false],"author_info":[],"comment_info":"","_links":{"self":[{"href":"https:\/\/www.brandit-protection.com\/de\/wp-json\/wp\/v2\/product\/159427","targetHints":{"allow":["GET"]}}],"collection":[{"href":"https:\/\/www.brandit-protection.com\/de\/wp-json\/wp\/v2\/product"}],"about":[{"href":"https:\/\/www.brandit-protection.com\/de\/wp-json\/wp\/v2\/types\/product"}],"wp:featuredmedia":[{"embeddable":true,"href":"https:\/\/www.brandit-protection.com\/de\/wp-json\/wp\/v2\/media\/159713"}],"wp:attachment":[{"href":"https:\/\/www.brandit-protection.com\/de\/wp-json\/wp\/v2\/media?parent=159427"}],"wp:term":[{"taxonomy":"product_brand","embeddable":true,"href":"https:\/\/www.brandit-protection.com\/de\/wp-json\/wp\/v2\/product_brand?post=159427"},{"taxonomy":"product_cat","embeddable":true,"href":"https:\/\/www.brandit-protection.com\/de\/wp-json\/wp\/v2\/product_cat?post=159427"},{"taxonomy":"product_tag","embeddable":true,"href":"https:\/\/www.brandit-protection.com\/de\/wp-json\/wp\/v2\/product_tag?post=159427"},{"taxonomy":"product_faqs","embeddable":true,"href":"https:\/\/www.brandit-protection.com\/de\/wp-json\/wp\/v2\/product_faqs?post=159427"}],"curies":[{"name":"wp","href":"https:\/\/api.w.org\/{rel}","templated":true}]}}