{"id":167870,"date":"2022-07-29T15:05:29","date_gmt":"2022-07-29T14:05:29","guid":{"rendered":"https:\/\/www.brandit-protection.com\/?post_type=product&#038;p=167870"},"modified":"2022-12-04T12:44:20","modified_gmt":"2022-12-04T11:44:20","slug":"tablet-and-laptop-sleeve-with-zipper","status":"publish","type":"product","link":"https:\/\/www.brandit-protection.com\/de\/shop\/tablet-and-laptop-sleeve-with-zipper\/","title":{"rendered":"Tablet und Laptop Neopren Sleeve mit Rei\u00dfverschluss"},"content":{"rendered":"","protected":false},"excerpt":{"rendered":"Das Tablet \/ Laptop Sleeve ist aus robustem Neopren hergestellt und sch\u00fctzt das mobile Arbeitsger\u00e4t zuverl\u00e4ssig vor Kratzern und bei St\u00fcrzen. Der Rei\u00dfverschluss \u00f6ffnet sich an drei Seiten wodurch das Tablet oder der Laptop bequem entnommen werden kann. Die Basisfarbe ist wei\u00df. Daher wird das Sleeve vollfl\u00e4chig und beidseitig im Sublimationsverfahren mit beliebigen Motiven oder Fotos personalisiert.","protected":false},"featured_media":179316,"template":"","meta":{"_kad_blocks_custom_css":"","_kad_blocks_head_custom_js":"","_kad_blocks_body_custom_js":"","_kad_blocks_footer_custom_js":""},"product_brand":[],"product_cat":[3681],"product_tag":[1286,2892,1687,1285],"product_faqs":[],"class_list":{"0":"post-167870","1":"product","2":"type-product","3":"status-publish","4":"has-post-thumbnail","6":"product_cat-iphone-15-plus-de-2","7":"product_tag-buro-einsatz","8":"product_tag-laptop-de","9":"product_tag-tablet-de","10":"product_tag-tagliche-benutzung","11":"product_shipping_class-tablets-fold-it-display-de","12":"pa_color-weiss","13":"pa_model-11-zoll","14":"pa_model-12-zoll","15":"pa_model-13-zoll","16":"pa_model-14-zoll","17":"pa_model-15-zoll","18":"pa_model-9-zoll","19":"pa_personalization-cases-without-logo-de","20":"pa_personalization-fullsize-image-printing-de","22":"first","23":"instock","24":"taxable","25":"shipping-taxable","26":"purchasable","27":"product-type-variable","28":"has-default-attributes","29":"rtwpvs-product"},"acf":[],"taxonomy_info":{"product_cat":[{"value":3681,"label":"iPhone 15 plus"}],"product_tag":[{"value":1286,"label":"B\u00fcro Einsatz"},{"value":2892,"label":"laptop"},{"value":1687,"label":"Tablet"},{"value":1285,"label":"T\u00e4gliche Benutzung"}],"pa_color":[{"value":1035,"label":"weiss"}],"pa_model":[{"value":3253,"label":"11 Zoll"},{"value":3254,"label":"12 Zoll"},{"value":3255,"label":"13 Zoll"},{"value":3256,"label":"14 Zoll"},{"value":3257,"label":"15 Zoll"},{"value":3252,"label":"9 Zoll"}],"pa_personalization":[{"value":869,"label":"H\u00fcllen ohne Logo"},{"value":680,"label":"Vollfl\u00e4chige Grafik und Fotos"}]},"featured_image_src_large":["https:\/\/www.brandit-protection.com\/wp-content\/uploads\/tablet-sleeve-neopren-huelle-mit-individuellem-firmenlogo-6-1024x1024.jpg",1024,1024,true],"author_info":[],"comment_info":"","_links":{"self":[{"href":"https:\/\/www.brandit-protection.com\/de\/wp-json\/wp\/v2\/product\/167870","targetHints":{"allow":["GET"]}}],"collection":[{"href":"https:\/\/www.brandit-protection.com\/de\/wp-json\/wp\/v2\/product"}],"about":[{"href":"https:\/\/www.brandit-protection.com\/de\/wp-json\/wp\/v2\/types\/product"}],"wp:featuredmedia":[{"embeddable":true,"href":"https:\/\/www.brandit-protection.com\/de\/wp-json\/wp\/v2\/media\/179316"}],"wp:attachment":[{"href":"https:\/\/www.brandit-protection.com\/de\/wp-json\/wp\/v2\/media?parent=167870"}],"wp:term":[{"taxonomy":"product_brand","embeddable":true,"href":"https:\/\/www.brandit-protection.com\/de\/wp-json\/wp\/v2\/product_brand?post=167870"},{"taxonomy":"product_cat","embeddable":true,"href":"https:\/\/www.brandit-protection.com\/de\/wp-json\/wp\/v2\/product_cat?post=167870"},{"taxonomy":"product_tag","embeddable":true,"href":"https:\/\/www.brandit-protection.com\/de\/wp-json\/wp\/v2\/product_tag?post=167870"},{"taxonomy":"product_faqs","embeddable":true,"href":"https:\/\/www.brandit-protection.com\/de\/wp-json\/wp\/v2\/product_faqs?post=167870"}],"curies":[{"name":"wp","href":"https:\/\/api.w.org\/{rel}","templated":true}]}}