{"id":179710,"date":"2024-07-02T20:56:50","date_gmt":"2024-07-02T19:56:50","guid":{"rendered":"https:\/\/www.brandit-protection.com\/shop\/camera-lens-protection-glass-for-iphone\/"},"modified":"2024-08-28T12:32:41","modified_gmt":"2024-08-28T11:32:41","slug":"camera-lens-protection-glass-for-iphone","status":"publish","type":"product","link":"https:\/\/www.brandit-protection.com\/de\/shop\/camera-lens-protection-glass-for-iphone\/","title":{"rendered":"Kameraschutz Glas f\u00fcr iPhone \u2122"},"content":{"rendered":"","protected":false},"excerpt":{"rendered":"Entwickelt, um das Smartphone vor Kratzern, St\u00f6\u00dfen und St\u00fcrzen zu sch\u00fctzen, bietet unser Kameraschutz eine robuste und dennoch stilvolle Erg\u00e4nzung zu unseren Brand.it Schutzh\u00fcllen. Mit pr\u00e4zisen Aussparungen f\u00fcr Kameraobjektive und Sensoren gew\u00e4hrleistet unser Glas eine unverf\u00e4lschte Bildqualit\u00e4t und optimale Leistung. Erh\u00e4ltlich f\u00fcr alle g\u00e4ngigen Smartphones von Apple iPhone.<br>","protected":false},"featured_media":179690,"template":"","meta":{"_kad_blocks_custom_css":"","_kad_blocks_head_custom_js":"","_kad_blocks_body_custom_js":"","_kad_blocks_footer_custom_js":""},"product_brand":[],"product_cat":[961,2190,2192,2195,2668,2665,2666,2667,2923,2932,2933,2934,3214,3215,3216,3217,3473,3470,3679],"product_tag":[3218,1686],"product_faqs":[],"class_list":{"0":"post-179710","1":"product","2":"type-product","3":"status-publish","4":"has-post-thumbnail","6":"product_cat-apple-de","7":"product_cat-iphone-12-mini-de","8":"product_cat-iphone-12-pro-max-de","9":"product_cat-iphone-12-12-pro-de","10":"product_cat-iphone-13-de","11":"product_cat-iphone-13-mini-de","12":"product_cat-iphone-13-pro-de","13":"product_cat-iphone-13-pro-max-de","14":"product_cat-iphone-14-de","15":"product_cat-iphone-14-plus-de","16":"product_cat-iphone-14-pro-de","17":"product_cat-iphone-14-pro-max-de","18":"product_cat-iphone-15-de","19":"product_cat-iphone-15-plus-de","20":"product_cat-iphone-15-pro-de","21":"product_cat-iphone-15-pro-max-de","22":"product_cat-iphone-16-de","23":"product_cat-iphone-16-plus-de","24":"product_cat-iphone-16-pro-pro-max-de","25":"product_tag-camera-de","26":"product_tag-handy","27":"product_shipping_class-phone-cases-de","28":"pa_model-iphone-12-mini-de-2","29":"pa_model-iphone-12-pro-max-de-2","30":"pa_model-iphone-12-12-pro-de-2","31":"pa_model-iphone-13-de","32":"pa_model-iphone-13-mini-de","33":"pa_model-iphone-13-pro-de","34":"pa_model-iphone-13-pro-max-de","35":"pa_model-iphone-14-de","36":"pa_model-iphone-14-plus-de","37":"pa_model-iphone-14-pro-de","38":"pa_model-iphone-14-pro-max-de","39":"pa_model-iphone-15-de","40":"pa_model-iphone-15-plus-de","41":"pa_model-iphone-15-pro-de","42":"pa_model-iphone-15-pro-max-de","43":"pa_model-iphone-16-pro-pro-max-de","44":"pa_model-iphone-16-16-plus-17","45":"pa_model-iphone-17-pro-de","46":"pa_model-iphone-17-pro-max-de","47":"pa_model-iphone-air-de","49":"first","50":"instock","51":"taxable","52":"shipping-taxable","53":"purchasable","54":"product-type-variable","55":"rtwpvs-product"},"acf":[],"taxonomy_info":{"product_cat":[{"value":961,"label":"Apple\u2122"},{"value":2190,"label":"iPhone 12 mini"},{"value":2192,"label":"iPhone 12 pro max"},{"value":2195,"label":"iPhone 12\/12 pro"},{"value":2668,"label":"iPhone 13"},{"value":2665,"label":"iPhone 13 mini"},{"value":2666,"label":"iPhone 13 pro"},{"value":2667,"label":"iPhone 13 pro max"},{"value":2923,"label":"iPhone 14"},{"value":2932,"label":"iPhone 14 plus"},{"value":2933,"label":"iPhone 14 pro"},{"value":2934,"label":"iPhone 14 pro max"},{"value":3214,"label":"iPhone 15"},{"value":3215,"label":"iPhone 15 plus"},{"value":3216,"label":"iPhone 15 pro"},{"value":3217,"label":"iPhone 15 pro max"},{"value":3473,"label":"iPhone 16"},{"value":3470,"label":"iPhone 16 plus"},{"value":3679,"label":"iPhone 16 pro\/pro max"}],"product_tag":[{"value":3218,"label":"camera"},{"value":1686,"label":"Handy"}],"pa_model":[{"value":2254,"label":"iPhone 12 mini"},{"value":2329,"label":"iPhone 12 pro max"},{"value":2255,"label":"iPhone 12\/12 pro"},{"value":2650,"label":"iPhone 13"},{"value":2647,"label":"iPhone 13 mini"},{"value":2648,"label":"iPhone 13 pro"},{"value":2649,"label":"iPhone 13 pro max"},{"value":2912,"label":"iPhone 14"},{"value":2909,"label":"iPhone 14 plus"},{"value":2910,"label":"iPhone 14 pro"},{"value":2911,"label":"iPhone 14 pro max"},{"value":3146,"label":"iPhone 15"},{"value":3140,"label":"iPhone 15 plus"},{"value":3142,"label":"iPhone 15 pro"},{"value":3144,"label":"iPhone 15 pro max"},{"value":3547,"label":"iPhone 16 pro\/pro max"},{"value":3884,"label":"iPhone 16\/16 plus\/17"},{"value":3801,"label":"iPhone 17 pro"},{"value":3804,"label":"iPhone 17 pro max"},{"value":3795,"label":"iPhone air"}]},"featured_image_src_large":["https:\/\/www.brandit-protection.com\/wp-content\/uploads\/camera-lens-protection-iphones-bulk-b2b-3-1024x1024.jpg",1024,1024,true],"author_info":[],"comment_info":"","_links":{"self":[{"href":"https:\/\/www.brandit-protection.com\/de\/wp-json\/wp\/v2\/product\/179710","targetHints":{"allow":["GET"]}}],"collection":[{"href":"https:\/\/www.brandit-protection.com\/de\/wp-json\/wp\/v2\/product"}],"about":[{"href":"https:\/\/www.brandit-protection.com\/de\/wp-json\/wp\/v2\/types\/product"}],"wp:featuredmedia":[{"embeddable":true,"href":"https:\/\/www.brandit-protection.com\/de\/wp-json\/wp\/v2\/media\/179690"}],"wp:attachment":[{"href":"https:\/\/www.brandit-protection.com\/de\/wp-json\/wp\/v2\/media?parent=179710"}],"wp:term":[{"taxonomy":"product_brand","embeddable":true,"href":"https:\/\/www.brandit-protection.com\/de\/wp-json\/wp\/v2\/product_brand?post=179710"},{"taxonomy":"product_cat","embeddable":true,"href":"https:\/\/www.brandit-protection.com\/de\/wp-json\/wp\/v2\/product_cat?post=179710"},{"taxonomy":"product_tag","embeddable":true,"href":"https:\/\/www.brandit-protection.com\/de\/wp-json\/wp\/v2\/product_tag?post=179710"},{"taxonomy":"product_faqs","embeddable":true,"href":"https:\/\/www.brandit-protection.com\/de\/wp-json\/wp\/v2\/product_faqs?post=179710"}],"curies":[{"name":"wp","href":"https:\/\/api.w.org\/{rel}","templated":true}]}}