{"id":181256,"date":"2024-09-17T13:26:13","date_gmt":"2024-09-17T12:26:13","guid":{"rendered":"https:\/\/www.brandit-protection.com\/shop\/protect-it-macbook-rugged-cover-macbook\/"},"modified":"2025-09-19T11:01:21","modified_gmt":"2025-09-19T10:01:21","slug":"protect-it-macbook-rugged-cover-macbook","status":"publish","type":"product","link":"https:\/\/www.brandit-protection.com\/de\/shop\/protect-it-macbook-rugged-cover-macbook\/","title":{"rendered":"Rugged Cover Case f\u00fcr MacBook\u2122"},"content":{"rendered":"","protected":false},"excerpt":{"rendered":"Mit dem Protect.it MacBook\u2122 Rugged Cover ist Ihr MacBook bestens gesch\u00fctzt \u2013 robust, langlebig und dabei stylisch. Dank der transparenten Vorder- und R\u00fcckseite bleibt das edle Design sichtbar. Eine Personalisierung mit Ihrem eigenen Logo ist auf beiden Seiten im Digitaldruck m\u00f6glich. Perfekt f\u00fcr alle, die Sicherheit und Individualit\u00e4t vereinen wollen.","protected":false},"featured_media":181214,"template":"","meta":{"_kad_blocks_custom_css":"","_kad_blocks_head_custom_js":"","_kad_blocks_body_custom_js":"","_kad_blocks_footer_custom_js":""},"product_brand":[],"product_cat":[3841,3842,3845,3846,3849],"product_tag":[2892,3532,3533,3534,3535,3536,3537,3538,3539,3540],"product_faqs":[],"class_list":{"0":"post-181256","1":"product","2":"type-product","3":"status-publish","4":"has-post-thumbnail","6":"product_cat-macbook-air-13-3-a1932-a2179-a2337-3-de","7":"product_cat-macbook-air-15-3-a2941-3-de","8":"product_cat-macbook-m2-air-13-6-a2681-3-de","9":"product_cat-macbook-pro-13-3-a1706-a1708-a1989-a2159-a2251-a2289-a2338-3-de","10":"product_cat-macbook-pro-14-a2442-a2779-a2918-a2992-3-de","11":"product_tag-laptop-de","12":"product_tag-laptop-protection-de","13":"product_tag-macbook-case-customisable-de","14":"product_tag-macbook-case-transparent-de","15":"product_tag-macbook-hard-case-de","16":"product_tag-macbook-protection-de","17":"product_tag-macbook-sleeve-de","18":"product_tag-protective-cover-with-logo-de","19":"product_tag-rugged-case-de","20":"product_tag-rugged-cover-de","21":"product_shipping_class-tablets-protect-it-learn-it-de","22":"pa_model-macbook-air-13-3-a1932-a2179-a2337-de","23":"pa_model-macbook-air-15-3-a2941-de","24":"pa_model-macbook-m2-air-13-6-a2681-de","25":"pa_model-macbook-pro-13-3-a1706-a1708-a1989-a2159-a2251-a2289-a2338-de","26":"pa_model-macbook-pro-14-a2442-a2779-a2918-a2992-de","27":"pa_personalization-custom-logo-printing-de","28":"pa_personalization-cases-without-logo-de","29":"pa_personalization-fullsize-image-printing-de","31":"first","32":"instock","33":"taxable","34":"shipping-taxable","35":"purchasable","36":"product-type-variable","37":"has-default-attributes","38":"rtwpvs-product"},"acf":[],"taxonomy_info":{"product_cat":[{"value":3841,"label":"MacBook Air 13.3&quot; (A1932 \/ A2179 \/ A2337)"},{"value":3842,"label":"MacBook Air 15.3&quot; (A2941)"},{"value":3845,"label":"MacBook M2 Air 13.6&quot; (A2681)"},{"value":3846,"label":"MacBook Pro 13.3&quot; (A1706 \/ A1708 \/ A1989 \/ A2159 \/ A2251 \/ A2289 \/ A2338)"},{"value":3849,"label":"MacBook Pro 14&quot; (A2442 \/ A2779 \/ A2918 \/ A2992)"}],"product_tag":[{"value":2892,"label":"laptop"},{"value":3532,"label":"laptop protection"},{"value":3533,"label":"MacBook case customisable"},{"value":3534,"label":"MacBook case transparent"},{"value":3535,"label":"MacBook hard case"},{"value":3536,"label":"MacBook protection"},{"value":3537,"label":"MacBook sleeve"},{"value":3538,"label":"protective cover with logo"},{"value":3539,"label":"rugged case"},{"value":3540,"label":"rugged cover"}],"pa_model":[{"value":3541,"label":"MacBook Air 13.3&#8243; (A1932 \/ A2179 \/ A2337)"},{"value":3542,"label":"MacBook Air 15.3&#8243; (A2941)"},{"value":3543,"label":"MacBook M2 Air 13.6&#8243; (A2681)"},{"value":3544,"label":"MacBook Pro 13.3&#8243; (A1706 \/ A1708 \/ A1989 \/ A2159 \/ A2251 \/ A2289 \/ A2338)"},{"value":3545,"label":"MacBook Pro 14&#8243; (A2442 \/ A2779 \/ A2918 \/ A2992)"}],"pa_personalization":[{"value":1532,"label":"Eigenes Logo (max. 1\/3 der Fl\u00e4che)"},{"value":869,"label":"H\u00fcllen ohne Logo"},{"value":680,"label":"Vollfl\u00e4chige Grafik und Fotos"}]},"featured_image_src_large":["https:\/\/www.brandit-protection.com\/wp-content\/uploads\/protect-it-mac-book-case-brand.it-1-1024x1024.jpg",1024,1024,true],"author_info":[],"comment_info":"","_links":{"self":[{"href":"https:\/\/www.brandit-protection.com\/de\/wp-json\/wp\/v2\/product\/181256","targetHints":{"allow":["GET"]}}],"collection":[{"href":"https:\/\/www.brandit-protection.com\/de\/wp-json\/wp\/v2\/product"}],"about":[{"href":"https:\/\/www.brandit-protection.com\/de\/wp-json\/wp\/v2\/types\/product"}],"wp:featuredmedia":[{"embeddable":true,"href":"https:\/\/www.brandit-protection.com\/de\/wp-json\/wp\/v2\/media\/181214"}],"wp:attachment":[{"href":"https:\/\/www.brandit-protection.com\/de\/wp-json\/wp\/v2\/media?parent=181256"}],"wp:term":[{"taxonomy":"product_brand","embeddable":true,"href":"https:\/\/www.brandit-protection.com\/de\/wp-json\/wp\/v2\/product_brand?post=181256"},{"taxonomy":"product_cat","embeddable":true,"href":"https:\/\/www.brandit-protection.com\/de\/wp-json\/wp\/v2\/product_cat?post=181256"},{"taxonomy":"product_tag","embeddable":true,"href":"https:\/\/www.brandit-protection.com\/de\/wp-json\/wp\/v2\/product_tag?post=181256"},{"taxonomy":"product_faqs","embeddable":true,"href":"https:\/\/www.brandit-protection.com\/de\/wp-json\/wp\/v2\/product_faqs?post=181256"}],"curies":[{"name":"wp","href":"https:\/\/api.w.org\/{rel}","templated":true}]}}