{"id":182755,"date":"2025-09-18T13:56:51","date_gmt":"2025-09-18T12:56:51","guid":{"rendered":"https:\/\/www.brandit-protection.com\/shop\/airpods-huelle-mit-karabinerhaken\/"},"modified":"2025-11-10T16:29:20","modified_gmt":"2025-11-10T15:29:20","slug":"airpods-huelle-mit-karabinerhaken","status":"publish","type":"product","link":"https:\/\/www.brandit-protection.com\/de\/shop\/airpods-huelle-mit-karabinerhaken\/","title":{"rendered":"AirPods\u2122 H\u00fclle mit Karabinerhaken"},"content":{"rendered":"","protected":false},"excerpt":{"rendered":"Schlicht, praktisch und markenstark: Das Hear.it Case aus widerstandsf\u00e4higem TPU sch\u00fctzt AirPods zuverl\u00e4ssig vor Kratzern, St\u00f6\u00dfen und Schmutz. Der integrierte Karabiner erm\u00f6glicht eine einfache Befestigung an Taschen, Schl\u00fcsseln oder Hosen \u2013 ideal f\u00fcr den mobilen Alltag.\r\nDas mattschwarze oder transparente Case bietet nicht nur physischen Schutz, sondern auch eine wirkungsvolle Fl\u00e4che f\u00fcr Ihre Werbebotschaft: Das Branding erfolgt im hochwertigen UV-Digitaldruck, farbstark und dauerhaft haltbar. So wird das Hear.it Case zum t\u00e4glichen Begleiter mit echtem Mehrwert \u2013 ob als Mitarbeitergeschenk, Messeartikel oder Onboarding-Goodie.","protected":false},"featured_media":183432,"template":"","meta":{"_kad_blocks_custom_css":"","_kad_blocks_head_custom_js":"","_kad_blocks_body_custom_js":"","_kad_blocks_footer_custom_js":""},"product_brand":[],"product_cat":[3765,3766,3767,3768,3769,3770,961],"product_tag":[3806,1686],"product_faqs":[],"class_list":{"0":"post-182755","1":"product","2":"type-product","3":"status-publish","4":"has-post-thumbnail","6":"product_cat-airpods-2-de","7":"product_cat-airpods-3-de","8":"product_cat-airpods-4-de","9":"product_cat-airpods-pro-de","10":"product_cat-airpods-pro2-de","11":"product_cat-airpods-pro3-de","12":"product_cat-apple-de","13":"product_tag-airpods-de","14":"product_tag-handy","15":"pa_color-schwarz","16":"pa_color-transparent-de","17":"pa_model-airpods-2-de","18":"pa_model-airpods-3-de","19":"pa_model-airpods-4-de","20":"pa_model-airpods-pro-de","21":"pa_model-airpods-pro2-de","22":"pa_model-airpods-pro3-de","23":"pa_personalization-custom-logo-printing-de","24":"pa_personalization-cases-without-logo-de","26":"first","27":"instock","28":"taxable","29":"shipping-taxable","30":"purchasable","31":"product-type-variable","32":"has-default-attributes","33":"rtwpvs-product"},"acf":[],"taxonomy_info":{"product_cat":[{"value":3765,"label":"AirPods 2"},{"value":3766,"label":"AirPods 3"},{"value":3767,"label":"AirPods 4"},{"value":3768,"label":"AirPods Pro"},{"value":3769,"label":"AirPods Pro2"},{"value":3770,"label":"AirPods Pro3"},{"value":961,"label":"Apple\u2122"}],"product_tag":[{"value":3806,"label":"AirPods"},{"value":1686,"label":"Handy"}],"pa_color":[{"value":1028,"label":"schwarz"},{"value":1032,"label":"transparent"}],"pa_model":[{"value":3785,"label":"AirPods 2"},{"value":3787,"label":"AirPods 3"},{"value":3790,"label":"AirPods 4"},{"value":3791,"label":"AirPods Pro"},{"value":3794,"label":"AirPods Pro2"},{"value":3798,"label":"AirPods Pro3"}],"pa_personalization":[{"value":1532,"label":"Eigenes Logo (max. 1\/3 der Fl\u00e4che)"},{"value":869,"label":"H\u00fcllen ohne Logo"}]},"featured_image_src_large":["https:\/\/www.brandit-protection.com\/wp-content\/uploads\/airpods-protection-case-with-logo-branding-1.jpg",1024,1024,false],"author_info":[],"comment_info":"","_links":{"self":[{"href":"https:\/\/www.brandit-protection.com\/de\/wp-json\/wp\/v2\/product\/182755","targetHints":{"allow":["GET"]}}],"collection":[{"href":"https:\/\/www.brandit-protection.com\/de\/wp-json\/wp\/v2\/product"}],"about":[{"href":"https:\/\/www.brandit-protection.com\/de\/wp-json\/wp\/v2\/types\/product"}],"wp:featuredmedia":[{"embeddable":true,"href":"https:\/\/www.brandit-protection.com\/de\/wp-json\/wp\/v2\/media\/183432"}],"wp:attachment":[{"href":"https:\/\/www.brandit-protection.com\/de\/wp-json\/wp\/v2\/media?parent=182755"}],"wp:term":[{"taxonomy":"product_brand","embeddable":true,"href":"https:\/\/www.brandit-protection.com\/de\/wp-json\/wp\/v2\/product_brand?post=182755"},{"taxonomy":"product_cat","embeddable":true,"href":"https:\/\/www.brandit-protection.com\/de\/wp-json\/wp\/v2\/product_cat?post=182755"},{"taxonomy":"product_tag","embeddable":true,"href":"https:\/\/www.brandit-protection.com\/de\/wp-json\/wp\/v2\/product_tag?post=182755"},{"taxonomy":"product_faqs","embeddable":true,"href":"https:\/\/www.brandit-protection.com\/de\/wp-json\/wp\/v2\/product_faqs?post=182755"}],"curies":[{"name":"wp","href":"https:\/\/api.w.org\/{rel}","templated":true}]}}