{"id":183849,"date":"2026-03-17T18:42:35","date_gmt":"2026-03-17T17:42:35","guid":{"rendered":"https:\/\/www.brandit-protection.com\/shop\/phone-case-chameleon-tough-hard-case-pc-plastic-tpu-silicone-matt-or-glossy\/"},"modified":"2026-03-17T19:38:27","modified_gmt":"2026-03-17T18:38:27","slug":"handy-huelle-tough-hard-case-pc-tpu-silikone-matt-oder-glaenzend","status":"publish","type":"product","link":"https:\/\/www.brandit-protection.com\/de\/shop\/handy-huelle-tough-hard-case-pc-tpu-silikone-matt-oder-glaenzend\/","title":{"rendered":"Handy H\u00fclle Tough Hard Case PC\/TPU Silikone matt oder gl\u00e4nzend"},"content":{"rendered":"","protected":false},"excerpt":{"rendered":"Das Chameleon Tough Hard Case bietet maximalen Schutz und individuelle Gestaltungsm\u00f6glichkeiten f\u00fcr Ihr Smartphone. Die robuste PC-Hartschale kombiniert mit einem sto\u00dfd\u00e4mpfenden TPU-Silikon-Bumper sch\u00fctzt zuverl\u00e4ssig vor St\u00fcrzen, Kratzern und t\u00e4glichen Belastungen. Dank des vollfl\u00e4chig bedruckbaren 3D-Designbereichs, der sich \u00fcber Ecken und Kanten erstreckt, entsteht ein einzigartiges Smartphone-Case, das sich perfekt f\u00fcr pers\u00f6nliche Motive, Markenlogos oder kreative Designs eignet. Der brillante Sublimationsdruck sorgt f\u00fcr langlebige Farben und gestochen scharfe Grafiken (leichte Abweichungen bei Pantone-Farben m\u00f6glich).","protected":false},"featured_media":183727,"template":"","meta":{"_kad_blocks_custom_css":"","_kad_blocks_head_custom_js":"","_kad_blocks_body_custom_js":"","_kad_blocks_footer_custom_js":""},"product_brand":[],"product_cat":[961,3375,3373,3381,3379,3706,3705,3870,3869,1449,2923,2932,2933,2934,3214,3215,3216,3217,3473,3470,3471,3472,3773,3771,3772,3774,3868,3866,3867,1575],"product_tag":[1686,1321,3872],"product_faqs":[],"class_list":{"0":"post-183849","1":"product","2":"type-product","3":"status-publish","4":"has-post-thumbnail","6":"product_cat-apple-de","7":"product_cat-galaxy-s23-de-2","8":"product_cat-galaxy-s23-de","9":"product_cat-galaxy-s24-de-2","10":"product_cat-galaxy-s24-de","11":"product_cat-galaxy-s25-de-2","12":"product_cat-galaxy-s25-de","13":"product_cat-galaxy-s26-2","14":"product_cat-galaxy-s26","15":"product_cat-google-de","16":"product_cat-iphone-14-de","17":"product_cat-iphone-14-plus-de","18":"product_cat-iphone-14-pro-de","19":"product_cat-iphone-14-pro-max-de","20":"product_cat-iphone-15-de","21":"product_cat-iphone-15-plus-de","22":"product_cat-iphone-15-pro-de","23":"product_cat-iphone-15-pro-max-de","24":"product_cat-iphone-16-de","25":"product_cat-iphone-16-plus-de","26":"product_cat-iphone-16-pro-de","27":"product_cat-iphone-16-pro-max-de","28":"product_cat-iphone-17-de","29":"product_cat-iphone-17-pro-de","30":"product_cat-iphone-17-pro-max-de","31":"product_cat-iphone-air-de","32":"product_cat-pixel-10-10-pro-2025","33":"product_cat-pixel-8-2023","34":"product_cat-pixel-9-2024","35":"product_cat-samsung-de","36":"product_tag-handy","37":"product_tag-outdoor-de","38":"product_tag-tough-case","39":"pa_model-galaxy-s23-de","40":"pa_model-galaxy-s23-plus-de","41":"pa_model-galaxy-s24-de-2","42":"pa_model-galaxy-s24-de","43":"pa_model-galaxy-s25-de-2","44":"pa_model-galaxy-s25-de","45":"pa_model-galaxy-s26-2","46":"pa_model-galaxy-s26","47":"pa_model-google-pixel-10-10-pro-2025","48":"pa_model-google-pixel-8-2023","49":"pa_model-google-pixel-9-2024","50":"pa_model-iphone-14-de","51":"pa_model-iphone-14-plus-de","52":"pa_model-iphone-14-pro-de","53":"pa_model-iphone-14-pro-max-de","54":"pa_model-iphone-15-de","55":"pa_model-iphone-15-plus-de","56":"pa_model-iphone-15-pro-de","57":"pa_model-iphone-15-pro-max-de","58":"pa_model-iphone-16-de","59":"pa_model-iphone-16-plus-de","60":"pa_model-iphone-16-pro-de","61":"pa_model-iphone-16-pro-max-de","62":"pa_model-iphone-17-de","63":"pa_model-iphone-17-pro-de","64":"pa_model-iphone-17-pro-max-de","65":"pa_model-iphone-air-de","66":"pa_personalization-cases-without-logo-de","67":"pa_personalization-fullsize-image-printing-de","69":"first","70":"instock","71":"taxable","72":"shipping-taxable","73":"purchasable","74":"product-type-variable","75":"has-default-attributes","76":"rtwpvs-product"},"acf":[],"taxonomy_info":{"product_cat":[{"value":961,"label":"Apple\u2122"},{"value":3375,"label":"Galaxy S23"},{"value":3373,"label":"Galaxy S23+"},{"value":3381,"label":"Galaxy S24"},{"value":3379,"label":"Galaxy S24+"},{"value":3706,"label":"Galaxy S25"},{"value":3705,"label":"Galaxy S25+"},{"value":3870,"label":"Galaxy S26"},{"value":3869,"label":"Galaxy S26+"},{"value":1449,"label":"Google\u2122"},{"value":2923,"label":"iPhone 14"},{"value":2932,"label":"iPhone 14 plus"},{"value":2933,"label":"iPhone 14 pro"},{"value":2934,"label":"iPhone 14 pro max"},{"value":3214,"label":"iPhone 15"},{"value":3215,"label":"iPhone 15 plus"},{"value":3216,"label":"iPhone 15 pro"},{"value":3217,"label":"iPhone 15 pro max"},{"value":3473,"label":"iPhone 16"},{"value":3470,"label":"iPhone 16 plus"},{"value":3471,"label":"iPhone 16 pro"},{"value":3472,"label":"iPhone 16 pro max"},{"value":3773,"label":"iPhone 17"},{"value":3771,"label":"iPhone 17 pro"},{"value":3772,"label":"iPhone 17 pro max"},{"value":3774,"label":"iPhone air"},{"value":3868,"label":"Pixel 10\/10 pro (2025)"},{"value":3866,"label":"Pixel 8 (2023)"},{"value":3867,"label":"Pixel 9 (2024)"},{"value":1575,"label":"Samsung\u2122"}],"product_tag":[{"value":1686,"label":"Handy"},{"value":1321,"label":"Outdoor"},{"value":3872,"label":"tough case"}],"pa_model":[{"value":3063,"label":"Galaxy S23"},{"value":3062,"label":"Galaxy S23+"},{"value":3281,"label":"Galaxy S24"},{"value":3280,"label":"Galaxy S24+"},{"value":3610,"label":"Galaxy S25"},{"value":3609,"label":"Galaxy S25+"},{"value":3879,"label":"Galaxy S26"},{"value":3878,"label":"Galaxy S26+"},{"value":3882,"label":"Google Pixel 10\/10 pro (2025)"},{"value":3880,"label":"Google Pixel 8 (2023)"},{"value":3881,"label":"Google Pixel 9 (2024)"},{"value":2912,"label":"iPhone 14"},{"value":2909,"label":"iPhone 14 plus"},{"value":2910,"label":"iPhone 14 pro"},{"value":2911,"label":"iPhone 14 pro max"},{"value":3146,"label":"iPhone 15"},{"value":3140,"label":"iPhone 15 plus"},{"value":3142,"label":"iPhone 15 pro"},{"value":3144,"label":"iPhone 15 pro max"},{"value":3483,"label":"iPhone 16"},{"value":3480,"label":"iPhone 16 plus"},{"value":3481,"label":"iPhone 16 pro"},{"value":3482,"label":"iPhone 16 pro max"},{"value":3799,"label":"iPhone 17"},{"value":3801,"label":"iPhone 17 pro"},{"value":3804,"label":"iPhone 17 pro max"},{"value":3795,"label":"iPhone air"}],"pa_personalization":[{"value":869,"label":"H\u00fcllen ohne Logo"},{"value":680,"label":"Vollfl\u00e4chige Grafik und Fotos"}]},"featured_image_src_large":["https:\/\/www.brandit-protection.com\/wp-content\/uploads\/Brand.it-Chameleon-Hard-Case-Phone-Protection-with-Logo-01-1024x1024.jpg",1024,1024,true],"author_info":[],"comment_info":"","_links":{"self":[{"href":"https:\/\/www.brandit-protection.com\/de\/wp-json\/wp\/v2\/product\/183849","targetHints":{"allow":["GET"]}}],"collection":[{"href":"https:\/\/www.brandit-protection.com\/de\/wp-json\/wp\/v2\/product"}],"about":[{"href":"https:\/\/www.brandit-protection.com\/de\/wp-json\/wp\/v2\/types\/product"}],"wp:featuredmedia":[{"embeddable":true,"href":"https:\/\/www.brandit-protection.com\/de\/wp-json\/wp\/v2\/media\/183727"}],"wp:attachment":[{"href":"https:\/\/www.brandit-protection.com\/de\/wp-json\/wp\/v2\/media?parent=183849"}],"wp:term":[{"taxonomy":"product_brand","embeddable":true,"href":"https:\/\/www.brandit-protection.com\/de\/wp-json\/wp\/v2\/product_brand?post=183849"},{"taxonomy":"product_cat","embeddable":true,"href":"https:\/\/www.brandit-protection.com\/de\/wp-json\/wp\/v2\/product_cat?post=183849"},{"taxonomy":"product_tag","embeddable":true,"href":"https:\/\/www.brandit-protection.com\/de\/wp-json\/wp\/v2\/product_tag?post=183849"},{"taxonomy":"product_faqs","embeddable":true,"href":"https:\/\/www.brandit-protection.com\/de\/wp-json\/wp\/v2\/product_faqs?post=183849"}],"curies":[{"name":"wp","href":"https:\/\/api.w.org\/{rel}","templated":true}]}}