			        
		{"id":139795,"date":"2017-04-18T13:46:20","date_gmt":"2017-04-18T12:46:20","guid":{"rendered":"https:\/\/develop.brand.it\/devenir-revendeur\/"},"modified":"2022-12-04T11:31:38","modified_gmt":"2022-12-04T10:31:38","slug":"devenir-revendeur","status":"publish","type":"page","link":"https:\/\/www.brandit-protection.com\/fr\/devenir-revendeur\/","title":{"rendered":"Devenir revendeur"},"content":{"rendered":"<div class=\"wpb-content-wrapper\">[vc_row el_class=&#8221;container&#8221;][vc_column][vc_empty_space height=&#8221;1vw&#8221;][\/vc_column][\/vc_row][vc_row el_class=&#8221;container&#8221;][vc_column width=&#8221;1\/2&#8243; css=&#8221;.vc_custom_1606837414284{padding-right: 20px !important;}&#8221;][vc_column_text]Nous vendons \u00e9galement notre portefeuille par l&#8217;interm\u00e9diaire de revendeurs des secteurs des soci\u00e9t\u00e9s de syst\u00e8mes informatiques, des agences de publicit\u00e9, des fournisseurs de t\u00e9l\u00e9phonie mobile et des distributeurs de mat\u00e9riel publicitaire. Dans le cadre de notre expansion internationale, nous offrons \u00e0 des partenaires performants un programme de canaux attractif. Faites partie de notre strat\u00e9gie de croissance internationale et b\u00e9n\u00e9ficiez des avantages suivants :\r\n<ul>\r\n \t<li>Grande exp\u00e9rience dans le domaine des housses de protection pour les entreprises.<\/li>\r\n \t<li>Une structure de prix stable assure votre marge en tant que revendeur.<\/li>\r\n \t<li>Fourniture rapide et fiable<\/li>\r\n \t<li>Soutien aux projets &amp; protection des clients<\/li>\r\n \t<li>Soutien personnel par son propre gestionnaire de compte<\/li>\r\n<\/ul>\r\nNous sommes impatients de vous entendre.[\/vc_column_text][vc_btn title=&#8221;Protection des clients&#8221; style=&#8221;flat&#8221; shape=&#8221;square&#8221; color=&#8221;success&#8221; align=&#8221;left&#8221; link=&#8221;url:https%3A%2F%2Fwww.brandit-protection.com%2Ffr%2Fprotection-des-clients%2F&#8221;][\/vc_column][vc_column width=&#8221;1\/2&#8243; css=&#8221;.vc_custom_1606837462747{border-left-width: 1px !important;border-left-color: #0071b8 !important;border-left-style: dashed !important;}&#8221;][vc_custom_heading text=&#8221;Postuler en tant que revendeur&#8221; font_container=&#8221;tag:h2|font_size:1.9em|text_align:left|color:%230071b8&#8243; use_theme_fonts=&#8221;yes&#8221;][vc_column_text]Pour toute demande de prix, veuillez consulter notre <a href=\"\/fr\/boutique-brandit\/\">boutique en ligne<\/a> ou cliquer sur le bouton &#8220;Requ\u00eate rapide&#8221; en haut de cette page.[\/vc_column_text]\n<div class=\"wpcf7 no-js\" id=\"wpcf7-f149418-o1\" lang=\"fr-FR\" dir=\"ltr\" data-wpcf7-id=\"149418\">\n<div class=\"screen-reader-response\"><p role=\"status\" aria-live=\"polite\" aria-atomic=\"true\"><\/p> <ul><\/ul><\/div>\n<form action=\"\/fr\/wp-json\/wp\/v2\/pages\/139795#wpcf7-f149418-o1\" method=\"post\" class=\"wpcf7-form init wpcf7-acceptance-as-validation\" aria-label=\"Formulaire de contact\" novalidate=\"novalidate\" data-status=\"init\">\n<fieldset class=\"hidden-fields-container\"><input type=\"hidden\" name=\"_wpcf7\" value=\"149418\" \/><input type=\"hidden\" name=\"_wpcf7_version\" value=\"6.1.5\" \/><input type=\"hidden\" name=\"_wpcf7_locale\" value=\"fr_FR\" \/><input type=\"hidden\" name=\"_wpcf7_unit_tag\" value=\"wpcf7-f149418-o1\" \/><input type=\"hidden\" name=\"_wpcf7_container_post\" value=\"0\" \/><input type=\"hidden\" name=\"_wpcf7_posted_data_hash\" value=\"\" \/><input type=\"hidden\" name=\"_uacf7_hidden_conditional_fields\" value=\"\" \/>\n<\/fieldset>\n<div class=\"uacf7-form-wrapper-container uacf7-form-149418  \"><div id=\"asaphide\">\n<span class=\"wpcf7-form-control-wrap\" data-name=\"company\"><input size=\"40\" maxlength=\"400\" class=\"wpcf7-form-control wpcf7-text wpcf7-validates-as-required\" id=\"wv-company\" aria-required=\"true\" aria-invalid=\"false\" placeholder=\"Nom de l&#039;entreprise\" value=\"\" type=\"text\" name=\"company\" \/><\/span>\n\n<span class=\"wpcf7-form-control-wrap\" data-name=\"first-name\"><input size=\"40\" maxlength=\"400\" class=\"wpcf7-form-control wpcf7-text wpcf7-validates-as-required\" id=\"wv-first-name\" aria-required=\"true\" aria-invalid=\"false\" placeholder=\"Pr\u00e9nom\" value=\"\" type=\"text\" name=\"first-name\" \/><\/span> <span class=\"wpcf7-form-control-wrap\" data-name=\"last-name\"><input size=\"40\" maxlength=\"400\" class=\"wpcf7-form-control wpcf7-text wpcf7-validates-as-required\" id=\"wv-last-name\" aria-required=\"true\" aria-invalid=\"false\" placeholder=\"Nom de famille\" value=\"\" type=\"text\" name=\"last-name\" \/><\/span>\n\n<span class=\"wpcf7-form-control-wrap\" data-name=\"phone\"><input size=\"40\" maxlength=\"400\" class=\"wpcf7-form-control wpcf7-tel wpcf7-validates-as-required wpcf7-text wpcf7-validates-as-tel\" id=\"wv-phone\" aria-required=\"true\" aria-invalid=\"false\" placeholder=\"Num\u00e9ro de t\u00e9l\u00e9phone\" value=\"\" type=\"tel\" name=\"phone\" \/><\/span> <span class=\"wpcf7-form-control-wrap\" data-name=\"email\"><input size=\"40\" maxlength=\"400\" class=\"wpcf7-form-control wpcf7-email wpcf7-validates-as-required wpcf7-text wpcf7-validates-as-email\" id=\"wv-email\" aria-required=\"true\" aria-invalid=\"false\" placeholder=\"adresse e-mail\" value=\"\" type=\"email\" name=\"email\" \/><\/span>\n\n<span class=\"wpcf7-form-control-wrap\" data-name=\"street-address\"><input size=\"40\" maxlength=\"400\" class=\"wpcf7-form-control wpcf7-text wpcf7-validates-as-required\" id=\"wv-street-address\" aria-required=\"true\" aria-invalid=\"false\" placeholder=\"Rue, n*\" value=\"\" type=\"text\" name=\"street-address\" \/><\/span>\n\n<span class=\"wpcf7-form-control-wrap\" data-name=\"zip-code\"><input size=\"40\" maxlength=\"400\" class=\"wpcf7-form-control wpcf7-text wpcf7-validates-as-required\" id=\"wv-zip\" aria-required=\"true\" aria-invalid=\"false\" placeholder=\"Code postal*\" value=\"\" type=\"text\" name=\"zip-code\" \/><\/span>  <span class=\"wpcf7-form-control-wrap\" data-name=\"city\"><input size=\"40\" maxlength=\"400\" class=\"wpcf7-form-control wpcf7-text wpcf7-validates-as-required\" id=\"wv-city\" aria-required=\"true\" aria-invalid=\"false\" placeholder=\"Ville*\" value=\"\" type=\"text\" name=\"city\" \/><\/span>\n\n<span class=\"wpcf7-form-control-wrap\" data-name=\"country\"><input size=\"40\" maxlength=\"400\" class=\"wpcf7-form-control wpcf7-text wpcf7-validates-as-required\" id=\"wv-country\" aria-required=\"true\" aria-invalid=\"false\" placeholder=\"Pays*\" value=\"\" type=\"text\" name=\"country\" \/><\/span>\n\n<p>Quelle cat\u00e9gorie d\u00e9crit le mieux votre entreprise ?<\/p>\n<span class=\"wpcf7-form-control-wrap\" data-name=\"reseller-category\"><span class=\"wpcf7-form-control wpcf7-radio\" id=\"wv-category\"><span class=\"wpcf7-list-item first\"><label><input type=\"radio\" name=\"reseller-category\" value=\"Concessionnaire de mat\u00e9riel publicitaire\" checked=\"checked\" \/><span class=\"wpcf7-list-item-label\">Concessionnaire de mat\u00e9riel publicitaire<\/span><\/label><\/span><span class=\"wpcf7-list-item\"><label><input type=\"radio\" name=\"reseller-category\" value=\"Agence de publicit\u00e9\" \/><span class=\"wpcf7-list-item-label\">Agence de publicit\u00e9<\/span><\/label><\/span><span class=\"wpcf7-list-item\"><label><input type=\"radio\" name=\"reseller-category\" value=\"Solutions informatiques\" \/><span class=\"wpcf7-list-item-label\">Solutions informatiques<\/span><\/label><\/span><span class=\"wpcf7-list-item\"><label><input type=\"radio\" name=\"reseller-category\" value=\"Boutique de t\u00e9l\u00e9phonie mobile\" \/><span class=\"wpcf7-list-item-label\">Boutique de t\u00e9l\u00e9phonie mobile<\/span><\/label><\/span><span class=\"wpcf7-list-item\"><label><input type=\"radio\" name=\"reseller-category\" value=\"Distributeur\" \/><span class=\"wpcf7-list-item-label\">Distributeur<\/span><\/label><\/span><span class=\"wpcf7-list-item last\"><label><input type=\"radio\" name=\"reseller-category\" value=\"Autres\" \/><span class=\"wpcf7-list-item-label\">Autres<\/span><\/label><\/span><\/span><\/span>\n\n<p>Quelles mesures de marketing comptez-vous utiliser pour promouvoir la gamme Brand.it aupr\u00e8s de vos clients ?<\/p>\n<span class=\"wpcf7-form-control-wrap\" data-name=\"marketing\"><textarea cols=\"40\" rows=\"6\" maxlength=\"2000\" class=\"wpcf7-form-control wpcf7-textarea wpcf7-validates-as-required\" id=\"wv-marketing\" aria-required=\"true\" aria-invalid=\"false\" placeholder=\"vos efforts de marketing\" name=\"marketing\"><\/textarea><\/span>\n\nAidez-nous \u00e0 lutter contre le spam et r\u00e9pondez : <span class=\"wpcf7-form-control-wrap\" data-name=\"quiz-755\"><label><span class=\"wpcf7-quiz-label\">Quel est le plus grand, 12 ou 5?<\/span> <input size=\"40\" class=\"wpcf7-form-control wpcf7-quiz quiz\" autocomplete=\"off\" aria-required=\"true\" aria-invalid=\"false\" type=\"text\" name=\"quiz-755\" \/><\/label><input type=\"hidden\" name=\"_wpcf7_quiz_answer_quiz-755\" value=\"403c7d4df5305081626918e087e69ae1\" \/><\/span>\n\n<span class=\"wpcf7-form-control-wrap\" data-name=\"consent\"><span class=\"wpcf7-form-control wpcf7-acceptance\"><span class=\"wpcf7-list-item\"><label><input type=\"checkbox\" name=\"consent\" value=\"1\" id=\"wv-consent\" aria-invalid=\"false\" \/><span class=\"wpcf7-list-item-label\">J'ai pris connaissance de la <a href=\"https:\/\/www.brandit-protection.com\/fr\/politique-de-confidentialite\/\" target=\"blank\">politique de confidentialit\u00e9<\/a>. J'accepte que mes coordonn\u00e9es soient conserv\u00e9es en permanence \u00e0 des fins de contact et de consultation.<\/span><\/label><\/span><\/span><\/span>\n<input class=\"wpcf7-form-control wpcf7-submit has-spinner\" id=\"wv-submit\" type=\"submit\" value=\"Absenden\" \/>\n<\/div><\/div><script>\n\t\t\t(function($){\n\t\t\t\tconst trackEvent = (eventType, additionalData = {}) => {\n\t\t\t\t\tfetch(\"https:\/\/www.brandit-protection.com\/fr\/wp-json\/cf7it\/v1\/track\", {\n\t\t\t\t\t\tmethod: \"POST\",\n\t\t\t\t\t\theaders: { \"Content-Type\": \"application\/json\" },\n\t\t\t\t\t\tbody: JSON.stringify({\n\t\t\t\t\t\t\tsession_id: \"ae7ce039f8\",\n\t\t\t\t\t\t\tform_id: \"149418\",\n\t\t\t\t\t\t\tevent_type: eventType,\n\t\t\t\t\t\t\tadditional_data: JSON.stringify(additionalData),\n\t\t\t\t\t\t}),\n\t\t\t\t\t});\n\t\t\t\t};\n\n\t\t\t\tconst getStepId = (element) => {\n\t\t\t\t\t\/\/ Dynamisch pr\u00fcfen, ob das Element in einer .step-content-Wrapper ist\n\t\t\t\t\tconst stepContent = $(element).closest(\".step-content\");\n\t\t\t\t\treturn stepContent.length > 0 ? stepContent.attr(\"step-id\") : null;\n\t\t\t\t};\n\n\t\t\t\tconst handleInput = (event) => {\n\t\t\t\t\tconst inputElement = event.target;\n\t\t\t\t\tconst inputType = inputElement.type || \"unknown\"; \/\/ Eingabetyp bestimmen\n\t\t\t\t\tconst additionalData = {\n\t\t\t\t\t\telement: inputElement.tagName,\n\t\t\t\t\t\ttype: inputType,\n\t\t\t\t\t\tname: inputElement.name || null,\n\t\t\t\t\t\tvalue: inputElement.value,\n\t\t\t\t\t\tstep_id: getStepId(inputElement), \/\/ Dynamisch pr\u00fcfen\n\t\t\t\t\t};\n\n\t\t\t\t\t\/\/ Checkbox-Zustand hinzuf\u00fcgen\n\t\t\t\t\tif (inputType === \"checkbox\" || inputType === \"radio\") {\n\t\t\t\t\t\tadditionalData.checked = inputElement.checked ? \"1\" : \"-1\";\n\t\t\t\t\t}\n\n\n\t\t\t\t\ttrackEvent(\"input_interaction\", additionalData);\n\t\t\t\t};\n\n\t\t\t\t\/\/ Eingabeverz\u00f6gerung f\u00fcr Eingabefelder (mit Ausnahme von Checkboxen\/Radio)\n\t\t\t\tlet inputTimeout;\n\t\t\t\t$(document).on(\"input\", \"div[data-wpcf7-id=\\\"149418\\\"] input, div[data-wpcf7-id=\\\"149418\\\"] textarea, div[data-wpcf7-id=\\\"149418\\\"] select\", (event) => {\n\t\t\t\t\tconst inputElement = event.target;\n\t\t\t\t\tconst inputType = inputElement.type || \"unknown\";\n\n\t\t\t\t\t\/\/ Checkboxen und Radios sofort verfolgen, andere mit Verz\u00f6gerung\n\t\t\t\t\tif (inputType === \"checkbox\" || inputType === \"radio\") {\n\t\t\t\t\t\thandleInput(event);\n\t\t\t\t\t} else {\n\t\t\t\t\t\tclearTimeout(inputTimeout);\n\t\t\t\t\t\tinputTimeout = setTimeout(() => handleInput(event), 1000);\n\t\t\t\t\t}\n\t\t\t\t});\n\n\t\t\t\t\/\/ Klicks auf Link und Button Elemente im Formular verfolgen\n\t\t\t\t$(document).on(\"click\", \"div[data-wpcf7-id=\\\"149418\\\"] button, div[data-wpcf7-id=\\\"149418\\\"] a\", (event) => {\n\t\t\t\t\tconst clickedElement = event.target;\n\t\t\t\t\ttrackEvent(\"click_interaction\", {\n\t\t\t\t\t\telement: clickedElement.tagName,\n\t\t\t\t\t\tid: clickedElement.id || null,\n\t\t\t\t\t\tclass: clickedElement.className || null,\n\t\t\t\t\t\ttext: clickedElement.innerText || null,\n\t\t\t\t\t\tstep_id: getStepId(clickedElement), \/\/ Dynamisch pr\u00fcfen\n\t\t\t\t\t});\n\t\t\t\t});\n\n\t\t\t\t\/\/ Formular\u00fcbermittlung verfolgen\n\t\t\t\tdocument.addEventListener(\"wpcf7mailsent\", () => {\n\t\t\t\t\ttrackEvent(\"form_submission\");\n\t\t\t\t});\n\t\t\t})(jQuery);\n\t\t<\/script><div class=\"wpcf7-response-output\" aria-hidden=\"true\"><\/div>\n<\/form>\n<\/div>\n[\/vc_column][\/vc_row][vc_row][vc_column][vc_column_text][\/vc_column_text][\/vc_column][\/vc_row]<\/div>","protected":false},"excerpt":{"rendered":"[vc_row el_class=&#8221;container&#8221;][vc_column][vc_empty_space height=&#8221;1vw&#8221;][\/vc_column][\/vc_row][vc_row el_class=&#8221;container&#8221;][vc_column width=&#8221;1\/2&#8243; css=&#8221;.vc_custom_1606837414284{padding-right: 20px !important;}&#8221;][vc_column_text]Nous vendons \u00e9galement notre portefeuille par l&#8217;interm\u00e9diaire de revendeurs des secteurs des soci\u00e9t\u00e9s de syst\u00e8mes informatiques, des agences de publicit\u00e9, des fournisseurs de t\u00e9l\u00e9phonie mobile et des distributeurs de mat\u00e9riel publicitaire. Dans le cadre de notre expansion internationale, nous offrons \u00e0 des partenaires performants un programme de canaux [&hellip;]","protected":false},"author":6,"featured_media":148293,"parent":0,"menu_order":0,"comment_status":"closed","ping_status":"closed","template":"cls-optimized-page.php","meta":{"_kad_blocks_custom_css":"","_kad_blocks_head_custom_js":"","_kad_blocks_body_custom_js":"","_kad_blocks_footer_custom_js":"","footnotes":""},"class_list":["post-139795","page","type-page","status-publish","has-post-thumbnail","hentry"],"acf":[],"taxonomy_info":[],"featured_image_src_large":["https:\/\/www.brandit-protection.com\/wp-content\/uploads\/header-reseller-1024x320.jpg",1024,320,true],"author_info":{"display_name":"admin","author_link":"https:\/\/www.brandit-protection.com\/fr\/author\/bqgynqebwubhubvm\/"},"comment_info":0,"_links":{"self":[{"href":"https:\/\/www.brandit-protection.com\/fr\/wp-json\/wp\/v2\/pages\/139795","targetHints":{"allow":["GET"]}}],"collection":[{"href":"https:\/\/www.brandit-protection.com\/fr\/wp-json\/wp\/v2\/pages"}],"about":[{"href":"https:\/\/www.brandit-protection.com\/fr\/wp-json\/wp\/v2\/types\/page"}],"author":[{"embeddable":true,"href":"https:\/\/www.brandit-protection.com\/fr\/wp-json\/wp\/v2\/users\/6"}],"replies":[{"embeddable":true,"href":"https:\/\/www.brandit-protection.com\/fr\/wp-json\/wp\/v2\/comments?post=139795"}],"version-history":[{"count":3,"href":"https:\/\/www.brandit-protection.com\/fr\/wp-json\/wp\/v2\/pages\/139795\/revisions"}],"predecessor-version":[{"id":176246,"href":"https:\/\/www.brandit-protection.com\/fr\/wp-json\/wp\/v2\/pages\/139795\/revisions\/176246"}],"wp:featuredmedia":[{"embeddable":true,"href":"https:\/\/www.brandit-protection.com\/fr\/wp-json\/wp\/v2\/media\/148293"}],"wp:attachment":[{"href":"https:\/\/www.brandit-protection.com\/fr\/wp-json\/wp\/v2\/media?parent=139795"}],"curies":[{"name":"wp","href":"https:\/\/api.w.org\/{rel}","templated":true}]}}