{"id":141237,"date":"2013-01-29T09:09:14","date_gmt":"2013-01-29T08:09:14","guid":{"rendered":"https:\/\/develop.brand.it\/mentions-legales\/"},"modified":"2024-08-30T08:57:02","modified_gmt":"2024-08-30T07:57:02","slug":"mentions-legales","status":"publish","type":"page","link":"https:\/\/www.brandit-protection.com\/fr\/mentions-legales\/","title":{"rendered":"Mentions l\u00e9gales"},"content":{"rendered":"<div class=\"wpb-content-wrapper\">[vc_row full_width=&#8221;stretch_row_content_no_spaces&#8221;][vc_column][vc_custom_heading text=&#8221;Mentions l\u00e9gales et protection des donn\u00e9es&#8221; font_container=&#8221;tag:h1|text_align:left&#8221;][\/vc_column][\/vc_row][vc_row][vc_column][vc_empty_space][vc_column_text]Responsable du contenu de ces pages est\r\n\r\nBrand.it GmbH\r\nStr. d. Pariser Kommune 12-16\r\n10243 Berlin\r\nAllemagne\r\n\r\n<strong>Phone <a href=\"callto:+49 30 555 735 999\">+49 30 555 735 999<\/a><\/strong>\r\n<strong>E-mail : info(\u00e4\/t)brand.it<\/strong><a href=\"mailto:info@brand.it\"><b>\r\n<\/b><\/a>\r\n\r\n<a class=\"quick-inquiry-btn brandit-button\">Enqu\u00eate rapide<\/a>\r\n\r\nNum\u00e9ro d&#8217;identification de la taxe de vente : DE815032573\r\n\r\nEnregistr\u00e9 au tribunal d&#8217;instance de Berlin-Charlottenburg (HRB 171718 B)\r\nLe directeur g\u00e9n\u00e9ral est Jan Breuer.\r\n\r\nClause de non-responsabilit\u00e9\r\n\r\n<strong>responsabilit\u00e9 pour le contenu<\/strong>\r\n\r\nLe contenu de nos pages a \u00e9t\u00e9 cr\u00e9\u00e9 avec le plus grand soin. Toutefois, nous ne pouvons pas garantir que le contenu est correct, complet et \u00e0 jour. En tant que prestataire de services, nous sommes responsables de nos propres contenus sur ces pages conform\u00e9ment \u00e0 l&#8217;article 7, paragraphe 1 de la loi allemande sur les t\u00e9l\u00e9m\u00e9dias (TMG) et aux lois g\u00e9n\u00e9rales. Conform\u00e9ment aux articles 8 \u00e0 10 de la TMG, nous ne sommes pas tenus de surveiller les informations transmises ou stock\u00e9es par des tiers ni d&#8217;enqu\u00eater sur les circonstances qui indiquent une activit\u00e9 ill\u00e9gale. Les obligations de supprimer ou de bloquer l&#8217;utilisation des informations conform\u00e9ment aux lois g\u00e9n\u00e9rales ne sont pas affect\u00e9es par cette disposition. Toutefois, la responsabilit\u00e9 \u00e0 cet \u00e9gard n&#8217;est possible qu&#8217;\u00e0 partir du moment o\u00f9 l&#8217;on a connaissance d&#8217;une infraction concr\u00e8te. Si nous avons connaissance de telles infractions, nous retirerons imm\u00e9diatement le contenu en question.\r\n\r\n<strong>Responsabilit\u00e9 des liens<\/strong>\r\n\r\nNotre offre contient des liens vers des sites web externes de tiers, sur le contenu desquels nous n&#8217;avons aucune influence. C&#8217;est pourquoi nous ne pouvons assumer aucune responsabilit\u00e9 pour ces contenus externes. Le fournisseur ou l&#8217;exploitant de ces sites est toujours responsable du contenu des sites li\u00e9s. Les pages li\u00e9es ont \u00e9t\u00e9 v\u00e9rifi\u00e9es au moment de la mise en place du lien afin de d\u00e9tecter d&#8217;\u00e9ventuelles violations de la loi. Les contenus ill\u00e9gaux n&#8217;ont pas \u00e9t\u00e9 identifi\u00e9s au moment de la cr\u00e9ation du lien. Toutefois, un contr\u00f4le permanent du contenu des pages li\u00e9es n&#8217;est pas raisonnable sans preuve concr\u00e8te d&#8217;une violation de la loi. Si nous avons connaissance d&#8217;infractions, nous supprimerons imm\u00e9diatement ces liens.\r\n\r\n<strong>Copyright<\/strong>\r\n\r\nLes contenus et les \u0153uvres de ces pages cr\u00e9\u00e9s par les op\u00e9rateurs du site sont soumis \u00e0 la loi allemande sur le droit d&#8217;auteur. La reproduction, l&#8217;\u00e9dition, la distribution et tout type d&#8217;utilisation en dehors des limites du droit d&#8217;auteur n\u00e9cessitent le consentement \u00e9crit de l&#8217;auteur ou du cr\u00e9ateur respectif. Les t\u00e9l\u00e9chargements et les copies de ces pages ne sont autoris\u00e9s que pour un usage priv\u00e9 et non commercial. Dans la mesure o\u00f9 le contenu de ce site n&#8217;a pas \u00e9t\u00e9 cr\u00e9\u00e9 par l&#8217;op\u00e9rateur, les droits d&#8217;auteur de tiers sont respect\u00e9s. En particulier, les contenus de tiers sont identifi\u00e9s comme tels. Si vous avez n\u00e9anmoins connaissance d&#8217;une violation du droit d&#8217;auteur, veuillez nous en informer. Si nous avons connaissance d&#8217;une infraction, nous retirerons imm\u00e9diatement ces contenus.\r\n\r\n<strong>protection des donn\u00e9es<\/strong>\r\n\r\nL&#8217;utilisation de notre site web est g\u00e9n\u00e9ralement possible sans avoir \u00e0 fournir de donn\u00e9es personnelles. Dans la mesure o\u00f9 des donn\u00e9es personnelles (par exemple, le nom, l&#8217;adresse ou les adresses \u00e9lectroniques) sont collect\u00e9es sur notre site web, cela se fait toujours sur une base volontaire, dans la mesure du possible. Ces donn\u00e9es ne seront pas transmises \u00e0 des tiers sans votre consentement explicite.\r\n\r\nNous tenons \u00e0 souligner que la transmission de donn\u00e9es sur Internet (par exemple, la communication par courrier \u00e9lectronique) peut pr\u00e9senter des lacunes en mati\u00e8re de s\u00e9curit\u00e9. Une protection compl\u00e8te des donn\u00e9es contre l&#8217;acc\u00e8s par des tiers n&#8217;est pas possible.\r\n\r\nL&#8217;utilisation par des tiers des donn\u00e9es de contact publi\u00e9es dans le cadre de l&#8217;obligation d&#8217;impression pour l&#8217;envoi de mat\u00e9riel publicitaire et d&#8217;information non express\u00e9ment demand\u00e9 est express\u00e9ment interdite. Les exploitants des pages se r\u00e9servent express\u00e9ment le droit d&#8217;engager des poursuites judiciaires en cas d&#8217;envoi non sollicit\u00e9 d&#8217;informations publicitaires, par exemple par le biais de spams.\r\n\r\nPolitique de confidentialit\u00e9 pour l&#8217;utilisation des plugins Facebook (Like-Button)\r\n\r\nNos pages int\u00e8grent des plugins du r\u00e9seau social Facebook, 1601 South California Avenue, Palo Alto, CA 94304, USA. Vous pouvez reconna\u00eetre les plugins Facebook gr\u00e2ce au logo Facebook ou au bouton &#8220;Like&#8221; (&#8220;J&#8217;aime&#8221;) sur notre page. Vous pouvez trouver un aper\u00e7u des plugins Facebook ici : http:\/\/developers.facebook.com\/docs\/plugins\/.\r\nLorsque vous visitez nos pages, le plugin \u00e9tablit une connexion directe entre votre navigateur et le serveur de Facebook. Facebook re\u00e7oit ainsi l&#8217;information que vous avez visit\u00e9 notre site avec votre adresse IP. Si vous cliquez sur le &#8220;Like-Button&#8221; de Facebook lorsque vous \u00eates connect\u00e9 \u00e0 votre compte Facebook, vous pouvez relier le contenu de nos pages \u00e0 votre profil Facebook. Cela permet \u00e0 Facebook d&#8217;associer votre visite sur nos pages \u00e0 votre compte d&#8217;utilisateur. Nous tenons \u00e0 souligner que nous, en tant que fournisseur des pages, n&#8217;avons aucune connaissance du contenu des donn\u00e9es transmises ou de leur utilisation par Facebook. Vous trouverez de plus amples informations \u00e0 ce sujet dans la politique de confidentialit\u00e9 de facebook \u00e0 l&#8217;adresse http:\/\/de-de.facebook.com\/policy.php\r\nSi vous ne souhaitez pas que Facebook puisse attribuer les visites de nos pages \u00e0 votre compte d&#8217;utilisateur Facebook, veuillez vous d\u00e9connecter de votre compte d&#8217;utilisateur Facebook.\r\n\r\nPolitique de confidentialit\u00e9 pour l&#8217;utilisation de Google Analytics\r\n\r\nCe site web utilise Google Analytics, un service d&#8217;analyse web de Google Inc. (&#8220;Google&#8221;). Google Analytics utilise des &#8220;cookies&#8221;, qui sont des fichiers texte plac\u00e9s sur votre ordinateur, pour aider le site internet \u00e0 analyser l&#8217;utilisation du site par ses utilisateurs. Les informations g\u00e9n\u00e9r\u00e9es par le cookie concernant votre utilisation de ce site web sont g\u00e9n\u00e9ralement transf\u00e9r\u00e9es \u00e0 un serveur de Google aux \u00c9tats-Unis et y sont stock\u00e9es. Toutefois, si l&#8217;anonymat IP est activ\u00e9 sur ce site web, votre adresse IP sera pr\u00e9alablement raccourcie par Google dans les \u00c9tats membres de l&#8217;Union europ\u00e9enne ou dans d&#8217;autres \u00c9tats signataires de l&#8217;accord sur l&#8217;Espace \u00e9conomique europ\u00e9en.\r\n\r\nCe n&#8217;est que dans des cas exceptionnels que l&#8217;adresse IP compl\u00e8te sera transf\u00e9r\u00e9e \u00e0 un serveur de Google aux \u00c9tats-Unis et y sera raccourcie. Sur demande de l&#8217;exploitant de ce site web, Google utilisera ces informations pour \u00e9valuer votre utilisation du site web, pour \u00e9tablir des rapports sur les activit\u00e9s du site web et pour fournir d&#8217;autres services \u00e0 l&#8217;exploitant du site web en rapport avec l&#8217;utilisation du site web et d&#8217;Internet. L&#8217;adresse IP transmise par votre navigateur dans le cadre de Google Analytics n&#8217;est pas combin\u00e9e avec d&#8217;autres donn\u00e9es de Google.\r\n\r\nVous pouvez refuser l&#8217;utilisation de cookies en s\u00e9lectionnant les param\u00e8tres appropri\u00e9s de votre navigateur, mais veuillez noter que si vous le faites, vous risquez de ne pas pouvoir utiliser toutes les fonctionnalit\u00e9s de ce site web. Vous pouvez \u00e9galement emp\u00eacher la collecte des donn\u00e9es g\u00e9n\u00e9r\u00e9es par le cookie et li\u00e9es \u00e0 votre utilisation du site web (y compris votre adresse IP) par Google et le traitement de ces donn\u00e9es par Google en t\u00e9l\u00e9chargeant et en installant le plugin du navigateur disponible sur le lien suivant : http:\/\/tools.google.com\/dlpage\/gaoptout?hl=de.[\/vc_column_text][\/vc_column][\/vc_row][vc_row][vc_column][\/vc_column][\/vc_row]<\/div>","protected":false},"excerpt":{"rendered":"[vc_row full_width=&#8221;stretch_row_content_no_spaces&#8221;][vc_column][vc_custom_heading text=&#8221;Mentions l\u00e9gales et protection des donn\u00e9es&#8221; font_container=&#8221;tag:h1|text_align:left&#8221;][\/vc_column][\/vc_row][vc_row][vc_column][vc_empty_space][vc_column_text]Responsable du contenu de ces pages est Brand.it GmbH Str. d. Pariser Kommune 12-16 10243 Berlin Allemagne Phone +49 30 555 735 999 E-mail : info(\u00e4\/t)brand.it Enqu\u00eate rapide Num\u00e9ro d&#8217;identification de la taxe de vente : DE815032573 Enregistr\u00e9 au tribunal d&#8217;instance de Berlin-Charlottenburg (HRB 171718 B) Le [&hellip;]","protected":false},"author":6,"featured_media":0,"parent":0,"menu_order":7,"comment_status":"open","ping_status":"open","template":"","meta":{"_kad_blocks_custom_css":"","_kad_blocks_head_custom_js":"","_kad_blocks_body_custom_js":"","_kad_blocks_footer_custom_js":"","footnotes":""},"class_list":["post-141237","page","type-page","status-publish","hentry"],"acf":[],"taxonomy_info":[],"featured_image_src_large":false,"author_info":{"display_name":"admin","author_link":"https:\/\/www.brandit-protection.com\/fr\/author\/bqgynqebwubhubvm\/"},"comment_info":0,"_links":{"self":[{"href":"https:\/\/www.brandit-protection.com\/fr\/wp-json\/wp\/v2\/pages\/141237","targetHints":{"allow":["GET"]}}],"collection":[{"href":"https:\/\/www.brandit-protection.com\/fr\/wp-json\/wp\/v2\/pages"}],"about":[{"href":"https:\/\/www.brandit-protection.com\/fr\/wp-json\/wp\/v2\/types\/page"}],"author":[{"embeddable":true,"href":"https:\/\/www.brandit-protection.com\/fr\/wp-json\/wp\/v2\/users\/6"}],"replies":[{"embeddable":true,"href":"https:\/\/www.brandit-protection.com\/fr\/wp-json\/wp\/v2\/comments?post=141237"}],"version-history":[{"count":3,"href":"https:\/\/www.brandit-protection.com\/fr\/wp-json\/wp\/v2\/pages\/141237\/revisions"}],"predecessor-version":[{"id":180210,"href":"https:\/\/www.brandit-protection.com\/fr\/wp-json\/wp\/v2\/pages\/141237\/revisions\/180210"}],"wp:attachment":[{"href":"https:\/\/www.brandit-protection.com\/fr\/wp-json\/wp\/v2\/media?parent=141237"}],"curies":[{"name":"wp","href":"https:\/\/api.w.org\/{rel}","templated":true}]}}