{"id":161051,"date":"2022-01-07T08:56:19","date_gmt":"2022-01-07T07:56:19","guid":{"rendered":"https:\/\/www.brandit-protection.com\/etuis-pour-telephones-et-tablettes-durables-pour-les-entreprises\/"},"modified":"2024-07-03T11:47:15","modified_gmt":"2024-07-03T10:47:15","slug":"durabilite","status":"publish","type":"page","link":"https:\/\/www.brandit-protection.com\/fr\/societe-et\/durabilite\/","title":{"rendered":"\u00c9tuis pour t\u00e9l\u00e9phones et tablettes durables pour les entreprises"},"content":{"rendered":"<div class=\"full-width-container header-image\"><div class=\"photo-origin\">Photo par <a href=\"https:\/\/www.pexels.com\/de-de\/@suzyhazelwood?utm_content=attributionCopyText&#038;utm_medium=referral&#038;utm_source=pexels\" target=\"_blank\" rel=\"noopener\">Suzy Hazelwood<\/a> sur <a href=\"https:\/\/www.pexels.com\/de-de\/foto\/grunblattrige-pflanze-2382325\/?utm_content=attributionCopyText&#038;utm_medium=referral&#038;utm_source=pexels\" target=\"_blank\" rel=\"noopener\">Pexels<\/a><\/div><\/div>\r\n<div class=\"boxed-container page-intro\">\r\n<h1 class=\"black\">Brand.it est durable<\/h1>\r\n<p>En tant que premier fabricant mondial d&rsquo;\u00e9tuis pour t\u00e9l\u00e9phones portables et tablettes destin\u00e9s aux entreprises, Brand.it est conscient de sa responsabilit\u00e9 en mati\u00e8re de durabilit\u00e9. Nos \u00e9tuis pour t\u00e9l\u00e9phones portables et tablettes sont fabriqu\u00e9s en plastique robuste et sont donc tr\u00e8s durables. Nous sommes convaincus que les produits de haute qualit\u00e9 peuvent \u00eatre utilis\u00e9s pendant longtemps et sont donc d\u00e9j\u00e0 durables. En outre, avec nos \u00e9tuis de protection de haute qualit\u00e9, nous contribuons \u00e0 prolonger la dur\u00e9e de vie de vos compagnons \u00e9lectroniques et \u00e0 \u00e9viter les d\u00e9chets \u00e9lectroniques inutiles.<\/p><p>En outre, nous apportons les contributions suivantes pour faire de notre plan\u00e8te un endroit meilleur :<\/p><\/div>\r\n\r\n<div class=\"flex m2col compostable-section\" style=\"text-align: justify;\">\r\n  <div class=\"s-100 m-50 left-standard-padding\"><h2>\u00c9tuis de t\u00e9l\u00e9phone portable compostables<\/h2><p>Les mati\u00e8res plastiques sont \u00e0 la fois une b\u00e9n\u00e9diction et une mal\u00e9diction. D&rsquo;un c\u00f4t\u00e9, ils sont r\u00e9sistants et durables. D&rsquo;autre part, ils sont nocifs pour l&rsquo;environnement, pr\u00e9cis\u00e9ment pour ces raisons, car il leur faut des centaines d&rsquo;ann\u00e9es pour \u00eatre d\u00e9compos\u00e9s par la nature.<\/p><p>Nous proposons \u00e9galement une housse de t\u00e9l\u00e9phone portable compostable comme alternative \u00e0 notre housse standard. Celle-ci est fabriqu\u00e9e en bio-plastique PBAT et renforc\u00e9e par des fibres de bambou. Elle peut \u00eatre enti\u00e8rement compost\u00e9e en 12 \u00e0 24 mois gr\u00e2ce \u00e0 un processus naturel et biologique.<\/p><p>A propos : Vous pouvez \u00e9galement renvoyer gratuitement vos anciennes coques de t\u00e9l\u00e9phone portable \u00e0 Brand.it et nous nous chargeons du recyclage professionnel.<\/p><\/div>\r\n  <div class=\"s-100 m-50\"><div class=\"bg-container\"><\/div><\/div>\r\n<\/div>\r\n<div class=\"spacer\"><\/div>\r\n<div class=\"flex m2col no-plastic-section\" style=\"text-align: justify;\">\r\n  <div class=\"s-100 m-50\"><div class=\"bg-container\"><\/div><\/div>\r\n  <div class=\"s-100 m-50 right-standard-padding\"><h2>Pas d&#8217;emballage plastique<\/h2><p>Dans notre secteur, le plastique est le mat\u00e9riau d&#8217;emballage le plus courant. On se demande bien trop rarement si et comment les produits peuvent \u00eatre emball\u00e9s autrement.<\/p><p>Dans notre entreprise, les produits sont regroup\u00e9s en vrac et sans emballage individuel et exp\u00e9di\u00e9s \u00e0 nos clients dans des cartons. Si vous le souhaitez, nous pouvons \u00e9galement emballer chaque caisse individuellement moyennant un suppl\u00e9ment. Bien entendu, nous n&rsquo;utilisons \u00e0 cet effet que des emballages en papier recycl\u00e9.<\/p><\/div>\r\n<\/div>\r\n<div class=\"spacer\"><\/div>\r\n<div class=\"flex m2col reuse-section\" style=\"text-align: justify;\">\r\n  <div class=\"s-100 m-50 left-standard-padding\"><h2>Utiliser l&#8217;emballage plusieurs fois<\/h2><p>Nous croyons fermement que les emballages \u00e0 base de papier doivent \u00eatre consid\u00e9r\u00e9s comme une ressource pr\u00e9cieuse et qu&rsquo;ils doivent donc \u00eatre r\u00e9utilis\u00e9s plusieurs fois.<\/p><p>Vous n&rsquo;utilisez pas les bo\u00eetes en carton juste parce qu&rsquo;elles ont des d\u00e9fauts visuels ? C&rsquo;est insens\u00e9 ! Ce sont les valeurs int\u00e9rieures &#8211; \u00e0 savoir le produit livr\u00e9 &#8211; qui comptent ! Soyez donc heureux si vous recevez un carton qui pr\u00e9sente quelques rayures. Cela signifie qu&rsquo;il a prot\u00e9g\u00e9 votre produit. En retour, donnez-lui une deuxi\u00e8me, troisi\u00e8me ou m\u00eame quatri\u00e8me utilisation avant de le recycler.<\/p><\/div> \r\n  <div class=\"s-100 m-50\"><div class=\"bg-container\"><div class=\"photo-origin\">Photo par <a href=\"https:\/\/unsplash.com\/@kelli_mcclintock?utm_source=unsplash&#038;utm_medium=referral&#038;utm_content=creditCopyText\" target=\"_blank\" rel=\"noopener\">Kelli McClintock<\/a> sur <a href=\"https:\/\/unsplash.com\/?utm_source=unsplash&#038;utm_medium=referral&#038;utm_content=creditCopyText\" target=\"_blank\" rel=\"noopener\">Unsplash<\/a><\/div><\/div><\/div>\r\n<\/div>\r\n<div class=\"spacer\"><\/div>\r\n<div class=\"flex m2col quality-section\" style=\"text-align: justify;\">\r\n  <div class=\"s-100 m-50\"><div class=\"bg-container\"><\/div><\/div>\r\n  <div class=\"s-100 m-50 right-standard-padding\"><h2>Qualit\u00e9 \u00e9lev\u00e9e des produits<\/h2><p>C&rsquo;est une vieille v\u00e9rit\u00e9 : si vous achetez bon march\u00e9, vous achetez deux fois et provoquez donc aussi des \u00e9missions de CO2 doubles pour la production ainsi que pour le transport. Notre pr\u00e9tention est de fournir une qualit\u00e9 de produit sup\u00e9rieure \u00e0 la moyenne et de garantir ainsi une longue dur\u00e9e de vie de nos housses de protection.<\/p><p>Donc, d&rsquo;une part, nous pouvons \u00eatre s\u00fbrs que vous serez satisfaits de nos produits sans aucune restriction. Les r\u00e9clamations ou les produits de remplacement peuvent ainsi \u00eatre \u00e9vit\u00e9s. D&rsquo;autre part, avec des produits de haute qualit\u00e9, nous contribuons \u00e0 ce que les t\u00e9l\u00e9phones portables et les tablettes soient id\u00e9alement prot\u00e9g\u00e9s des chocs, en cas de chute ou d&rsquo;autres influences.<\/p><p>Une meilleure protection signifie moins de dommages, une dur\u00e9e de vie plus longue et moins de d\u00e9chets \u00e9lectroniques.<\/p><\/div>\r\n<\/div>","protected":false},"excerpt":{"rendered":"Photo par Suzy Hazelwood sur Pexels Brand.it est durable En tant que premier fabricant mondial d&rsquo;\u00e9tuis pour t\u00e9l\u00e9phones portables et tablettes destin\u00e9s aux entreprises, Brand.it est conscient de sa responsabilit\u00e9 en mati\u00e8re de durabilit\u00e9. Nos \u00e9tuis pour t\u00e9l\u00e9phones portables et tablettes sont fabriqu\u00e9s en plastique robuste et sont donc tr\u00e8s durables. Nous sommes convaincus que [&hellip;]","protected":false},"author":1480,"featured_media":0,"parent":139052,"menu_order":0,"comment_status":"closed","ping_status":"closed","template":"cls-optimized-page.php","meta":{"_kad_blocks_custom_css":"","_kad_blocks_head_custom_js":"","_kad_blocks_body_custom_js":"","_kad_blocks_footer_custom_js":"","footnotes":""},"class_list":["post-161051","page","type-page","status-publish","hentry"],"acf":[],"taxonomy_info":[],"featured_image_src_large":false,"author_info":{"display_name":"Philipp Kr\u00fcger","author_link":"https:\/\/www.brandit-protection.com\/fr\/author\/philipp-kruegerzoho-com\/"},"comment_info":0,"_links":{"self":[{"href":"https:\/\/www.brandit-protection.com\/fr\/wp-json\/wp\/v2\/pages\/161051","targetHints":{"allow":["GET"]}}],"collection":[{"href":"https:\/\/www.brandit-protection.com\/fr\/wp-json\/wp\/v2\/pages"}],"about":[{"href":"https:\/\/www.brandit-protection.com\/fr\/wp-json\/wp\/v2\/types\/page"}],"author":[{"embeddable":true,"href":"https:\/\/www.brandit-protection.com\/fr\/wp-json\/wp\/v2\/users\/1480"}],"replies":[{"embeddable":true,"href":"https:\/\/www.brandit-protection.com\/fr\/wp-json\/wp\/v2\/comments?post=161051"}],"version-history":[{"count":3,"href":"https:\/\/www.brandit-protection.com\/fr\/wp-json\/wp\/v2\/pages\/161051\/revisions"}],"predecessor-version":[{"id":180112,"href":"https:\/\/www.brandit-protection.com\/fr\/wp-json\/wp\/v2\/pages\/161051\/revisions\/180112"}],"up":[{"embeddable":true,"href":"https:\/\/www.brandit-protection.com\/fr\/wp-json\/wp\/v2\/pages\/139052"}],"wp:attachment":[{"href":"https:\/\/www.brandit-protection.com\/fr\/wp-json\/wp\/v2\/media?parent=161051"}],"curies":[{"name":"wp","href":"https:\/\/api.w.org\/{rel}","templated":true}]}}