{"id":170098,"date":"2022-07-28T13:05:09","date_gmt":"2022-07-28T12:05:09","guid":{"rendered":"https:\/\/www.brandit-protection.com\/neue-landing-page-handyhullen-mit-firmenlogo\/"},"modified":"2025-11-10T16:12:37","modified_gmt":"2025-11-10T15:12:37","slug":"etuis-pour-portable-avec-logo","status":"publish","type":"page","link":"https:\/\/www.brandit-protection.com\/fr\/etuis-pour-portable-avec-logo\/","title":{"rendered":"Housses telephones avec logo"},"content":{"rendered":"<div class=\"phone-hero boxed-container flex\">\n<div class=\"hero-title\">\n<h1>Housse t\u00e9l\u00e9phone\navec logo de l&#8217;entreprise<\/h1>\n<\/div>\n<div class=\"tiles-container flex\">\n<div class=\"hero-tile\"><img decoding=\"async\" class=\"aligncenter size-full wp-image-167599\" src=\"https:\/\/www.brandit-protection.com\/wp-content\/uploads\/phone_haribo.png\" alt=\"\u00c9tui de protection pour iPhone pour notre client Haribo\" width=\"812\" height=\"1000\" \/><\/div>\n<div class=\"hero-tile\"><img decoding=\"async\" class=\"aligncenter size-full wp-image-167602\" src=\"https:\/\/www.brandit-protection.com\/wp-content\/uploads\/phone_nutella.png\" alt=\"\u00c9tui pour t\u00e9l\u00e9phone portable avec design de marque Nutella\" width=\"812\" height=\"1000\" \/><\/div>\n<div class=\"hero-tile\"><img decoding=\"async\" class=\"aligncenter size-full wp-image-167596\" src=\"https:\/\/www.brandit-protection.com\/wp-content\/uploads\/phone_vitacola.png\" alt=\"\u00c9tui pour iPhone avec logo de la marque Vita Cola\" width=\"812\" height=\"1000\" \/><\/div>\n<\/div>\n<\/div>\n<div class=\"uvp-wrapper\"><div class=\"uvp-container\">\n        <ul>\n            <li><img decoding=\"async\" class=\"atf-media\" width=\"45\" height=\"45\" src=\"https:\/\/www.brandit-protection.com\/wp-content\/themes\/brandit\/assets\/img\/icons\/icon_ansprechpartner.svg\"><span class=\"MuseoSans700\">Soutien<br>individuel<\/span><\/li>\n            <li><img decoding=\"async\" class=\"atf-media\" width=\"45\" height=\"45\" src=\"https:\/\/www.brandit-protection.com\/wp-content\/themes\/brandit\/assets\/img\/icons\/icon_musterbox.svg\"><span class=\"MuseoSans700\">\u00e9chantillons de<br>produits gratuits<\/span><\/li>\n            <li><img decoding=\"async\" class=\"atf-media\" width=\"45\" height=\"45\" src=\"https:\/\/www.brandit-protection.com\/wp-content\/themes\/brandit\/assets\/img\/icons\/icon_mit_logo.svg\"><span class=\"MuseoSans700\">logo personnalis\u00e9<br>\u00e0 partir de 25 pcs<\/span><\/li>\n\t\t\t<li><img decoding=\"async\" class=\"atf-media\" width=\"45\" height=\"45\" src=\"https:\/\/www.brandit-protection.com\/wp-content\/themes\/brandit\/assets\/img\/icons\/icon_ohne_logo.svg\"><span class=\"MuseoSans700\">sans logo \u00e0pd<br>5 pcs (articles en stock)<\/span><\/li>\n            <li><img decoding=\"async\" class=\"atf-media\" width=\"45\" height=\"45\" src=\"https:\/\/www.brandit-protection.com\/wp-content\/themes\/brandit\/assets\/img\/icons\/icon_gestalten.svg\"><span class=\"MuseoSans700\">Cr\u00e9ez votre \u00e9tui<br>personnalis\u00e9 en ligne<\/span><\/li>\n            <li><img decoding=\"async\" class=\"atf-media\" width=\"45\" height=\"45\" src=\"https:\/\/www.brandit-protection.com\/wp-content\/themes\/brandit\/assets\/img\/icons\/icon_angebot.svg\"><span class=\"MuseoSans700\">offre individuelle<br>dans les 24 heures<\/span><\/li>\n        <\/ul>\n    <\/div><\/div>\n<div class=\"boxed-container bg-gradient-bottom\">\n<h2 class=\"MuseoSans900\" style=\"font-size: 3.33rem; line-height: 3.5rem; text-transform: uppercase;\">Les meilleures housses t\u00e9l\u00e9phones\npour les meilleures entreprises<\/h2>\n<h3 class=\"h-question\">Qu&#8217;est-ce qui est possible ?<\/h3>\n<div class=\"h-answer\">Vous avez le choix entre trois types de personnalisation<\/div>\n<div class=\"flex personalization-possibilities\">\n<div class=\"p-p-container flex\">\n<div class=\"\"><img decoding=\"async\" class=\"aligncenter size-full wp-image-170025\" src=\"https:\/\/www.brandit-protection.com\/wp-content\/uploads\/coca-cola-phone-case.png\" alt=\"\u00c9tui pour t\u00e9l\u00e9phone portable avec logo de l'entreprise\" width=\"322\" height=\"662\" \/><\/div>\n<div class=\"p-p-text\">\n<div class=\"liner\"><\/div>\n<h4>Impression du logo<\/h4>\n<div class=\"p-p-condition\">max. 1\/3 de la surface<\/div>\n<div class=\"p-p-description\">Le dos de la coque du t\u00e9l\u00e9phone portable peut \u00eatre partiellement imprim\u00e9 avec votre logo.<\/div>\n<\/div>\n<\/div>\n<div class=\"p-p-container flex\">\n<div class=\"\"><img decoding=\"async\" class=\"aligncenter size-full wp-image-170028\" src=\"https:\/\/www.brandit-protection.com\/wp-content\/uploads\/iPhone_fullsize_print_novartis.png\" alt=\"\" width=\"322\" height=\"662\" \/><\/div>\n<div class=\"p-p-text\">\n<div class=\"liner\"><\/div>\n<h4>Impression photo<\/h4>\n<div class=\"p-p-condition\">impression pleine surface<\/div>\n<div class=\"p-p-description\">L&#8217;ensemble du verso peut \u00eatre imprim\u00e9 avec n&#8217;importe quelle photo ou graphique.<\/div>\n<\/div>\n<\/div>\n<div class=\"p-p-container flex\">\n<div class=\"\"><img decoding=\"async\" class=\"aligncenter size-full wp-image-170031\" src=\"https:\/\/www.brandit-protection.com\/wp-content\/uploads\/your-logo-here.png\" alt=\"\u00e9tui de t\u00e9l\u00e9phone en couleur pantone\" width=\"322\" height=\"662\" \/><\/div>\n<div class=\"p-p-text\">\n<div class=\"liner\"><\/div>\n<h4>Couleur Pantone\u2122<\/h4>\n<div class=\"p-p-condition\">\u00e0 partir de 500 pi\u00e8ces<\/div>\n<div class=\"p-p-description\">Toute la housse est produite dans votre couleur Pantone\u2122.<\/div>\n<\/div>\n<\/div>\n<\/div>\n<\/div>\n<div class=\"boxed-container\">\n<h3 class=\"h-question\">Les housses existent-elles aussi pour mon mod\u00e8le ?<\/h3>\n<div class=\"h-answer\">Disponible pour tous les mod\u00e8les courants de ces fabricants. Autres mod\u00e8les \u00e0 partir de 500 pi\u00e8ces sur demande.<\/div>\n<div class=\"available-brands flex\">\n<div class=\"available-brand\"><img decoding=\"async\" class=\"aligncenter size-full wp-image-170034\" src=\"https:\/\/www.brandit-protection.com\/wp-content\/uploads\/Apple_logo_black.png\" alt=\"\u00e9tuis de t\u00e9l\u00e9phone personnalis\u00e9s pour les t\u00e9l\u00e9phones Apple\" width=\"195\" height=\"240\" \/><\/div>\n<div class=\"available-brand\"><img decoding=\"async\" class=\"aligncenter size-full wp-image-170037\" src=\"https:\/\/www.brandit-protection.com\/wp-content\/uploads\/samsung-logo.png\" alt=\"\u00e9tuis de t\u00e9l\u00e9phone personnalis\u00e9s pour les t\u00e9l\u00e9phones Samsung\" width=\"416\" height=\"138\" \/><\/div>\n<div class=\"available-brand\"><img decoding=\"async\" class=\"aligncenter size-full wp-image-170040\" src=\"https:\/\/www.brandit-protection.com\/wp-content\/uploads\/huawei-logo.png\" alt=\"\u00e9tuis de t\u00e9l\u00e9phone personnalis\u00e9s pour les t\u00e9l\u00e9phones Huawei\" width=\"490\" height=\"164\" \/><\/div>\n<\/div>\n<\/div>\n<div class=\"boxed-container bg-gradient-bottom\">\n<h3 class=\"h-question\">Combien de temps cela prend-il ?<\/h3>\n<div class=\"h-answer\">Les d\u00e9lais de livraison varient en fonction du produit, du stock et de la personnalisation.<\/div>\n<div class=\"delivery-times flex\">\n<div class=\"delivery-time\">\n<h4>Housses sans impression du logo<\/h4>\n<div class=\"dt-bar\">\n<div class=\"dt-bar-child\" style=\"width: 7.5%;\"><\/div>\n<div class=\"dt-bar-child\" style=\"width: 12.5%;\"><\/div>\n<\/div>\n<div class=\"dt-text\">3-5 jours de travail<\/div>\n<\/div>\n<div class=\"delivery-time\">\n<h4>Housses avec impression du logo<\/h4>\n<div class=\"dt-bar\">\n<div class=\"dt-bar-child\" style=\"width: 25%;\"><\/div>\n<div class=\"dt-bar-child\" style=\"width: 37.5%;\"><\/div>\n<\/div>\n<div class=\"dt-text\">10-15 jours de travail<\/div>\n<\/div>\n<div class=\"delivery-time\">\n<h4>Production sp\u00e9ciale<\/h4>\n<div class=\"dt-bar\">\n<div class=\"dt-bar-child\" style=\"width: 87.5%;\"><\/div>\n<div class=\"dt-bar-child\" style=\"width: 100%;\"><\/div>\n<\/div>\n<div class=\"dt-text\">35-40 jours de travail<\/div>\n<\/div>\n<\/div>\n<\/div>\n<div class=\"boxed-container bg-gradient-bottom\">\n<h3 class=\"h-question\">Combien \u00e7a co\u00fbte ?<\/h3>\n<div class=\"h-answer\" style=\"margin-bottom: 0;\">Plus la quantit\u00e9 totale est importante, plus le prix unitaire est avantageux<\/div>\n<span class=\"small\">Exemple de calcul bas\u00e9 sur <b>&#8220;Monkey Soft Slim TPU housse&#8221;.<\/b><\/span>\n<div class=\"flex pricing-container\">\n<div class=\"flex pricing-item\">\n<div><img decoding=\"async\" class=\"aligncenter size-full wp-image-170063\" src=\"https:\/\/www.brandit-protection.com\/wp-content\/uploads\/phone_case_with_logo_mercedes.png\" alt=\"\" width=\"181\" height=\"400\" \/><\/div>\n<div class=\"pricing-details\">\n<div class=\"pricing-tag\">pce. 3,50 \u20ac*<\/div>\n<div class=\"pricing-text\">\n<div class=\"larger\">1,000 pi\u00e8ces<\/div>\nHousse en silicone TPU\navec logo imprim\u00e9\n\n<\/div>\n<\/div>\n<\/div>\n<div class=\"flex pricing-item\">\n<div><img decoding=\"async\" class=\"aligncenter size-full wp-image-170063\" src=\"https:\/\/www.brandit-protection.com\/wp-content\/uploads\/phone_case_with_logo_sika.png\" alt=\"\" width=\"181\" height=\"400\" \/><\/div>\n<div class=\"pricing-details\">\n<div class=\"pricing-tag\">pce. 6,70 \u20ac*<\/div>\n<div class=\"pricing-text\">\n<div class=\"larger\">250 pi\u00e8ces<\/div>\nHousse en silicone TPU\navec logo imprim\u00e9\n\n<\/div>\n<\/div>\n<\/div>\n<div class=\"flex pricing-item\">\n<div><img decoding=\"async\" class=\"aligncenter size-full wp-image-170063\" src=\"https:\/\/www.brandit-protection.com\/wp-content\/uploads\/phone_case_with_logo_zuerich.png\" alt=\"\" width=\"181\" height=\"400\" \/><\/div>\n<div class=\"pricing-details\">\n<div class=\"pricing-tag\">pce. 12,40 \u20ac*<\/div>\n<div class=\"pricing-text\">\n<div class=\"larger\">50 pi\u00e8ces<\/div>\nHousse en silicone TPU\navec impression photo\n\n<\/div>\n<\/div>\n<\/div>\n<\/div>\n<div class=\"pricing-cta-container\"><a class=\"brandit-button quick-inquiry-btn\" data-remodal-target=\"quick-inquiry-modal\">Demander un devis<\/a>\n<p class=\"smaller\">* plus 35\u20ac de frais de mise en place par motif et par mod\u00e8le. Frais d&#8217;exp\u00e9dition en sus. Tous les prix nets, hors TVA. Demandez nos remises pour les revendeurs.<\/p>\n\n<\/div>\n<\/div>\n<div class=\"boxed-container\">\n<h3 class=\"h-question\">Quelle est la quantit\u00e9 minimale de commande ?<\/h3>\n<div class=\"flex moq-container\">\n<div class=\"moq-column\">\n<div><img decoding=\"async\" class=\"aligncenter size-full wp-image-170068\" src=\"https:\/\/www.brandit-protection.com\/wp-content\/uploads\/blank-cases_e.png\" alt=\"\" width=\"585\" height=\"556\" \/><\/div>\n<div>\n<div class=\"moq-details depth-box larger\"><u>sans<\/u> logo imprim\u00e9\n<span class=\"magenta\">\u00e0 partir de 5 pi\u00e8ces<\/span><\/div>\n<a class=\"brandit-button\" href=\"https:\/\/www.brandit-protection.com\/fr\/etuis-pour-portable-avec-logo\/?wcmlc=EUR\">Commander des housses sans logo<\/a>\n\n<\/div>\n<\/div>\n<div class=\"moq-column\">\n<div><img decoding=\"async\" class=\"aligncenter size-full wp-image-170071\" src=\"https:\/\/www.brandit-protection.com\/wp-content\/uploads\/logo-sample-cases_e.png\" alt=\"\" width=\"751\" height=\"629\" \/><\/div>\n<div>\n<div class=\"moq-details depth-box larger\"><u>avec<\/u> logo imprim\u00e9\n<span class=\"magenta\">\u00e0 partir de 25 pi\u00e8ces<\/span><\/div>\n<a class=\"brandit-button quick-inquiry-btn\" data-remodal-target=\"quick-inquiry-modal\">Obtenir une offre pour les housses avec logo<\/a>\n\n<\/div>\n<\/div>\n<\/div>\n<h3>Accessoires adapt\u00e9s \u00e0 nos housses<\/h3>\n<div class=\"brandit-product-container flex\">\n<div class=\"brandit-product-tile column-flex\"><img decoding=\"async\" class=\"aligncenter size-medium\" src=\"\/wp-content\/uploads\/camera-lens-protection-iphones-bulk-b2b-3-300x300.jpg\" alt=\"Protection cam\u00e9ra verre iPhone\" width=\"300\" height=\"300\" \/>\n<h4>Protection cam\u00e9ra<\/h4>\nProtection cam\u00e9ra verre iPhone\n<a class=\"brandit-button\" href=\"https:\/\/www.brandit-protection.com\/fr\/boutique\/camera-lens-protection-glass-for-iphone\/\">Vers l&#8217;accessoire<\/a>\n\n<\/div>\n<div class=\"brandit-product-tile column-flex\"><img decoding=\"async\" class=\"aligncenter size-full wp-image-144982\" src=\"https:\/\/www.brandit-protection.com\/wp-content\/uploads\/handy-phone-display-screen-protection-glass-panzerglass-2-300x300.jpg\" alt=\"Verre blind\u00e9 pour t\u00e9l\u00e9phones portables\" width=\"300\" height=\"300\" \/>\n<h4>Verre de protection<\/h4>\nVerre blind\u00e9 3D pour t\u00e9l\u00e9phones portables\n<a class=\"brandit-button\" href=\"https:\/\/www.brandit-protection.com\/fr\/boutique\/display-screen-protection-glass-3d-for-phones\/?wcmlc=EUR\">Vers l&#8217;accessoire<\/a>\n\n<\/div>\n<div class=\"brandit-product-tile column-flex\"><img decoding=\"async\" class=\"aligncenter size-medium wp-image-136904\" src=\"https:\/\/www.brandit-protection.com\/wp-content\/uploads\/displayschutz_folie_glas_klar_fuer_iphone_6_6s_7_8_x_10_01a-300x300.jpg\" alt=\"Displayschutzglas 2.5D f\u00fcr Handys\" width=\"300\" height=\"300\" \/>\n<h4>Verre de protection pour \u00e9cran<\/h4>\nVerre blind\u00e9 2.5D pour t\u00e9l\u00e9phones portables\n<a class=\"brandit-button\" href=\"https:\/\/www.brandit-protection.com\/fr\/boutique\/display-screen-protection-glass-2-5d-for-phones\/?wcmlc=EUR\">Vers l&#8217;accessoire<\/a>\n\n<\/div>\n<div class=\"brandit-product-tile column-flex placeholder\"><img decoding=\"async\" class=\"aligncenter size-medium wp-image-136904\" src=\"https:\/\/www.brandit-protection.com\/wp-content\/uploads\/displayschutz_folie_glas_klar_fuer_iphone_6_6s_7_8_x_10_01a-300x300.jpg\" alt=\"Display Screen protection glass 2.5D for phones\" width=\"300\" height=\"300\" \/>\n<h4>Screen protector<\/h4>\n3D armored glass for mobile phones\n<a class=\"brandit-button\" href=\"#\">Check out 3D screen protection<\/a>\n\n<\/div>\n<\/div>\n<\/div>\n<div class=\"boxed-container\" style=\"background-color: #f2f2f2;\"><div class=\"product_selection-block\"><div class=\"text-area\"><p class=\"caption\">En excellente compagnie<\/p><p>De A \u00e0 Z. Du plus grand au plus petit. Du DAX \u00e0 la start-up. Nous avons r\u00e9alis\u00e9 plus de 5.000 projets clients. Qu'attendez-vous ?<\/p><a class=\"brandit-button\" href=\"\/fr\/references\/couvertures-telephone\/\" target=\"_blank\">plus de coques t\u00e9l\u00e9phone<\/a><a class=\"brandit-button\" href=\"\/fr\/references\/couverture-tablette\/\" target=\"_blank\">plus de coques tablette<\/a><\/div><div class=\"product_selection-container\"><div><img decoding=\"async\" width=\"300\" height=\"600\" src=\"https:\/\/www.brandit-protection.com\/wp-content\/uploads\/victorinox-referenz-gallerie.png\" class=\"attachment-large size-large wp-post-image\" alt=\"\" \/><\/div><div><img decoding=\"async\" width=\"300\" height=\"600\" src=\"https:\/\/www.brandit-protection.com\/wp-content\/uploads\/tupperware-referenz-gallerie.png\" class=\"attachment-large size-large wp-post-image\" alt=\"\" \/><\/div><div><img decoding=\"async\" width=\"300\" height=\"600\" src=\"https:\/\/www.brandit-protection.com\/wp-content\/uploads\/haribo-referenz-gallerie.png\" class=\"attachment-large size-large wp-post-image\" alt=\"\" \/><\/div><\/div><\/div><\/div>\n<div class=\"boxed-container\">\n\n<em>Un \u00e9tui de t\u00e9l\u00e9phone portable, \u00e9galement appel\u00e9 phone case, remplit principalement une fonction de protection, mais peut \u00e9galement \u00eatre utilis\u00e9 pour la personnalisation de l\u2019appareil ou comme v\u00e9hicule pour des messages marketing.<\/em>\n<h2>Etuis pour t\u00e9l\u00e9phones portables pour les entreprises : Prot\u00e9ger les smartphones des rayures et des bris<\/h2>\nLes iPhones et autres smartphones sont des appareils sensibles qui doivent \u00eatre prot\u00e9g\u00e9s, dans des cas particuliers, contre les influences ext\u00e9rieures telles que la salet\u00e9, l\u2019eau et les rayures. Les \u00e9tuis de t\u00e9l\u00e9phone portable offrent une protection contre ces dommages et ces \u00e9raflures. Fabriqu\u00e9s sur mesure, ces \u00e9tuis absorbent les chocs et prot\u00e8gent les \u00e9crans d\u00e9licats des t\u00e9l\u00e9phones portables et autres appareils mobiles contre des dommages permanents et co\u00fbteux. Emball\u00e9 dans un \u00e9tui pour t\u00e9l\u00e9phone portable, vous pouvez transporter un smartphone en toute s\u00e9curit\u00e9 dans votre poche sans craindre d\u2019\u00eatre endommag\u00e9 par d\u2019autres objets. Dans l\u2019utilisation priv\u00e9e et professionnelle, les dommages caus\u00e9s aux t\u00e9l\u00e9phones portables sont tr\u00e8s g\u00eanants et doivent \u00eatre \u00e9vit\u00e9s \u00e0 tout prix. La r\u00e9paration ou le remplacement de l\u2019affichage co\u00fbte souvent 150 euros ou plus. En outre, le t\u00e9l\u00e9phone portable n\u2019est pas disponible pendant plusieurs jours et un t\u00e9l\u00e9phone portable de remplacement est n\u00e9cessaire. Il se peut aussi que des donn\u00e9es importantes ne soient pas accessibles pendant la p\u00e9riode de r\u00e9paration, voire qu\u2019elles soient compl\u00e8tement perdues avec certains dommages. Tout cela peut \u00eatre \u00e9vit\u00e9 gr\u00e2ce \u00e0 nos \u00e9tuis de protection de haute qualit\u00e9 et \u00e0 nos faibles co\u00fbts.\n<h3>Etuis pour t\u00e9l\u00e9phones portables avec logo de l\u2019entreprise<\/h3>\nOutre la protection pr\u00e9ventive des appareils, nos \u00e9tuis pour t\u00e9l\u00e9phones portables avec logo sont \u00e9galement parfaitement adapt\u00e9s pour jouer un r\u00f4le de soutien dans le mix marketing et communication des entreprises. Nombre de nos clients choisissent d\u2019imprimer le logo de leur entreprise pour renforcer l\u2019identification des employ\u00e9s, mais aussi comme message marketing tourn\u00e9 vers l\u2019ext\u00e9rieur. De m\u00eame, nos technologies d\u2019impression modernes de pointe offrent la possibilit\u00e9 d\u2019imprimer des dessins et des images nettes et de grande taille. L\u2019accent que nous mettons sur la qualit\u00e9 durable des \u00e9tuis de t\u00e9l\u00e9phones portables et de l\u2019impression contribue \u00e0 l\u2019image positive du message et de la marque.\n<h3>Etuis pour t\u00e9l\u00e9phones portables comme cadeaux promotionnels<\/h3>\nGr\u00e2ce \u00e0 leur grande qualit\u00e9 et \u00e0 leur durabilit\u00e9, combin\u00e9es aux nombreuses possibilit\u00e9s de personnalisation, nos \u00e9tuis pour t\u00e9l\u00e9phones sont des cadeaux promotionnels id\u00e9aux, que les clients auront plaisir \u00e0 utiliser pendant longtemps et qui leur rappelleront durablement celui qui les a offerts. Les smartphones sont utilis\u00e9s pendant des heures chaque jour et sont utilis\u00e9s pour pratiquement toutes les activit\u00e9s. \u00c0 ces occasions, d\u2019autres personnes voient \u00e9galement les \u00e9tuis de t\u00e9l\u00e9phones portables sur lesquels figure votre logo ou votre message.\n<h3>Caract\u00e9ristiques des \u00e9tuis de t\u00e9l\u00e9phone Brand.it<\/h3>\nSi vous recherchez des \u00e9tuis pour t\u00e9l\u00e9phones portables qui seront utilis\u00e9s par vos employ\u00e9s ou vos clients pendant longtemps, Brand.it est l\u2019endroit id\u00e9al pour vous. Nos produits se caract\u00e9risent par une grande fonctionnalit\u00e9, des couleurs subtiles, un toucher agr\u00e9able, une qualit\u00e9 durable et un bon rapport qualit\u00e9\/prix. L\u2019impression au rasoir permet de cr\u00e9er des dessins attrayants. Les d\u00e9lais de livraison peuvent \u00eatre courts car nous avons de grandes quantit\u00e9s en stock et une \u00e9quipe tr\u00e8s bien rod\u00e9e est active dans la production et l\u2019impression. La long\u00e9vit\u00e9 des \u00e9tuis de t\u00e9l\u00e9phone portable est non seulement b\u00e9n\u00e9fique pour vous, mais aussi pour l\u2019environnement \u2013 et ce d\u2019autant plus que non seulement les achats multiples inutiles d\u2019\u00e9tuis, mais aussi les d\u00e9chets \u00e9lectroniques sont \u00e9vit\u00e9s.\n\n<\/div>","protected":false},"excerpt":{"rendered":"Housse t\u00e9l\u00e9phone avec logo de l&#8217;entreprise Les meilleures housses t\u00e9l\u00e9phones pour les meilleures entreprises Qu&#8217;est-ce qui est possible ? Vous avez le choix entre trois types de personnalisation Impression du logo max. 1\/3 de la surface Le dos de la coque du t\u00e9l\u00e9phone portable peut \u00eatre partiellement imprim\u00e9 avec votre logo. Impression photo impression pleine [&hellip;]","protected":false},"author":1480,"featured_media":0,"parent":0,"menu_order":0,"comment_status":"closed","ping_status":"closed","template":"landing-page-template.php","meta":{"_kad_blocks_custom_css":"","_kad_blocks_head_custom_js":"","_kad_blocks_body_custom_js":"","_kad_blocks_footer_custom_js":"","footnotes":""},"class_list":["post-170098","page","type-page","status-publish","hentry"],"acf":[],"taxonomy_info":[],"featured_image_src_large":false,"author_info":{"display_name":"Philipp Kr\u00fcger","author_link":"https:\/\/www.brandit-protection.com\/fr\/author\/philipp-kruegerzoho-com\/"},"comment_info":0,"_links":{"self":[{"href":"https:\/\/www.brandit-protection.com\/fr\/wp-json\/wp\/v2\/pages\/170098","targetHints":{"allow":["GET"]}}],"collection":[{"href":"https:\/\/www.brandit-protection.com\/fr\/wp-json\/wp\/v2\/pages"}],"about":[{"href":"https:\/\/www.brandit-protection.com\/fr\/wp-json\/wp\/v2\/types\/page"}],"author":[{"embeddable":true,"href":"https:\/\/www.brandit-protection.com\/fr\/wp-json\/wp\/v2\/users\/1480"}],"replies":[{"embeddable":true,"href":"https:\/\/www.brandit-protection.com\/fr\/wp-json\/wp\/v2\/comments?post=170098"}],"version-history":[{"count":3,"href":"https:\/\/www.brandit-protection.com\/fr\/wp-json\/wp\/v2\/pages\/170098\/revisions"}],"predecessor-version":[{"id":183494,"href":"https:\/\/www.brandit-protection.com\/fr\/wp-json\/wp\/v2\/pages\/170098\/revisions\/183494"}],"wp:attachment":[{"href":"https:\/\/www.brandit-protection.com\/fr\/wp-json\/wp\/v2\/media?parent=170098"}],"curies":[{"name":"wp","href":"https:\/\/api.w.org\/{rel}","templated":true}]}}