{"id":180419,"date":"2021-10-15T19:26:00","date_gmt":"2021-10-15T18:26:00","guid":{"rendered":"https:\/\/www.brandit-protection.com\/cooke-policy\/"},"modified":"2024-08-30T16:32:58","modified_gmt":"2024-08-30T15:32:58","slug":"cooke-policy","status":"publish","type":"page","link":"https:\/\/www.brandit-protection.com\/fr\/cooke-policy\/","title":{"rendered":"Politique en mati\u00e8re de cookies"},"content":{"rendered":"<h1>Politique en mati\u00e8re de cookies pour Brand.it<\/h1>\r\nVoici la politique de Brand.it en mati\u00e8re de cookies, accessible \u00e0 partir de www.brandit-protection.com.\r\n\r\n<strong>Qu&#8217;est-ce qu&#8217;un cookie ?<\/strong>\r\n\r\nComme la plupart des sites web professionnels, ce site utilise des cookies, qui sont de minuscules fichiers t\u00e9l\u00e9charg\u00e9s sur votre ordinateur, afin d&#8217;am\u00e9liorer votre exp\u00e9rience. Cette page d\u00e9crit les informations qu&#8217;ils recueillent, comment nous les utilisons et pourquoi nous avons parfois besoin de stocker ces cookies. Nous vous expliquons \u00e9galement comment vous pouvez emp\u00eacher ces cookies d&#8217;\u00eatre stock\u00e9s, mais cela peut entra\u00eener une d\u00e9gradation ou une interruption de certains \u00e9l\u00e9ments de la fonctionnalit\u00e9 du site.\r\n\r\n<strong>Comment nous utilisons les cookies<\/strong>\r\n\r\nNous utilisons des cookies pour diverses raisons d\u00e9taill\u00e9es ci-dessous. Malheureusement, dans la plupart des cas, il n&#8217;existe pas d&#8217;options standard pour d\u00e9sactiver les cookies sans d\u00e9sactiver compl\u00e8tement les fonctionnalit\u00e9s et les caract\u00e9ristiques qu&#8217;ils ajoutent \u00e0 ce site. Il est recommand\u00e9 de laisser tous les cookies activ\u00e9s si vous n&#8217;\u00eates pas s\u00fbr d&#8217;en avoir besoin ou non, au cas o\u00f9 ils seraient utilis\u00e9s pour fournir un service que vous utilisez.\r\n\r\n<strong>D\u00e9sactivation des cookies<\/strong>\r\n\r\nVous pouvez emp\u00eacher l&#8217;installation de cookies en ajustant les param\u00e8tres de votre navigateur (voir l&#8217;aide de votre navigateur pour savoir comment proc\u00e9der). Sachez que la d\u00e9sactivation des cookies affectera la fonctionnalit\u00e9 de ce site et de nombreux autres sites que vous visitez. La d\u00e9sactivation des cookies entra\u00eene g\u00e9n\u00e9ralement la d\u00e9sactivation de certaines fonctionnalit\u00e9s et caract\u00e9ristiques de ce site. Il est donc recommand\u00e9 de ne pas d\u00e9sactiver les cookies. Cette politique en mati\u00e8re de cookies a \u00e9t\u00e9 cr\u00e9\u00e9e avec l&#8217;aide du g\u00e9n\u00e9rateur de politique en mati\u00e8re de cookies de CookiePolicyGenerator.com.\r\n\r\n<strong>Les cookies que nous installons<\/strong>\r\n<ul>\r\n \t<li>Cookies li\u00e9s au compte<\/li>\r\n<\/ul>\r\nSi vous cr\u00e9ez un compte chez nous, nous utiliserons des cookies pour g\u00e9rer le processus d&#8217;inscription et l&#8217;administration g\u00e9n\u00e9rale. Ces cookies sont g\u00e9n\u00e9ralement supprim\u00e9s lorsque vous vous d\u00e9connectez. Toutefois, dans certains cas, ils peuvent \u00eatre conserv\u00e9s par la suite pour se souvenir de vos pr\u00e9f\u00e9rences sur le site lorsque vous vous d\u00e9connectez.\r\n<ul>\r\n \t<li>Cookies li\u00e9s \u00e0 la connexion<\/li>\r\n<\/ul>\r\nNous utilisons des cookies lorsque vous \u00eates connect\u00e9 afin de nous en souvenir. Cela vous \u00e9vite d&#8217;avoir \u00e0 vous connecter \u00e0 chaque fois que vous visitez une nouvelle page. Ces cookies sont g\u00e9n\u00e9ralement supprim\u00e9s ou effac\u00e9s lorsque vous vous d\u00e9connectez afin de garantir que vous ne puissiez acc\u00e9der \u00e0 des fonctions et zones restreintes que lorsque vous \u00eates connect\u00e9.\r\n<ul>\r\n \t<li>Cookies li\u00e9s au traitement des commandes<\/li>\r\n<\/ul>\r\nCe site propose des services de commerce \u00e9lectronique ou de paiement et certains cookies sont essentiels pour garantir que votre commande est m\u00e9moris\u00e9e d&#8217;une page \u00e0 l&#8217;autre afin que nous puissions la traiter correctement.\r\n<ul>\r\n \t<li>Cookies li\u00e9s aux formulaires<\/li>\r\n<\/ul>\r\nLorsque vous soumettez des donn\u00e9es par le biais d&#8217;un formulaire, comme ceux que l&#8217;on trouve sur les pages de contact ou les formulaires de commentaires, des cookies peuvent \u00eatre mis en place pour m\u00e9moriser vos coordonn\u00e9es d&#8217;utilisateur en vue d&#8217;une correspondance ult\u00e9rieure.\r\n<ul>\r\n \t<li>Cookies relatifs aux pr\u00e9f\u00e9rences du site<\/li>\r\n<\/ul>\r\nAfin de vous offrir une exp\u00e9rience agr\u00e9able sur ce site, nous vous offrons la possibilit\u00e9 de d\u00e9finir vos pr\u00e9f\u00e9rences quant au fonctionnement de ce site lorsque vous l&#8217;utilisez. Afin de m\u00e9moriser vos pr\u00e9f\u00e9rences, nous devons installer des cookies pour que ces informations puissent \u00eatre appel\u00e9es chaque fois que vous interagissez avec une page affect\u00e9e par vos pr\u00e9f\u00e9rences.\r\n\r\n<strong>Cookies de tiers<\/strong>\r\n\r\nDans certains cas particuliers, nous utilisons \u00e9galement des cookies fournis par des tiers de confiance. La section suivante d\u00e9taille les cookies de tiers que vous pouvez rencontrer sur ce site.\r\n\r\nCe site utilise Google Analytics, l&#8217;une des solutions d&#8217;analyse les plus r\u00e9pandues et les plus fiables sur le web, pour nous aider \u00e0 comprendre comment vous utilisez le site et comment nous pouvons am\u00e9liorer votre exp\u00e9rience. Ces cookies peuvent suivre des \u00e9l\u00e9ments tels que le temps que vous passez sur le site et les pages que vous visitez afin que nous puissions continuer \u00e0 produire un contenu attrayant.\r\n\r\nPour plus d&#8217;informations sur les cookies de Google Analytics, consultez la page officielle de Google Analytics.\r\n\r\nDe temps \u00e0 autre, nous testons de nouvelles fonctionnalit\u00e9s et apportons des changements subtils \u00e0 la mani\u00e8re dont le site est pr\u00e9sent\u00e9. Lorsque nous testons de nouvelles fonctionnalit\u00e9s, ces cookies peuvent \u00eatre utilis\u00e9s pour garantir que vous b\u00e9n\u00e9ficiez d&#8217;une exp\u00e9rience coh\u00e9rente lorsque vous \u00eates sur le site, tout en nous permettant de comprendre quelles optimisations nos utilisateurs appr\u00e9cient le plus.\r\nComme nous vendons des produits, il est important pour nous de conna\u00eetre les statistiques sur le nombre de visiteurs de notre site qui effectuent effectivement un achat et c&#8217;est donc ce type de donn\u00e9es que ces cookies suivront. C&#8217;est important pour vous, car cela signifie que nous pouvons faire des pr\u00e9visions commerciales pr\u00e9cises qui nous permettent de contr\u00f4ler nos co\u00fbts de publicit\u00e9 et de produits afin de garantir le meilleur prix possible.\r\n\r\n<strong>Informations compl\u00e9mentaires<\/strong>\r\n\r\nSi vous souhaitez obtenir davantage d&#8217;informations, vous pouvez nous contacter par l&#8217;un de nos moyens de communication pr\u00e9f\u00e9r\u00e9s :\r\n\r\nCourriel : webmaster@brandit-protection.com","protected":false},"excerpt":{"rendered":"Politique en mati\u00e8re de cookies pour Brand.it Voici la politique de Brand.it en mati\u00e8re de cookies, accessible \u00e0 partir de www.brandit-protection.com. Qu&#8217;est-ce qu&#8217;un cookie ? Comme la plupart des sites web professionnels, ce site utilise des cookies, qui sont de minuscules fichiers t\u00e9l\u00e9charg\u00e9s sur votre ordinateur, afin d&#8217;am\u00e9liorer votre exp\u00e9rience. Cette page d\u00e9crit les informations [&hellip;]","protected":false},"author":1480,"featured_media":0,"parent":0,"menu_order":0,"comment_status":"closed","ping_status":"closed","template":"","meta":{"_kad_blocks_custom_css":"","_kad_blocks_head_custom_js":"","_kad_blocks_body_custom_js":"","_kad_blocks_footer_custom_js":"","footnotes":""},"class_list":["post-180419","page","type-page","status-publish","hentry"],"acf":[],"taxonomy_info":[],"featured_image_src_large":false,"author_info":{"display_name":"Philipp Kr\u00fcger","author_link":"https:\/\/www.brandit-protection.com\/fr\/author\/philipp-kruegerzoho-com\/"},"comment_info":0,"_links":{"self":[{"href":"https:\/\/www.brandit-protection.com\/fr\/wp-json\/wp\/v2\/pages\/180419","targetHints":{"allow":["GET"]}}],"collection":[{"href":"https:\/\/www.brandit-protection.com\/fr\/wp-json\/wp\/v2\/pages"}],"about":[{"href":"https:\/\/www.brandit-protection.com\/fr\/wp-json\/wp\/v2\/types\/page"}],"author":[{"embeddable":true,"href":"https:\/\/www.brandit-protection.com\/fr\/wp-json\/wp\/v2\/users\/1480"}],"replies":[{"embeddable":true,"href":"https:\/\/www.brandit-protection.com\/fr\/wp-json\/wp\/v2\/comments?post=180419"}],"version-history":[{"count":1,"href":"https:\/\/www.brandit-protection.com\/fr\/wp-json\/wp\/v2\/pages\/180419\/revisions"}],"predecessor-version":[{"id":180421,"href":"https:\/\/www.brandit-protection.com\/fr\/wp-json\/wp\/v2\/pages\/180419\/revisions\/180421"}],"wp:attachment":[{"href":"https:\/\/www.brandit-protection.com\/fr\/wp-json\/wp\/v2\/media?parent=180419"}],"curies":[{"name":"wp","href":"https:\/\/api.w.org\/{rel}","templated":true}]}}