{"id":147663,"date":"2020-07-22T21:37:57","date_gmt":"2020-07-22T20:37:57","guid":{"rendered":"https:\/\/www.brandit-protection.com\/shop\/learn-it-kids-ipad-case-for-schools\/"},"modified":"2023-05-24T20:27:00","modified_gmt":"2023-05-24T19:27:00","slug":"learn-it-kids-ipad-case-for-schools","status":"publish","type":"product","link":"https:\/\/www.brandit-protection.com\/fr\/boutique\/learn-it-kids-ipad-case-for-schools\/","title":{"rendered":"Kids iPad\u2122 housse pour les \u00e9coles"},"content":{"rendered":"","protected":false},"excerpt":{"rendered":"La s\u00e9rie Learn.it est l&rsquo;\u00e9tui iPad parfait pour les enfants et les \u00e9coles et aide \u00e0 utiliser les iPads en toute s\u00e9curit\u00e9 dans les salles de classe et les chambres d&rsquo;enfants. La mousse EVA prot\u00e8ge efficacement la tablette en cas de chute. La poign\u00e9e est particuli\u00e8rement adapt\u00e9e aux mains des enfants et sert \u00e9galement de support. Disponible en 5 \u00e0 7 couleurs gaies.\r\n\r\nTest\u00e9 sur les substances nocives selon la directive sur les jouets DIN EN71 par un institut de contr\u00f4le ind\u00e9pendant et accr\u00e9dit\u00e9 en Allemagne. <a href=\"https:\/\/www.labtech-gmbh.de\/schadstoffpruefung-170329.html\" target=\"_blank\" rel=\"noopener\">Plus d&rsquo;informations.<\/a>","protected":false},"featured_media":177650,"template":"","meta":{"_kad_blocks_custom_css":"","_kad_blocks_head_custom_js":"","_kad_blocks_body_custom_js":"","_kad_blocks_footer_custom_js":""},"product_brand":[],"product_cat":[925,2651,3658,2146],"product_tag":[1464,1688],"product_faqs":[1955,1958,1967,1968,1974,1976],"class_list":{"0":"post-147663","1":"product","2":"type-product","3":"status-publish","4":"has-post-thumbnail","6":"product_cat-apple-fr","7":"product_cat-ipad-10-2-7-8-9-generation-2019-2020-2021-fr","8":"product_cat-ipad-10-9-11-10-gen-2022-11-gen-2025-fr","9":"product_cat-ipad-9-7-5-6-generation-2017-2018-fr","10":"product_tag-ecole","11":"product_tag-tablet-fr","12":"product_shipping_class-tablets-protect-it-learn-it-fr","13":"pa_color-bleu","14":"pa_color-menthe","15":"pa_color-noir","16":"pa_color-orange-fr","17":"pa_color-rose-clair","18":"pa_color-rouge","19":"pa_color-vert","20":"pa_model-ipad-10-2-7-8-9-generation-2019-2020-2021-fr","21":"pa_model-ipad-10-9-11-10-gen-2022-11-gen-2025-fr","22":"pa_personalization-cases-without-logo-fr","23":"pa_personalization-custom-logo-printing-fr","24":"product_faqs-faq-1a-fr","25":"product_faqs-faq-2-fr","26":"product_faqs-faq-5-fr","27":"product_faqs-faq-6-fr-2","28":"product_faqs-faq-8-fr","29":"product_faqs-faq-9-fr","31":"first","32":"instock","33":"taxable","34":"shipping-taxable","35":"purchasable","36":"product-type-variable","37":"has-default-attributes","38":"rtwpvs-product"},"acf":[],"taxonomy_info":{"product_cat":[{"value":925,"label":"Apple\u2122"},{"value":2651,"label":"iPad 10.2 (7\/8\/9 Generation 2019\/2020\/2021)"},{"value":3658,"label":"iPad 10.9\/11 (10 Gen 2022\/11 Gen 2025)"},{"value":2146,"label":"iPad 9.7 (5\/6 Generation 2017\/2018)"}],"product_tag":[{"value":1464,"label":"\u00c9cole"},{"value":1688,"label":"tablet"}],"pa_color":[{"value":1030,"label":"bleu"},{"value":2237,"label":"menthe"},{"value":1029,"label":"noir"},{"value":1047,"label":"orange"},{"value":2236,"label":"rose clair"},{"value":1036,"label":"rouge"},{"value":1039,"label":"vert"}],"pa_model":[{"value":2636,"label":"iPad 10.2 (7\/8\/9 Generation 2019\/2020\/2021)"},{"value":3618,"label":"iPad 10.9\/11 (10 Gen 2022\/11 Gen 2025)"}],"pa_personalization":[{"value":1537,"label":"Houses sans logo"},{"value":1536,"label":"Logo propre (max. 1\/3 de la surface)"}],"product_faqs":[{"value":1955,"label":"FAQ 1a"},{"value":1958,"label":"FAQ 2"},{"value":1967,"label":"FAQ 5"},{"value":1968,"label":"FAQ 6"},{"value":1974,"label":"FAQ 8"},{"value":1976,"label":"FAQ 9"}]},"featured_image_src_large":["https:\/\/www.brandit-protection.com\/wp-content\/uploads\/learn-it-102-blue-1024x1024.jpg",1024,1024,true],"author_info":[],"comment_info":"","_links":{"self":[{"href":"https:\/\/www.brandit-protection.com\/fr\/wp-json\/wp\/v2\/product\/147663","targetHints":{"allow":["GET"]}}],"collection":[{"href":"https:\/\/www.brandit-protection.com\/fr\/wp-json\/wp\/v2\/product"}],"about":[{"href":"https:\/\/www.brandit-protection.com\/fr\/wp-json\/wp\/v2\/types\/product"}],"wp:featuredmedia":[{"embeddable":true,"href":"https:\/\/www.brandit-protection.com\/fr\/wp-json\/wp\/v2\/media\/177650"}],"wp:attachment":[{"href":"https:\/\/www.brandit-protection.com\/fr\/wp-json\/wp\/v2\/media?parent=147663"}],"wp:term":[{"taxonomy":"product_brand","embeddable":true,"href":"https:\/\/www.brandit-protection.com\/fr\/wp-json\/wp\/v2\/product_brand?post=147663"},{"taxonomy":"product_cat","embeddable":true,"href":"https:\/\/www.brandit-protection.com\/fr\/wp-json\/wp\/v2\/product_cat?post=147663"},{"taxonomy":"product_tag","embeddable":true,"href":"https:\/\/www.brandit-protection.com\/fr\/wp-json\/wp\/v2\/product_tag?post=147663"},{"taxonomy":"product_faqs","embeddable":true,"href":"https:\/\/www.brandit-protection.com\/fr\/wp-json\/wp\/v2\/product_faqs?post=147663"}],"curies":[{"name":"wp","href":"https:\/\/api.w.org\/{rel}","templated":true}]}}