{"id":147720,"date":"2020-07-22T21:37:57","date_gmt":"2020-07-22T20:37:57","guid":{"rendered":"https:\/\/www.brandit-protection.com\/shop\/protect-it-rugged-case-with-hand-and-shoulder-strap\/"},"modified":"2022-01-25T14:42:33","modified_gmt":"2022-01-25T13:42:33","slug":"protect-it-rugged-case-with-hand-and-shoulder-strap","status":"publish","type":"product","link":"https:\/\/www.brandit-protection.com\/fr\/boutique\/protect-it-rugged-case-with-hand-and-shoulder-strap\/","title":{"rendered":"Housse stable avec une bandouli\u00e8re et une boucle pour la main"},"content":{"rendered":"","protected":false},"excerpt":{"rendered":"La housse Protect.it Rugged Case avec dragonne est particuli\u00e8rement adapt\u00e9e \u00e0 une utilisation dans des environnements difficiles tels que la logistique, le service sur le terrain, le service client\u00e8le ou les chantiers de construction. Il offre une protection accrue contre les chocs et la poussi\u00e8re. Cette housse pour tablette est \u00e9galement \u00e9quip\u00e9e d&#8217;un support et d&#8217;un porte-stylo. L&#8217;impression du logo 1c n&#8217;est possible que sous le bracelet.","protected":false},"featured_media":180171,"template":"","meta":{"_kad_blocks_custom_css":"","_kad_blocks_head_custom_js":"","_kad_blocks_body_custom_js":"","_kad_blocks_footer_custom_js":""},"product_brand":[],"product_cat":[925,3320,3658,2146,3669,3342,3674],"product_tag":[1556,1458,1554,1555,1465,1553,1688,1558],"product_faqs":[1955,1958,1967,1968,1974,1976],"class_list":{"0":"post-147720","1":"product","2":"type-product","3":"status-publish","4":"has-post-thumbnail","6":"product_cat-apple-fr","7":"product_cat-ipad-10-2-7-8-generation-2019-2020-pro-10-5-air-10-5-fr","8":"product_cat-ipad-10-9-11-10-gen-2022-11-gen-2025-fr","9":"product_cat-ipad-9-7-5-6-generation-2017-2018-fr","10":"product_cat-ipad-air4-5-10-9-air6-11-2024-2025-pro-11-fr","11":"product_cat-ipad-mini6-8-32021-fr","12":"product_cat-ipad-pro-12-9-fr-2","13":"product_tag-repair-shop-fr","14":"product_tag-chantier-de-construction","15":"product_tag-outdoor-fr","16":"product_tag-surveys-fr","17":"product_tag-evenements","18":"product_tag-hospitality-fr","19":"product_tag-tablet-fr","20":"product_tag-tough-envirnoment-fr","21":"product_shipping_class-tablets-protect-it-learn-it-fr","22":"pa_color-noir","23":"pa_model-ipad-10-2-7-8-generation-2019-2020-pro-10-5-air-10-5-fr","24":"pa_model-ipad-10-9-11-10-gen-2022-11-gen-2025-fr","25":"pa_model-ipad-9-7-5-6-generation-2017-2018-fr","26":"pa_model-ipad-air4-5-10-9-air6-11-2024-2025-pro-11","27":"pa_model-ipad-ipad-air-13-fr-2","28":"pa_model-ipad-mini6-8-32021-fr","29":"pa_personalization-cases-without-logo-fr","30":"pa_personalization-custom-logo-printing-fr","31":"product_faqs-faq-1a-fr","32":"product_faqs-faq-2-fr","33":"product_faqs-faq-5-fr","34":"product_faqs-faq-6-fr-2","35":"product_faqs-faq-8-fr","36":"product_faqs-faq-9-fr","38":"first","39":"instock","40":"taxable","41":"shipping-taxable","42":"purchasable","43":"product-type-variable","44":"has-default-attributes","45":"rtwpvs-product"},"acf":[],"taxonomy_info":{"product_cat":[{"value":925,"label":"Apple\u2122"},{"value":3320,"label":"iPad 10.2 (7\/8 Generation 2019\/2020)\/Pro 10.5\/Air 10.5"},{"value":3658,"label":"iPad 10.9\/11 (10 Gen 2022\/11 Gen 2025)"},{"value":2146,"label":"iPad 9.7 (5\/6 Generation 2017\/2018)"},{"value":3669,"label":"iPad Air4\/5 10.9 + Air6 11 (2024\/2025)+ Pro 11"},{"value":3342,"label":"iPad mini6 8.3(2021)"},{"value":3674,"label":"iPad Pro 12.9"}],"product_tag":[{"value":1556,"label":"atelier de r\u00e9paration automobile"},{"value":1458,"label":"Chantier de construction"},{"value":1554,"label":"en ext\u00e9rieur"},{"value":1555,"label":"enqu\u00eates"},{"value":1465,"label":"\u00c9v\u00e9nements"},{"value":1553,"label":"hospitalit\u00e9"},{"value":1688,"label":"tablet"},{"value":1558,"label":"un environnement difficile"}],"pa_color":[{"value":1029,"label":"noir"}],"pa_model":[{"value":2240,"label":"iPad 10.2 (7\/8 Generation 2019\/2020)\/Pro 10.5\/Air 10.5"},{"value":3618,"label":"iPad 10.9\/11 (10 Gen 2022\/11 Gen 2025)"},{"value":2241,"label":"iPad 9.7 (5\/6 Generation 2017\/2018)"},{"value":3620,"label":"iPad Air4\/5 10.9 + Air6 11 (2024\/2025)+ Pro 11"},{"value":3636,"label":"iPad iPad Air 13"},{"value":3316,"label":"iPad mini6 8.3(2021)"}],"pa_personalization":[{"value":1537,"label":"Houses sans logo"},{"value":1536,"label":"Logo propre (max. 1\/3 de la surface)"}],"product_faqs":[{"value":1955,"label":"FAQ 1a"},{"value":1958,"label":"FAQ 2"},{"value":1967,"label":"FAQ 5"},{"value":1968,"label":"FAQ 6"},{"value":1974,"label":"FAQ 8"},{"value":1976,"label":"FAQ 9"}]},"featured_image_src_large":["https:\/\/www.brandit-protection.com\/wp-content\/uploads\/protect-it-rough-tablet-case-for-brandable-for-companies-1-1024x1024.jpg",1024,1024,true],"author_info":[],"comment_info":"","_links":{"self":[{"href":"https:\/\/www.brandit-protection.com\/fr\/wp-json\/wp\/v2\/product\/147720","targetHints":{"allow":["GET"]}}],"collection":[{"href":"https:\/\/www.brandit-protection.com\/fr\/wp-json\/wp\/v2\/product"}],"about":[{"href":"https:\/\/www.brandit-protection.com\/fr\/wp-json\/wp\/v2\/types\/product"}],"wp:featuredmedia":[{"embeddable":true,"href":"https:\/\/www.brandit-protection.com\/fr\/wp-json\/wp\/v2\/media\/180171"}],"wp:attachment":[{"href":"https:\/\/www.brandit-protection.com\/fr\/wp-json\/wp\/v2\/media?parent=147720"}],"wp:term":[{"taxonomy":"product_brand","embeddable":true,"href":"https:\/\/www.brandit-protection.com\/fr\/wp-json\/wp\/v2\/product_brand?post=147720"},{"taxonomy":"product_cat","embeddable":true,"href":"https:\/\/www.brandit-protection.com\/fr\/wp-json\/wp\/v2\/product_cat?post=147720"},{"taxonomy":"product_tag","embeddable":true,"href":"https:\/\/www.brandit-protection.com\/fr\/wp-json\/wp\/v2\/product_tag?post=147720"},{"taxonomy":"product_faqs","embeddable":true,"href":"https:\/\/www.brandit-protection.com\/fr\/wp-json\/wp\/v2\/product_faqs?post=147720"}],"curies":[{"name":"wp","href":"https:\/\/api.w.org\/{rel}","templated":true}]}}