{"id":147735,"date":"2020-07-22T21:37:58","date_gmt":"2020-07-22T20:37:58","guid":{"rendered":"https:\/\/www.brandit-protection.com\/shop\/elephant-rugged-case\/"},"modified":"2026-04-16T12:23:35","modified_gmt":"2026-04-16T11:23:35","slug":"elephant-rugged-case","status":"publish","type":"product","link":"https:\/\/www.brandit-protection.com\/fr\/boutique\/elephant-rugged-case\/","title":{"rendered":"Housse de t\u00e9l\u00e9phone dur et robuste"},"content":{"rendered":"","protected":false},"excerpt":{"rendered":"Le bo\u00eetier robuste Elephant est con\u00e7u pour les applications particuli\u00e8rement difficiles. Que ce soit sur le chantier, dans l&#8217;atelier automobile, pour des enqu\u00eates ou dans la restauration, cette mallette prot\u00e8ge de mani\u00e8re fiable le t\u00e9l\u00e9phone portable co\u00fbteux en cas de chute. En particulier dans les applications professionnelles, en cas de d\u00e9faut, des temps d&#8217;arr\u00eat co\u00fbteux s&#8217;ajoutent aux co\u00fbts de r\u00e9paration des \u00e9crans. En utilisant cette couverture de t\u00e9l\u00e9phone portable, vous \u00e9conomisez des frais. ","protected":false},"featured_media":147600,"template":"","meta":{"_kad_blocks_custom_css":"","_kad_blocks_head_custom_js":"","_kad_blocks_body_custom_js":"","_kad_blocks_footer_custom_js":""},"product_brand":[],"product_cat":[925,2679,2858,3360,3361,2685,2897,2864,3364,3366,2689,2357,2816,2359,2797,2795,3374,3372,3380,3378,3716,3715,2189,2191,2193,2655,2656,2657,3346,2929,2930,2931,3205,3208,3206,3207,3469,3466,3467,3468,3690,3783,3781,3782,3784,2925,2874,1578],"product_tag":[1556,1458,1554,1555,1465,1553,1689,1558],"product_faqs":[1955,1958,1965,1967,1968,1971,1974,1976],"class_list":{"0":"post-147735","1":"product","2":"type-product","3":"status-publish","4":"has-post-thumbnail","6":"product_cat-apple-fr","7":"product_cat-galaxy-a32-5g-2021-fr","8":"product_cat-galaxy-a33-5g-2022-fr","9":"product_cat-galaxy-a34-5g-2023-fr","10":"product_cat-galaxy-a35-5g-2024-fr","11":"product_cat-galaxy-a51-5g-2020-fr","12":"product_cat-galaxy-a52-a52s-5g-2021-fr","13":"product_cat-galaxy-a53-5g-2022-fr","14":"product_cat-galaxy-a54-5g-2023-fr","15":"product_cat-galaxy-a55-5g-2024-fr","16":"product_cat-galaxy-a72-2021-fr","17":"product_cat-galaxy-s21-fr","18":"product_cat-galaxy-s21-ultra-fr-2","19":"product_cat-galaxy-s21-fr-2","20":"product_cat-galaxy-s22-fr","21":"product_cat-galaxy-s22-plus-fr","22":"product_cat-galaxy-s23-fr-2","23":"product_cat-galaxy-s23-fr","24":"product_cat-galaxy-s24-fr-2","25":"product_cat-galaxy-s24-fr","26":"product_cat-galaxy-s25-fr-2","27":"product_cat-galaxy-s25-fr","28":"product_cat-iphone-12-mini","29":"product_cat-iphone-12-pro-max","30":"product_cat-iphone-12-12-pro","31":"product_cat-iphone-13-mini-fr","32":"product_cat-iphone-13-pro-fr","33":"product_cat-iphone-13-pro-max-fr","34":"product_cat-iphone-13-14-fr","35":"product_cat-iphone-14-plus-fr","36":"product_cat-iphone-14-pro-fr","37":"product_cat-iphone-14-pro-max-fr","38":"product_cat-iphone-15-apple-fr","39":"product_cat-iphone-15-plus-apple-fr","40":"product_cat-iphone-15-pro-apple-fr","41":"product_cat-iphone-15-pro-max-apple-fr","42":"product_cat-iphone-16-fr","43":"product_cat-iphone-16-plus-fr","44":"product_cat-iphone-16-pro-fr","45":"product_cat-iphone-16-pro-max-fr","46":"product_cat-iphone-16e-fr","47":"product_cat-iphone-17-fr","48":"product_cat-iphone-17-pro-fr","49":"product_cat-iphone-17-pro-max-fr","50":"product_cat-iphone-air-fr","51":"product_cat-iphone-se2-se3-8-7-fr","52":"product_cat-iphone-xs-max-fr-2","53":"product_cat-samsung-fr","54":"product_tag-repair-shop-fr","55":"product_tag-chantier-de-construction","56":"product_tag-outdoor-fr","57":"product_tag-surveys-fr","58":"product_tag-evenements","59":"product_tag-hospitality-fr","60":"product_tag-portable","61":"product_tag-tough-envirnoment-fr","62":"product_shipping_class-phone-cases-fr","63":"pa_color-noir","64":"pa_model-galaxy-a33-5g-2022-fr","65":"pa_model-galaxy-a34-5g-2023-fr","66":"pa_model-galaxy-a35-5g-2024-fr","67":"pa_model-galaxy-a53-5g-2022-fr","68":"pa_model-galaxy-a54-5g-2023-fr","69":"pa_model-galaxy-a55-5g-2024-fr","70":"pa_model-galaxy-s22-fr-2","71":"pa_model-galaxy-s22-plus-fr","72":"pa_model-galaxy-s23-fr","73":"pa_model-galaxy-s23-plus-fr","74":"pa_model-galaxy-s24-fr-2","75":"pa_model-galaxy-s24-fr","76":"pa_model-galaxy-s25-fr-2","77":"pa_model-galaxy-s25-fr","78":"pa_model-galaxy-s26-2","79":"pa_model-galaxy-s26","80":"pa_model-iphone-12-12-pro-fr-2","81":"pa_model-iphone-13-mini-fr","82":"pa_model-iphone-13-pro-fr","83":"pa_model-iphone-13-pro-max-fr","84":"pa_model-iphone-13-14-fr","85":"pa_model-iphone-14-plus-fr","86":"pa_model-iphone-14-pro-fr","87":"pa_model-iphone-14-pro-max-fr","88":"pa_model-iphone-15-fr","89":"pa_model-iphone-15-plus-fr","90":"pa_model-iphone-15-pro-fr","91":"pa_model-iphone-15-pro-max-fr","92":"pa_model-iphone-16-fr","93":"pa_model-iphone-16-plus-fr","94":"pa_model-iphone-16-pro-fr","95":"pa_model-iphone-16-pro-max-fr","96":"pa_model-iphone-16e-17e","97":"pa_model-iphone-17-fr","98":"pa_model-iphone-17-pro-fr","99":"pa_model-iphone-17-pro-max-fr","100":"pa_model-iphone-air-fr","101":"pa_model-iphone-se2-se3-8-7-fr","102":"pa_personalization-cases-without-logo-fr","103":"pa_personalization-custom-logo-printing-fr","104":"pa_personalization-3d-doming-sticker-fr","105":"product_faqs-faq-1a-fr","106":"product_faqs-faq-2-fr","107":"product_faqs-faq-4-fr-2","108":"product_faqs-faq-5-fr","109":"product_faqs-faq-6-fr-2","110":"product_faqs-faq-7a-fr-2","111":"product_faqs-faq-8-fr","112":"product_faqs-faq-9-fr","114":"first","115":"instock","116":"taxable","117":"shipping-taxable","118":"purchasable","119":"product-type-variable","120":"has-default-attributes","121":"rtwpvs-product"},"acf":[],"taxonomy_info":{"product_cat":[{"value":925,"label":"Apple\u2122"},{"value":2679,"label":"Galaxy A32 5G (2021)"},{"value":2858,"label":"Galaxy A33 5G (2022)"},{"value":3360,"label":"Galaxy A34 5G (2023)"},{"value":3361,"label":"Galaxy A35 5G (2024)"},{"value":2685,"label":"Galaxy A51 5G (2020)"},{"value":2897,"label":"Galaxy A52\/A52s 5G (2021)"},{"value":2864,"label":"Galaxy A53 5G (2022)"},{"value":3364,"label":"Galaxy A54 5G (2023)"},{"value":3366,"label":"Galaxy A55 5G (2024)"},{"value":2689,"label":"Galaxy A72 (2021)"},{"value":2357,"label":"Galaxy S21"},{"value":2816,"label":"Galaxy S21 ultra"},{"value":2359,"label":"Galaxy S21+"},{"value":2797,"label":"Galaxy S22"},{"value":2795,"label":"Galaxy S22+"},{"value":3374,"label":"Galaxy S23"},{"value":3372,"label":"Galaxy S23+"},{"value":3380,"label":"Galaxy S24"},{"value":3378,"label":"Galaxy S24+"},{"value":3716,"label":"Galaxy S25"},{"value":3715,"label":"Galaxy S25+"},{"value":2189,"label":"iPhone 12 mini"},{"value":2191,"label":"iPhone 12 pro max"},{"value":2193,"label":"iPhone 12\/12 pro"},{"value":2655,"label":"iPhone 13 mini"},{"value":2656,"label":"iPhone 13 pro"},{"value":2657,"label":"iPhone 13 pro max"},{"value":3346,"label":"iPhone 13\/14"},{"value":2929,"label":"iPhone 14 plus"},{"value":2930,"label":"iPhone 14 pro"},{"value":2931,"label":"iPhone 14 pro max"},{"value":3205,"label":"iPhone 15"},{"value":3208,"label":"iPhone 15 plus"},{"value":3206,"label":"iPhone 15 pro"},{"value":3207,"label":"iPhone 15 pro max"},{"value":3469,"label":"iPhone 16"},{"value":3466,"label":"iPhone 16 plus"},{"value":3467,"label":"iPhone 16 pro"},{"value":3468,"label":"iPhone 16 pro max"},{"value":3690,"label":"iPhone 16e"},{"value":3783,"label":"iPhone 17"},{"value":3781,"label":"iPhone 17 pro"},{"value":3782,"label":"iPhone 17 pro max"},{"value":3784,"label":"iPhone air"},{"value":2925,"label":"iPhone SE2\/SE3\/8\/7"},{"value":2874,"label":"iPhone Xs max"},{"value":1578,"label":"Samsung\u2122"}],"product_tag":[{"value":1556,"label":"atelier de r\u00e9paration automobile"},{"value":1458,"label":"Chantier de construction"},{"value":1554,"label":"en ext\u00e9rieur"},{"value":1555,"label":"enqu\u00eates"},{"value":1465,"label":"\u00c9v\u00e9nements"},{"value":1553,"label":"hospitalit\u00e9"},{"value":1689,"label":"portable"},{"value":1558,"label":"un environnement difficile"}],"pa_color":[{"value":1029,"label":"noir"}],"pa_model":[{"value":2842,"label":"Galaxy A33 5G (2022)"},{"value":3266,"label":"Galaxy A34 5G (2023)"},{"value":3267,"label":"Galaxy A35 5G (2024)"},{"value":2844,"label":"Galaxy A53 5G (2022)"},{"value":3270,"label":"Galaxy A54 5G (2023)"},{"value":3271,"label":"Galaxy A55 5G (2024)"},{"value":2778,"label":"Galaxy S22"},{"value":2777,"label":"Galaxy S22+"},{"value":3064,"label":"Galaxy S23"},{"value":3065,"label":"Galaxy S23+"},{"value":3279,"label":"Galaxy S24"},{"value":3278,"label":"Galaxy S24+"},{"value":3611,"label":"Galaxy S25"},{"value":3608,"label":"Galaxy S25+"},{"value":3874,"label":"Galaxy S26"},{"value":3873,"label":"Galaxy S26+"},{"value":2262,"label":"iPhone 12\/12 pro"},{"value":2639,"label":"iPhone 13 mini"},{"value":2641,"label":"iPhone 13 pro"},{"value":2642,"label":"iPhone 13 pro max"},{"value":3318,"label":"iPhone 13\/14"},{"value":2913,"label":"iPhone 14 plus"},{"value":2914,"label":"iPhone 14 pro"},{"value":2915,"label":"iPhone 14 pro max"},{"value":3145,"label":"iPhone 15"},{"value":3139,"label":"iPhone 15 plus"},{"value":3141,"label":"iPhone 15 pro"},{"value":3143,"label":"iPhone 15 pro max"},{"value":3479,"label":"iPhone 16"},{"value":3476,"label":"iPhone 16 plus"},{"value":3477,"label":"iPhone 16 pro"},{"value":3478,"label":"iPhone 16 pro max"},{"value":3887,"label":"iPhone 16e\/17e"},{"value":3800,"label":"iPhone 17"},{"value":3802,"label":"iPhone 17 pro"},{"value":3803,"label":"iPhone 17 pro max"},{"value":3796,"label":"iPhone air"},{"value":3036,"label":"iPhone SE2\/SE3\/8\/7"}],"pa_personalization":[{"value":1537,"label":"Houses sans logo"},{"value":1536,"label":"Logo propre (max. 1\/3 de la surface)"},{"value":1538,"label":"Sticker 3D Doming"}],"product_faqs":[{"value":1955,"label":"FAQ 1a"},{"value":1958,"label":"FAQ 2"},{"value":1965,"label":"FAQ 4"},{"value":1967,"label":"FAQ 5"},{"value":1968,"label":"FAQ 6"},{"value":1971,"label":"FAQ 7a"},{"value":1974,"label":"FAQ 8"},{"value":1976,"label":"FAQ 9"}]},"featured_image_src_large":["https:\/\/www.brandit-protection.com\/wp-content\/uploads\/01-39-1024x1024.jpg",1024,1024,true],"author_info":[],"comment_info":"","_links":{"self":[{"href":"https:\/\/www.brandit-protection.com\/fr\/wp-json\/wp\/v2\/product\/147735","targetHints":{"allow":["GET"]}}],"collection":[{"href":"https:\/\/www.brandit-protection.com\/fr\/wp-json\/wp\/v2\/product"}],"about":[{"href":"https:\/\/www.brandit-protection.com\/fr\/wp-json\/wp\/v2\/types\/product"}],"wp:featuredmedia":[{"embeddable":true,"href":"https:\/\/www.brandit-protection.com\/fr\/wp-json\/wp\/v2\/media\/147600"}],"wp:attachment":[{"href":"https:\/\/www.brandit-protection.com\/fr\/wp-json\/wp\/v2\/media?parent=147735"}],"wp:term":[{"taxonomy":"product_brand","embeddable":true,"href":"https:\/\/www.brandit-protection.com\/fr\/wp-json\/wp\/v2\/product_brand?post=147735"},{"taxonomy":"product_cat","embeddable":true,"href":"https:\/\/www.brandit-protection.com\/fr\/wp-json\/wp\/v2\/product_cat?post=147735"},{"taxonomy":"product_tag","embeddable":true,"href":"https:\/\/www.brandit-protection.com\/fr\/wp-json\/wp\/v2\/product_tag?post=147735"},{"taxonomy":"product_faqs","embeddable":true,"href":"https:\/\/www.brandit-protection.com\/fr\/wp-json\/wp\/v2\/product_faqs?post=147735"}],"curies":[{"name":"wp","href":"https:\/\/api.w.org\/{rel}","templated":true}]}}