{"id":147843,"date":"2020-07-22T21:37:59","date_gmt":"2020-07-22T20:37:59","guid":{"rendered":"https:\/\/www.brandit-protection.com\/shop\/black-series-premium-tpu-case-for-iphone\/"},"modified":"2024-07-03T09:13:38","modified_gmt":"2024-07-03T08:13:38","slug":"black-series-premium-tpu-case-for-iphone","status":"publish","type":"product","link":"https:\/\/www.brandit-protection.com\/fr\/boutique\/black-series-premium-tpu-case-for-iphone\/","title":{"rendered":"Premium TPU Soft Case pour iPhone \u2122"},"content":{"rendered":"","protected":false},"excerpt":{"rendered":"La housse souple de la s\u00e9rie Black, avec une microfibre souple \u00e0 l&rsquo;int\u00e9rieur, s&rsquo;adapte parfaitement au site iPhone\u2122. La housse est constitu\u00e9e d&rsquo;un TPU flexible, \u00e9galement appel\u00e9 \u00e9tui en silicone. La surface est mate et peut \u00eatre imprim\u00e9e avec le logo ou des graphiques par un proc\u00e9d\u00e9 d&rsquo;impression num\u00e9rique UV. Sa conception angulaire \u00e9tablit de nouvelles normes dans le domaine des manchons de protection pour les entreprises.\r\n[fpd_email_share]","protected":false},"featured_media":178688,"template":"","meta":{"_kad_blocks_custom_css":"","_kad_blocks_head_custom_js":"","_kad_blocks_body_custom_js":"","_kad_blocks_footer_custom_js":""},"product_brand":[],"product_cat":[925,2185,2193,2658,2924,3210,3469,3690,3783,2927,2198],"product_tag":[1459,1689,1462],"product_faqs":[1955,1958,1963,1965,1967,1968,1971,1974,1976],"class_list":{"0":"post-147843","1":"product","2":"type-product","3":"status-publish","4":"has-post-thumbnail","6":"product_cat-apple-fr","7":"product_cat-iphone-11","8":"product_cat-iphone-12-12-pro","9":"product_cat-iphone-13-fr","10":"product_cat-iphone-14-fr","11":"product_cat-iphone-15-fr","12":"product_cat-iphone-16-fr","13":"product_cat-iphone-16e-fr","14":"product_cat-iphone-17-fr","15":"product_cat-iphone-se2-se3-8-7-6s-6-fr","16":"product_cat-iphone-xr","17":"product_tag-lemploi-quotidien","18":"product_tag-portable","19":"product_tag-utilisation-du-bureau","20":"product_shipping_class-phone-cases-fr","21":"pa_color-noir","22":"pa_model-iphone-11-fr-2","23":"pa_model-iphone-12-12-pro-fr-2","24":"pa_model-iphone-13-fr","25":"pa_model-iphone-14-fr","26":"pa_model-iphone-15-fr","27":"pa_model-iphone-16-fr","28":"pa_model-iphone-16e-fr","29":"pa_model-iphone-17-fr","30":"pa_model-iphone-se2-se3-8-7-6s-6-fr","31":"pa_model-iphone-xr-fr-2","32":"pa_personalization-cases-without-logo-fr","33":"pa_personalization-fullsize-image-printing-fr","34":"pa_personalization-custom-logo-printing-fr","35":"product_faqs-faq-1a-fr","36":"product_faqs-faq-2-fr","37":"product_faqs-faq-3b-fr-2","38":"product_faqs-faq-4-fr-2","39":"product_faqs-faq-5-fr","40":"product_faqs-faq-6-fr-2","41":"product_faqs-faq-7a-fr-2","42":"product_faqs-faq-8-fr","43":"product_faqs-faq-9-fr","45":"first","46":"instock","47":"taxable","48":"shipping-taxable","49":"purchasable","50":"product-type-variable","51":"has-default-attributes","52":"rtwpvs-product"},"acf":[],"taxonomy_info":{"product_cat":[{"value":925,"label":"Apple\u2122"},{"value":2185,"label":"iPhone 11"},{"value":2193,"label":"iPhone 12\/12 pro"},{"value":2658,"label":"iPhone 13"},{"value":2924,"label":"iPhone 14"},{"value":3210,"label":"iPhone 15"},{"value":3469,"label":"iPhone 16"},{"value":3690,"label":"iPhone 16e"},{"value":3783,"label":"iPhone 17"},{"value":2927,"label":"iPhone SE2\/SE3\/8\/7\/6s\/6"},{"value":2198,"label":"iPhone Xr"}],"product_tag":[{"value":1459,"label":"l&#039;emploi quotidien"},{"value":1689,"label":"portable"},{"value":1462,"label":"Utilisation du bureau"}],"pa_color":[{"value":1029,"label":"noir"}],"pa_model":[{"value":2213,"label":"iPhone 11"},{"value":2262,"label":"iPhone 12\/12 pro"},{"value":2674,"label":"iPhone 13"},{"value":2916,"label":"iPhone 14"},{"value":3145,"label":"iPhone 15"},{"value":3479,"label":"iPhone 16"},{"value":3549,"label":"iPhone 16e"},{"value":3800,"label":"iPhone 17"},{"value":3038,"label":"iPhone SE2\/SE3\/8\/7\/6s\/6"},{"value":2220,"label":"iPhone Xr"}],"pa_personalization":[{"value":1537,"label":"Houses sans logo"},{"value":1535,"label":"Impression d&#039;images en taille r\u00e9elle"},{"value":1536,"label":"Logo propre (max. 1\/3 de la surface)"}],"product_faqs":[{"value":1955,"label":"FAQ 1a"},{"value":1958,"label":"FAQ 2"},{"value":1963,"label":"FAQ 3b"},{"value":1965,"label":"FAQ 4"},{"value":1967,"label":"FAQ 5"},{"value":1968,"label":"FAQ 6"},{"value":1971,"label":"FAQ 7a"},{"value":1974,"label":"FAQ 8"},{"value":1976,"label":"FAQ 9"}]},"featured_image_src_large":["https:\/\/www.brandit-protection.com\/wp-content\/uploads\/Black-Series-iPhone-case-companies-b2b-customizable-certified-1024x1024.jpg",1024,1024,true],"author_info":[],"comment_info":"","_links":{"self":[{"href":"https:\/\/www.brandit-protection.com\/fr\/wp-json\/wp\/v2\/product\/147843","targetHints":{"allow":["GET"]}}],"collection":[{"href":"https:\/\/www.brandit-protection.com\/fr\/wp-json\/wp\/v2\/product"}],"about":[{"href":"https:\/\/www.brandit-protection.com\/fr\/wp-json\/wp\/v2\/types\/product"}],"wp:featuredmedia":[{"embeddable":true,"href":"https:\/\/www.brandit-protection.com\/fr\/wp-json\/wp\/v2\/media\/178688"}],"wp:attachment":[{"href":"https:\/\/www.brandit-protection.com\/fr\/wp-json\/wp\/v2\/media?parent=147843"}],"wp:term":[{"taxonomy":"product_brand","embeddable":true,"href":"https:\/\/www.brandit-protection.com\/fr\/wp-json\/wp\/v2\/product_brand?post=147843"},{"taxonomy":"product_cat","embeddable":true,"href":"https:\/\/www.brandit-protection.com\/fr\/wp-json\/wp\/v2\/product_cat?post=147843"},{"taxonomy":"product_tag","embeddable":true,"href":"https:\/\/www.brandit-protection.com\/fr\/wp-json\/wp\/v2\/product_tag?post=147843"},{"taxonomy":"product_faqs","embeddable":true,"href":"https:\/\/www.brandit-protection.com\/fr\/wp-json\/wp\/v2\/product_faqs?post=147843"}],"curies":[{"name":"wp","href":"https:\/\/api.w.org\/{rel}","templated":true}]}}