{"id":147856,"date":"2020-07-22T21:37:59","date_gmt":"2020-07-22T20:37:59","guid":{"rendered":"https:\/\/www.brandit-protection.com\/shop\/turtle-biodegradable-eco-case\/"},"modified":"2022-04-07T13:53:46","modified_gmt":"2022-04-07T12:53:46","slug":"turtle-biodegradable-eco-case","status":"publish","type":"product","link":"https:\/\/www.brandit-protection.com\/fr\/boutique\/turtle-biodegradable-eco-case\/","title":{"rendered":"Tortues housse \u00e9cologique biod\u00e9gradable"},"content":{"rendered":"","protected":false},"excerpt":{"rendered":"La pr\u00e9vention du plastique est sur toutes les l\u00e8vres. La Turtle Case est notre coque \u00e9cologique compostable pour t\u00e9l\u00e9phone portable, fabriqu\u00e9e \u00e0 100% en bioplastique PLA. Des fibres de bambou suppl\u00e9mentaires renforcent la coque. Gr\u00e2ce \u00e0 cet ing\u00e9nieux m\u00e9lange de mat\u00e9riaux, cette housse peut \u00eatre enti\u00e8rement compost\u00e9e en 18 \u00e0 24 mois. Cette housse durable et biod\u00e9gradable peut \u00eatre personnalis\u00e9e par une gravure laser monochrome ou une impression num\u00e9rique UV. En cas de marquage en couleur, l\u2019adh\u00e9rence sur cette housse n\u2019est pas garantie.","protected":false},"featured_media":178694,"template":"","meta":{"_kad_blocks_custom_css":"","_kad_blocks_head_custom_js":"","_kad_blocks_body_custom_js":"","_kad_blocks_footer_custom_js":""},"product_brand":[],"product_cat":[925,2858,3360,3361,2864,3364,3366,2868,3368,3374,3370,3372,2189,2191,2658,2655,2656,2657,2924,2929,2930,2931,3210,3211,3212,3213,3469,3466,3467,3468,3783,3781,3782,3784,2927,1578],"product_tag":[1459,1689,1462],"product_faqs":[1955,1958,1965,1967,1968,1971,1974,1976],"class_list":{"0":"post-147856","1":"product","2":"type-product","3":"status-publish","4":"has-post-thumbnail","6":"product_cat-apple-fr","7":"product_cat-galaxy-a33-5g-2022-fr","8":"product_cat-galaxy-a34-5g-2023-fr","9":"product_cat-galaxy-a35-5g-2024-fr","10":"product_cat-galaxy-a53-5g-2022-fr","11":"product_cat-galaxy-a54-5g-2023-fr","12":"product_cat-galaxy-a55-5g-2024-fr","13":"product_cat-galaxy-a73-5g-2022-fr","14":"product_cat-galaxy-a74-5g-2023-fr","15":"product_cat-galaxy-s23-fr-2","16":"product_cat-galaxy-s23-ultra-fr","17":"product_cat-galaxy-s23-fr","18":"product_cat-iphone-12-mini","19":"product_cat-iphone-12-pro-max","20":"product_cat-iphone-13-fr","21":"product_cat-iphone-13-mini-fr","22":"product_cat-iphone-13-pro-fr","23":"product_cat-iphone-13-pro-max-fr","24":"product_cat-iphone-14-fr","25":"product_cat-iphone-14-plus-fr","26":"product_cat-iphone-14-pro-fr","27":"product_cat-iphone-14-pro-max-fr","28":"product_cat-iphone-15-fr","29":"product_cat-iphone-15-plus-fr","30":"product_cat-iphone-15-pro-fr","31":"product_cat-iphone-15-pro-max-fr","32":"product_cat-iphone-16-fr","33":"product_cat-iphone-16-plus-fr","34":"product_cat-iphone-16-pro-fr","35":"product_cat-iphone-16-pro-max-fr","36":"product_cat-iphone-17-fr","37":"product_cat-iphone-17-pro-fr","38":"product_cat-iphone-17-pro-max-fr","39":"product_cat-iphone-air-fr","40":"product_cat-iphone-se2-se3-8-7-6s-6-fr","41":"product_cat-samsung-fr","42":"product_tag-lemploi-quotidien","43":"product_tag-portable","44":"product_tag-utilisation-du-bureau","45":"product_shipping_class-phone-cases-fr","46":"pa_color-creme-white-fr","47":"pa_color-noir","48":"pa_model-galaxy-a33-5g-2022-fr","49":"pa_model-galaxy-a34-5g-2023-fr","50":"pa_model-galaxy-a35-5g-2024-fr","51":"pa_model-galaxy-a53-5g-2022-fr","52":"pa_model-galaxy-a54-5g-2023-fr","53":"pa_model-galaxy-a55-5g-2024-fr","54":"pa_model-galaxy-a73-5g-2022-fr","55":"pa_model-galaxy-a74-5g-2023-fr","56":"pa_model-galaxy-s23-fr","57":"pa_model-galaxy-s23-ultra-fr","58":"pa_model-galaxy-s23-plus-fr","59":"pa_model-iphone-12-mini-fr-2","60":"pa_model-iphone-12-pro-max-fr-2","61":"pa_model-iphone-13-fr","62":"pa_model-iphone-13-mini-fr","63":"pa_model-iphone-13-pro-fr","64":"pa_model-iphone-13-pro-max-fr","65":"pa_model-iphone-14-fr","66":"pa_model-iphone-14-plus-fr","67":"pa_model-iphone-14-pro-fr","68":"pa_model-iphone-14-pro-max-fr","69":"pa_model-iphone-15-fr","70":"pa_model-iphone-15-plus-fr","71":"pa_model-iphone-15-pro-fr","72":"pa_model-iphone-15-pro-max-fr","73":"pa_model-iphone-16-fr","74":"pa_model-iphone-16-plus-fr","75":"pa_model-iphone-16-pro-fr","76":"pa_model-iphone-16-pro-max-fr","77":"pa_model-iphone-17-fr","78":"pa_model-iphone-17-pro-fr","79":"pa_model-iphone-17-pro-max-fr","80":"pa_model-iphone-air-fr","81":"pa_model-iphone-se2-se3-8-7-6s-6-fr","82":"pa_personalization-gravure-laser-avec-logo","83":"pa_personalization-gravure-laser-sur-toute-la-surface","84":"pa_personalization-cases-without-logo-fr","85":"pa_personalization-fullsize-image-printing-fr","86":"pa_personalization-custom-logo-printing-fr","87":"product_faqs-faq-1a-fr","88":"product_faqs-faq-2-fr","89":"product_faqs-faq-4-fr-2","90":"product_faqs-faq-5-fr","91":"product_faqs-faq-6-fr-2","92":"product_faqs-faq-7a-fr-2","93":"product_faqs-faq-8-fr","94":"product_faqs-faq-9-fr","96":"first","97":"instock","98":"taxable","99":"shipping-taxable","100":"purchasable","101":"product-type-variable","102":"has-default-attributes","103":"rtwpvs-product"},"acf":[],"taxonomy_info":{"product_cat":[{"value":925,"label":"Apple\u2122"},{"value":2858,"label":"Galaxy A33 5G (2022)"},{"value":3360,"label":"Galaxy A34 5G (2023)"},{"value":3361,"label":"Galaxy A35 5G (2024)"},{"value":2864,"label":"Galaxy A53 5G (2022)"},{"value":3364,"label":"Galaxy A54 5G (2023)"},{"value":3366,"label":"Galaxy A55 5G (2024)"},{"value":2868,"label":"Galaxy A73 5G (2022)"},{"value":3368,"label":"Galaxy A74 5G (2023)"},{"value":3374,"label":"Galaxy S23"},{"value":3370,"label":"Galaxy S23 ultra"},{"value":3372,"label":"Galaxy S23+"},{"value":2189,"label":"iPhone 12 mini"},{"value":2191,"label":"iPhone 12 pro max"},{"value":2658,"label":"iPhone 13"},{"value":2655,"label":"iPhone 13 mini"},{"value":2656,"label":"iPhone 13 pro"},{"value":2657,"label":"iPhone 13 pro max"},{"value":2924,"label":"iPhone 14"},{"value":2929,"label":"iPhone 14 plus"},{"value":2930,"label":"iPhone 14 pro"},{"value":2931,"label":"iPhone 14 pro max"},{"value":3210,"label":"iPhone 15"},{"value":3211,"label":"iPhone 15 plus"},{"value":3212,"label":"iPhone 15 pro"},{"value":3213,"label":"iPhone 15 pro max"},{"value":3469,"label":"iPhone 16"},{"value":3466,"label":"iPhone 16 plus"},{"value":3467,"label":"iPhone 16 pro"},{"value":3468,"label":"iPhone 16 pro max"},{"value":3783,"label":"iPhone 17"},{"value":3781,"label":"iPhone 17 pro"},{"value":3782,"label":"iPhone 17 pro max"},{"value":3784,"label":"iPhone air"},{"value":2927,"label":"iPhone SE2\/SE3\/8\/7\/6s\/6"},{"value":1578,"label":"Samsung\u2122"}],"product_tag":[{"value":1459,"label":"l&#039;emploi quotidien"},{"value":1689,"label":"portable"},{"value":1462,"label":"Utilisation du bureau"}],"pa_color":[{"value":2582,"label":"blanc cr\u00e8me"},{"value":1029,"label":"noir"}],"pa_model":[{"value":2842,"label":"Galaxy A33 5G (2022)"},{"value":3266,"label":"Galaxy A34 5G (2023)"},{"value":3267,"label":"Galaxy A35 5G (2024)"},{"value":2844,"label":"Galaxy A53 5G (2022)"},{"value":3270,"label":"Galaxy A54 5G (2023)"},{"value":3271,"label":"Galaxy A55 5G (2024)"},{"value":2846,"label":"Galaxy A73 5G (2022)"},{"value":3274,"label":"Galaxy A74 5G (2023)"},{"value":3064,"label":"Galaxy S23"},{"value":3066,"label":"Galaxy S23 ultra"},{"value":3065,"label":"Galaxy S23+"},{"value":2261,"label":"iPhone 12 mini"},{"value":2397,"label":"iPhone 12 pro max"},{"value":2674,"label":"iPhone 13"},{"value":2639,"label":"iPhone 13 mini"},{"value":2641,"label":"iPhone 13 pro"},{"value":2642,"label":"iPhone 13 pro max"},{"value":2916,"label":"iPhone 14"},{"value":2913,"label":"iPhone 14 plus"},{"value":2914,"label":"iPhone 14 pro"},{"value":2915,"label":"iPhone 14 pro max"},{"value":3145,"label":"iPhone 15"},{"value":3139,"label":"iPhone 15 plus"},{"value":3141,"label":"iPhone 15 pro"},{"value":3143,"label":"iPhone 15 pro max"},{"value":3479,"label":"iPhone 16"},{"value":3476,"label":"iPhone 16 plus"},{"value":3477,"label":"iPhone 16 pro"},{"value":3478,"label":"iPhone 16 pro max"},{"value":3800,"label":"iPhone 17"},{"value":3802,"label":"iPhone 17 pro"},{"value":3803,"label":"iPhone 17 pro max"},{"value":3796,"label":"iPhone air"},{"value":3038,"label":"iPhone SE2\/SE3\/8\/7\/6s\/6"}],"pa_personalization":[{"value":1694,"label":"Gravure laser avec logo"},{"value":1693,"label":"Gravure laser sur toute la surface"},{"value":1537,"label":"Houses sans logo"},{"value":1535,"label":"Impression d&#039;images en taille r\u00e9elle"},{"value":1536,"label":"Logo propre (max. 1\/3 de la surface)"}],"product_faqs":[{"value":1955,"label":"FAQ 1a"},{"value":1958,"label":"FAQ 2"},{"value":1965,"label":"FAQ 4"},{"value":1967,"label":"FAQ 5"},{"value":1968,"label":"FAQ 6"},{"value":1971,"label":"FAQ 7a"},{"value":1974,"label":"FAQ 8"},{"value":1976,"label":"FAQ 9"}]},"featured_image_src_large":["https:\/\/www.brandit-protection.com\/wp-content\/uploads\/turtle-sustainable-smartphone-case-companies-b2b-customizable-certified-1024x1024.jpg",1024,1024,true],"author_info":[],"comment_info":"","_links":{"self":[{"href":"https:\/\/www.brandit-protection.com\/fr\/wp-json\/wp\/v2\/product\/147856","targetHints":{"allow":["GET"]}}],"collection":[{"href":"https:\/\/www.brandit-protection.com\/fr\/wp-json\/wp\/v2\/product"}],"about":[{"href":"https:\/\/www.brandit-protection.com\/fr\/wp-json\/wp\/v2\/types\/product"}],"wp:featuredmedia":[{"embeddable":true,"href":"https:\/\/www.brandit-protection.com\/fr\/wp-json\/wp\/v2\/media\/178694"}],"wp:attachment":[{"href":"https:\/\/www.brandit-protection.com\/fr\/wp-json\/wp\/v2\/media?parent=147856"}],"wp:term":[{"taxonomy":"product_brand","embeddable":true,"href":"https:\/\/www.brandit-protection.com\/fr\/wp-json\/wp\/v2\/product_brand?post=147856"},{"taxonomy":"product_cat","embeddable":true,"href":"https:\/\/www.brandit-protection.com\/fr\/wp-json\/wp\/v2\/product_cat?post=147856"},{"taxonomy":"product_tag","embeddable":true,"href":"https:\/\/www.brandit-protection.com\/fr\/wp-json\/wp\/v2\/product_tag?post=147856"},{"taxonomy":"product_faqs","embeddable":true,"href":"https:\/\/www.brandit-protection.com\/fr\/wp-json\/wp\/v2\/product_faqs?post=147856"}],"curies":[{"name":"wp","href":"https:\/\/api.w.org\/{rel}","templated":true}]}}