{"id":147917,"date":"2020-07-22T21:38:00","date_gmt":"2020-07-22T20:38:00","guid":{"rendered":"https:\/\/www.brandit-protection.com\/shop\/parrot-necklace-case-with-cord\/"},"modified":"2022-01-25T14:42:05","modified_gmt":"2022-01-25T13:42:05","slug":"parrot-necklace-case-with-cord","status":"publish","type":"product","link":"https:\/\/www.brandit-protection.com\/fr\/boutique\/parrot-necklace-case-with-cord\/","title":{"rendered":"Housse pour collier avec cordon"},"content":{"rendered":"","protected":false},"excerpt":{"rendered":"Cette cha\u00eene de t\u00e9l\u00e9phonie mobile est tout simplement ing\u00e9nieuse. Le t\u00e9l\u00e9phone portable est simplement accroch\u00e9 autour du cou gr\u00e2ce \u00e0 un cordon et est donc toujours \u00e0 port\u00e9e de main. Id\u00e9al pour les salons, les promotions, au bureau ou dans la vie quotidienne. L&#8217;\u00e9tui transparent pour t\u00e9l\u00e9phone portable peut \u00eatre imprim\u00e9 en impression num\u00e9rique UV sur toute sa surface. De nombreuses couleurs de cordons sont d\u00e9j\u00e0 disponibles pour les petites quantit\u00e9s.\r\n[fpd_email_share]","protected":false},"featured_media":145004,"template":"","meta":{"_kad_blocks_custom_css":"","_kad_blocks_head_custom_js":"","_kad_blocks_body_custom_js":"","_kad_blocks_footer_custom_js":""},"product_brand":[],"product_cat":[925,3360,3361,3712,3364,3366,3713,2797,2795,3374,3372,3380,3378,3716,3715,2185,2181,2193,2658,2655,2656,2657,2924,2929,2930,2931,3210,3211,3212,3213,3469,3466,3467,3468,3690,3783,3781,3782,3784,2925,1578],"product_tag":[1463,1553,1689],"product_faqs":[1955,1958,1965,1967,1968,1971,1974,1976],"class_list":{"0":"post-147917","1":"product","2":"type-product","3":"status-publish","4":"has-post-thumbnail","6":"product_cat-apple-fr","7":"product_cat-galaxy-a34-5g-2023-fr","8":"product_cat-galaxy-a35-5g-2024-fr","9":"product_cat-galaxy-a36-5g-2025-fr","10":"product_cat-galaxy-a54-5g-2023-fr","11":"product_cat-galaxy-a55-5g-2024-fr","12":"product_cat-galaxy-a56-5g-2025-fr","13":"product_cat-galaxy-s22-fr","14":"product_cat-galaxy-s22-plus-fr","15":"product_cat-galaxy-s23-fr-2","16":"product_cat-galaxy-s23-fr","17":"product_cat-galaxy-s24-fr-2","18":"product_cat-galaxy-s24-fr","19":"product_cat-galaxy-s25-fr-2","20":"product_cat-galaxy-s25-fr","21":"product_cat-iphone-11","22":"product_cat-iphone-11-pro","23":"product_cat-iphone-12-12-pro","24":"product_cat-iphone-13-fr","25":"product_cat-iphone-13-mini-fr","26":"product_cat-iphone-13-pro-fr","27":"product_cat-iphone-13-pro-max-fr","28":"product_cat-iphone-14-fr","29":"product_cat-iphone-14-plus-fr","30":"product_cat-iphone-14-pro-fr","31":"product_cat-iphone-14-pro-max-fr","32":"product_cat-iphone-15-fr","33":"product_cat-iphone-15-plus-fr","34":"product_cat-iphone-15-pro-fr","35":"product_cat-iphone-15-pro-max-fr","36":"product_cat-iphone-16-fr","37":"product_cat-iphone-16-plus-fr","38":"product_cat-iphone-16-pro-fr","39":"product_cat-iphone-16-pro-max-fr","40":"product_cat-iphone-16e-fr","41":"product_cat-iphone-17-fr","42":"product_cat-iphone-17-pro-fr","43":"product_cat-iphone-17-pro-max-fr","44":"product_cat-iphone-air-fr","45":"product_cat-iphone-se2-se3-8-7-fr","46":"product_cat-samsung-fr","47":"product_tag-articles-promotionnels","48":"product_tag-hospitality-fr","49":"product_tag-portable","50":"product_shipping_class-phone-cases-fr","51":"pa_color-transparent-fr","52":"pa_model-galaxy-a34-5g-2023-fr","53":"pa_model-galaxy-a35-5g-2024-fr","54":"pa_model-galaxy-a36-5g-2025-fr","55":"pa_model-galaxy-a37-5g-2026","56":"pa_model-galaxy-a54-5g-2023-fr","57":"pa_model-galaxy-a55-5g-2024-fr","58":"pa_model-galaxy-a56-5g-2025-fr","59":"pa_model-galaxy-a57-5g-2026","60":"pa_model-galaxy-s23-fr","61":"pa_model-galaxy-s23-plus-fr","62":"pa_model-galaxy-s24-fr-2","63":"pa_model-galaxy-s24-fr","64":"pa_model-galaxy-s25-fr-2","65":"pa_model-galaxy-s25-fr","66":"pa_model-galaxy-s26-2","67":"pa_model-galaxy-s26","68":"pa_model-iphone-13-fr","69":"pa_model-iphone-13-mini-fr","70":"pa_model-iphone-13-pro-fr","71":"pa_model-iphone-13-pro-max-fr","72":"pa_model-iphone-14-fr","73":"pa_model-iphone-14-plus-fr","74":"pa_model-iphone-14-pro-fr","75":"pa_model-iphone-14-pro-max-fr","76":"pa_model-iphone-15-fr","77":"pa_model-iphone-15-plus-fr","78":"pa_model-iphone-15-pro-fr","79":"pa_model-iphone-15-pro-max-fr","80":"pa_model-iphone-16-fr","81":"pa_model-iphone-16-plus-fr","82":"pa_model-iphone-16-pro-fr","83":"pa_model-iphone-16-pro-max-fr","84":"pa_model-iphone-16e-17e","85":"pa_model-iphone-17-fr","86":"pa_model-iphone-17-pro-fr","87":"pa_model-iphone-17-pro-max-fr","88":"pa_model-iphone-air-fr","89":"pa_model-iphone-se2-se3-8-7-fr","90":"pa_personalization-cases-without-logo-fr","91":"pa_personalization-fullsize-image-printing-fr","92":"pa_personalization-custom-logo-printing-fr","93":"product_faqs-faq-1a-fr","94":"product_faqs-faq-2-fr","95":"product_faqs-faq-4-fr-2","96":"product_faqs-faq-5-fr","97":"product_faqs-faq-6-fr-2","98":"product_faqs-faq-7a-fr-2","99":"product_faqs-faq-8-fr","100":"product_faqs-faq-9-fr","102":"first","103":"instock","104":"taxable","105":"shipping-taxable","106":"purchasable","107":"product-type-variable","108":"has-default-attributes","109":"rtwpvs-product"},"acf":[],"taxonomy_info":{"product_cat":[{"value":925,"label":"Apple\u2122"},{"value":3360,"label":"Galaxy A34 5G (2023)"},{"value":3361,"label":"Galaxy A35 5G (2024)"},{"value":3712,"label":"Galaxy A36 5G (2025)"},{"value":3364,"label":"Galaxy A54 5G (2023)"},{"value":3366,"label":"Galaxy A55 5G (2024)"},{"value":3713,"label":"Galaxy A56 5G (2025)"},{"value":2797,"label":"Galaxy S22"},{"value":2795,"label":"Galaxy S22+"},{"value":3374,"label":"Galaxy S23"},{"value":3372,"label":"Galaxy S23+"},{"value":3380,"label":"Galaxy S24"},{"value":3378,"label":"Galaxy S24+"},{"value":3716,"label":"Galaxy S25"},{"value":3715,"label":"Galaxy S25+"},{"value":2185,"label":"iPhone 11"},{"value":2181,"label":"iPhone 11 pro"},{"value":2193,"label":"iPhone 12\/12 pro"},{"value":2658,"label":"iPhone 13"},{"value":2655,"label":"iPhone 13 mini"},{"value":2656,"label":"iPhone 13 pro"},{"value":2657,"label":"iPhone 13 pro max"},{"value":2924,"label":"iPhone 14"},{"value":2929,"label":"iPhone 14 plus"},{"value":2930,"label":"iPhone 14 pro"},{"value":2931,"label":"iPhone 14 pro max"},{"value":3210,"label":"iPhone 15"},{"value":3211,"label":"iPhone 15 plus"},{"value":3212,"label":"iPhone 15 pro"},{"value":3213,"label":"iPhone 15 pro max"},{"value":3469,"label":"iPhone 16"},{"value":3466,"label":"iPhone 16 plus"},{"value":3467,"label":"iPhone 16 pro"},{"value":3468,"label":"iPhone 16 pro max"},{"value":3690,"label":"iPhone 16e"},{"value":3783,"label":"iPhone 17"},{"value":3781,"label":"iPhone 17 pro"},{"value":3782,"label":"iPhone 17 pro max"},{"value":3784,"label":"iPhone air"},{"value":2925,"label":"iPhone SE2\/SE3\/8\/7"},{"value":1578,"label":"Samsung\u2122"}],"product_tag":[{"value":1463,"label":"Articles promotionnels"},{"value":1553,"label":"hospitalit\u00e9"},{"value":1689,"label":"portable"}],"pa_color":[{"value":1033,"label":"transparent"}],"pa_model":[{"value":3266,"label":"Galaxy A34 5G (2023)"},{"value":3267,"label":"Galaxy A35 5G (2024)"},{"value":3602,"label":"Galaxy A36 5G (2025)"},{"value":3895,"label":"Galaxy A37 5G (2026)"},{"value":3270,"label":"Galaxy A54 5G (2023)"},{"value":3271,"label":"Galaxy A55 5G (2024)"},{"value":3604,"label":"Galaxy A56 5G (2025)"},{"value":3897,"label":"Galaxy A57 5G (2026)"},{"value":3064,"label":"Galaxy S23"},{"value":3065,"label":"Galaxy S23+"},{"value":3279,"label":"Galaxy S24"},{"value":3278,"label":"Galaxy S24+"},{"value":3611,"label":"Galaxy S25"},{"value":3608,"label":"Galaxy S25+"},{"value":3874,"label":"Galaxy S26"},{"value":3873,"label":"Galaxy S26+"},{"value":2674,"label":"iPhone 13"},{"value":2639,"label":"iPhone 13 mini"},{"value":2641,"label":"iPhone 13 pro"},{"value":2642,"label":"iPhone 13 pro max"},{"value":2916,"label":"iPhone 14"},{"value":2913,"label":"iPhone 14 plus"},{"value":2914,"label":"iPhone 14 pro"},{"value":2915,"label":"iPhone 14 pro max"},{"value":3145,"label":"iPhone 15"},{"value":3139,"label":"iPhone 15 plus"},{"value":3141,"label":"iPhone 15 pro"},{"value":3143,"label":"iPhone 15 pro max"},{"value":3479,"label":"iPhone 16"},{"value":3476,"label":"iPhone 16 plus"},{"value":3477,"label":"iPhone 16 pro"},{"value":3478,"label":"iPhone 16 pro max"},{"value":3887,"label":"iPhone 16e\/17e"},{"value":3800,"label":"iPhone 17"},{"value":3802,"label":"iPhone 17 pro"},{"value":3803,"label":"iPhone 17 pro max"},{"value":3796,"label":"iPhone air"},{"value":3036,"label":"iPhone SE2\/SE3\/8\/7"}],"pa_personalization":[{"value":1537,"label":"Houses sans logo"},{"value":1535,"label":"Impression d&#039;images en taille r\u00e9elle"},{"value":1536,"label":"Logo propre (max. 1\/3 de la surface)"}],"product_faqs":[{"value":1955,"label":"FAQ 1a"},{"value":1958,"label":"FAQ 2"},{"value":1965,"label":"FAQ 4"},{"value":1967,"label":"FAQ 5"},{"value":1968,"label":"FAQ 6"},{"value":1971,"label":"FAQ 7a"},{"value":1974,"label":"FAQ 8"},{"value":1976,"label":"FAQ 9"}]},"featured_image_src_large":["https:\/\/www.brandit-protection.com\/wp-content\/uploads\/handy-kette-band-necklace-case-huelle-logo-parrot-1-1024x1024.jpg",1024,1024,true],"author_info":[],"comment_info":"","_links":{"self":[{"href":"https:\/\/www.brandit-protection.com\/fr\/wp-json\/wp\/v2\/product\/147917","targetHints":{"allow":["GET"]}}],"collection":[{"href":"https:\/\/www.brandit-protection.com\/fr\/wp-json\/wp\/v2\/product"}],"about":[{"href":"https:\/\/www.brandit-protection.com\/fr\/wp-json\/wp\/v2\/types\/product"}],"wp:featuredmedia":[{"embeddable":true,"href":"https:\/\/www.brandit-protection.com\/fr\/wp-json\/wp\/v2\/media\/145004"}],"wp:attachment":[{"href":"https:\/\/www.brandit-protection.com\/fr\/wp-json\/wp\/v2\/media?parent=147917"}],"wp:term":[{"taxonomy":"product_brand","embeddable":true,"href":"https:\/\/www.brandit-protection.com\/fr\/wp-json\/wp\/v2\/product_brand?post=147917"},{"taxonomy":"product_cat","embeddable":true,"href":"https:\/\/www.brandit-protection.com\/fr\/wp-json\/wp\/v2\/product_cat?post=147917"},{"taxonomy":"product_tag","embeddable":true,"href":"https:\/\/www.brandit-protection.com\/fr\/wp-json\/wp\/v2\/product_tag?post=147917"},{"taxonomy":"product_faqs","embeddable":true,"href":"https:\/\/www.brandit-protection.com\/fr\/wp-json\/wp\/v2\/product_faqs?post=147917"}],"curies":[{"name":"wp","href":"https:\/\/api.w.org\/{rel}","templated":true}]}}