{"id":148061,"date":"2020-07-22T21:38:02","date_gmt":"2020-07-22T20:38:02","guid":{"rendered":"https:\/\/www.brandit-protection.com\/shop\/flamingo-wallet-flip-case\/"},"modified":"2022-01-25T14:45:08","modified_gmt":"2022-01-25T13:45:08","slug":"flamingo-wallet-flip-case","status":"publish","type":"product","link":"https:\/\/www.brandit-protection.com\/fr\/boutique\/flamingo-wallet-flip-case\/","title":{"rendered":"Portemonnaie Couverture de portable"},"content":{"rendered":"","protected":false},"excerpt":{"rendered":"Le Flamingo Wallet Flip Case combine les caract\u00e9ristiques pratiques d&#8217;un porte-cartes avec un \u00e9l\u00e9gant \u00e9tui pour t\u00e9l\u00e9phone portable en simili cuir souple. Ce double usage en fait une housse particuli\u00e8rement appr\u00e9ci\u00e9e des entreprises. Il prot\u00e8ge le t\u00e9l\u00e9phone portable de tous les c\u00f4t\u00e9s et m\u00eame l&#8217;\u00e9cran lorsqu&#8217;il est ferm\u00e9. La surface peut \u00eatre imprim\u00e9e avec le logo ou des graphiques sur toute la surface gr\u00e2ce \u00e0 l&#8217;impression num\u00e9rique UV.\r\n[fpd_email_share]","protected":false},"featured_media":144989,"template":"","meta":{"_kad_blocks_custom_css":"","_kad_blocks_head_custom_js":"","_kad_blocks_body_custom_js":"","_kad_blocks_footer_custom_js":""},"product_brand":[],"product_cat":[925,2924,2930,3205,3206,3469,3467,3690,3783,3781,2925],"product_tag":[1459,1689,1462],"product_faqs":[1955,1958,1965,1967,1968,1971,1974,1976],"class_list":{"0":"post-148061","1":"product","2":"type-product","3":"status-publish","4":"has-post-thumbnail","6":"product_cat-apple-fr","7":"product_cat-iphone-14-fr","8":"product_cat-iphone-14-pro-fr","9":"product_cat-iphone-15-apple-fr","10":"product_cat-iphone-15-pro-apple-fr","11":"product_cat-iphone-16-fr","12":"product_cat-iphone-16-pro-fr","13":"product_cat-iphone-16e-fr","14":"product_cat-iphone-17-fr","15":"product_cat-iphone-17-pro-fr","16":"product_cat-iphone-se2-se3-8-7-fr","17":"product_tag-lemploi-quotidien","18":"product_tag-portable","19":"product_tag-utilisation-du-bureau","20":"product_shipping_class-phone-cases-fr","21":"pa_color-noir","22":"pa_model-iphone-14-fr","23":"pa_model-iphone-14-pro-fr","24":"pa_model-iphone-15-fr","25":"pa_model-iphone-15-pro-fr","26":"pa_model-iphone-16-fr","27":"pa_model-iphone-16-pro-fr","28":"pa_model-iphone-16e-17e","29":"pa_model-iphone-17-fr","30":"pa_model-iphone-17-pro-fr","31":"pa_model-iphone-se2-se3-8-7-fr","32":"pa_personalization-cases-without-logo-fr","33":"pa_personalization-fullsize-image-printing-fr","34":"pa_personalization-custom-logo-printing-fr","35":"product_faqs-faq-1a-fr","36":"product_faqs-faq-2-fr","37":"product_faqs-faq-4-fr-2","38":"product_faqs-faq-5-fr","39":"product_faqs-faq-6-fr-2","40":"product_faqs-faq-7a-fr-2","41":"product_faqs-faq-8-fr","42":"product_faqs-faq-9-fr","44":"first","45":"instock","46":"taxable","47":"shipping-taxable","48":"purchasable","49":"product-type-variable","50":"has-default-attributes","51":"rtwpvs-product"},"acf":[],"taxonomy_info":{"product_cat":[{"value":925,"label":"Apple\u2122"},{"value":2924,"label":"iPhone 14"},{"value":2930,"label":"iPhone 14 pro"},{"value":3205,"label":"iPhone 15"},{"value":3206,"label":"iPhone 15 pro"},{"value":3469,"label":"iPhone 16"},{"value":3467,"label":"iPhone 16 pro"},{"value":3690,"label":"iPhone 16e"},{"value":3783,"label":"iPhone 17"},{"value":3781,"label":"iPhone 17 pro"},{"value":2925,"label":"iPhone SE2\/SE3\/8\/7"}],"product_tag":[{"value":1459,"label":"l&#039;emploi quotidien"},{"value":1689,"label":"portable"},{"value":1462,"label":"Utilisation du bureau"}],"pa_color":[{"value":1029,"label":"noir"}],"pa_model":[{"value":2916,"label":"iPhone 14"},{"value":2914,"label":"iPhone 14 pro"},{"value":3145,"label":"iPhone 15"},{"value":3141,"label":"iPhone 15 pro"},{"value":3479,"label":"iPhone 16"},{"value":3477,"label":"iPhone 16 pro"},{"value":3887,"label":"iPhone 16e\/17e"},{"value":3800,"label":"iPhone 17"},{"value":3802,"label":"iPhone 17 pro"},{"value":3036,"label":"iPhone SE2\/SE3\/8\/7"}],"pa_personalization":[{"value":1537,"label":"Houses sans logo"},{"value":1535,"label":"Impression d&#039;images en taille r\u00e9elle"},{"value":1536,"label":"Logo propre (max. 1\/3 de la surface)"}],"product_faqs":[{"value":1955,"label":"FAQ 1a"},{"value":1958,"label":"FAQ 2"},{"value":1965,"label":"FAQ 4"},{"value":1967,"label":"FAQ 5"},{"value":1968,"label":"FAQ 6"},{"value":1971,"label":"FAQ 7a"},{"value":1974,"label":"FAQ 8"},{"value":1976,"label":"FAQ 9"}]},"featured_image_src_large":["https:\/\/www.brandit-protection.com\/wp-content\/uploads\/brandit-handy-phone-wallet-flip-case-flamingo-logo-1.jpg",866,838,false],"author_info":[],"comment_info":"","_links":{"self":[{"href":"https:\/\/www.brandit-protection.com\/fr\/wp-json\/wp\/v2\/product\/148061","targetHints":{"allow":["GET"]}}],"collection":[{"href":"https:\/\/www.brandit-protection.com\/fr\/wp-json\/wp\/v2\/product"}],"about":[{"href":"https:\/\/www.brandit-protection.com\/fr\/wp-json\/wp\/v2\/types\/product"}],"wp:featuredmedia":[{"embeddable":true,"href":"https:\/\/www.brandit-protection.com\/fr\/wp-json\/wp\/v2\/media\/144989"}],"wp:attachment":[{"href":"https:\/\/www.brandit-protection.com\/fr\/wp-json\/wp\/v2\/media?parent=148061"}],"wp:term":[{"taxonomy":"product_brand","embeddable":true,"href":"https:\/\/www.brandit-protection.com\/fr\/wp-json\/wp\/v2\/product_brand?post=148061"},{"taxonomy":"product_cat","embeddable":true,"href":"https:\/\/www.brandit-protection.com\/fr\/wp-json\/wp\/v2\/product_cat?post=148061"},{"taxonomy":"product_tag","embeddable":true,"href":"https:\/\/www.brandit-protection.com\/fr\/wp-json\/wp\/v2\/product_tag?post=148061"},{"taxonomy":"product_faqs","embeddable":true,"href":"https:\/\/www.brandit-protection.com\/fr\/wp-json\/wp\/v2\/product_faqs?post=148061"}],"curies":[{"name":"wp","href":"https:\/\/api.w.org\/{rel}","templated":true}]}}