{"id":148084,"date":"2020-07-22T21:38:03","date_gmt":"2020-07-22T20:38:03","guid":{"rendered":"https:\/\/www.brandit-protection.com\/shop\/display-screen-protection-glass-3d-for-phones\/"},"modified":"2026-04-16T12:20:43","modified_gmt":"2026-04-16T11:20:43","slug":"display-screen-protection-glass-3d-for-phones","status":"publish","type":"product","link":"https:\/\/www.brandit-protection.com\/fr\/boutique\/display-screen-protection-glass-3d-for-phones\/","title":{"rendered":"Verre de protection d\u2019\u00e9cran 3D pour t\u00e9l\u00e9phones"},"content":{"rendered":"","protected":false},"excerpt":{"rendered":"Le verre de protection d&#8217;\u00e9cran en verre v\u00e9ritable est le compl\u00e9ment id\u00e9al des Brand.it Phone Cases pour prot\u00e9ger en plus l&#8217;\u00e9cran de votre t\u00e9l\u00e9phone portable des rayures. Disponible pour tous les t\u00e9l\u00e9phones portables courants comme Apple iPhone, Samsung Galaxy, Huawei, etc.","protected":false},"featured_media":144980,"template":"","meta":{"_kad_blocks_custom_css":"","_kad_blocks_head_custom_js":"","_kad_blocks_body_custom_js":"","_kad_blocks_footer_custom_js":""},"product_brand":[],"product_cat":[925,2797,2795,3374,3372,3380,3378,3716,3715,2187,2189,2193,2655,3347,2930,2931,3348,3210,3211,3212,3213,3469,3466,3467,3468,3690,2925,1578],"product_tag":[1689],"product_faqs":[],"class_list":{"0":"post-148084","1":"product","2":"type-product","3":"status-publish","4":"has-post-thumbnail","6":"product_cat-apple-fr","7":"product_cat-galaxy-s22-fr","8":"product_cat-galaxy-s22-plus-fr","9":"product_cat-galaxy-s23-fr-2","10":"product_cat-galaxy-s23-fr","11":"product_cat-galaxy-s24-fr-2","12":"product_cat-galaxy-s24-fr","13":"product_cat-galaxy-s25-fr-2","14":"product_cat-galaxy-s25-fr","15":"product_cat-iphone-11-xr","16":"product_cat-iphone-12-mini","17":"product_cat-iphone-12-12-pro","18":"product_cat-iphone-13-mini-fr","19":"product_cat-iphone-14-plus-13-pro-max-fr","20":"product_cat-iphone-14-pro-fr","21":"product_cat-iphone-14-pro-max-fr","22":"product_cat-iphone-14-13-13-pro-fr","23":"product_cat-iphone-15-fr","24":"product_cat-iphone-15-plus-fr","25":"product_cat-iphone-15-pro-fr","26":"product_cat-iphone-15-pro-max-fr","27":"product_cat-iphone-16-fr","28":"product_cat-iphone-16-plus-fr","29":"product_cat-iphone-16-pro-fr","30":"product_cat-iphone-16-pro-max-fr","31":"product_cat-iphone-16e-fr","32":"product_cat-iphone-se2-se3-8-7-fr","33":"product_cat-samsung-fr","34":"product_tag-portable","35":"product_shipping_class-phone-display-protection-fr","36":"pa_model-galaxy-s22-fr-2","37":"pa_model-galaxy-s22-plus-fr","38":"pa_model-galaxy-s23-fr","39":"pa_model-galaxy-s23-plus-fr","40":"pa_model-galaxy-s24-fr-2","41":"pa_model-galaxy-s24-fr","42":"pa_model-galaxy-s25-fr-2","43":"pa_model-galaxy-s25-fr","44":"pa_model-galaxy-s26-2","45":"pa_model-galaxy-s26","46":"pa_model-iphone-11-xr-fr-2","47":"pa_model-iphone-12-mini-fr-2","48":"pa_model-iphone-12-12-pro-fr-2","49":"pa_model-iphone-13-mini-fr","50":"pa_model-iphone-14-plus-13-pro-max-fr","51":"pa_model-iphone-14-pro-fr","52":"pa_model-iphone-14-pro-max-fr","53":"pa_model-iphone-14-13-13-pro-fr","54":"pa_model-iphone-15-fr","55":"pa_model-iphone-15-plus-fr","56":"pa_model-iphone-15-pro-fr","57":"pa_model-iphone-15-pro-max-fr","58":"pa_model-iphone-16-fr","59":"pa_model-iphone-16-plus-fr","60":"pa_model-iphone-16-pro-max-fr","61":"pa_model-iphone-16e-17e","62":"pa_model-iphone-17-pro-max-fr","63":"pa_model-iphone-17-17-pro-16-pro-fr","64":"pa_model-iphone-air-fr","65":"pa_model-iphone-se2-se3-8-7-fr","67":"first","68":"instock","69":"taxable","70":"shipping-taxable","71":"purchasable","72":"product-type-variable","73":"has-default-attributes","74":"rtwpvs-product"},"acf":[],"taxonomy_info":{"product_cat":[{"value":925,"label":"Apple\u2122"},{"value":2797,"label":"Galaxy S22"},{"value":2795,"label":"Galaxy S22+"},{"value":3374,"label":"Galaxy S23"},{"value":3372,"label":"Galaxy S23+"},{"value":3380,"label":"Galaxy S24"},{"value":3378,"label":"Galaxy S24+"},{"value":3716,"label":"Galaxy S25"},{"value":3715,"label":"Galaxy S25+"},{"value":2187,"label":"iPhone 11\/XR"},{"value":2189,"label":"iPhone 12 mini"},{"value":2193,"label":"iPhone 12\/12 pro"},{"value":2655,"label":"iPhone 13 mini"},{"value":3347,"label":"iPhone 14 plus\/13 pro max"},{"value":2930,"label":"iPhone 14 pro"},{"value":2931,"label":"iPhone 14 pro max"},{"value":3348,"label":"iPhone 14\/13\/13 pro"},{"value":3210,"label":"iPhone 15"},{"value":3211,"label":"iPhone 15 plus"},{"value":3212,"label":"iPhone 15 pro"},{"value":3213,"label":"iPhone 15 pro max"},{"value":3469,"label":"iPhone 16"},{"value":3466,"label":"iPhone 16 plus"},{"value":3467,"label":"iPhone 16 pro"},{"value":3468,"label":"iPhone 16 pro max"},{"value":3690,"label":"iPhone 16e"},{"value":2925,"label":"iPhone SE2\/SE3\/8\/7"},{"value":1578,"label":"Samsung\u2122"}],"product_tag":[{"value":1689,"label":"portable"}],"pa_model":[{"value":2778,"label":"Galaxy S22"},{"value":2777,"label":"Galaxy S22+"},{"value":3064,"label":"Galaxy S23"},{"value":3065,"label":"Galaxy S23+"},{"value":3279,"label":"Galaxy S24"},{"value":3278,"label":"Galaxy S24+"},{"value":3611,"label":"Galaxy S25"},{"value":3608,"label":"Galaxy S25+"},{"value":3874,"label":"Galaxy S26"},{"value":3873,"label":"Galaxy S26+"},{"value":2260,"label":"iPhone 11\/XR"},{"value":2261,"label":"iPhone 12 mini"},{"value":2262,"label":"iPhone 12\/12 pro"},{"value":2639,"label":"iPhone 13 mini"},{"value":3042,"label":"iPhone 14 plus\/13 pro max"},{"value":2914,"label":"iPhone 14 pro"},{"value":2915,"label":"iPhone 14 pro max"},{"value":3040,"label":"iPhone 14\/13\/13 pro"},{"value":3145,"label":"iPhone 15"},{"value":3139,"label":"iPhone 15 plus"},{"value":3141,"label":"iPhone 15 pro"},{"value":3143,"label":"iPhone 15 pro max"},{"value":3479,"label":"iPhone 16"},{"value":3476,"label":"iPhone 16 plus"},{"value":3478,"label":"iPhone 16 pro max"},{"value":3887,"label":"iPhone 16e\/17e"},{"value":3803,"label":"iPhone 17 pro max"},{"value":3837,"label":"iPhone 17\/17 pro\/16 pro"},{"value":3796,"label":"iPhone air"},{"value":3036,"label":"iPhone SE2\/SE3\/8\/7"}]},"featured_image_src_large":["https:\/\/www.brandit-protection.com\/wp-content\/uploads\/handy-phone-display-screen-protection-glass-panzerglass-1.jpg",215,235,false],"author_info":[],"comment_info":"","_links":{"self":[{"href":"https:\/\/www.brandit-protection.com\/fr\/wp-json\/wp\/v2\/product\/148084","targetHints":{"allow":["GET"]}}],"collection":[{"href":"https:\/\/www.brandit-protection.com\/fr\/wp-json\/wp\/v2\/product"}],"about":[{"href":"https:\/\/www.brandit-protection.com\/fr\/wp-json\/wp\/v2\/types\/product"}],"wp:featuredmedia":[{"embeddable":true,"href":"https:\/\/www.brandit-protection.com\/fr\/wp-json\/wp\/v2\/media\/144980"}],"wp:attachment":[{"href":"https:\/\/www.brandit-protection.com\/fr\/wp-json\/wp\/v2\/media?parent=148084"}],"wp:term":[{"taxonomy":"product_brand","embeddable":true,"href":"https:\/\/www.brandit-protection.com\/fr\/wp-json\/wp\/v2\/product_brand?post=148084"},{"taxonomy":"product_cat","embeddable":true,"href":"https:\/\/www.brandit-protection.com\/fr\/wp-json\/wp\/v2\/product_cat?post=148084"},{"taxonomy":"product_tag","embeddable":true,"href":"https:\/\/www.brandit-protection.com\/fr\/wp-json\/wp\/v2\/product_tag?post=148084"},{"taxonomy":"product_faqs","embeddable":true,"href":"https:\/\/www.brandit-protection.com\/fr\/wp-json\/wp\/v2\/product_faqs?post=148084"}],"curies":[{"name":"wp","href":"https:\/\/api.w.org\/{rel}","templated":true}]}}