{"id":148102,"date":"2020-07-22T21:38:03","date_gmt":"2020-07-22T20:38:03","guid":{"rendered":"https:\/\/www.brandit-protection.com\/shop\/display-screen-protection-glass-2-5d-for-tablets\/"},"modified":"2026-04-16T12:21:01","modified_gmt":"2026-04-16T11:21:01","slug":"display-screen-protection-glass-2-5d-for-tablets","status":"publish","type":"product","link":"https:\/\/www.brandit-protection.com\/fr\/boutique\/display-screen-protection-glass-2-5d-for-tablets\/","title":{"rendered":"Verre de protection d&#8217;\u00e9cran 2,5D pour les tablettes"},"content":{"rendered":"","protected":false},"excerpt":{"rendered":"Notre vitre de protection d&#8217;\u00e9cran en verre v\u00e9ritable est le compl\u00e9ment id\u00e9al des \u00e9tuis pour portable Brand.it pour prot\u00e9ger l&#8217;\u00e9cran de votre smartphone des rayures.","protected":false},"featured_media":144977,"template":"","meta":{"_kad_blocks_custom_css":"","_kad_blocks_head_custom_js":"","_kad_blocks_body_custom_js":"","_kad_blocks_footer_custom_js":""},"product_brand":[],"product_cat":[925,2651,3658,3670,3671,2168,3675,2165,3688],"product_tag":[1688],"product_faqs":[],"class_list":{"0":"post-148102","1":"product","2":"type-product","3":"status-publish","4":"has-post-thumbnail","6":"product_cat-apple-fr","7":"product_cat-ipad-10-2-7-8-9-generation-2019-2020-2021-fr","8":"product_cat-ipad-10-9-11-10-gen-2022-11-gen-2025-fr","9":"product_cat-ipad-air6-11-fr","10":"product_cat-ipad-air6-13-fr","11":"product_cat-ipad-pro-11","12":"product_cat-ipad-pro-11-fr","13":"product_cat-ipad-pro-12-9","14":"product_cat-ipad-pro-13-fr","15":"product_tag-tablet-fr","16":"product_shipping_class-tablets-fold-it-display-fr","17":"pa_model-ipad-10-2-7-8-9-generation-2019-2020-2021-fr","18":"pa_model-ipad-10-9-11-10-gen-2022-11-gen-2025-fr","19":"pa_model-ipad-air6-11","20":"pa_model-ipad-air6-13","21":"pa_model-ipad-pro-11","22":"pa_model-ipad-pro-11-fr-2","23":"pa_model-ipad-pro-12-9-fr-2","24":"pa_model-ipad-pro-13","26":"first","27":"instock","28":"taxable","29":"shipping-taxable","30":"purchasable","31":"product-type-variable","32":"has-default-attributes","33":"rtwpvs-product"},"acf":[],"taxonomy_info":{"product_cat":[{"value":925,"label":"Apple\u2122"},{"value":2651,"label":"iPad 10.2 (7\/8\/9 Generation 2019\/2020\/2021)"},{"value":3658,"label":"iPad 10.9\/11 (10 Gen 2022\/11 Gen 2025)"},{"value":3670,"label":"iPad Air6 11"},{"value":3671,"label":"iPad Air6 13"},{"value":2168,"label":"iPad Pro 11"},{"value":3675,"label":"iPad Pro 11"},{"value":2165,"label":"iPad Pro 12.9"},{"value":3688,"label":"iPad Pro 13"}],"product_tag":[{"value":1688,"label":"tablet"}],"pa_model":[{"value":2636,"label":"iPad 10.2 (7\/8\/9 Generation 2019\/2020\/2021)"},{"value":3618,"label":"iPad 10.9\/11 (10 Gen 2022\/11 Gen 2025)"},{"value":3622,"label":"iPad Air6 11"},{"value":3624,"label":"iPad Air6 13"},{"value":3626,"label":"iPad Pro 11"},{"value":2246,"label":"iPad Pro 11"},{"value":2247,"label":"iPad Pro 12.9"},{"value":3634,"label":"iPad Pro 13"}]},"featured_image_src_large":["https:\/\/www.brandit-protection.com\/wp-content\/uploads\/tablet-ipad-tab-display-protection-glass-panzerglass-768x1024.jpg",768,1024,true],"author_info":[],"comment_info":"","_links":{"self":[{"href":"https:\/\/www.brandit-protection.com\/fr\/wp-json\/wp\/v2\/product\/148102","targetHints":{"allow":["GET"]}}],"collection":[{"href":"https:\/\/www.brandit-protection.com\/fr\/wp-json\/wp\/v2\/product"}],"about":[{"href":"https:\/\/www.brandit-protection.com\/fr\/wp-json\/wp\/v2\/types\/product"}],"wp:featuredmedia":[{"embeddable":true,"href":"https:\/\/www.brandit-protection.com\/fr\/wp-json\/wp\/v2\/media\/144977"}],"wp:attachment":[{"href":"https:\/\/www.brandit-protection.com\/fr\/wp-json\/wp\/v2\/media?parent=148102"}],"wp:term":[{"taxonomy":"product_brand","embeddable":true,"href":"https:\/\/www.brandit-protection.com\/fr\/wp-json\/wp\/v2\/product_brand?post=148102"},{"taxonomy":"product_cat","embeddable":true,"href":"https:\/\/www.brandit-protection.com\/fr\/wp-json\/wp\/v2\/product_cat?post=148102"},{"taxonomy":"product_tag","embeddable":true,"href":"https:\/\/www.brandit-protection.com\/fr\/wp-json\/wp\/v2\/product_tag?post=148102"},{"taxonomy":"product_faqs","embeddable":true,"href":"https:\/\/www.brandit-protection.com\/fr\/wp-json\/wp\/v2\/product_faqs?post=148102"}],"curies":[{"name":"wp","href":"https:\/\/api.w.org\/{rel}","templated":true}]}}