{"id":148115,"date":"2020-09-29T22:30:16","date_gmt":"2020-09-29T21:30:16","guid":{"rendered":"https:\/\/www.brandit-protection.com\/shop\/single-paper-bag-for-tablet-cases\/"},"modified":"2023-02-14T11:30:00","modified_gmt":"2023-02-14T10:30:00","slug":"single-paper-bag-for-tablet-cases","status":"publish","type":"product","link":"https:\/\/www.brandit-protection.com\/fr\/boutique\/single-paper-bag-for-tablet-cases\/","title":{"rendered":"Sac papier unique pour les cas de comprim\u00e9s"},"content":{"rendered":"","protected":false},"excerpt":{"rendered":"<strong><span style=\"color: #ff0000;\">*Veuillez noter que nos emballages en papier ne sont disponibles que dans le cadre d&#8217;une commande d&#8217;\u00e9tuis pour tablettes et\/ou t\u00e9l\u00e9phones. Les sacs en papier ne peuvent pas \u00eatre les seuls \u00e9l\u00e9ments de votre commande. Merci de votre compr\u00e9hension.*<\/span><\/strong>\r\n\r\nLa durabilit\u00e9 et la protection de l&#8217;environnement sont importantes pour nous. Toutes les bo\u00eetes de comprim\u00e9s sont livr\u00e9es en vrac. Si vous souhaitez un emballage unique, nous proposons nos sacs en papier individuels qui sont fabriqu\u00e9s \u00e0 partir de papier recycl\u00e9. Ils peuvent \u00eatre command\u00e9s en plus de chaque housse de tablettes.\r\n\r\nEn tant que fabricant, nous sommes conscients de notre responsabilit\u00e9 de d\u00e9velopper des produits durables et d&#8217;\u00e9viter les emballages plastiques inutiles.","protected":false},"featured_media":141258,"template":"","meta":{"_kad_blocks_custom_css":"","_kad_blocks_head_custom_js":"","_kad_blocks_body_custom_js":"","_kad_blocks_footer_custom_js":""},"product_brand":[],"product_cat":[2543],"product_tag":[2619],"product_faqs":[],"class_list":{"0":"post-148115","1":"product","2":"type-product","3":"status-publish","4":"has-post-thumbnail","6":"product_cat-non-classe-fr","7":"product_tag-emballage","8":"product_shipping_class-tablet-case-packaging-fr","9":"pa_color-brun","10":"pa_model-universal-fr","12":"first","13":"instock","14":"taxable","15":"shipping-taxable","16":"purchasable","17":"product-type-simple"},"acf":[],"taxonomy_info":{"product_cat":[{"value":2543,"label":"Non class\u00e9"}],"product_tag":[{"value":2619,"label":"emballage"}],"pa_color":[{"value":1468,"label":"brun"}],"pa_model":[{"value":1531,"label":"universal"}]},"featured_image_src_large":["https:\/\/www.brandit-protection.com\/wp-content\/uploads\/Papiertu\u0308te-1024x1024.jpg",1024,1024,true],"author_info":[],"comment_info":"","_links":{"self":[{"href":"https:\/\/www.brandit-protection.com\/fr\/wp-json\/wp\/v2\/product\/148115","targetHints":{"allow":["GET"]}}],"collection":[{"href":"https:\/\/www.brandit-protection.com\/fr\/wp-json\/wp\/v2\/product"}],"about":[{"href":"https:\/\/www.brandit-protection.com\/fr\/wp-json\/wp\/v2\/types\/product"}],"wp:featuredmedia":[{"embeddable":true,"href":"https:\/\/www.brandit-protection.com\/fr\/wp-json\/wp\/v2\/media\/141258"}],"wp:attachment":[{"href":"https:\/\/www.brandit-protection.com\/fr\/wp-json\/wp\/v2\/media?parent=148115"}],"wp:term":[{"taxonomy":"product_brand","embeddable":true,"href":"https:\/\/www.brandit-protection.com\/fr\/wp-json\/wp\/v2\/product_brand?post=148115"},{"taxonomy":"product_cat","embeddable":true,"href":"https:\/\/www.brandit-protection.com\/fr\/wp-json\/wp\/v2\/product_cat?post=148115"},{"taxonomy":"product_tag","embeddable":true,"href":"https:\/\/www.brandit-protection.com\/fr\/wp-json\/wp\/v2\/product_tag?post=148115"},{"taxonomy":"product_faqs","embeddable":true,"href":"https:\/\/www.brandit-protection.com\/fr\/wp-json\/wp\/v2\/product_faqs?post=148115"}],"curies":[{"name":"wp","href":"https:\/\/api.w.org\/{rel}","templated":true}]}}