{"id":148132,"date":"2020-07-22T21:37:55","date_gmt":"2020-07-22T20:37:55","guid":{"rendered":"https:\/\/www.brandit-protection.com\/shop\/monkey-soft-slim-tpu-case-black\/"},"modified":"2026-04-16T12:28:10","modified_gmt":"2026-04-16T11:28:10","slug":"monkey-soft-slim-tpu-case-black","status":"publish","type":"product","link":"https:\/\/www.brandit-protection.com\/fr\/boutique\/monkey-soft-slim-tpu-case-black\/","title":{"rendered":"Soft Slim TPU Housse de t\u00e9l\u00e9phone en silicone"},"content":{"rendered":"","protected":false},"excerpt":{"rendered":"Notre \u00e9tui Monkey Soft Slim est fabriqu\u00e9 en TPU flexible, \u00e9galement connu sous le nom d&#8217;\u00e9tui en silicone pour t\u00e9l\u00e9phone portable. Son design fin s&#8217;adapte comme une seconde peau sur votre smartphone. La surface est mate et peut \u00eatre imprim\u00e9e avec votre logo ou des graphiques complets en utilisant le proc\u00e9d\u00e9 d&#8217;impression num\u00e9rique UV. Ces caract\u00e9ristiques font de cet \u00e9tui pour smartphone la housse de protection la plus populaire pour les entreprises.\r\n[fpd_email_share]","protected":false},"featured_media":178691,"template":"","meta":{"_kad_blocks_custom_css":"","_kad_blocks_head_custom_js":"","_kad_blocks_body_custom_js":"","_kad_blocks_footer_custom_js":""},"product_brand":[],"product_cat":[925,2857,3352,3354,3355,3710,3356,3711,2679,2858,3360,3361,3712,2343,2860,2685,2897,2864,3364,3366,3713,2348,2866,2868,2357,2358,2359,2797,2793,2795,3374,3370,3372,3380,3376,3378,3716,3714,3715,2185,2181,2183,2189,2191,2193,2658,2655,2656,2657,2924,2929,2930,2931,3210,3211,3212,3213,3469,3466,3467,3468,3690,3783,3781,3782,2179,3784,2927,2471,2369,2473,2371,1451,1578],"product_tag":[1459,1689,1462],"product_faqs":[1955,1958,1960,1965,1967,1968,1971,1974,1976],"class_list":{"0":"post-148132","1":"product","2":"type-product","3":"status-publish","4":"has-post-thumbnail","6":"product_cat-apple-fr","7":"product_cat-galaxy-a13-5g-2022-fr","8":"product_cat-galaxy-a14-4g-2023-fr","9":"product_cat-galaxy-a14-5g-2023-fr","10":"product_cat-galaxy-a15-5g-2024-fr","11":"product_cat-galaxy-a16-5g-2024-fr","12":"product_cat-galaxy-a25-5g-2024-fr","13":"product_cat-galaxy-a26-5g-2025-fr","14":"product_cat-galaxy-a32-5g-2021-fr","15":"product_cat-galaxy-a33-5g-2022-fr","16":"product_cat-galaxy-a34-5g-2023-fr","17":"product_cat-galaxy-a35-5g-2024-fr","18":"product_cat-galaxy-a36-5g-2025-fr","19":"product_cat-galaxy-a41-fr","20":"product_cat-galaxy-a42-5g-2020-fr","21":"product_cat-galaxy-a51-5g-2020-fr","22":"product_cat-galaxy-a52-a52s-5g-2021-fr","23":"product_cat-galaxy-a53-5g-2022-fr","24":"product_cat-galaxy-a54-5g-2023-fr","25":"product_cat-galaxy-a55-5g-2024-fr","26":"product_cat-galaxy-a56-5g-2025-fr","27":"product_cat-galaxy-a71-fr","28":"product_cat-galaxy-a72-5g-2021-fr","29":"product_cat-galaxy-a73-5g-2022-fr","30":"product_cat-galaxy-s21-fr","31":"product_cat-galaxy-s21-ultra-fr","32":"product_cat-galaxy-s21-fr-2","33":"product_cat-galaxy-s22-fr","34":"product_cat-galaxy-s22-ultra","35":"product_cat-galaxy-s22-plus-fr","36":"product_cat-galaxy-s23-fr-2","37":"product_cat-galaxy-s23-ultra-fr","38":"product_cat-galaxy-s23-fr","39":"product_cat-galaxy-s24-fr-2","40":"product_cat-galaxy-s24-ultra-fr","41":"product_cat-galaxy-s24-fr","42":"product_cat-galaxy-s25-fr-2","43":"product_cat-galaxy-s25-ultra-fr","44":"product_cat-galaxy-s25-fr","45":"product_cat-iphone-11","46":"product_cat-iphone-11-pro","47":"product_cat-iphone-11-pro-max","48":"product_cat-iphone-12-mini","49":"product_cat-iphone-12-pro-max","50":"product_cat-iphone-12-12-pro","51":"product_cat-iphone-13-fr","52":"product_cat-iphone-13-mini-fr","53":"product_cat-iphone-13-pro-fr","54":"product_cat-iphone-13-pro-max-fr","55":"product_cat-iphone-14-fr","56":"product_cat-iphone-14-plus-fr","57":"product_cat-iphone-14-pro-fr","58":"product_cat-iphone-14-pro-max-fr","59":"product_cat-iphone-15-fr","60":"product_cat-iphone-15-plus-fr","61":"product_cat-iphone-15-pro-fr","62":"product_cat-iphone-15-pro-max-fr","63":"product_cat-iphone-16-fr","64":"product_cat-iphone-16-plus-fr","65":"product_cat-iphone-16-pro-fr","66":"product_cat-iphone-16-pro-max-fr","67":"product_cat-iphone-16e-fr","68":"product_cat-iphone-17-fr","69":"product_cat-iphone-17-pro-fr","70":"product_cat-iphone-17-pro-max-fr","71":"product_cat-iphone-8-7-plus","72":"product_cat-iphone-air-fr","73":"product_cat-iphone-se2-se3-8-7-6s-6-fr","74":"product_cat-nokia-5-x","75":"product_cat-nokia-6-x-fr","76":"product_cat-nokia-7-x","77":"product_cat-nokia-8-x-fr","78":"product_cat-nokia-fr","79":"product_cat-samsung-fr","80":"product_tag-lemploi-quotidien","81":"product_tag-portable","82":"product_tag-utilisation-du-bureau","83":"product_shipping_class-phone-cases-fr","84":"pa_color-noir","85":"pa_model-galaxy-a13-5g-2022-fr","86":"pa_model-galaxy-a14-4g-2023-fr","87":"pa_model-galaxy-a14-5g-2023-fr","88":"pa_model-galaxy-a15-5g-2024-fr","89":"pa_model-galaxy-a16-5g-2024-fr","90":"pa_model-galaxy-a17-5g-2025","91":"pa_model-galaxy-a25-5g-2024-fr","92":"pa_model-galaxy-a26-5g-2025-fr","93":"pa_model-galaxy-a32-5g-2021-fr","94":"pa_model-galaxy-a33-5g-2022-fr","95":"pa_model-galaxy-a34-5g-2023-fr","96":"pa_model-galaxy-a35-5g-2024-fr","97":"pa_model-galaxy-a36-5g-2025-fr","98":"pa_model-galaxy-a37-5g-2026","99":"pa_model-galaxy-a42-5g-2020-fr","100":"pa_model-galaxy-a51-5g-2020-fr","101":"pa_model-galaxy-a52-a52s-5g-2021-fr","102":"pa_model-galaxy-a53-5g-2022-fr","103":"pa_model-galaxy-a54-5g-2023-fr","104":"pa_model-galaxy-a55-5g-2024-fr","105":"pa_model-galaxy-a56-5g-2025-fr","106":"pa_model-galaxy-a57-5g-2026","107":"pa_model-galaxy-a71-fr-2","108":"pa_model-galaxy-a72-5g-2021-fr","109":"pa_model-galaxy-a73-5g-2022-fr","110":"pa_model-galaxy-s22-fr-2","111":"pa_model-galaxy-s22-ultra-fr","112":"pa_model-galaxy-s22-plus-fr","113":"pa_model-galaxy-s23-fr","114":"pa_model-galaxy-s23-ultra-fr","115":"pa_model-galaxy-s23-plus-fr","116":"pa_model-galaxy-s24-fr-2","117":"pa_model-galaxy-s24-ultra-fr","118":"pa_model-galaxy-s24-fr","119":"pa_model-galaxy-s25-fr-2","120":"pa_model-galaxy-s25-ultra-fr","121":"pa_model-galaxy-s25-fr","122":"pa_model-galaxy-s26-2","123":"pa_model-galaxy-s26","124":"pa_model-iphone-11-fr-2","125":"pa_model-iphone-11-pro-fr-2","126":"pa_model-iphone-12-mini-fr-2","127":"pa_model-iphone-12-pro-max-fr-2","128":"pa_model-iphone-12-12-pro-fr-2","129":"pa_model-iphone-13-fr","130":"pa_model-iphone-13-mini-fr","131":"pa_model-iphone-13-pro-fr","132":"pa_model-iphone-13-pro-max-fr","133":"pa_model-iphone-14-fr","134":"pa_model-iphone-14-plus-fr","135":"pa_model-iphone-14-pro-fr","136":"pa_model-iphone-14-pro-max-fr","137":"pa_model-iphone-15-fr","138":"pa_model-iphone-15-plus-fr","139":"pa_model-iphone-15-pro-fr","140":"pa_model-iphone-15-pro-max-fr","141":"pa_model-iphone-16-fr","142":"pa_model-iphone-16-plus-fr","143":"pa_model-iphone-16-pro-fr","144":"pa_model-iphone-16-pro-max-fr","145":"pa_model-iphone-16e-fr","146":"pa_model-iphone-16e-17e","147":"pa_model-iphone-17-fr","148":"pa_model-iphone-17-pro-fr","149":"pa_model-iphone-17-pro-max-fr","150":"pa_model-iphone-air-fr","151":"pa_model-iphone-se2-se3-8-7-6s-6-fr","152":"pa_personalization-cases-without-logo-fr","153":"pa_personalization-fullsize-image-printing-fr","154":"pa_personalization-custom-logo-printing-fr","155":"product_faqs-faq-1a-fr","156":"product_faqs-faq-2-fr","157":"product_faqs-faq-3a-fr","158":"product_faqs-faq-4-fr-2","159":"product_faqs-faq-5-fr","160":"product_faqs-faq-6-fr-2","161":"product_faqs-faq-7a-fr-2","162":"product_faqs-faq-8-fr","163":"product_faqs-faq-9-fr","165":"first","166":"instock","167":"taxable","168":"shipping-taxable","169":"purchasable","170":"product-type-variable","171":"has-default-attributes","172":"rtwpvs-product"},"acf":[],"taxonomy_info":{"product_cat":[{"value":925,"label":"Apple\u2122"},{"value":2857,"label":"Galaxy A13 5G (2022)"},{"value":3352,"label":"Galaxy A14 4G (2023)"},{"value":3354,"label":"Galaxy A14 5G (2023)"},{"value":3355,"label":"Galaxy A15 5G (2024)"},{"value":3710,"label":"Galaxy A16 5G (2024)"},{"value":3356,"label":"Galaxy A25 5G (2024)"},{"value":3711,"label":"Galaxy A26 5G (2025)"},{"value":2679,"label":"Galaxy A32 5G (2021)"},{"value":2858,"label":"Galaxy A33 5G (2022)"},{"value":3360,"label":"Galaxy A34 5G (2023)"},{"value":3361,"label":"Galaxy A35 5G (2024)"},{"value":3712,"label":"Galaxy A36 5G (2025)"},{"value":2343,"label":"Galaxy A41"},{"value":2860,"label":"Galaxy A42 5G (2020)"},{"value":2685,"label":"Galaxy A51 5G (2020)"},{"value":2897,"label":"Galaxy A52\/A52s 5G (2021)"},{"value":2864,"label":"Galaxy A53 5G (2022)"},{"value":3364,"label":"Galaxy A54 5G (2023)"},{"value":3366,"label":"Galaxy A55 5G (2024)"},{"value":3713,"label":"Galaxy A56 5G (2025)"},{"value":2348,"label":"Galaxy A71"},{"value":2866,"label":"Galaxy A72 5G (2021)"},{"value":2868,"label":"Galaxy A73 5G (2022)"},{"value":2357,"label":"Galaxy S21"},{"value":2358,"label":"Galaxy S21 Ultra"},{"value":2359,"label":"Galaxy S21+"},{"value":2797,"label":"Galaxy S22"},{"value":2793,"label":"Galaxy S22 ultra"},{"value":2795,"label":"Galaxy S22+"},{"value":3374,"label":"Galaxy S23"},{"value":3370,"label":"Galaxy S23 ultra"},{"value":3372,"label":"Galaxy S23+"},{"value":3380,"label":"Galaxy S24"},{"value":3376,"label":"Galaxy S24 ultra"},{"value":3378,"label":"Galaxy S24+"},{"value":3716,"label":"Galaxy S25"},{"value":3714,"label":"Galaxy S25 ultra"},{"value":3715,"label":"Galaxy S25+"},{"value":2185,"label":"iPhone 11"},{"value":2181,"label":"iPhone 11 pro"},{"value":2183,"label":"iPhone 11 pro max"},{"value":2189,"label":"iPhone 12 mini"},{"value":2191,"label":"iPhone 12 pro max"},{"value":2193,"label":"iPhone 12\/12 pro"},{"value":2658,"label":"iPhone 13"},{"value":2655,"label":"iPhone 13 mini"},{"value":2656,"label":"iPhone 13 pro"},{"value":2657,"label":"iPhone 13 pro max"},{"value":2924,"label":"iPhone 14"},{"value":2929,"label":"iPhone 14 plus"},{"value":2930,"label":"iPhone 14 pro"},{"value":2931,"label":"iPhone 14 pro max"},{"value":3210,"label":"iPhone 15"},{"value":3211,"label":"iPhone 15 plus"},{"value":3212,"label":"iPhone 15 pro"},{"value":3213,"label":"iPhone 15 pro max"},{"value":3469,"label":"iPhone 16"},{"value":3466,"label":"iPhone 16 plus"},{"value":3467,"label":"iPhone 16 pro"},{"value":3468,"label":"iPhone 16 pro max"},{"value":3690,"label":"iPhone 16e"},{"value":3783,"label":"iPhone 17"},{"value":3781,"label":"iPhone 17 pro"},{"value":3782,"label":"iPhone 17 pro max"},{"value":2179,"label":"iPhone 8\/7 Plus"},{"value":3784,"label":"iPhone air"},{"value":2927,"label":"iPhone SE2\/SE3\/8\/7\/6s\/6"},{"value":2471,"label":"Nokia 5.x"},{"value":2369,"label":"Nokia 6.x"},{"value":2473,"label":"Nokia 7.x"},{"value":2371,"label":"Nokia 8.x"},{"value":1451,"label":"Nokia\u2122"},{"value":1578,"label":"Samsung\u2122"}],"product_tag":[{"value":1459,"label":"l&#039;emploi quotidien"},{"value":1689,"label":"portable"},{"value":1462,"label":"Utilisation du bureau"}],"pa_color":[{"value":1029,"label":"noir"}],"pa_model":[{"value":2840,"label":"Galaxy A13 5G (2022)"},{"value":3258,"label":"Galaxy A14 4G (2023)"},{"value":3259,"label":"Galaxy A14 5G (2023)"},{"value":3260,"label":"Galaxy A15 5G (2024)"},{"value":3599,"label":"Galaxy A16 5G (2024)"},{"value":3892,"label":"Galaxy A17 5G (2025)"},{"value":3264,"label":"Galaxy A25 5G (2024)"},{"value":3600,"label":"Galaxy A26 5G (2025)"},{"value":2585,"label":"Galaxy A32 5G (2021)"},{"value":2842,"label":"Galaxy A33 5G (2022)"},{"value":3266,"label":"Galaxy A34 5G (2023)"},{"value":3267,"label":"Galaxy A35 5G (2024)"},{"value":3602,"label":"Galaxy A36 5G (2025)"},{"value":3895,"label":"Galaxy A37 5G (2026)"},{"value":2808,"label":"Galaxy A42 5G (2020)"},{"value":2593,"label":"Galaxy A51 5G (2020)"},{"value":2899,"label":"Galaxy A52\/A52s 5G (2021)"},{"value":2844,"label":"Galaxy A53 5G (2022)"},{"value":3270,"label":"Galaxy A54 5G (2023)"},{"value":3271,"label":"Galaxy A55 5G (2024)"},{"value":3604,"label":"Galaxy A56 5G (2025)"},{"value":3897,"label":"Galaxy A57 5G (2026)"},{"value":2380,"label":"Galaxy A71 5G (2020)"},{"value":2814,"label":"Galaxy A72 5G (2021)"},{"value":2846,"label":"Galaxy A73 5G (2022)"},{"value":2778,"label":"Galaxy S22"},{"value":2775,"label":"Galaxy S22 ultra"},{"value":2777,"label":"Galaxy S22+"},{"value":3064,"label":"Galaxy S23"},{"value":3066,"label":"Galaxy S23 ultra"},{"value":3065,"label":"Galaxy S23+"},{"value":3279,"label":"Galaxy S24"},{"value":3276,"label":"Galaxy S24 ultra"},{"value":3278,"label":"Galaxy S24+"},{"value":3611,"label":"Galaxy S25"},{"value":3606,"label":"Galaxy S25 ultra"},{"value":3608,"label":"Galaxy S25+"},{"value":3874,"label":"Galaxy S26"},{"value":3873,"label":"Galaxy S26+"},{"value":2213,"label":"iPhone 11"},{"value":2214,"label":"iPhone 11 pro"},{"value":2261,"label":"iPhone 12 mini"},{"value":2397,"label":"iPhone 12 pro max"},{"value":2262,"label":"iPhone 12\/12 pro"},{"value":2674,"label":"iPhone 13"},{"value":2639,"label":"iPhone 13 mini"},{"value":2641,"label":"iPhone 13 pro"},{"value":2642,"label":"iPhone 13 pro max"},{"value":2916,"label":"iPhone 14"},{"value":2913,"label":"iPhone 14 plus"},{"value":2914,"label":"iPhone 14 pro"},{"value":2915,"label":"iPhone 14 pro max"},{"value":3145,"label":"iPhone 15"},{"value":3139,"label":"iPhone 15 plus"},{"value":3141,"label":"iPhone 15 pro"},{"value":3143,"label":"iPhone 15 pro max"},{"value":3479,"label":"iPhone 16"},{"value":3476,"label":"iPhone 16 plus"},{"value":3477,"label":"iPhone 16 pro"},{"value":3478,"label":"iPhone 16 pro max"},{"value":3549,"label":"iPhone 16e"},{"value":3887,"label":"iPhone 16e\/17e"},{"value":3800,"label":"iPhone 17"},{"value":3802,"label":"iPhone 17 pro"},{"value":3803,"label":"iPhone 17 pro max"},{"value":3796,"label":"iPhone air"},{"value":3038,"label":"iPhone SE2\/SE3\/8\/7\/6s\/6"}],"pa_personalization":[{"value":1537,"label":"Houses sans logo"},{"value":1535,"label":"Impression d&#039;images en taille r\u00e9elle"},{"value":1536,"label":"Logo propre (max. 1\/3 de la surface)"}],"product_faqs":[{"value":1955,"label":"FAQ 1a"},{"value":1958,"label":"FAQ 2"},{"value":1960,"label":"FAQ 3a"},{"value":1965,"label":"FAQ 4"},{"value":1967,"label":"FAQ 5"},{"value":1968,"label":"FAQ 6"},{"value":1971,"label":"FAQ 7a"},{"value":1974,"label":"FAQ 8"},{"value":1976,"label":"FAQ 9"}]},"featured_image_src_large":["https:\/\/www.brandit-protection.com\/wp-content\/uploads\/monkey-black-smartphone-case-companies-b2b-customizable-certified-1024x1024.jpg",1024,1024,true],"author_info":[],"comment_info":"","_links":{"self":[{"href":"https:\/\/www.brandit-protection.com\/fr\/wp-json\/wp\/v2\/product\/148132","targetHints":{"allow":["GET"]}}],"collection":[{"href":"https:\/\/www.brandit-protection.com\/fr\/wp-json\/wp\/v2\/product"}],"about":[{"href":"https:\/\/www.brandit-protection.com\/fr\/wp-json\/wp\/v2\/types\/product"}],"wp:featuredmedia":[{"embeddable":true,"href":"https:\/\/www.brandit-protection.com\/fr\/wp-json\/wp\/v2\/media\/178691"}],"wp:attachment":[{"href":"https:\/\/www.brandit-protection.com\/fr\/wp-json\/wp\/v2\/media?parent=148132"}],"wp:term":[{"taxonomy":"product_brand","embeddable":true,"href":"https:\/\/www.brandit-protection.com\/fr\/wp-json\/wp\/v2\/product_brand?post=148132"},{"taxonomy":"product_cat","embeddable":true,"href":"https:\/\/www.brandit-protection.com\/fr\/wp-json\/wp\/v2\/product_cat?post=148132"},{"taxonomy":"product_tag","embeddable":true,"href":"https:\/\/www.brandit-protection.com\/fr\/wp-json\/wp\/v2\/product_tag?post=148132"},{"taxonomy":"product_faqs","embeddable":true,"href":"https:\/\/www.brandit-protection.com\/fr\/wp-json\/wp\/v2\/product_faqs?post=148132"}],"curies":[{"name":"wp","href":"https:\/\/api.w.org\/{rel}","templated":true}]}}