{"id":148221,"date":"2020-07-22T21:37:54","date_gmt":"2020-07-22T20:37:54","guid":{"rendered":"https:\/\/www.brandit-protection.com\/shop\/fold-it-basic-tablet-case\/"},"modified":"2024-07-02T16:00:24","modified_gmt":"2024-07-02T15:00:24","slug":"fold-it-basic-tablet-case","status":"publish","type":"product","link":"https:\/\/www.brandit-protection.com\/fr\/boutique\/fold-it-basic-tablet-case\/","title":{"rendered":"Case pour tablett"},"content":{"rendered":"","protected":false},"excerpt":{"rendered":"Notre mallette Fold.it Smart Case est id\u00e9ale comme cadeau ou article promotionnel et est disponible pour tous les mod\u00e8les iPad\u2122 actuels. Les particularit\u00e9s sont une fonction de configuration sous deux angles diff\u00e9rents et une fonction sommeil\/\u00e9veil. La bonne qualit\u00e9 ainsi que ces fonctions pratiques en font un \u00e9tui de protection parfait, qui combine de mani\u00e8re optimale qualit\u00e9 et co\u00fbts. La surface est en PU et TPU douce pour prot\u00e9ger le comprim\u00e9. Ce bo\u00eetier a \u00e9t\u00e9 sp\u00e9cialement optimis\u00e9 pour l&#8217;impression UV avec des graphiques ou des logos sur toute la surface pour assurer une adh\u00e9rence parfaite.","protected":false},"featured_media":178682,"template":"","meta":{"_kad_blocks_custom_css":"","_kad_blocks_head_custom_js":"","_kad_blocks_body_custom_js":"","_kad_blocks_footer_custom_js":""},"product_brand":[],"product_cat":[925,2651,3658,2484,3672,2173,2654,3675,3326,3677,3688],"product_tag":[1463,1688],"product_faqs":[1955,1958,1967,1968,1974,1976],"class_list":{"0":"post-148221","1":"product","2":"type-product","3":"status-publish","4":"has-post-thumbnail","6":"product_cat-apple-fr","7":"product_cat-ipad-10-2-7-8-9-generation-2019-2020-2021-fr","8":"product_cat-ipad-10-9-11-10-gen-2022-11-gen-2025-fr","9":"product_cat-ipad-air-10-5-2019","10":"product_cat-ipad-air-10-9-2020-2022-air6-11-2024-2025-fr","11":"product_cat-ipad-mini-5-7-9","12":"product_cat-ipad-mini-6-8-3-2021-fr","13":"product_cat-ipad-pro-11-fr","14":"product_cat-ipad-pro-11-2021-2022-fr","15":"product_cat-ipad-pro-12-9-2021-2022-air6-13-2024-2025-fr-2","16":"product_cat-ipad-pro-13-fr","17":"product_tag-articles-promotionnels","18":"product_tag-tablet-fr","19":"product_shipping_class-tablets-fold-it-display-fr","20":"pa_color-noir","21":"pa_model-ipad-10-2-7-8-9-generation-2019-2020-2021-fr","22":"pa_model-ipad-10-9-11-10-gen-2022-11-gen-2025-fr","23":"pa_model-ipad-air-10-9-2020-2022-air6-11-2024-2025-fr","24":"pa_model-ipad-mini-6-8-3-2021-fr","25":"pa_model-ipad-pro-11","26":"pa_model-ipad-pro-11-2021-fr","27":"pa_model-ipad-pro-12-9-2021-2022-air6-13-2024-2025-fr-2","28":"pa_model-ipad-pro-13","29":"pa_personalization-cases-without-logo-fr","30":"pa_personalization-fullsize-image-printing-fr","31":"pa_personalization-custom-logo-printing-fr","32":"product_faqs-faq-1a-fr","33":"product_faqs-faq-2-fr","34":"product_faqs-faq-5-fr","35":"product_faqs-faq-6-fr-2","36":"product_faqs-faq-8-fr","37":"product_faqs-faq-9-fr","39":"first","40":"instock","41":"taxable","42":"shipping-taxable","43":"purchasable","44":"product-type-variable","45":"has-default-attributes","46":"rtwpvs-product"},"acf":[],"taxonomy_info":{"product_cat":[{"value":925,"label":"Apple\u2122"},{"value":2651,"label":"iPad 10.2 (7\/8\/9 Generation 2019\/2020\/2021)"},{"value":3658,"label":"iPad 10.9\/11 (10 Gen 2022\/11 Gen 2025)"},{"value":2484,"label":"iPad Air 10.5 (2019)"},{"value":3672,"label":"iPad Air 10.9 (2020\/2022) \/ Air6 11 (2024\/2025)"},{"value":2173,"label":"iPad mini 5 7.9"},{"value":2654,"label":"iPad mini 6 8.3 (2021)"},{"value":3675,"label":"iPad Pro 11"},{"value":3326,"label":"iPad Pro 11 (2021\/2022)"},{"value":3677,"label":"iPad Pro 12.9 (2021\/2022) \/ Air6 13 (2024\/2025)"},{"value":3688,"label":"iPad Pro 13"}],"product_tag":[{"value":1463,"label":"Articles promotionnels"},{"value":1688,"label":"tablet"}],"pa_color":[{"value":1029,"label":"noir"}],"pa_model":[{"value":2636,"label":"iPad 10.2 (7\/8\/9 Generation 2019\/2020\/2021)"},{"value":3618,"label":"iPad 10.9\/11 (10 Gen 2022\/11 Gen 2025)"},{"value":3627,"label":"iPad Air 10.9 (2020\/2022) \/ Air6 11 (2024\/2025)"},{"value":2640,"label":"iPad mini 6 8.3 (2021)"},{"value":3626,"label":"iPad Pro 11"},{"value":2637,"label":"iPad Pro 11 (2021\/2022)"},{"value":3632,"label":"iPad Pro 12.9 (2021\/2022) \/ Air6 13 (2024\/2025)"},{"value":3634,"label":"iPad Pro 13"}],"pa_personalization":[{"value":1537,"label":"Houses sans logo"},{"value":1535,"label":"Impression d&#039;images en taille r\u00e9elle"},{"value":1536,"label":"Logo propre (max. 1\/3 de la surface)"}],"product_faqs":[{"value":1955,"label":"FAQ 1a"},{"value":1958,"label":"FAQ 2"},{"value":1967,"label":"FAQ 5"},{"value":1968,"label":"FAQ 6"},{"value":1974,"label":"FAQ 8"},{"value":1976,"label":"FAQ 9"}]},"featured_image_src_large":["https:\/\/www.brandit-protection.com\/wp-content\/uploads\/fold-it-ipad-case-companies-b2b-customizable-certified-1024x1024.jpg",1024,1024,true],"author_info":[],"comment_info":"","_links":{"self":[{"href":"https:\/\/www.brandit-protection.com\/fr\/wp-json\/wp\/v2\/product\/148221","targetHints":{"allow":["GET"]}}],"collection":[{"href":"https:\/\/www.brandit-protection.com\/fr\/wp-json\/wp\/v2\/product"}],"about":[{"href":"https:\/\/www.brandit-protection.com\/fr\/wp-json\/wp\/v2\/types\/product"}],"wp:featuredmedia":[{"embeddable":true,"href":"https:\/\/www.brandit-protection.com\/fr\/wp-json\/wp\/v2\/media\/178682"}],"wp:attachment":[{"href":"https:\/\/www.brandit-protection.com\/fr\/wp-json\/wp\/v2\/media?parent=148221"}],"wp:term":[{"taxonomy":"product_brand","embeddable":true,"href":"https:\/\/www.brandit-protection.com\/fr\/wp-json\/wp\/v2\/product_brand?post=148221"},{"taxonomy":"product_cat","embeddable":true,"href":"https:\/\/www.brandit-protection.com\/fr\/wp-json\/wp\/v2\/product_cat?post=148221"},{"taxonomy":"product_tag","embeddable":true,"href":"https:\/\/www.brandit-protection.com\/fr\/wp-json\/wp\/v2\/product_tag?post=148221"},{"taxonomy":"product_faqs","embeddable":true,"href":"https:\/\/www.brandit-protection.com\/fr\/wp-json\/wp\/v2\/product_faqs?post=148221"}],"curies":[{"name":"wp","href":"https:\/\/api.w.org\/{rel}","templated":true}]}}