{"id":152014,"date":"2021-02-04T20:24:27","date_gmt":"2021-02-04T19:24:27","guid":{"rendered":"https:\/\/www.brandit-protection.com\/?post_type=product&#038;p=152014"},"modified":"2021-04-13T09:52:14","modified_gmt":"2021-04-13T08:52:14","slug":"frais-de-mise-en-place-de-limpression-par-oeuvre-et-par-modele-obligatoire","status":"publish","type":"product","link":"https:\/\/www.brandit-protection.com\/fr\/boutique\/frais-de-mise-en-place-de-limpression-par-oeuvre-et-par-modele-obligatoire\/","title":{"rendered":"Frais de mise en place de l&#8217;impression par \u0153uvre et par mod\u00e8le (obligatoire)"},"content":{"rendered":"","protected":false},"excerpt":{"rendered":"Nous facturons des frais d&#8217;installation pour la configuration de nos machines en fonction de chaque logo et de chaque mod\u00e8le individuel. Ces frais sont \u00e9galement applicables en cas de commandes r\u00e9p\u00e9titives.","protected":false},"featured_media":152019,"template":"","meta":{"_kad_blocks_custom_css":"","_kad_blocks_head_custom_js":"","_kad_blocks_body_custom_js":"","_kad_blocks_footer_custom_js":""},"product_brand":[],"product_cat":[2543],"product_tag":[],"product_faqs":[],"class_list":{"0":"post-152014","1":"product","2":"type-product","3":"status-publish","4":"has-post-thumbnail","6":"product_cat-non-classe-fr","8":"first","9":"instock","10":"taxable","11":"shipping-taxable","12":"purchasable","13":"product-type-simple"},"acf":[],"taxonomy_info":{"product_cat":[{"value":2543,"label":"Non class\u00e9"}]},"featured_image_src_large":["https:\/\/www.brandit-protection.com\/wp-content\/uploads\/print-setup-costs.png",512,512,false],"author_info":[],"comment_info":"","_links":{"self":[{"href":"https:\/\/www.brandit-protection.com\/fr\/wp-json\/wp\/v2\/product\/152014","targetHints":{"allow":["GET"]}}],"collection":[{"href":"https:\/\/www.brandit-protection.com\/fr\/wp-json\/wp\/v2\/product"}],"about":[{"href":"https:\/\/www.brandit-protection.com\/fr\/wp-json\/wp\/v2\/types\/product"}],"wp:featuredmedia":[{"embeddable":true,"href":"https:\/\/www.brandit-protection.com\/fr\/wp-json\/wp\/v2\/media\/152019"}],"wp:attachment":[{"href":"https:\/\/www.brandit-protection.com\/fr\/wp-json\/wp\/v2\/media?parent=152014"}],"wp:term":[{"taxonomy":"product_brand","embeddable":true,"href":"https:\/\/www.brandit-protection.com\/fr\/wp-json\/wp\/v2\/product_brand?post=152014"},{"taxonomy":"product_cat","embeddable":true,"href":"https:\/\/www.brandit-protection.com\/fr\/wp-json\/wp\/v2\/product_cat?post=152014"},{"taxonomy":"product_tag","embeddable":true,"href":"https:\/\/www.brandit-protection.com\/fr\/wp-json\/wp\/v2\/product_tag?post=152014"},{"taxonomy":"product_faqs","embeddable":true,"href":"https:\/\/www.brandit-protection.com\/fr\/wp-json\/wp\/v2\/product_faqs?post=152014"}],"curies":[{"name":"wp","href":"https:\/\/api.w.org\/{rel}","templated":true}]}}