{"id":155340,"date":"2021-06-20T22:39:20","date_gmt":"2021-06-20T21:39:20","guid":{"rendered":"https:\/\/www.brandit-protection.com\/?post_type=product&#038;p=155340"},"modified":"2026-05-11T08:54:57","modified_gmt":"2026-05-11T07:54:57","slug":"fold-it-base-housse-de-pour-tablettes-copy","status":"publish","type":"product","link":"https:\/\/www.brandit-protection.com\/fr\/boutique\/fold-it-base-housse-de-pour-tablettes-copy\/","title":{"rendered":"Case pour Galaxy\u2122 Tab"},"content":{"rendered":"","protected":false},"excerpt":{"rendered":"Notre mallette Fold.it Smart Case est id\u00e9ale comme cadeau ou article promotionnel et est disponible pour tous les mod\u00e8les Galaxy actuels. Les particularit\u00e9s sont une fonction de configuration sous deux angles diff\u00e9rents et une fonction sommeil\/\u00e9veil. La bonne qualit\u00e9 ainsi que ces fonctions pratiques en font un \u00e9tui de protection parfait, qui combine de mani\u00e8re optimale qualit\u00e9 et co\u00fbts. La surface est en PU et l&#8217;int\u00e9rieur en microfibre douce pour prot\u00e9ger le comprim\u00e9. Ce bo\u00eetier a \u00e9t\u00e9 sp\u00e9cialement optimis\u00e9 pour l&#8217;impression UV avec des graphiques ou des logos sur toute la surface pour assurer une adh\u00e9rence parfaite.","protected":false},"featured_media":178685,"template":"","meta":{"_kad_blocks_custom_css":"","_kad_blocks_head_custom_js":"","_kad_blocks_body_custom_js":"","_kad_blocks_footer_custom_js":""},"product_brand":[],"product_cat":[3382,1578],"product_tag":[1463,1688],"product_faqs":[],"class_list":{"0":"post-155340","1":"product","2":"type-product","3":"status-publish","4":"has-post-thumbnail","6":"product_cat-galaxy-tab-a8-10-5-2021-fr","7":"product_cat-samsung-fr","8":"product_tag-articles-promotionnels","9":"product_tag-tablet-fr","10":"product_shipping_class-tablets-fold-it-display-fr","11":"pa_color-noir","12":"pa_model-galaxy-tab-a8-10-5-2021-fr","13":"pa_personalization-cases-without-logo-fr","14":"pa_personalization-fullsize-image-printing-fr","15":"pa_personalization-custom-logo-printing-fr","17":"first","18":"instock","19":"taxable","20":"shipping-taxable","21":"purchasable","22":"product-type-variable","23":"has-default-attributes","24":"rtwpvs-product"},"acf":[],"taxonomy_info":{"product_cat":[{"value":3382,"label":"Galaxy Tab A8 10.5 (2021)"},{"value":1578,"label":"Samsung\u2122"}],"product_tag":[{"value":1463,"label":"Articles promotionnels"},{"value":1688,"label":"tablet"}],"pa_color":[{"value":1029,"label":"noir"}],"pa_model":[{"value":3282,"label":"Galaxy Tab A8 10.5 (2021)"}],"pa_personalization":[{"value":1537,"label":"Houses sans logo"},{"value":1535,"label":"Impression d&#039;images en taille r\u00e9elle"},{"value":1536,"label":"Logo propre (max. 1\/3 de la surface)"}]},"featured_image_src_large":["https:\/\/www.brandit-protection.com\/wp-content\/uploads\/fold-it-samsung-galaxy-tablet-companies-b2b-customizable-certified.jpg",800,800,false],"author_info":[],"comment_info":"","_links":{"self":[{"href":"https:\/\/www.brandit-protection.com\/fr\/wp-json\/wp\/v2\/product\/155340","targetHints":{"allow":["GET"]}}],"collection":[{"href":"https:\/\/www.brandit-protection.com\/fr\/wp-json\/wp\/v2\/product"}],"about":[{"href":"https:\/\/www.brandit-protection.com\/fr\/wp-json\/wp\/v2\/types\/product"}],"wp:featuredmedia":[{"embeddable":true,"href":"https:\/\/www.brandit-protection.com\/fr\/wp-json\/wp\/v2\/media\/178685"}],"wp:attachment":[{"href":"https:\/\/www.brandit-protection.com\/fr\/wp-json\/wp\/v2\/media?parent=155340"}],"wp:term":[{"taxonomy":"product_brand","embeddable":true,"href":"https:\/\/www.brandit-protection.com\/fr\/wp-json\/wp\/v2\/product_brand?post=155340"},{"taxonomy":"product_cat","embeddable":true,"href":"https:\/\/www.brandit-protection.com\/fr\/wp-json\/wp\/v2\/product_cat?post=155340"},{"taxonomy":"product_tag","embeddable":true,"href":"https:\/\/www.brandit-protection.com\/fr\/wp-json\/wp\/v2\/product_tag?post=155340"},{"taxonomy":"product_faqs","embeddable":true,"href":"https:\/\/www.brandit-protection.com\/fr\/wp-json\/wp\/v2\/product_faqs?post=155340"}],"curies":[{"name":"wp","href":"https:\/\/api.w.org\/{rel}","templated":true}]}}