{"id":159405,"date":"2021-10-29T19:43:27","date_gmt":"2021-10-29T18:43:27","guid":{"rendered":"https:\/\/www.brandit-protection.com\/shop\/magsafe-couverture-pour-iphone\/"},"modified":"2024-07-03T09:13:30","modified_gmt":"2024-07-03T08:13:30","slug":"magsafe-couverture-pour-iphone","status":"publish","type":"product","link":"https:\/\/www.brandit-protection.com\/fr\/boutique\/magsafe-couverture-pour-iphone\/","title":{"rendered":"Couverture compatible MagSafe \u2122 iPhone \u2122"},"content":{"rendered":"","protected":false},"excerpt":{"rendered":"La fonction MagSafe\u2122 du nouvel iPhone\u2122 \u00e0 partir de la 12e g\u00e9n\u00e9ration permet des possibilit\u00e9s totalement nouvelles lors de l&#8217;utilisation d&#8217;accessoires. Par exemple, les chargeurs sans fil ou les portefeuilles peuvent \u00eatre arrim\u00e9s sur l&#8217;iPhone\u2122 de mani\u00e8re simple, rapide et pr\u00e9cise \u00e0 l&#8217;aide d&#8217;un aimant. Cette fonction magn\u00e9tique est perdue avec les \u00e9tuis de t\u00e9l\u00e9phone portable ordinaires. Le dos de notre \u00e9tui magn\u00e9tique pour t\u00e9l\u00e9phone est en plastique PC dur ; les c\u00f4t\u00e9s sont en silicone TPU flexible. La surface de cette couverture est brillante et peut \u00eatre imprim\u00e9e avec votre logo ou des graphiques sur toute la surface en utilisant le processus d&#8217;impression num\u00e9rique UV. Veuillez tenir compte de l&#8217;anneau magn\u00e9tique lors de la conception du motif d&#8217;impression.\r\n\r\n<em>Veuillez noter qu&#8217;une utilisation excessive de la fonction MagSafe pourrait entra\u00eener une abrasion de l&#8217;impression. C&#8217;est pourquoi nous recommandons une impression partielle du logo, qui ne couvre pas l&#8217;aimant MagSafe.<\/em>","protected":false},"featured_media":159712,"template":"","meta":{"_kad_blocks_custom_css":"","_kad_blocks_head_custom_js":"","_kad_blocks_body_custom_js":"","_kad_blocks_footer_custom_js":""},"product_brand":[],"product_cat":[925,2189,2191,2193,2658,2655,2656,2657,2924,2929,2930,2931,3205,3208,3206,3207,3469,3466,3467,3468,3783,3781,3782,3784],"product_tag":[1459,1689,1462],"product_faqs":[],"class_list":{"0":"post-159405","1":"product","2":"type-product","3":"status-publish","4":"has-post-thumbnail","6":"product_cat-apple-fr","7":"product_cat-iphone-12-mini","8":"product_cat-iphone-12-pro-max","9":"product_cat-iphone-12-12-pro","10":"product_cat-iphone-13-fr","11":"product_cat-iphone-13-mini-fr","12":"product_cat-iphone-13-pro-fr","13":"product_cat-iphone-13-pro-max-fr","14":"product_cat-iphone-14-fr","15":"product_cat-iphone-14-plus-fr","16":"product_cat-iphone-14-pro-fr","17":"product_cat-iphone-14-pro-max-fr","18":"product_cat-iphone-15-apple-fr","19":"product_cat-iphone-15-plus-apple-fr","20":"product_cat-iphone-15-pro-apple-fr","21":"product_cat-iphone-15-pro-max-apple-fr","22":"product_cat-iphone-16-fr","23":"product_cat-iphone-16-plus-fr","24":"product_cat-iphone-16-pro-fr","25":"product_cat-iphone-16-pro-max-fr","26":"product_cat-iphone-17-fr","27":"product_cat-iphone-17-pro-fr","28":"product_cat-iphone-17-pro-max-fr","29":"product_cat-iphone-air-fr","30":"product_tag-lemploi-quotidien","31":"product_tag-portable","32":"product_tag-utilisation-du-bureau","33":"product_shipping_class-phone-cases-fr","34":"pa_color-transparent-fr","35":"pa_model-iphone-12-mini-fr-2","36":"pa_model-iphone-12-pro-max-fr-2","37":"pa_model-iphone-12-12-pro-fr-2","38":"pa_model-iphone-13-fr","39":"pa_model-iphone-13-mini-fr","40":"pa_model-iphone-13-pro-fr","41":"pa_model-iphone-13-pro-max-fr","42":"pa_model-iphone-14-fr","43":"pa_model-iphone-14-plus-fr","44":"pa_model-iphone-14-pro-fr","45":"pa_model-iphone-14-pro-max-fr","46":"pa_model-iphone-15-fr","47":"pa_model-iphone-15-plus-fr","48":"pa_model-iphone-15-pro-fr","49":"pa_model-iphone-15-pro-max-fr","50":"pa_model-iphone-16-fr","51":"pa_model-iphone-16-plus-fr","52":"pa_model-iphone-16-pro-fr","53":"pa_model-iphone-16-pro-max-fr","54":"pa_model-iphone-17-fr","55":"pa_model-iphone-17-pro-fr","56":"pa_model-iphone-17-pro-max-fr","57":"pa_model-iphone-air-fr","58":"pa_personalization-cases-without-logo-fr","59":"pa_personalization-fullsize-image-printing-fr","60":"pa_personalization-custom-logo-printing-fr","62":"first","63":"instock","64":"taxable","65":"shipping-taxable","66":"purchasable","67":"product-type-variable","68":"has-default-attributes","69":"rtwpvs-product"},"acf":[],"taxonomy_info":{"product_cat":[{"value":925,"label":"Apple\u2122"},{"value":2189,"label":"iPhone 12 mini"},{"value":2191,"label":"iPhone 12 pro max"},{"value":2193,"label":"iPhone 12\/12 pro"},{"value":2658,"label":"iPhone 13"},{"value":2655,"label":"iPhone 13 mini"},{"value":2656,"label":"iPhone 13 pro"},{"value":2657,"label":"iPhone 13 pro max"},{"value":2924,"label":"iPhone 14"},{"value":2929,"label":"iPhone 14 plus"},{"value":2930,"label":"iPhone 14 pro"},{"value":2931,"label":"iPhone 14 pro max"},{"value":3205,"label":"iPhone 15"},{"value":3208,"label":"iPhone 15 plus"},{"value":3206,"label":"iPhone 15 pro"},{"value":3207,"label":"iPhone 15 pro max"},{"value":3469,"label":"iPhone 16"},{"value":3466,"label":"iPhone 16 plus"},{"value":3467,"label":"iPhone 16 pro"},{"value":3468,"label":"iPhone 16 pro max"},{"value":3783,"label":"iPhone 17"},{"value":3781,"label":"iPhone 17 pro"},{"value":3782,"label":"iPhone 17 pro max"},{"value":3784,"label":"iPhone air"}],"product_tag":[{"value":1459,"label":"l&#039;emploi quotidien"},{"value":1689,"label":"portable"},{"value":1462,"label":"Utilisation du bureau"}],"pa_color":[{"value":1033,"label":"transparent"}],"pa_model":[{"value":2261,"label":"iPhone 12 mini"},{"value":2397,"label":"iPhone 12 pro max"},{"value":2262,"label":"iPhone 12\/12 pro"},{"value":2674,"label":"iPhone 13"},{"value":2639,"label":"iPhone 13 mini"},{"value":2641,"label":"iPhone 13 pro"},{"value":2642,"label":"iPhone 13 pro max"},{"value":2916,"label":"iPhone 14"},{"value":2913,"label":"iPhone 14 plus"},{"value":2914,"label":"iPhone 14 pro"},{"value":2915,"label":"iPhone 14 pro max"},{"value":3145,"label":"iPhone 15"},{"value":3139,"label":"iPhone 15 plus"},{"value":3141,"label":"iPhone 15 pro"},{"value":3143,"label":"iPhone 15 pro max"},{"value":3479,"label":"iPhone 16"},{"value":3476,"label":"iPhone 16 plus"},{"value":3477,"label":"iPhone 16 pro"},{"value":3478,"label":"iPhone 16 pro max"},{"value":3800,"label":"iPhone 17"},{"value":3802,"label":"iPhone 17 pro"},{"value":3803,"label":"iPhone 17 pro max"},{"value":3796,"label":"iPhone air"}],"pa_personalization":[{"value":1537,"label":"Houses sans logo"},{"value":1535,"label":"Impression d&#039;images en taille r\u00e9elle"},{"value":1536,"label":"Logo propre (max. 1\/3 de la surface)"}]},"featured_image_src_large":["https:\/\/www.brandit-protection.com\/wp-content\/uploads\/iPhone-13-magsafe-transparent-huelle-1.jpg",700,764,false],"author_info":[],"comment_info":"","_links":{"self":[{"href":"https:\/\/www.brandit-protection.com\/fr\/wp-json\/wp\/v2\/product\/159405","targetHints":{"allow":["GET"]}}],"collection":[{"href":"https:\/\/www.brandit-protection.com\/fr\/wp-json\/wp\/v2\/product"}],"about":[{"href":"https:\/\/www.brandit-protection.com\/fr\/wp-json\/wp\/v2\/types\/product"}],"wp:featuredmedia":[{"embeddable":true,"href":"https:\/\/www.brandit-protection.com\/fr\/wp-json\/wp\/v2\/media\/159712"}],"wp:attachment":[{"href":"https:\/\/www.brandit-protection.com\/fr\/wp-json\/wp\/v2\/media?parent=159405"}],"wp:term":[{"taxonomy":"product_brand","embeddable":true,"href":"https:\/\/www.brandit-protection.com\/fr\/wp-json\/wp\/v2\/product_brand?post=159405"},{"taxonomy":"product_cat","embeddable":true,"href":"https:\/\/www.brandit-protection.com\/fr\/wp-json\/wp\/v2\/product_cat?post=159405"},{"taxonomy":"product_tag","embeddable":true,"href":"https:\/\/www.brandit-protection.com\/fr\/wp-json\/wp\/v2\/product_tag?post=159405"},{"taxonomy":"product_faqs","embeddable":true,"href":"https:\/\/www.brandit-protection.com\/fr\/wp-json\/wp\/v2\/product_faqs?post=159405"}],"curies":[{"name":"wp","href":"https:\/\/api.w.org\/{rel}","templated":true}]}}