{"id":164747,"date":"2022-03-22T10:09:11","date_gmt":"2022-03-22T09:09:11","guid":{"rendered":"https:\/\/www.brandit-protection.com\/?post_type=product&#038;p=164747"},"modified":"2023-01-30T10:37:29","modified_gmt":"2023-01-30T09:37:29","slug":"ocean-clean-up-sustainable-phone-case","status":"publish","type":"product","link":"https:\/\/www.brandit-protection.com\/fr\/boutique\/ocean-clean-up-sustainable-phone-case\/","title":{"rendered":"Coque de t\u00e9l\u00e9phone durable pour le nettoyage de l\u2019oc\u00e9an"},"content":{"rendered":"","protected":false},"excerpt":{"rendered":"Oceanmata \u2122 est en mission pour nettoyer les oc\u00e9ans des d\u00e9chets plastiques. Ils ont commenc\u00e9 \u00e0 Bali pour nettoyer les plages de la r\u00e9gion. Avec chaque coque de t\u00e9l\u00e9phone biod\u00e9gradable vendue, 1 kg de plastique est collect\u00e9 dans l&#8217;oc\u00e9an. Jusqu&#8217;\u00e0 pr\u00e9sent, plus de 100 tonnes de plastique ont \u00e9t\u00e9 collect\u00e9es et recycl\u00e9es.\r\n\r\nBrand.it, fort de son exp\u00e9rience au service des entreprises, soutient Oceanmata dans sa d\u00e9marche. Nous nous occupons de l&#8217;activit\u00e9 B2B d&#8217;Oceanmata et proposons ses \u00e9tuis de t\u00e9l\u00e9phone durables avec impression du logo de l&#8217;entreprise.\r\n\r\nCet coque de t\u00e9l\u00e9phone biod\u00e9gradable est compos\u00e9 \u00e0 100% de bioplastique PLA. Des fibres de bambou suppl\u00e9mentaires renforcent l&#8217;\u00e9tui. Gr\u00e2ce \u00e0 ce m\u00e9lange ing\u00e9nieux de mat\u00e9riaux, cet \u00e9tui de protection peut \u00eatre enti\u00e8rement compost\u00e9 en 18 \u00e0 24 mois. Cette coque biod\u00e9gradable durable peut \u00eatre marqu\u00e9e par gravure laser ou impression num\u00e9rique 4C.","protected":false},"featured_media":178694,"template":"","meta":{"_kad_blocks_custom_css":"","_kad_blocks_head_custom_js":"","_kad_blocks_body_custom_js":"","_kad_blocks_footer_custom_js":""},"product_brand":[],"product_cat":[925,2858,3360,3361,2864,3364,3366,2868,3368,3374,3370,3372,2658,2655,2656,2657,2924,2929,2930,2931,3205,3208,3206,3207,3469,3466,3467,3468,3783,3781,3782,3784,2927,1578],"product_tag":[1459,1689,1462],"product_faqs":[],"class_list":{"0":"post-164747","1":"product","2":"type-product","3":"status-publish","4":"has-post-thumbnail","6":"product_cat-apple-fr","7":"product_cat-galaxy-a33-5g-2022-fr","8":"product_cat-galaxy-a34-5g-2023-fr","9":"product_cat-galaxy-a35-5g-2024-fr","10":"product_cat-galaxy-a53-5g-2022-fr","11":"product_cat-galaxy-a54-5g-2023-fr","12":"product_cat-galaxy-a55-5g-2024-fr","13":"product_cat-galaxy-a73-5g-2022-fr","14":"product_cat-galaxy-a74-5g-2023-fr","15":"product_cat-galaxy-s23-fr-2","16":"product_cat-galaxy-s23-ultra-fr","17":"product_cat-galaxy-s23-fr","18":"product_cat-iphone-13-fr","19":"product_cat-iphone-13-mini-fr","20":"product_cat-iphone-13-pro-fr","21":"product_cat-iphone-13-pro-max-fr","22":"product_cat-iphone-14-fr","23":"product_cat-iphone-14-plus-fr","24":"product_cat-iphone-14-pro-fr","25":"product_cat-iphone-14-pro-max-fr","26":"product_cat-iphone-15-apple-fr","27":"product_cat-iphone-15-plus-apple-fr","28":"product_cat-iphone-15-pro-apple-fr","29":"product_cat-iphone-15-pro-max-apple-fr","30":"product_cat-iphone-16-fr","31":"product_cat-iphone-16-plus-fr","32":"product_cat-iphone-16-pro-fr","33":"product_cat-iphone-16-pro-max-fr","34":"product_cat-iphone-17-fr","35":"product_cat-iphone-17-pro-fr","36":"product_cat-iphone-17-pro-max-fr","37":"product_cat-iphone-air-fr","38":"product_cat-iphone-se2-se3-8-7-6s-6-fr","39":"product_cat-samsung-fr","40":"product_tag-lemploi-quotidien","41":"product_tag-portable","42":"product_tag-utilisation-du-bureau","43":"product_shipping_class-phone-cases-fr","44":"pa_color-creme-white-fr","45":"pa_color-noir","46":"pa_model-iphone-13-fr","47":"pa_model-iphone-13-pro-fr","48":"pa_model-iphone-14-fr","49":"pa_model-iphone-14-pro-fr","50":"pa_model-iphone-15-fr","51":"pa_model-iphone-15-pro-fr","52":"pa_model-iphone-16-fr","53":"pa_model-iphone-16-plus-fr","54":"pa_model-iphone-16-pro-fr","55":"pa_model-iphone-16-pro-max-fr","56":"pa_model-iphone-17-fr","57":"pa_model-iphone-17-pro-fr","58":"pa_model-iphone-17-pro-max-fr","59":"pa_model-iphone-air-fr","60":"pa_model-iphone-se2-se3-8-7-6s-6-fr","61":"pa_personalization-gravure-laser-avec-logo","62":"pa_personalization-gravure-laser-sur-toute-la-surface","63":"pa_personalization-cases-without-logo-fr","64":"pa_personalization-fullsize-image-printing-fr","65":"pa_personalization-custom-logo-printing-fr","67":"first","68":"instock","69":"taxable","70":"shipping-taxable","71":"purchasable","72":"product-type-variable","73":"has-default-attributes","74":"rtwpvs-product"},"acf":[],"taxonomy_info":{"product_cat":[{"value":925,"label":"Apple\u2122"},{"value":2858,"label":"Galaxy A33 5G (2022)"},{"value":3360,"label":"Galaxy A34 5G (2023)"},{"value":3361,"label":"Galaxy A35 5G (2024)"},{"value":2864,"label":"Galaxy A53 5G (2022)"},{"value":3364,"label":"Galaxy A54 5G (2023)"},{"value":3366,"label":"Galaxy A55 5G (2024)"},{"value":2868,"label":"Galaxy A73 5G (2022)"},{"value":3368,"label":"Galaxy A74 5G (2023)"},{"value":3374,"label":"Galaxy S23"},{"value":3370,"label":"Galaxy S23 ultra"},{"value":3372,"label":"Galaxy S23+"},{"value":2658,"label":"iPhone 13"},{"value":2655,"label":"iPhone 13 mini"},{"value":2656,"label":"iPhone 13 pro"},{"value":2657,"label":"iPhone 13 pro max"},{"value":2924,"label":"iPhone 14"},{"value":2929,"label":"iPhone 14 plus"},{"value":2930,"label":"iPhone 14 pro"},{"value":2931,"label":"iPhone 14 pro max"},{"value":3205,"label":"iPhone 15"},{"value":3208,"label":"iPhone 15 plus"},{"value":3206,"label":"iPhone 15 pro"},{"value":3207,"label":"iPhone 15 pro max"},{"value":3469,"label":"iPhone 16"},{"value":3466,"label":"iPhone 16 plus"},{"value":3467,"label":"iPhone 16 pro"},{"value":3468,"label":"iPhone 16 pro max"},{"value":3783,"label":"iPhone 17"},{"value":3781,"label":"iPhone 17 pro"},{"value":3782,"label":"iPhone 17 pro max"},{"value":3784,"label":"iPhone air"},{"value":2927,"label":"iPhone SE2\/SE3\/8\/7\/6s\/6"},{"value":1578,"label":"Samsung\u2122"}],"product_tag":[{"value":1459,"label":"l&#039;emploi quotidien"},{"value":1689,"label":"portable"},{"value":1462,"label":"Utilisation du bureau"}],"pa_color":[{"value":2582,"label":"blanc cr\u00e8me"},{"value":1029,"label":"noir"}],"pa_model":[{"value":2674,"label":"iPhone 13"},{"value":2641,"label":"iPhone 13 pro"},{"value":2916,"label":"iPhone 14"},{"value":2914,"label":"iPhone 14 pro"},{"value":3145,"label":"iPhone 15"},{"value":3141,"label":"iPhone 15 pro"},{"value":3479,"label":"iPhone 16"},{"value":3476,"label":"iPhone 16 plus"},{"value":3477,"label":"iPhone 16 pro"},{"value":3478,"label":"iPhone 16 pro max"},{"value":3800,"label":"iPhone 17"},{"value":3802,"label":"iPhone 17 pro"},{"value":3803,"label":"iPhone 17 pro max"},{"value":3796,"label":"iPhone air"},{"value":3038,"label":"iPhone SE2\/SE3\/8\/7\/6s\/6"}],"pa_personalization":[{"value":1694,"label":"Gravure laser avec logo"},{"value":1693,"label":"Gravure laser sur toute la surface"},{"value":1537,"label":"Houses sans logo"},{"value":1535,"label":"Impression d&#039;images en taille r\u00e9elle"},{"value":1536,"label":"Logo propre (max. 1\/3 de la surface)"}]},"featured_image_src_large":["https:\/\/www.brandit-protection.com\/wp-content\/uploads\/turtle-sustainable-smartphone-case-companies-b2b-customizable-certified-1024x1024.jpg",1024,1024,true],"author_info":[],"comment_info":"","_links":{"self":[{"href":"https:\/\/www.brandit-protection.com\/fr\/wp-json\/wp\/v2\/product\/164747","targetHints":{"allow":["GET"]}}],"collection":[{"href":"https:\/\/www.brandit-protection.com\/fr\/wp-json\/wp\/v2\/product"}],"about":[{"href":"https:\/\/www.brandit-protection.com\/fr\/wp-json\/wp\/v2\/types\/product"}],"wp:featuredmedia":[{"embeddable":true,"href":"https:\/\/www.brandit-protection.com\/fr\/wp-json\/wp\/v2\/media\/178694"}],"wp:attachment":[{"href":"https:\/\/www.brandit-protection.com\/fr\/wp-json\/wp\/v2\/media?parent=164747"}],"wp:term":[{"taxonomy":"product_brand","embeddable":true,"href":"https:\/\/www.brandit-protection.com\/fr\/wp-json\/wp\/v2\/product_brand?post=164747"},{"taxonomy":"product_cat","embeddable":true,"href":"https:\/\/www.brandit-protection.com\/fr\/wp-json\/wp\/v2\/product_cat?post=164747"},{"taxonomy":"product_tag","embeddable":true,"href":"https:\/\/www.brandit-protection.com\/fr\/wp-json\/wp\/v2\/product_tag?post=164747"},{"taxonomy":"product_faqs","embeddable":true,"href":"https:\/\/www.brandit-protection.com\/fr\/wp-json\/wp\/v2\/product_faqs?post=164747"}],"curies":[{"name":"wp","href":"https:\/\/api.w.org\/{rel}","templated":true}]}}