{"id":179709,"date":"2024-07-02T20:56:50","date_gmt":"2024-07-02T19:56:50","guid":{"rendered":"https:\/\/www.brandit-protection.com\/shop\/camera-lens-protection-glass-for-iphone\/"},"modified":"2024-08-28T12:37:24","modified_gmt":"2024-08-28T11:37:24","slug":"camera-lens-protection-glass-for-iphone","status":"publish","type":"product","link":"https:\/\/www.brandit-protection.com\/fr\/boutique\/camera-lens-protection-glass-for-iphone\/","title":{"rendered":"Protection cam\u00e9ra verre iPhone \u2122"},"content":{"rendered":"","protected":false},"excerpt":{"rendered":"Con\u00e7ue pour prot\u00e9ger le smartphone des rayures, des chocs et des chutes, notre protection pour appareil photo est un compl\u00e9ment robuste mais \u00e9l\u00e9gant \u00e0 nos coques de protection Brand.it. Avec des d\u00e9coupes pr\u00e9cises pour l&#8217;objectif de l&#8217;appareil photo et les capteurs, notre verre garantit une qualit\u00e9 d&#8217;image inalt\u00e9r\u00e9e et des performances optimales. Disponible pour tous les smartphones courants d&#8217;Apple iPhone.","protected":false},"featured_media":179689,"template":"","meta":{"_kad_blocks_custom_css":"","_kad_blocks_head_custom_js":"","_kad_blocks_body_custom_js":"","_kad_blocks_footer_custom_js":""},"product_brand":[],"product_cat":[925,2189,2191,2193,2658,2655,2656,2657,2924,2929,2930,2931,3210,3211,3212,3213,3469,3466,3689],"product_tag":[3209,1689],"product_faqs":[],"class_list":{"0":"post-179709","1":"product","2":"type-product","3":"status-publish","4":"has-post-thumbnail","6":"product_cat-apple-fr","7":"product_cat-iphone-12-mini","8":"product_cat-iphone-12-pro-max","9":"product_cat-iphone-12-12-pro","10":"product_cat-iphone-13-fr","11":"product_cat-iphone-13-mini-fr","12":"product_cat-iphone-13-pro-fr","13":"product_cat-iphone-13-pro-max-fr","14":"product_cat-iphone-14-fr","15":"product_cat-iphone-14-plus-fr","16":"product_cat-iphone-14-pro-fr","17":"product_cat-iphone-14-pro-max-fr","18":"product_cat-iphone-15-fr","19":"product_cat-iphone-15-plus-fr","20":"product_cat-iphone-15-pro-fr","21":"product_cat-iphone-15-pro-max-fr","22":"product_cat-iphone-16-fr","23":"product_cat-iphone-16-plus-fr","24":"product_cat-iphone-16-pro-pro-max-fr","25":"product_tag-camera","26":"product_tag-portable","27":"product_shipping_class-phone-cases-fr","28":"pa_model-iphone-12-mini-fr-2","29":"pa_model-iphone-12-pro-max-fr-2","30":"pa_model-iphone-12-12-pro-fr-2","31":"pa_model-iphone-13-fr","32":"pa_model-iphone-13-mini-fr","33":"pa_model-iphone-13-pro-fr","34":"pa_model-iphone-13-pro-max-fr","35":"pa_model-iphone-14-fr","36":"pa_model-iphone-14-plus-fr","37":"pa_model-iphone-14-pro-fr","38":"pa_model-iphone-14-pro-max-fr","39":"pa_model-iphone-15-fr","40":"pa_model-iphone-15-plus-fr","41":"pa_model-iphone-15-pro-fr","42":"pa_model-iphone-15-pro-max-fr","43":"pa_model-iphone-16-pro-pro-max-fr","44":"pa_model-iphone-16-16-plus-17","45":"pa_model-iphone-17-pro-fr","46":"pa_model-iphone-17-pro-max-fr","47":"pa_model-iphone-air-fr","49":"first","50":"instock","51":"taxable","52":"shipping-taxable","53":"purchasable","54":"product-type-variable","55":"rtwpvs-product"},"acf":[],"taxonomy_info":{"product_cat":[{"value":925,"label":"Apple\u2122"},{"value":2189,"label":"iPhone 12 mini"},{"value":2191,"label":"iPhone 12 pro max"},{"value":2193,"label":"iPhone 12\/12 pro"},{"value":2658,"label":"iPhone 13"},{"value":2655,"label":"iPhone 13 mini"},{"value":2656,"label":"iPhone 13 pro"},{"value":2657,"label":"iPhone 13 pro max"},{"value":2924,"label":"iPhone 14"},{"value":2929,"label":"iPhone 14 plus"},{"value":2930,"label":"iPhone 14 pro"},{"value":2931,"label":"iPhone 14 pro max"},{"value":3210,"label":"iPhone 15"},{"value":3211,"label":"iPhone 15 plus"},{"value":3212,"label":"iPhone 15 pro"},{"value":3213,"label":"iPhone 15 pro max"},{"value":3469,"label":"iPhone 16"},{"value":3466,"label":"iPhone 16 plus"},{"value":3689,"label":"iPhone 16 pro\/pro max"}],"product_tag":[{"value":3209,"label":"camera"},{"value":1689,"label":"portable"}],"pa_model":[{"value":2261,"label":"iPhone 12 mini"},{"value":2397,"label":"iPhone 12 pro max"},{"value":2262,"label":"iPhone 12\/12 pro"},{"value":2674,"label":"iPhone 13"},{"value":2639,"label":"iPhone 13 mini"},{"value":2641,"label":"iPhone 13 pro"},{"value":2642,"label":"iPhone 13 pro max"},{"value":2916,"label":"iPhone 14"},{"value":2913,"label":"iPhone 14 plus"},{"value":2914,"label":"iPhone 14 pro"},{"value":2915,"label":"iPhone 14 pro max"},{"value":3145,"label":"iPhone 15"},{"value":3139,"label":"iPhone 15 plus"},{"value":3141,"label":"iPhone 15 pro"},{"value":3143,"label":"iPhone 15 pro max"},{"value":3546,"label":"iPhone 16 pro\/pro max"},{"value":3885,"label":"iPhone 16\/16 plus\/17"},{"value":3802,"label":"iPhone 17 pro"},{"value":3803,"label":"iPhone 17 pro max"},{"value":3796,"label":"iPhone air"}]},"featured_image_src_large":["https:\/\/www.brandit-protection.com\/wp-content\/uploads\/camera-lens-protection-iphones-bulk-b2b-3-1024x1024.jpg",1024,1024,true],"author_info":[],"comment_info":"","_links":{"self":[{"href":"https:\/\/www.brandit-protection.com\/fr\/wp-json\/wp\/v2\/product\/179709","targetHints":{"allow":["GET"]}}],"collection":[{"href":"https:\/\/www.brandit-protection.com\/fr\/wp-json\/wp\/v2\/product"}],"about":[{"href":"https:\/\/www.brandit-protection.com\/fr\/wp-json\/wp\/v2\/types\/product"}],"wp:featuredmedia":[{"embeddable":true,"href":"https:\/\/www.brandit-protection.com\/fr\/wp-json\/wp\/v2\/media\/179689"}],"wp:attachment":[{"href":"https:\/\/www.brandit-protection.com\/fr\/wp-json\/wp\/v2\/media?parent=179709"}],"wp:term":[{"taxonomy":"product_brand","embeddable":true,"href":"https:\/\/www.brandit-protection.com\/fr\/wp-json\/wp\/v2\/product_brand?post=179709"},{"taxonomy":"product_cat","embeddable":true,"href":"https:\/\/www.brandit-protection.com\/fr\/wp-json\/wp\/v2\/product_cat?post=179709"},{"taxonomy":"product_tag","embeddable":true,"href":"https:\/\/www.brandit-protection.com\/fr\/wp-json\/wp\/v2\/product_tag?post=179709"},{"taxonomy":"product_faqs","embeddable":true,"href":"https:\/\/www.brandit-protection.com\/fr\/wp-json\/wp\/v2\/product_faqs?post=179709"}],"curies":[{"name":"wp","href":"https:\/\/api.w.org\/{rel}","templated":true}]}}