{"id":181240,"date":"2024-09-17T13:26:13","date_gmt":"2024-09-17T12:26:13","guid":{"rendered":"https:\/\/www.brandit-protection.com\/shop\/protect-it-macbook-rugged-cover-macbook\/"},"modified":"2024-09-18T10:23:41","modified_gmt":"2024-09-18T09:23:41","slug":"protect-it-macbook-rugged-cover-macbook","status":"publish","type":"product","link":"https:\/\/www.brandit-protection.com\/fr\/boutique\/protect-it-macbook-rugged-cover-macbook\/","title":{"rendered":"Housse de protection robuste pour Macbook\u2122"},"content":{"rendered":"","protected":false},"excerpt":{"rendered":"Avec la housse Protect.it MacBook\u2122 Rugged Cover, votre MacBook est parfaitement prot\u00e9g\u00e9 &#8211; robuste, durable et en m\u00eame temps styl\u00e9. Gr\u00e2ce \u00e0 la transparence des faces avant et arri\u00e8re, le design \u00e9l\u00e9gant reste visible. Une personnalisation avec votre propre logo est possible sur les deux faces par impression num\u00e9rique. Parfait pour tous ceux qui veulent allier s\u00e9curit\u00e9 et individualit\u00e9.","protected":false},"featured_media":181213,"template":"","meta":{"_kad_blocks_custom_css":"","_kad_blocks_head_custom_js":"","_kad_blocks_body_custom_js":"","_kad_blocks_footer_custom_js":""},"product_brand":[],"product_cat":[3840,3843,3844,3847,3848],"product_tag":[2891,3513,3514,3515,3516,3517,3518,3519,3520,3521],"product_faqs":[],"class_list":{"0":"post-181240","1":"product","2":"type-product","3":"status-publish","4":"has-post-thumbnail","6":"product_cat-macbook-air-13-3-a1932-a2179-a2337-3-fr","7":"product_cat-macbook-air-15-3-a2941-3-fr","8":"product_cat-macbook-m2-air-13-6-a2681-3-fr","9":"product_cat-macbook-pro-13-3-a1706-a1708-a1989-a2159-a2251-a2289-a2338-3-fr","10":"product_cat-macbook-pro-14-a2442-a2779-a2918-a2992-3-fr","11":"product_tag-laptop-fr","12":"product_tag-laptop-protection-fr","13":"product_tag-macbook-case-customisable-fr","14":"product_tag-macbook-case-transparent-fr","15":"product_tag-macbook-hard-case-fr","16":"product_tag-macbook-protection-fr","17":"product_tag-macbook-sleeve-fr","18":"product_tag-protective-cover-with-logo-fr","19":"product_tag-rugged-case-fr","20":"product_tag-rugged-cover-fr","21":"product_shipping_class-tablets-protect-it-learn-it-fr","22":"pa_model-macbook-air-13-3-a1932-a2179-a2337-fr","23":"pa_model-macbook-air-15-3-a2941-fr","24":"pa_model-macbook-m2-air-13-6-a2681-fr","25":"pa_model-macbook-pro-13-3-a1706-a1708-a1989-a2159-a2251-a2289-a2338-fr","26":"pa_model-macbook-pro-14-a2442-a2779-a2918-a2992-fr","27":"pa_personalization-cases-without-logo-fr","28":"pa_personalization-fullsize-image-printing-fr","29":"pa_personalization-custom-logo-printing-fr","31":"first","32":"instock","33":"taxable","34":"shipping-taxable","35":"purchasable","36":"product-type-variable","37":"has-default-attributes","38":"rtwpvs-product"},"acf":[],"taxonomy_info":{"product_cat":[{"value":3840,"label":"MacBook Air 13.3&quot; (A1932 \/ A2179 \/ A2337)"},{"value":3843,"label":"MacBook Air 15.3&quot; (A2941)"},{"value":3844,"label":"MacBook M2 Air 13.6&quot; (A2681)"},{"value":3847,"label":"MacBook Pro 13.3&quot; (A1706 \/ A1708 \/ A1989 \/ A2159 \/ A2251 \/ A2289 \/ A2338)"},{"value":3848,"label":"MacBook Pro 14&quot; (A2442 \/ A2779 \/ A2918 \/ A2992)"}],"product_tag":[{"value":2891,"label":"laptop"},{"value":3513,"label":"laptop protection"},{"value":3514,"label":"MacBook case customisable"},{"value":3515,"label":"MacBook case transparent"},{"value":3516,"label":"MacBook hard case"},{"value":3517,"label":"MacBook protection"},{"value":3518,"label":"MacBook sleeve"},{"value":3519,"label":"protective cover with logo"},{"value":3520,"label":"rugged case"},{"value":3521,"label":"rugged cover"}],"pa_model":[{"value":3522,"label":"MacBook Air 13.3&#8243; (A1932 \/ A2179 \/ A2337)"},{"value":3523,"label":"MacBook Air 15.3&#8243; (A2941)"},{"value":3524,"label":"MacBook M2 Air 13.6&#8243; (A2681)"},{"value":3525,"label":"MacBook Pro 13.3&#8243; (A1706 \/ A1708 \/ A1989 \/ A2159 \/ A2251 \/ A2289 \/ A2338)"},{"value":3526,"label":"MacBook Pro 14&#8243; (A2442 \/ A2779 \/ A2918 \/ A2992)"}],"pa_personalization":[{"value":1537,"label":"Houses sans logo"},{"value":1535,"label":"Impression d&#039;images en taille r\u00e9elle"},{"value":1536,"label":"Logo propre (max. 1\/3 de la surface)"}]},"featured_image_src_large":["https:\/\/www.brandit-protection.com\/wp-content\/uploads\/protect-it-mac-book-case-brand.it-1-1024x1024.jpg",1024,1024,true],"author_info":[],"comment_info":"","_links":{"self":[{"href":"https:\/\/www.brandit-protection.com\/fr\/wp-json\/wp\/v2\/product\/181240","targetHints":{"allow":["GET"]}}],"collection":[{"href":"https:\/\/www.brandit-protection.com\/fr\/wp-json\/wp\/v2\/product"}],"about":[{"href":"https:\/\/www.brandit-protection.com\/fr\/wp-json\/wp\/v2\/types\/product"}],"wp:featuredmedia":[{"embeddable":true,"href":"https:\/\/www.brandit-protection.com\/fr\/wp-json\/wp\/v2\/media\/181213"}],"wp:attachment":[{"href":"https:\/\/www.brandit-protection.com\/fr\/wp-json\/wp\/v2\/media?parent=181240"}],"wp:term":[{"taxonomy":"product_brand","embeddable":true,"href":"https:\/\/www.brandit-protection.com\/fr\/wp-json\/wp\/v2\/product_brand?post=181240"},{"taxonomy":"product_cat","embeddable":true,"href":"https:\/\/www.brandit-protection.com\/fr\/wp-json\/wp\/v2\/product_cat?post=181240"},{"taxonomy":"product_tag","embeddable":true,"href":"https:\/\/www.brandit-protection.com\/fr\/wp-json\/wp\/v2\/product_tag?post=181240"},{"taxonomy":"product_faqs","embeddable":true,"href":"https:\/\/www.brandit-protection.com\/fr\/wp-json\/wp\/v2\/product_faqs?post=181240"}],"curies":[{"name":"wp","href":"https:\/\/api.w.org\/{rel}","templated":true}]}}